{"id":14973,"date":"2022-07-28T12:18:41","date_gmt":"2022-07-28T11:18:41","guid":{"rendered":"https:\/\/chronojump.org\/servicios\/"},"modified":"2022-08-02T14:01:22","modified_gmt":"2022-08-02T13:01:22","slug":"servicios","status":"publish","type":"page","link":"https:\/\/chronojump.org\/es\/servicios\/","title":{"rendered":"Servicios"},"content":{"rendered":"\n<p>Ofrecemos los siguientes servicios. P\u00f3ngase en contacto con nosotros si est\u00e1 interesado.<\/p>\n\n<ul><li>Configuraci\u00f3n de m\u00e1quinas<\/li><li>Dise\u00f1o de prototipos<\/li><li>Evaluaci\u00f3n de las capacidades f\u00edsicas de los jugadores<\/li><li>Servicios de entrenamiento (entrenamiento f\u00edsico)<\/li><li>Pr\u00e1cticas de investigaci\u00f3n\/formaci\u00f3n (Erasmus+, &#8230;)<\/li><li>Consultor\u00eda<\/li><li>Entrenamiento espec\u00edfico para clubs<\/li><li>An\u00e1lisis de datos<\/li><li>Programaci\u00f3n a medida (basada en Chronojump)<\/li><\/ul>","protected":false},"excerpt":{"rendered":"<p>Ofrecemos los siguientes servicios. P\u00f3ngase en contacto con nosotros si est\u00e1 interesado. Configuraci\u00f3n de m\u00e1quinas Dise\u00f1o de prototipos Evaluaci\u00f3n de las capacidades f\u00edsicas de los jugadores Servicios de entrenamiento (entrenamiento f\u00edsico) Pr\u00e1cticas de investigaci\u00f3n\/formaci\u00f3n (Erasmus+, &#8230;) Consultor\u00eda Entrenamiento espec\u00edfico para clubs An\u00e1lisis de datos Programaci\u00f3n a medida (basada en Chronojump)<\/p>\n","protected":false},"author":2,"featured_media":0,"parent":0,"menu_order":0,"comment_status":"closed","ping_status":"closed","template":"","meta":{"advgb_blocks_editor_width":"","advgb_blocks_columns_visual_guide":"","footnotes":""},"coauthors":[],"author_meta":{"author_link":"https:\/\/chronojump.org\/es\/author\/xdeblas\/","display_name":"xdeblas"},"relative_dates":{"created":"Publicado 4 a\u00f1os hace","modified":"Actualizado 4 a\u00f1os hace"},"absolute_dates":{"created":"Publicado el julio 28, 2022","modified":"Actualizado el agosto 2, 2022"},"absolute_dates_time":{"created":"Publicado el julio 28, 2022 12:18 pm","modified":"Actualizado el agosto 2, 2022 2:01 pm"},"featured_img_caption":"","featured_img":false,"series_order":"","_links":{"self":[{"href":"https:\/\/chronojump.org\/es\/wp-json\/wp\/v2\/pages\/14973"}],"collection":[{"href":"https:\/\/chronojump.org\/es\/wp-json\/wp\/v2\/pages"}],"about":[{"href":"https:\/\/chronojump.org\/es\/wp-json\/wp\/v2\/types\/page"}],"author":[{"embeddable":true,"href":"https:\/\/chronojump.org\/es\/wp-json\/wp\/v2\/users\/2"}],"replies":[{"embeddable":true,"href":"https:\/\/chronojump.org\/es\/wp-json\/wp\/v2\/comments?post=14973"}],"version-history":[{"count":2,"href":"https:\/\/chronojump.org\/es\/wp-json\/wp\/v2\/pages\/14973\/revisions"}],"predecessor-version":[{"id":15062,"href":"https:\/\/chronojump.org\/es\/wp-json\/wp\/v2\/pages\/14973\/revisions\/15062"}],"wp:attachment":[{"href":"https:\/\/chronojump.org\/es\/wp-json\/wp\/v2\/media?parent=14973"}],"curies":[{"name":"wp","href":"https:\/\/api.w.org\/{rel}","templated":true}]}}