{"id":22116,"date":"2024-07-12T08:03:17","date_gmt":"2024-07-12T07:03:17","guid":{"rendered":"https:\/\/chronojump.org\/chronojump-20-anos\/"},"modified":"2025-01-29T09:51:06","modified_gmt":"2025-01-29T08:51:06","slug":"chronojump-20-anos","status":"publish","type":"page","link":"https:\/\/chronojump.org\/es\/chronojump-20-anos\/","title":{"rendered":"Chronojump 20 a\u00f1os"},"content":{"rendered":"<div class=\"wp-block-image\">\n<figure class=\"alignleft size-full is-resized\"><img decoding=\"async\" loading=\"lazy\" src=\"https:\/\/chronojump.org\/wp-content\/uploads\/2024\/08\/chronojump_20_years.png\" alt=\"\" class=\"wp-image-22426\" style=\"width:269px;height:269px\" width=\"269\" height=\"269\" srcset=\"https:\/\/chronojump.org\/wp-content\/uploads\/2024\/08\/chronojump_20_years.png 800w, https:\/\/chronojump.org\/wp-content\/uploads\/2024\/08\/chronojump_20_years-300x300.png 300w, https:\/\/chronojump.org\/wp-content\/uploads\/2024\/08\/chronojump_20_years-150x150.png 150w, https:\/\/chronojump.org\/wp-content\/uploads\/2024\/08\/chronojump_20_years-768x768.png 768w, https:\/\/chronojump.org\/wp-content\/uploads\/2024\/08\/chronojump_20_years-324x324.png 324w, https:\/\/chronojump.org\/wp-content\/uploads\/2024\/08\/chronojump_20_years-416x416.png 416w, https:\/\/chronojump.org\/wp-content\/uploads\/2024\/08\/chronojump_20_years-100x100.png 100w\" sizes=\"(max-width: 269px) 100vw, 269px\" \/><\/figure><\/div>\n\n\n<p><strong>El fin de semana del 20\u00ba aniversario reuni\u00f3 a expertos y profesionales de la ciencia del deporte, la tecnolog\u00eda y la salud. A lo largo de tres bloques din\u00e1micos, los participantes exploraron herramientas de vanguardia como Chronojump, Kinovea y LongoMatch, compartieron investigaciones y aplicaciones innovadoras, y debatieron sus experiencias pr\u00e1cticas en rendimiento, educaci\u00f3n y salud. Este evento destacado subray\u00f3 la colaboraci\u00f3n y los avances que est\u00e1n dando forma al futuro de estas disciplinas.<\/strong><\/p>\n\n\n\n<h2 class=\"wp-block-heading\"><mark style=\"background-color:#a6c9ec\" class=\"has-inline-color\"><i class=\"fas fa-chalkboard-teacher\"><\/i> <strong>CONFERENCIAS<\/strong><\/mark><\/h2>\n\n\n\n<h3 class=\"wp-block-heading\">Bloque 1 &#8211; S\u00e1bado ma\u00f1ana<\/h3>\n\n\n\n<ul>\n<li>La sesi\u00f3n incluy\u00f3 presentaciones sobre la evaluaci\u00f3n del da\u00f1o muscular y la recuperaci\u00f3n utilizando las herramientas de Chronojump, a cargo de Pedro L. Cosio y Joan Cadefau (INEFC Barcelona). <\/li>\n\n\n\n<li>Joan Charmant (Kinovea) present\u00f3 <em>&#8220;Kinovea 2024.1&#8221;<\/em>. <\/li>\n\n\n\n<li>Basilio Pueo y Jos\u00e9 M. Jim\u00e9nez-Olmedo (Universidad de Alicante) compartieron sus conocimientos sobre investigaci\u00f3n y ense\u00f1anza con Chronojump, centr\u00e1ndose en la configuraci\u00f3n de un laboratorio de bajo costo, la construcci\u00f3n de m\u00e1quinas de gimnasio y l\u00edneas de investigaci\u00f3n. <\/li>\n\n\n\n<li>Finalmente, Mois\u00e8s Vila (CESAG, Mallorca) habl\u00f3 sobre la aplicaci\u00f3n de la tecnolog\u00eda Chronojump en la asignatura de Tecnolog\u00eda dentro del grado en Ciencias del Deporte.<\/li>\n<\/ul>\n\n\n\n<h3 class=\"wp-block-heading\">Bloque 2 &#8211; S\u00e1bado tarde<\/h3>\n\n\n\n<ul>\n<li>Quim Garcia (entrenador en la Federaci\u00f3n Catalana de Atletismo) comparti\u00f3 su experiencia en la transici\u00f3n de la teor\u00eda en el aula a la pr\u00e1ctica en el entrenamiento del rendimiento deportivo. <\/li>\n\n\n\n<li>Jordi Mesalles (fisioterapeuta, FCB) present\u00f3 sobre cribados y monitorizaci\u00f3n en el entorno del FCB, seguido por Maialen Aldalur (analista de datos, FCB), quien mostr\u00f3 el an\u00e1lisis, visualizaci\u00f3n e interpretaci\u00f3n de datos de Chronojump en el FCB.<\/li>\n<\/ul>\n\n\n\n<h3 class=\"wp-block-heading\">Bloque 3 &#8211; Domingo ma\u00f1ana<\/h3>\n\n\n\n<ul>\n<li>Andoni Morales (LongoMatch) explor\u00f3 el potencial de LongoMatch. <em>&#8220;M\u00e1s all\u00e1 del an\u00e1lisis de v\u00eddeo&#8221;<\/em>. <\/li>\n\n\n\n<li>Manuel Gallango (Hospital Quir\u00f3n, Toledo) present\u00f3 sobre el entrenamiento neuromuscular en pacientes cardiol\u00f3gicos, conectando las gu\u00edas con aplicaciones en el mundo real. <\/li>\n\n\n\n<li>Finalmente, Armando T\u00e9llez (Fitlevel) introdujo la tecnolog\u00eda y est\u00e1ndares de Fitlevel para evaluar la salud f\u00edsica de la poblaci\u00f3n.<\/li>\n<\/ul>\n\n\n\n<h2 class=\"wp-block-heading\"><strong>Nota:<\/strong> Las grabaciones de estas sesiones se publicar\u00e1n en febrero.<\/h2>\n\n\n\n<h2 class=\"wp-block-heading\"><mark style=\"background-color:#a6c9ec\" class=\"has-inline-color\"><i class=\"fas fa-video\"><\/i> <strong>DEMOS<\/strong> DE LAS NUEVAS TECNOLOG\u00cdAS<\/mark><\/h2>\n\n\n\n<ul>\n<li>Mejoras en la integraci\u00f3n de la c\u00e1mara<\/li>\n\n\n\n<li>Cloud<\/li>\n\n\n\n<li>InertiaFV (incluyendo MichroLab)<\/li>\n\n\n\n<li>Push-pull<\/li>\n\n\n\n<li>4Platforms<\/li>\n\n\n\n<li>WILIGHT<\/li>\n<\/ul>\n\n\n\n<h2 class=\"wp-block-heading\"><mark style=\"background-color:#fbe2d5\" class=\"has-inline-color\"><i class=\"fas fa-user-graduate\"><\/i> <strong>TALLERES<\/strong><\/mark><\/h2>\n\n\n\n<ul>\n<li>Saltos con plataforma de contactos<\/li>\n\n\n\n<li>Carreras (WICHRO y Race Analyzer)<\/li>\n\n\n\n<li>Sensor de fuerza<\/li>\n\n\n\n<li>Encoder (gravitatorio-inercial)<\/li>\n<\/ul>\n\n\n\n<h2 class=\"wp-block-heading\"><mark style=\"background-color:#ffff00\" class=\"has-inline-color has-black-color\"><i class=\"fas fa-trophy\"><\/i> <strong>CONCURSO<\/strong><\/mark><\/h2>\n\n\n\n<ol>\n<li>Mejor salto Abalakov.<\/li>\n\n\n\n<li>Mid-thigh pull: Max fuerza media en in 1s.<\/li>\n\n\n\n<li>Press banca: Potencia media propulsiva en 1 repetici\u00f3n.<\/li>\n\n\n\n<li>Handgrip: Mejor RFD.<\/li>\n\n\n\n<li>Juego de asteroides con encoder.<\/li>\n\n\n\n<li>Juego de seguir el camino con sensor de fuerza.<\/li>\n<\/ol>\n\n\n\n<h2 class=\"wp-block-heading\"><mark style=\"background-color:#e49edd\" class=\"has-inline-color\"><i class=\"fas fa-utensils\"><\/i> <strong>EVENTOS SOCIALES<\/strong><\/mark><\/h2>\n\n\n\n<ul>\n<li>Comida s\u00e1bado \/ domingo (cerca del INEFC).<\/li>\n\n\n\n<li>Paseo cultural por la ciudad de Barcelona (s\u00e1bado)<\/li>\n\n\n\n<li>Cena del s\u00e1bado (en Barcelona).<\/li>\n<\/ul>\n\n\n\n<h2 class=\"wp-block-heading\"><i class=\"fas fa-camera-retro\"><\/i> <strong>FOTOGRAF\u00cdAS<\/strong><\/h2>\n\n\n\n<p>Env\u00edanos tus fotos favoritas usando Chronojump con una breve descripci\u00f3n y las mostraremos.<\/p>\n\n\n\n\n\n<h2 class=\"wp-block-heading\">Horario que organizamos.<\/h2>\n\n\n\n<div class=\"wp-block-file aligncenter\"><object class=\"wp-block-file__embed\" data=\"https:\/\/chronojump.org\/wp-content\/uploads\/2024\/08\/chronojump_20years_timetable_es.pdf\" type=\"application\/pdf\" style=\"width:100%;height:600px\" aria-label=\"Incrustado de chronojump_20years_timetable_es.\"><\/object><a id=\"wp-block-file--media-7e60f6ae-1cde-4925-9714-66a227e0bcfd\" href=\"https:\/\/chronojump.org\/wp-content\/uploads\/2024\/08\/chronojump_20years_timetable_es.pdf\">chronojump_20years_timetable_es<\/a><a href=\"https:\/\/chronojump.org\/wp-content\/uploads\/2024\/08\/chronojump_20years_timetable_es.pdf\" class=\"wp-block-file__button wp-element-button\" download aria-describedby=\"wp-block-file--media-7e60f6ae-1cde-4925-9714-66a227e0bcfd\">Download<\/a><\/div>\n","protected":false},"excerpt":{"rendered":"<p>El fin de semana del 20\u00ba aniversario reuni\u00f3 a expertos y profesionales de la ciencia del deporte, la tecnolog\u00eda y la salud. A lo largo de tres bloques din\u00e1micos, los participantes exploraron herramientas de vanguardia como Chronojump, Kinovea y LongoMatch, compartieron investigaciones y aplicaciones innovadoras, y debatieron sus experiencias pr\u00e1cticas en rendimiento, educaci\u00f3n y salud. [&hellip;]<\/p>\n","protected":false},"author":2,"featured_media":0,"parent":0,"menu_order":0,"comment_status":"closed","ping_status":"closed","template":"","meta":{"advgb_blocks_editor_width":"","advgb_blocks_columns_visual_guide":"","footnotes":""},"coauthors":[],"author_meta":{"author_link":"https:\/\/chronojump.org\/es\/author\/xdeblas\/","display_name":"xdeblas"},"relative_dates":{"created":"Publicado 2 a\u00f1os hace","modified":"Actualizado 1 a\u00f1o hace"},"absolute_dates":{"created":"Publicado el julio 12, 2024","modified":"Actualizado el enero 29, 2025"},"absolute_dates_time":{"created":"Publicado el julio 12, 2024 8:03 am","modified":"Actualizado el enero 29, 2025 9:51 am"},"featured_img_caption":"","featured_img":false,"series_order":"","_links":{"self":[{"href":"https:\/\/chronojump.org\/es\/wp-json\/wp\/v2\/pages\/22116"}],"collection":[{"href":"https:\/\/chronojump.org\/es\/wp-json\/wp\/v2\/pages"}],"about":[{"href":"https:\/\/chronojump.org\/es\/wp-json\/wp\/v2\/types\/page"}],"author":[{"embeddable":true,"href":"https:\/\/chronojump.org\/es\/wp-json\/wp\/v2\/users\/2"}],"replies":[{"embeddable":true,"href":"https:\/\/chronojump.org\/es\/wp-json\/wp\/v2\/comments?post=22116"}],"version-history":[{"count":68,"href":"https:\/\/chronojump.org\/es\/wp-json\/wp\/v2\/pages\/22116\/revisions"}],"predecessor-version":[{"id":23855,"href":"https:\/\/chronojump.org\/es\/wp-json\/wp\/v2\/pages\/22116\/revisions\/23855"}],"wp:attachment":[{"href":"https:\/\/chronojump.org\/es\/wp-json\/wp\/v2\/media?parent=22116"}],"curies":[{"name":"wp","href":"https:\/\/api.w.org\/{rel}","templated":true}]}}