{"id":2981,"date":"2020-05-15T18:08:59","date_gmt":"2020-05-15T17:08:59","guid":{"rendered":"http:\/\/en.chronojump.org\/?page_id=2981"},"modified":"2026-02-19T12:06:12","modified_gmt":"2026-02-19T11:06:12","slug":"quienes-somos","status":"publish","type":"page","link":"https:\/\/chronojump.org\/es\/quienes-somos\/","title":{"rendered":"Quienes somos"},"content":{"rendered":"<h3><span class=\"highlight2\">Sobre nosotros<\/span><\/h3>\n<p>Chronojump-Boscosystem es una asociaci\u00f3n sin \u00e1nimo de lucro (Asociaci\u00f3n Chronojump para la Investigaci\u00f3n y Difusi\u00f3n de la Tecnolog\u00eda Aplicada a la Actividad F\u00edsica y el Deporte) fundada como tal el d\u00eda 25 de septiembre de 2014. Su objetivo es desarrollar una serie de herramientas para obtener, gestionar y analizar tests deportivos de corta duraci\u00f3n. Es una soluci\u00f3n acad\u00e9mica libre usada tanto en laboratorio como en pista. Su sitio web es: : <a href=\"https:\/\/chronojump.org\/es\/\">chronojump.org<\/a>.<\/p>\n<p>A diferencia de la mayor\u00eda de empresas deportivas, nos diferenciamos por adoptar::<br \/>\u2022 Una filosof\u00eda diferente: ellos no crean software libre.<br \/>\u2022 Un objetivo diferente: como asociaci\u00f3n sin \u00e1nimo de lucro nuestro objetivo no es ganar dinero.<\/p>\n<p>\u00a0<\/p>\n<p>\u00a0<\/p>\n<p><center><iframe loading=\"lazy\" src=\"https:\/\/www.youtube.com\/embed\/-SmNLBNRf6w\" width=\"560\" height=\"315\" frameborder=\"0\" allowfullscreen=\"allowfullscreen\"><\/iframe><\/center><\/p>\n<p>\u00a0<\/p>\n<p>\u00a0<\/p>\n<h3><span class=\"highlight2\">\u00bfQu\u00e9 es Chronojump-Boscosystem?<\/span><\/h3>\n<p>El equipo principal de la Asociaci\u00f3n Chronojump (quien trabaja en ello cada d\u00eda) es:<\/p>\n<ul>\n<li>Dr. Xavier de Blas: Profesor, Universitat Ramon Llull. CEO, y principal desarrollador. Presidente de la Asociaci\u00f3n.<\/li>\n<li>Dr. Josep M\u00aa Padull\u00e9s: Profesor, INEFC-Universitat de Barcelona. CEO. Vocal de la Asociaci\u00f3n.<\/li>\n<li>Sr. Xavier Padull\u00e9s: Responsable de proyectos de ingenier\u00eda y soporte t\u00e9cnico a los usuarios. Desarrollador de software. Vicepresidente de la Asociaci\u00f3n.<\/li>\n<li>Sra. Maribel Dom\u00ednguez: Responsable de ventas y compras. Secretaria de la Asociaci\u00f3n.<\/li>\n<li>Sr. Robert Urpinell: Responsable de producci\u00f3n, soporte t\u00e9cnico, compras y servicio post-venta.<\/li>\n<li>Srta. Maitane Iba\u00f1ez: Responsable de producci\u00f3n.<\/li>\n<li>Sr. Adolfo Ben\u00edtez: CDO de Chronojump.<\/li>\n<\/ul>\n<p>Josep M\u00aa Padull\u00e9s hace este trabajo sin cobrar. \u00c9l entiende el proyecto como una contribuci\u00f3n hecha desde la universidad al conocimiento de la sociedad.<br \/>Se pueden encontrar muchos otros colaboradores en la ventana Ayuda\/Acerca de del software Chronojump. Estos colaboradores ofrecen su ayuda gratuitamente ya que apoyan el software libre\/software abierto de forma altruista.<\/p>\n<\/p>\n<h3><span class=\"highlight2\">\u00bfQu\u00e9 hacemos en Chronojump-Boscosystem ?<\/span><\/h3>\n<ul>\n<li>Ofrecemos instrumentos para poder medir el deporte con el objetivo<\/li>\n<li>que sea econ\u00f3micamente asequible para el mayor n\u00famero de interesados.\n<li>Instalamos nuestra tecnolog\u00eda en clubs deportivos, universidades y centros de salud.<\/li>\n<li>Impartimos cursos de formaci\u00f3n gen\u00e9ricos y a medida.<\/li>\n<li>Organizamos el premio anual \u00abChronojump Award\u00bb con la finalidad de promover la investigaci\u00f3n en el \u00e1mbito deportivo.<\/li>\n<li>Impulsamos el conocimiento cient\u00edfico en la etapa escolar a trav\u00e9s de proyectos con ayuntamientos, ferias y formaciones a docentes para facilitar la introducci\u00f3n de Chronojump en unidades did\u00e1cticas curriculares.<\/li>\n<li>Seguimos aprendiendo cada d\u00eda para poder aplicar mejoras a nuestros productos y servicios. Esto es posible gracias a la proximidad y propuestas de los usuarios de Chronojump.<\/li>\n<li>Realizamos muchas otras actividades. Podr\u00edamos destacar:<\/li>\n<ul>\n<li>Colaboraciones en investigaciones cient\u00edficas realizadas en campeonatos mundiales y europeos de atletismos.<\/li>\n<li>Ponencias tecnol\u00f3gicas para la FIFA.<\/li>\n<li>Asesor\u00eda y formaci\u00f3n tecnol\u00f3gica para clubs con una gran reputaci\u00f3n internacional.<\/li>\n<li>Desde 2016 implantamos nuestra soluci\u00f3n cliente\/servidor Chronojump Networks en gimnasios de equipos colectivos de \u00e9lite.<\/li>\n<\/ul>\n<\/ul>\n<p>\u00a0<\/p>\n<h3><span class=\"highlight2\">Pasi\u00f3n \/ dinero<\/span><\/h3>\n<p>TLa gente involucrada en Chronojump cree que un proyecto es exitoso cuando gusta a los usuarios y contribuye a la sociedad. La pasi\u00f3n es la raz\u00f3n del trabajo com\u00fan, no el dinero.<br \/>\nLos desarrolladores de Chronojump usan una cantidad considerable de software libre a diario: Kinovea, Libreoffice, Linux, Mozilla Firefox, R,\u2026 El propio software Chronojump ha sido creado usando varios tipos de software libre: GNOME, Mono, Vim, Gstreamer, Python,\u2026Nuestro software tiene que ser libre para ser coherentes con las herramientas que usamos.<br \/>\nPara m\u00e1s informaci\u00f3n, por favor vea: <a href=\"http:\/\/dl.acm.org\/citation.cfm?id=558235\">\u201cThe Hacker Ethic and the Spirit of the Information Age\u201d<\/a>.<\/p>\n<p>\u00a0<\/p>\n<h3><span class=\"highlight2\">Software libre y Hardware abierto en la ciencia<\/span><\/h3>\n<p>El siguiente texto es una adaptaci\u00f3n de nuestro art\u00edculo: <a href=\"http:\/\/www.cafyd.com\/REVISTA\/ojs\/index.php\/ricyde\/article\/download\/528\/288\">\u201cCreaci\u00f3n y validaci\u00f3n de Chronojump-Boscosystem: Una Herramienta Libre para Medir Saltos Verticales\u201d<\/a><\/p>\n<blockquote><p>\n    Las herramientas de tecnolog\u00eda de la informaci\u00f3n para la medici\u00f3n de la potencia encontradas son cajas negras. En otras palabras, se pueden usar pero el usuario no tiene acceso a su contenido. Un tercero no puede verificar la fiabilidad de las herramientas, ni \u00e9stas se pueden adaptar a las necesidades individuales. Estas herramientas se llaman \u201csoftware privado\u201d.<\/p>\n<p>    El software libre es lo contrario: fomenta el estudio del software para entender c\u00f3mo funciona (internamente), y cambiarlo para asegurar que har\u00e1 lo que el usuario desea. Para esto, es necesario tener acceso al c\u00f3digo fuente. \u00c9sto tambi\u00e9n fomenta las mejoras y hace posible liberarlo para el p\u00fablico, de modo que toda la comunidad se beneficie de ello.<\/p>\n<p>    Parker (2000) describi\u00f3 la implicaci\u00f3n del software en la ciencia. Seg\u00fan el autor, el m\u00e9todo cient\u00edfico es un proceso de descubrimiento y justificaci\u00f3n, y los resultados tienen que ser reproducibles. Para que \u00e9sto pase, las herramientas de software usadas tienen que ser accesibles en el futuro. El software privado no facilita el uso de versiones antiguas mientras que con software libre todas las versiones publicadas normalmente est\u00e1n disponibles en los servidores oficiales. Adem\u00e1s, el software libre da importancia a la revisi\u00f3n externa ya que el c\u00f3digo fuente de las aplicaciones con este tipo de licencia se revisa y corrige por los usuarios de la comunidad de forma libre y gratuita. En cuanto al hardware, los autores prefieren usar el t\u00e9rmino \u201cabierto\u201d en lugar de \u201clibre\u201d ya que no se puede replicar masivamente sin coste.\n<\/p><\/blockquote>\n<p>\u00a0<\/p>\n<h3><span class=\"highlight2\">Patentes y marcas<\/span><\/h3>\n<p>La patentes eran una buena idea cuando guardar el secreto comercial era la \u00fanica opci\u00f3n. Una patente da protecci\u00f3n al inventor a cambio de hacer p\u00fablico el procedimiento de dicha invenci\u00f3n. Hoy en d\u00eda, con las licencias de software Libre, Copyleft y las licencias Creative Commons es posible proteger una idea y compartirla con todo el mundo en lugar de dar el monopolio a una sola persona u organizaci\u00f3n. <a href=\"http:\/\/www.fsf.org\/about\/what-is-free-software\">what is free software<\/a>, <a href=\"http:\/\/en.wikipedia.org\/wiki\/Copyleft\">Copyleft<\/a>, <a href=\"http:\/\/creativecommons.org\/\">creativecommons.org<\/a>.<\/p>\n<p>Puede encontrar documentaci\u00f3n sobre la validaci\u00f3n y la creaci\u00f3n de nuestras herramientas en la <a href=\"https:\/\/chronojump.org\/es\/documentos\/\">p\u00e1gina de documentos<\/a>.<\/p>\n<p>Josep M\u00aa Padull\u00e9s fue el principal desarrollador y heredero de las herramientas de Carmelo Bosco y, como homenaje, quiso identificar la asociaci\u00f3n bajo el nombre Chronojump-Boscosystem.<\/p>\n<p>\u00a0<\/p>\n<h3><span class=\"highlight2\">Entidades con las que compartimos muchas afinidades<\/span><\/h3>\n<p>La Fundaci\u00f3n CIDIDA (Centro Internacional de Documentaci\u00f3n, Investigaci\u00f3n y Desarrollo del Atletismo) es una fundaci\u00f3n sin \u00e1nimo de lucro que tiene el objetivo de promocionar el deporte, especialmente el atletismo, en dos \u00e1reas principales:<\/p>\n<ul>\n<li>Cient\u00edfica y cultural: promoviendo la investigaci\u00f3n cient\u00edfica, intercambios culturales, docencia, ferias, congresos, conferencias, etc.<\/li>\n<li>Humanitaria: financiando el desarrollo de proyectos deportivos con grupos espec\u00edficos, incluyendo atletas de \u00e9lite, entrenadores, ni\u00f1os y personas con necesidades especiales, particularmente en el campo del atletismo.<\/li>\n<\/ul>\n<p>Debido a que Chronojump-Boscosystem comparte la misma filisof\u00eda, en el pasado nos convertimos en parte de CIDIDA para ser una organizaci\u00f3n legal. Despu\u00e9s, fundamos nuestra propia asociaci\u00f3n. CIDIDA tiene su sede en Espa\u00f1a. <a href=\"http:\/\/www.cidida.org\/\">cidida.org<\/a>.<\/p>\n<p>NCHC (National Center for High-performance Computing) apoya el \u00e1mbito acad\u00e9mico e industria con hardware y software libre, investigaci\u00f3n avanzada y desarrollo de aplicaciones, y entrenamiento profesional. Esta organizaci\u00f3n est\u00e1 promoviendo proyectos de software libre. Juntos comenzamos un proyecto de tres a\u00f1os con el objetivo de desarrollar herramientas libres (software y hardware) para medici\u00f3n deportiva. NCHC tiene su sede en Taiwan. <a href=\"http:\/\/www.nchc.tw\/tw\/\">NCHC website<\/a>.<\/p>\n<p>Chronojump-Boscosystem y CASIO, Kinovea y Longomatch se asociaron para desarrollar en \u201cSports Analysis Pack\u201d como una herramienta para recoger y analizar datos en el campo del deporte. <a href=\"http:\/\/www.casio.com\/\">casio.com<\/a>, <a href=\"http:\/\/www.kinovea.org\/en\/\">kinovea.org<\/a>, <a href=\"http:\/\/longomatch.org\/\">longomatch.org<\/a>.<\/p>\n<p>La Fundaci\u00f3n <a href=\"http:\/\/www.gnome.org\">GNOME<\/a> es una organizaci\u00f3n sin \u00e1nimo de lucro que promueve los objetivos de Proyecto GNOME. Ayuda al proyecto a crear una herramienta inform\u00e1tica de software libre que est\u00e1 dise\u00f1ada para ser elegante, eficiente y f\u00e1cil de usar. GNOME nos ofrece una plataforma de desarrollo y gracias al equipo de Traductores de GNOME, nuestro software se encuentra traducido en diversos idiomas: <a href=\"https:\/\/l10n.gnome.org\/module\/chronojump\/\">Chronojump translation status<\/a>.<\/p>\n\n<div style=\"margin: 60px 0px 0px 0px;\">\r\n<h3>Partners<\/h3>\r\n<p>Nuestros partners son organizaciones y compa\u00f1ias de software libre.El objetivo principal de las colaboraciones es desarrollar herramientas libres (software y hardware) para medir en el \u00e1mbito deportivo..<\/p>\r\n<div style=\"width: 100px; padding: 0 0 0 0; float: left;\"><figure><img decoding=\"async\" src=\"https:\/\/chronojump.org\/wp-content\/uploads\/2016\/11\/cidida-nchc.png\"\/><\/figure><\/div>\r\n<div style=\"width: 200px; padding: 0 0 0 0; float: right;\"><figure><img decoding=\"async\" src=\"https:\/\/chronojump.org\/wp-content\/uploads\/2016\/11\/casio-kinovea-longomatch.png\"\/><\/figure><\/div>\r\n<\/div>\r\n","protected":false},"excerpt":{"rendered":"<p>Sobre nosotros Chronojump-Boscosystem es una asociaci\u00f3n sin \u00e1nimo de lucro (Asociaci\u00f3n Chronojump para la Investigaci\u00f3n y Difusi\u00f3n de la Tecnolog\u00eda Aplicada a la Actividad F\u00edsica y el Deporte) fundada como tal el d\u00eda 25 de septiembre de 2014. Su objetivo es desarrollar una serie de herramientas para obtener, gestionar y analizar tests deportivos de corta [&hellip;]<\/p>\n","protected":false},"author":2,"featured_media":0,"parent":0,"menu_order":0,"comment_status":"closed","ping_status":"closed","template":"","meta":{"advgb_blocks_editor_width":"","advgb_blocks_columns_visual_guide":"","footnotes":""},"coauthors":[],"author_meta":{"author_link":"https:\/\/chronojump.org\/es\/author\/xdeblas\/","display_name":"xdeblas"},"relative_dates":{"created":"Publicado 6 a\u00f1os hace","modified":"Actualizado 2 meses hace"},"absolute_dates":{"created":"Publicado el mayo 15, 2020","modified":"Actualizado el febrero 19, 2026"},"absolute_dates_time":{"created":"Publicado el mayo 15, 2020 6:08 pm","modified":"Actualizado el febrero 19, 2026 12:06 pm"},"featured_img_caption":"","featured_img":false,"series_order":"","_links":{"self":[{"href":"https:\/\/chronojump.org\/es\/wp-json\/wp\/v2\/pages\/2981"}],"collection":[{"href":"https:\/\/chronojump.org\/es\/wp-json\/wp\/v2\/pages"}],"about":[{"href":"https:\/\/chronojump.org\/es\/wp-json\/wp\/v2\/types\/page"}],"author":[{"embeddable":true,"href":"https:\/\/chronojump.org\/es\/wp-json\/wp\/v2\/users\/2"}],"replies":[{"embeddable":true,"href":"https:\/\/chronojump.org\/es\/wp-json\/wp\/v2\/comments?post=2981"}],"version-history":[{"count":10,"href":"https:\/\/chronojump.org\/es\/wp-json\/wp\/v2\/pages\/2981\/revisions"}],"predecessor-version":[{"id":26862,"href":"https:\/\/chronojump.org\/es\/wp-json\/wp\/v2\/pages\/2981\/revisions\/26862"}],"wp:attachment":[{"href":"https:\/\/chronojump.org\/es\/wp-json\/wp\/v2\/media?parent=2981"}],"curies":[{"name":"wp","href":"https:\/\/api.w.org\/{rel}","templated":true}]}}