{"id":2986,"date":"2019-07-23T12:14:31","date_gmt":"2019-07-23T11:14:31","guid":{"rendered":"http:\/\/en.chronojump.org\/knowledge\/"},"modified":"2025-01-31T11:38:48","modified_gmt":"2025-01-31T10:38:48","slug":"info","status":"publish","type":"page","link":"https:\/\/chronojump.org\/es\/info\/","title":{"rendered":"+Info"},"content":{"rendered":"<p>&nbsp;<\/p>\n<h3><strong><a href=\"https:\/\/chronojump.org\/es\/tests\/\">Ir a Test:<\/a><\/strong><\/h3>\n<p>Incluye diferentes categorias de tests:<\/p>\n<ul>\n<li><a href=\"https:\/\/chronojump.org\/es\/tests\/tests-de-saltos\/\"><strong>Tests de salto:<\/strong><\/a> Mesura el rendimiento del salto usando la plataforma de contacto de Chronojump.<\/li>\n<li><a href=\"https:\/\/chronojump.org\/es\/tests\/tests-de-carreras\/\"><strong>Tests de carreras:<\/strong><\/a> Analiza la acceleraci\u00f3n y velocidad al correr.<\/li>\n<li><a href=\"https:\/\/chronojump.org\/es\/tests\/test-con-raceanalyzer\/\"><strong>Test de <\/strong><\/a><strong><a href=\"https:\/\/chronojump.org\/es\/tests\/test-con-raceanalyzer\/\">RaceAnalyzer <\/a>:<\/strong> Evalua el rendimiento de la carrera con m\u00e9tricas avanzadas.<\/li>\n<li><a href=\"https:\/\/chronojump.org\/es\/tests\/tests-de-encoder\/\"><strong>Tests de E<\/strong><\/a><strong><a href=\"https:\/\/chronojump.org\/es\/tests\/tests-de-encoder\/\">ncoder<\/a>:<\/strong> Utiliza encoders para evaluar movimiento, velocidad\u00a0 y fuerza.<\/li>\n<li><a href=\"https:\/\/chronojump.org\/es\/tests-de-fuerza\/\"><strong>Tests de fuerza:<\/strong><\/a> Mesura la fuerza utilizando sensores especiales.<img decoding=\"async\" loading=\"lazy\" class=\"\" src=\"https:\/\/chronojump.org\/wp-content\/uploads\/2017\/05\/Polsador-Tamara2-300x300.png\" width=\"216\" height=\"216\" \/><\/li>\n<\/ul>\n<p><strong style=\"font-size: 1.618em;\"><a href=\"https:\/\/chronojump.org\/es\/servicios\/\">\u00a0Ir a Servicios:<\/a><\/strong><\/p>\n<p>Ofrece configuraci\u00f3n de m\u00e1quinas, dise\u00f1o de prototipos, evaluaci\u00f3n de jugadores, capacitaci\u00f3n, consultor\u00eda, an\u00e1lisis de datos y programaci\u00f3n personalizada.<\/p>\n<h3><strong><a href=\"https:\/\/chronojump.org\/es\/cursos\/\">Ir a cursos:<\/a><\/strong><\/h3>\n<p><em>No tenemos previstos cursos presenciales pero podemos ofrecer cursos a medida a trav\u00e9s de videoconferencia.<\/em><\/p>\n<h3><a href=\"https:\/\/chronojump.org\/es\/tutoriales\/\"><strong>Ir a tutoriales:<\/strong><\/a><\/h3>\n<p>Gu\u00edas sobre Chronojump, que cubren saltos, encoders, carreras, sensores de fuerza y \u200b\u200ban\u00e1lisis de datos.<\/p>\n<h3><a href=\"https:\/\/chronojump.org\/es\/documentos\/\"><strong>Ver todos los documentos:<\/strong><\/a><\/h3>\n<p>Acceda a varios documentos relacionados con Chronojump sobre hardware, capacitaci\u00f3n, educaci\u00f3n e investigaci\u00f3n.<\/p>\n<h3><strong><a href=\"https:\/\/chronojump.org\/es\/investigacion\/\">Investigaci\u00f3n:<\/a><\/strong><\/h3>\n<p>Chronojump se utiliza en m\u00faltiples estudios cient\u00edficos y ofrece acceso abierto a datos y oportunidades de colaboraci\u00f3n.<\/p>\n<div style=\"width: 50%; padding: 20pt 10pt 0 0; float: left;\">\n<h4><i class=\"fa fa-asterisk aria-hidden=\"><\/i>Destacados !!<\/h4>\n<p>Chronojump particip\u00f3 en YoMo Barcelona (Mobile World Congress 2019). Puedes consultar los v\u00eddeos destacados en: Chronojump en YoMo Barcelona 2019.<\/p>\n<p>Para conocer los \u00faltimos eventos y actualizaciones, \u00a1est\u00e9n atentos a las pr\u00f3ximas participaciones de Chronojump en 2025!<\/p>\n<\/div>\n","protected":false},"excerpt":{"rendered":"<p>&nbsp; Ir a Test: Incluye diferentes categorias de tests: Tests de salto: Mesura el rendimiento del salto usando la plataforma de contacto de Chronojump. Tests de carreras: Analiza la acceleraci\u00f3n y velocidad al correr. Test de RaceAnalyzer : Evalua el rendimiento de la carrera con m\u00e9tricas avanzadas. Tests de Encoder: Utiliza encoders para evaluar movimiento, [&hellip;]<\/p>\n","protected":false},"author":2,"featured_media":0,"parent":0,"menu_order":0,"comment_status":"closed","ping_status":"closed","template":"","meta":{"advgb_blocks_editor_width":"","advgb_blocks_columns_visual_guide":"","footnotes":""},"coauthors":[],"author_meta":{"author_link":"https:\/\/chronojump.org\/es\/author\/xdeblas\/","display_name":"xdeblas"},"relative_dates":{"created":"Publicado 7 a\u00f1os hace","modified":"Actualizado 1 a\u00f1o hace"},"absolute_dates":{"created":"Publicado el julio 23, 2019","modified":"Actualizado el enero 31, 2025"},"absolute_dates_time":{"created":"Publicado el julio 23, 2019 12:14 pm","modified":"Actualizado el enero 31, 2025 11:38 am"},"featured_img_caption":"","featured_img":false,"series_order":"","_links":{"self":[{"href":"https:\/\/chronojump.org\/es\/wp-json\/wp\/v2\/pages\/2986"}],"collection":[{"href":"https:\/\/chronojump.org\/es\/wp-json\/wp\/v2\/pages"}],"about":[{"href":"https:\/\/chronojump.org\/es\/wp-json\/wp\/v2\/types\/page"}],"author":[{"embeddable":true,"href":"https:\/\/chronojump.org\/es\/wp-json\/wp\/v2\/users\/2"}],"replies":[{"embeddable":true,"href":"https:\/\/chronojump.org\/es\/wp-json\/wp\/v2\/comments?post=2986"}],"version-history":[{"count":9,"href":"https:\/\/chronojump.org\/es\/wp-json\/wp\/v2\/pages\/2986\/revisions"}],"predecessor-version":[{"id":23893,"href":"https:\/\/chronojump.org\/es\/wp-json\/wp\/v2\/pages\/2986\/revisions\/23893"}],"wp:attachment":[{"href":"https:\/\/chronojump.org\/es\/wp-json\/wp\/v2\/media?parent=2986"}],"curies":[{"name":"wp","href":"https:\/\/api.w.org\/{rel}","templated":true}]}}