{"id":2989,"date":"2020-04-27T15:51:50","date_gmt":"2020-04-27T14:51:50","guid":{"rendered":"http:\/\/en.chronojump.org\/actividad-1-de-chronojump\/"},"modified":"2020-04-27T15:53:20","modified_gmt":"2020-04-27T14:53:20","slug":"actividad-1-de-chronojump","status":"publish","type":"page","link":"https:\/\/chronojump.org\/es\/actividad-1-de-chronojump\/","title":{"rendered":"Actividad 1 de Chronojump"},"content":{"rendered":"<h4 style=\"text-align: center;\">CHRONOJUMP YOMO 2019:\u00a0\u00a0 ACTIVIDAD 1 &#8211; FUERZA\u00a0\u00a0\u00a0\u00a0\u00a0\u00a0 <img decoding=\"async\" loading=\"lazy\" class=\"wp-image-2169 alignright\" src=\"https:\/\/chronojump.org\/wp-content\/uploads\/2019\/02\/YoMo_Logo-1024x512.jpg\" alt=\"yomo_logo\" width=\"180\" height=\"73\" \/><\/h4>\n<h3 style=\"text-align: left;\"><b>\u00a0\u00a0\u00a0\u00a0\u00a0 <\/b><img decoding=\"async\" loading=\"lazy\" class=\" wp-image-2171 alignleft\" src=\"https:\/\/chronojump.org\/wp-content\/uploads\/2019\/02\/Estirar-la-corda_2_baixaResolution-915x1024.jpg\" alt=\"estirar-la-corda_2_baixaresolution\" width=\"241\" height=\"270\" srcset=\"https:\/\/chronojump.org\/wp-content\/uploads\/2019\/02\/Estirar-la-corda_2_baixaResolution-915x1024.jpg 915w, https:\/\/chronojump.org\/wp-content\/uploads\/2019\/02\/Estirar-la-corda_2_baixaResolution-416x466.jpg 416w, https:\/\/chronojump.org\/wp-content\/uploads\/2019\/02\/Estirar-la-corda_2_baixaResolution-268x300.jpg 268w, https:\/\/chronojump.org\/wp-content\/uploads\/2019\/02\/Estirar-la-corda_2_baixaResolution-768x860.jpg 768w\" sizes=\"(max-width: 241px) 100vw, 241px\" \/><\/h3>\n<p><u>T\u00edtulo<\/u>: Fuerza al estirar la cuerda<\/p>\n<p><u>Reto<\/u>: \u00bfCu\u00e1ntos Newtons erez capaz de estirar?<\/p>\n<p><u>Resumen<\/u>: L<span class=\"tlid-translation translation\" lang=\"es\"><span class=\"\" title=\"\">os asistentes estirar\u00e1n la cuerda para que un sensor, con la ayuda del programa Chronojump, muestre un gr\u00e1fico con los newtons de fuerza aplicada en cada instante.<\/span><\/span><\/p>\n<p>&nbsp;<\/p>\n<p><span class=\"tlid-translation translation\" lang=\"es\"><span class=\"\" title=\"\">\u00a0<\/span><\/span><\/p>\n<p>&nbsp;<\/p>\n","protected":false},"excerpt":{"rendered":"<p>CHRONOJUMP YOMO 2019:\u00a0\u00a0 ACTIVIDAD 1 &#8211; FUERZA\u00a0\u00a0\u00a0\u00a0\u00a0\u00a0 \u00a0\u00a0\u00a0\u00a0\u00a0 T\u00edtulo: Fuerza al estirar la cuerda Reto: \u00bfCu\u00e1ntos Newtons erez capaz de estirar? Resumen: Los asistentes estirar\u00e1n la cuerda para que un sensor, con la ayuda del programa Chronojump, muestre un gr\u00e1fico con los newtons de fuerza aplicada en cada instante. &nbsp; \u00a0 &nbsp;<\/p>\n","protected":false},"author":1,"featured_media":0,"parent":0,"menu_order":0,"comment_status":"closed","ping_status":"closed","template":"","meta":{"advgb_blocks_editor_width":"","advgb_blocks_columns_visual_guide":"","footnotes":""},"coauthors":[],"author_meta":{"author_link":"https:\/\/chronojump.org\/es\/author\/chronojump\/","display_name":"chronojump"},"relative_dates":{"created":"Publicado 6 a\u00f1os hace","modified":"Actualizado 6 a\u00f1os hace"},"absolute_dates":{"created":"Publicado el abril 27, 2020","modified":"Actualizado el abril 27, 2020"},"absolute_dates_time":{"created":"Publicado el abril 27, 2020 3:51 pm","modified":"Actualizado el abril 27, 2020 3:53 pm"},"featured_img_caption":"","featured_img":false,"series_order":"","_links":{"self":[{"href":"https:\/\/chronojump.org\/es\/wp-json\/wp\/v2\/pages\/2989"}],"collection":[{"href":"https:\/\/chronojump.org\/es\/wp-json\/wp\/v2\/pages"}],"about":[{"href":"https:\/\/chronojump.org\/es\/wp-json\/wp\/v2\/types\/page"}],"author":[{"embeddable":true,"href":"https:\/\/chronojump.org\/es\/wp-json\/wp\/v2\/users\/1"}],"replies":[{"embeddable":true,"href":"https:\/\/chronojump.org\/es\/wp-json\/wp\/v2\/comments?post=2989"}],"version-history":[{"count":1,"href":"https:\/\/chronojump.org\/es\/wp-json\/wp\/v2\/pages\/2989\/revisions"}],"predecessor-version":[{"id":2996,"href":"https:\/\/chronojump.org\/es\/wp-json\/wp\/v2\/pages\/2989\/revisions\/2996"}],"wp:attachment":[{"href":"https:\/\/chronojump.org\/es\/wp-json\/wp\/v2\/media?parent=2989"}],"curies":[{"name":"wp","href":"https:\/\/api.w.org\/{rel}","templated":true}]}}