{"id":3158,"date":"2020-04-28T05:31:37","date_gmt":"2020-04-28T04:31:37","guid":{"rendered":"http:\/\/en.chronojump.org\/actividad-2-de-chronojump-en-yomo\/"},"modified":"2020-04-28T05:44:39","modified_gmt":"2020-04-28T04:44:39","slug":"actividad-2-de-chronojump-en-yomo","status":"publish","type":"page","link":"https:\/\/chronojump.org\/es\/actividad-2-de-chronojump-en-yomo\/","title":{"rendered":"Actividad 2 de Chronojump en YoMo"},"content":{"rendered":"<h4 style=\"text-align: center;\"><\/h4>\n<h4 style=\"text-align: center;\">CHRONOJUMP YOMO 2019: ACTIVIDAD 2 &#8211; SALTOS<\/h4>\n<h4 style=\"text-align: center;\">\u00a0 <img decoding=\"async\" loading=\"lazy\" class=\"wp-image-2169 alignright\" src=\"https:\/\/chronojump.org\/wp-content\/uploads\/2019\/02\/YoMo_Logo-1024x512.jpg\" alt=\"yomo_logo\" width=\"180\" height=\"73\" \/><\/h4>\n<h3 style=\"text-align: left;\"><b>\u00a0\u00a0\u00a0\u00a0\u00a0 <\/b><u><img decoding=\"async\" loading=\"lazy\" class=\" wp-image-2167 alignleft\" src=\"https:\/\/chronojump.org\/wp-content\/uploads\/2019\/02\/Salts-449x1024.jpg\" alt=\"salts\" width=\"135\" height=\"265\" \/><\/u><\/h3>\n<p><u>T\u00edtulo<\/u>: Capacidad de Salto<\/p>\n<p><u>Reto<\/u>: \u00a1Salto lo m\u00e1ximo que puedas!<\/p>\n<p><u>Resumen<\/u>: <span class=\"tlid-translation translation\" lang=\"es\"><span class=\"\" title=\"\">Se realizar\u00e1 un salto vertical.<\/span> <span class=\"\" title=\"\">Un sensor y el programa Chronojump permitir\u00e1n visualizar la altura alcanzada.<\/span> <span class=\"\" title=\"\">Tambi\u00e9n obtendremos datos sobre el tiempo de vuelo y la potencia del salto.<\/span><\/span><\/p>\n<div class=\"tlid-result-transliteration-container result-transliteration-container transliteration-container\">\n<div class=\"tlid-transliteration-content transliteration-content full\"><\/div>\n<\/div>\n<div class=\"result-footer source-or-target-footer tlid-copy-target\"><\/div>\n","protected":false},"excerpt":{"rendered":"<p>CHRONOJUMP YOMO 2019: ACTIVIDAD 2 &#8211; SALTOS \u00a0 \u00a0\u00a0\u00a0\u00a0\u00a0 T\u00edtulo: Capacidad de Salto Reto: \u00a1Salto lo m\u00e1ximo que puedas! Resumen: Se realizar\u00e1 un salto vertical. Un sensor y el programa Chronojump permitir\u00e1n visualizar la altura alcanzada. Tambi\u00e9n obtendremos datos sobre el tiempo de vuelo y la potencia del salto.<\/p>\n","protected":false},"author":1,"featured_media":0,"parent":0,"menu_order":0,"comment_status":"closed","ping_status":"closed","template":"","meta":{"advgb_blocks_editor_width":"","advgb_blocks_columns_visual_guide":"","footnotes":""},"coauthors":[],"author_meta":{"author_link":"https:\/\/chronojump.org\/es\/author\/chronojump\/","display_name":"chronojump"},"relative_dates":{"created":"Publicado 6 a\u00f1os hace","modified":"Actualizado 6 a\u00f1os hace"},"absolute_dates":{"created":"Publicado el abril 28, 2020","modified":"Actualizado el abril 28, 2020"},"absolute_dates_time":{"created":"Publicado el abril 28, 2020 5:31 am","modified":"Actualizado el abril 28, 2020 5:44 am"},"featured_img_caption":"","featured_img":false,"series_order":"","_links":{"self":[{"href":"https:\/\/chronojump.org\/es\/wp-json\/wp\/v2\/pages\/3158"}],"collection":[{"href":"https:\/\/chronojump.org\/es\/wp-json\/wp\/v2\/pages"}],"about":[{"href":"https:\/\/chronojump.org\/es\/wp-json\/wp\/v2\/types\/page"}],"author":[{"embeddable":true,"href":"https:\/\/chronojump.org\/es\/wp-json\/wp\/v2\/users\/1"}],"replies":[{"embeddable":true,"href":"https:\/\/chronojump.org\/es\/wp-json\/wp\/v2\/comments?post=3158"}],"version-history":[{"count":1,"href":"https:\/\/chronojump.org\/es\/wp-json\/wp\/v2\/pages\/3158\/revisions"}],"predecessor-version":[{"id":3162,"href":"https:\/\/chronojump.org\/es\/wp-json\/wp\/v2\/pages\/3158\/revisions\/3162"}],"wp:attachment":[{"href":"https:\/\/chronojump.org\/es\/wp-json\/wp\/v2\/media?parent=3158"}],"curies":[{"name":"wp","href":"https:\/\/api.w.org\/{rel}","templated":true}]}}