{"id":3160,"date":"2020-04-28T05:41:11","date_gmt":"2020-04-28T04:41:11","guid":{"rendered":"http:\/\/en.chronojump.org\/actividad-4-de-chronojump-en-yomo\/"},"modified":"2020-04-28T05:41:11","modified_gmt":"2020-04-28T04:41:11","slug":"actividad-4-de-chronojump-en-yomo","status":"publish","type":"page","link":"https:\/\/chronojump.org\/es\/actividad-4-de-chronojump-en-yomo\/","title":{"rendered":"Actividad 4 de Chronojump en YoMo"},"content":{"rendered":"<h4 style=\"text-align: center;\">CHRONOJUMP YOMO 2019: ACTIVITY 4 &#8211; CARRERA DE VELOCIDAD \u00a0\u00a0\u00a0\u00a0\u00a0 <img decoding=\"async\" loading=\"lazy\" class=\"wp-image-2169 alignright\" src=\"https:\/\/chronojump.org\/wp-content\/uploads\/2019\/02\/YoMo_Logo-1024x512.jpg\" alt=\"yomo_logo\" width=\"180\" height=\"73\" \/><\/h4>\n<h3 style=\"text-align: left;\"><b>\u00a0\u00a0\u00a0\u00a0\u00a0 <\/b><\/h3>\n<p><b><img decoding=\"async\" loading=\"lazy\" class=\" wp-image-2166 alignleft\" src=\"https:\/\/chronojump.org\/wp-content\/uploads\/2019\/02\/Cursa-1024x934.jpg\" alt=\"cursa\" width=\"233\" height=\"200\" \/><\/b><\/p>\n<p>&nbsp;<\/p>\n<p>T\u00edtulo: Fuerza y aceleraci\u00f3n en los tacos de salida<\/p>\n<p>Reto: \u00bfEres el futuro Usain Bolt?<\/p>\n<p>Resumen: Los asistentes realizar\u00e1n un sprint de 5 metros usando tacos de salida. Los sensores y el programa Chronojump permitir\u00e1n analizar la fuerza realizada en los tacos y la aceleraci\u00f3n de sprint.<\/p>\n","protected":false},"excerpt":{"rendered":"<p>CHRONOJUMP YOMO 2019: ACTIVITY 4 &#8211; CARRERA DE VELOCIDAD \u00a0\u00a0\u00a0\u00a0\u00a0 \u00a0\u00a0\u00a0\u00a0\u00a0 &nbsp; T\u00edtulo: Fuerza y aceleraci\u00f3n en los tacos de salida Reto: \u00bfEres el futuro Usain Bolt? Resumen: Los asistentes realizar\u00e1n un sprint de 5 metros usando tacos de salida. Los sensores y el programa Chronojump permitir\u00e1n analizar la fuerza realizada en los tacos y [&hellip;]<\/p>\n","protected":false},"author":1,"featured_media":0,"parent":0,"menu_order":0,"comment_status":"closed","ping_status":"closed","template":"","meta":{"advgb_blocks_editor_width":"","advgb_blocks_columns_visual_guide":"","footnotes":""},"coauthors":[],"author_meta":{"author_link":"https:\/\/chronojump.org\/es\/author\/chronojump\/","display_name":"chronojump"},"relative_dates":{"created":"Publicado 6 a\u00f1os hace","modified":"Actualizado 6 a\u00f1os hace"},"absolute_dates":{"created":"Publicado el abril 28, 2020","modified":"Actualizado el abril 28, 2020"},"absolute_dates_time":{"created":"Publicado el abril 28, 2020 5:41 am","modified":"Actualizado el abril 28, 2020 5:41 am"},"featured_img_caption":"","featured_img":false,"series_order":"","_links":{"self":[{"href":"https:\/\/chronojump.org\/es\/wp-json\/wp\/v2\/pages\/3160"}],"collection":[{"href":"https:\/\/chronojump.org\/es\/wp-json\/wp\/v2\/pages"}],"about":[{"href":"https:\/\/chronojump.org\/es\/wp-json\/wp\/v2\/types\/page"}],"author":[{"embeddable":true,"href":"https:\/\/chronojump.org\/es\/wp-json\/wp\/v2\/users\/1"}],"replies":[{"embeddable":true,"href":"https:\/\/chronojump.org\/es\/wp-json\/wp\/v2\/comments?post=3160"}],"version-history":[{"count":0,"href":"https:\/\/chronojump.org\/es\/wp-json\/wp\/v2\/pages\/3160\/revisions"}],"wp:attachment":[{"href":"https:\/\/chronojump.org\/es\/wp-json\/wp\/v2\/media?parent=3160"}],"curies":[{"name":"wp","href":"https:\/\/api.w.org\/{rel}","templated":true}]}}