{"id":3163,"date":"2020-04-28T05:53:08","date_gmt":"2020-04-28T04:53:08","guid":{"rendered":"http:\/\/en.chronojump.org\/construccion-de-plataforma-de-contactos\/"},"modified":"2024-03-05T11:23:28","modified_gmt":"2024-03-05T10:23:28","slug":"construccion-de-plataforma-de-contactos","status":"publish","type":"page","link":"https:\/\/chronojump.org\/es\/construccion-de-plataforma-de-contactos\/","title":{"rendered":"Construcci\u00f3n de plataforma de contactos"},"content":{"rendered":"<table border=\"0\" width=\"600\" cellspacing=\"6\" cellpadding=\"6\">\n<tbody>\n<tr>\n<td valign=\"top\" width=\"100%\">\n<div>\n<div>\n<h2>&#8220;Instrucciones para la construcci\u00f3n de una plataforma de contactos para la medici\u00f3n de la capacidad de salto\/s&#8221;<\/h2>\n<p>Bernat Busc\u00e0 Safont-Tria, Xavier de Blas Foix and Gabriel Daza Sobrino.<\/p>\n<p>Instrucciones originales del <b>Dr. Alberto Garc\u00eda-Fojeda<\/b>, profesor de Biomec\u00e1nica del INEFC de Lleida.<\/p>\n<p>&nbsp;<\/p>\n<hr width=\"100%\" \/>\n<p><span style=\"font-size: medium;\"><b>Atenci\u00f3n:<\/b><\/span><\/p>\n<p>Recomendamos construir la <a href=\"https:\/\/chronojump.org\/es\/construccion-plataforma-modular-circuito\/\">plataforma de contactos modular de circuito impreso<\/a><\/p>\n<p>en lugar de la plataforma descrita en la presente p\u00e1gina.<\/p>\n<hr width=\"100%\" \/>\n<h5>Materiales y herramientas<\/h5>\n<p><img decoding=\"async\" src=\"..\/..\/images\/plataforma_contactos_material.jpg\" \/><\/p>\n<table border=\"0\" cellspacing=\"0\" cellpadding=\"0\">\n<tbody>\n<tr align=\"center\" valign=\"CENTER\">\n<th>MATERIALES (para manta de 0,80m x 1,10m)<\/th>\n<th>PRECIO (aprox)<\/th>\n<\/tr>\n<tr align=\"center\" valign=\"CENTER\">\n<td>21m de fleje de acero templado de 13mm de ancho por 0.50mm de grosor (para 30 varillas de 70cm)<\/td>\n<td>38 \u20ac<\/td>\n<\/tr>\n<tr align=\"center\" valign=\"CENTER\">\n<td>1 rollo de cinta de doble cara Scotch 3M 19mm x 1,5m.<\/td>\n<td>3 \u20ac<\/td>\n<\/tr>\n<tr align=\"center\" valign=\"CENTER\">\n<td>6 metros de cable doble (1m simple para la plataforma y 5 metros hasta el Chronopic).<\/td>\n<td>3 \u20ac<\/td>\n<\/tr>\n<tr align=\"center\" valign=\"CENTER\">\n<td>1 rollo de 30m de cinta adhesiva de doble cara de 5cm de ancho<\/td>\n<td>10\u20ac<\/td>\n<\/tr>\n<tr align=\"center\" valign=\"CENTER\">\n<td>2 superficies de pl\u00e1stico transparente de 1m x 1m<\/td>\n<td>1\u20ac<\/td>\n<\/tr>\n<tr align=\"center\" valign=\"CENTER\">\n<td>2 superficies de lona resistente de 1m x 1m<\/td>\n<td>2\u20ac<\/td>\n<\/tr>\n<tr align=\"center\" valign=\"CENTER\">\n<td>1 rollo de 5m de cinta adhesiva americana<\/td>\n<td>10 \u20ac<\/td>\n<\/tr>\n<tr align=\"center\" valign=\"CENTER\">\n<td>30 arandelas peque\u00f1as para los remaches<\/td>\n<td>2 \u20ac<\/td>\n<\/tr>\n<tr align=\"center\" valign=\"CENTER\">\n<td>30 remaches de aluminio\/acero<\/td>\n<td>4 \u20ac<\/td>\n<\/tr>\n<\/tbody>\n<\/table>\n<ul>\n<li>Tijeras para cortar metales<\/li>\n<li>Taladro<\/li>\n<li>brocas de 3.2mm y de 2.1mm<\/li>\n<li>pistola de remaches<\/li>\n<li>\u201ccutter\u201d<\/li>\n<li>Tijeras de papeler\u00eda<\/li>\n<li>Martillo<\/li>\n<li>Punta de acero templado<\/li>\n<li>Alicates<\/li>\n<li>Rotulador<\/li>\n<\/ul>\n<h5>Instrumentos para construcci\u00f3n<\/h5>\n<p>Tiempo de fabricaci\u00f3n de la plataforma (entre tres personas): 2h-2h30&#8242; (seg\u00fan experiencia).<\/p>\n<ol>\n<li>Cortar 30 piezas de 70cm de fleje de acero templado<br \/>\ncon las tijeras (el fleje viene en rollos de 5m) a cada trozo le<br \/>\nllamaremos varilla.<br \/>\n<center><img decoding=\"async\" src=\"..\/..\/images\/plataforma_contactos_cortar_varillas.jpg\" \/><\/center><\/li>\n<li>Hacer un agujero de 3mm a 1,5cm de un extremo de<br \/>\ncada varilla. El fleje es muy duro y ser\u00e1 dif\u00edcil perforarlo con un<br \/>\ntaladro. Se recomienda perforar con un golpe de martillo (o varios) con<br \/>\nuna punta de acero templado y despu\u00e9s repasarlo con el taladro y una<br \/>\nbroca de 3,2mm.<br \/>\n<center><br \/>\n<img decoding=\"async\" src=\"..\/..\/images\/plataforma_contactos_perforar_varillas.jpg\" \/><br \/>\n<img decoding=\"async\" src=\"..\/..\/images\/plataforma_contactos_taladrar_varillas.jpg\" \/><\/center><\/li>\n<li>Colocar cinta Scotch 3M de doble cara sobre una cara de la varilla cada 7cm a lo largo de la varilla.<br \/>\n<center><img decoding=\"async\" src=\"..\/..\/images\/plataforma_contactos_cinta_varillas.jpg\" \/><\/center><\/li>\n<li>Pegar otra varilla con el agujero en el lado opuesto<br \/>\nde tal forma que sobresalgan unos 3cm (es importante que los extremos<br \/>\nde las varillas reposen sobre un trozo de cinta de doble cara). Al<br \/>\nconjunto de las dos varillas pegadas con la cinta lo denominaremos<br \/>\n\u201cconjunto varilla\u201d.<center><img decoding=\"async\" src=\"..\/..\/images\/plataforma_contactos_juntar_varillas.jpg\" \/><\/center><\/li>\n<li>Cortar un trozo de cable doble de 1,30m, separarlo convertiendo en 2 cables simples de 1,30m.<\/li>\n<li>Marcar el cable con marcas de 1cm cada 7 cm con el rotulador. Al principio es importante dejar un trozo de 2cm<br \/>\nsin pelar y empezar a contar des de 2cm. <b>Actualizaci\u00f3n:<\/b> se recomienda que esta distancia de 7 cm sea menor para que no aparezcan problemas en la detecci\u00f3n de los saltos. Esto se aplica en todas las referencias a 7cm desde este punto hasta el final del texto.<\/li>\n<li>Pelar cada cable simple aproximadamente 1cm cada 7cm. Al final queda un cable pelado cada 7cm. Lo llamaremos \u201ccable pelado7cm\u201d.<center><img decoding=\"async\" src=\"..\/..\/images\/plataforma_contactos_marcar_cortar_cable.jpg\" \/><\/center><\/li>\n<li>Disponer los \u201cconjuntos varillas\u201d paralelamente de<br \/>\ntal forma que todos queden del mismo modo (las varillas superiores con<br \/>\nel agujero en un lado y las varillas inferiores con el agujero en el<br \/>\nlado opuesto).<\/li>\n<li>Unir los conjuntos varilla mediante un<br \/>\ntrozo de cable pelado7cm utilizando un remache y una arandela. Para<br \/>\nunirlos hace falta separar la mitad de hilos del cable de tal forma que<br \/>\nel remache pueda pasar por el medio. No olvidar poner la arandela en la<br \/>\nparte superior y remachar con una pistola de remachar. (nos debe quedar<br \/>\nuna serie de varillas paralelas unidas por un cable en serie para todas<br \/>\nlas varillas superiores y otro cable en serie que une las varillas<br \/>\ninferiores).<center><br \/>\n<img decoding=\"async\" src=\"..\/..\/images\/plataforma_contactos_unir_conjuntos_varilla.jpg\" \/><br \/>\n<img decoding=\"async\" src=\"..\/..\/images\/plataforma_contactos_remaches.jpg\" \/><\/center><\/li>\n<li>Cortar dos trozos de pl\u00e1stico de 1m por 1m.<\/li>\n<li>Colocaremos dos trozos de cinta adhesiva de 5cm de doble cara a los lados del pl\u00e1stico y de arriba abajo.<center><img decoding=\"async\" src=\"..\/..\/images\/plataforma_contactos_cinta_adhesiva_plastico.jpg\" \/><\/center><\/li>\n<li>Colocaremos la estructura sobre el pl\u00e1stico de tal forma que queden pegados los \u201cconjuntos varilla\u201d de forma paralela.<center><img decoding=\"async\" src=\"..\/..\/images\/plataforma_contactos_pegar_varillas_plastico.jpg\" \/><\/center><\/li>\n<li>Colocaremos un trozo de cinta de doble cara en el espacio que queda entre dos \u201cconjunto varilla\u201d para fijar la estructura.<center><img decoding=\"async\" src=\"..\/..\/images\/plataforma_contactos_pegar_cinta_entre_varillas.jpg\" \/><\/center><\/li>\n<li>Pegaremos el otro trozo de pl\u00e1stico para proteger el otro lado.<\/li>\n<li>Reforzaremos los bordes con cinta americana doblada.<center><img decoding=\"async\" src=\"..\/..\/images\/plataforma_contactos_final.jpg\" \/><\/center><\/li>\n<li>Finalmente, recubrir la manta con lona para hacerla m\u00e1s resistente a los golpes.<\/li>\n<\/ol>\n<p>&nbsp;<\/p>\n<hr width=\"80%\" \/>\n<ul>\n<li>Vea este v\u00eddeo (en catal\u00e1n) sobre c\u00f3mo construir la plataforma de contactos y otros dispositivos: <a href=\"http:\/\/www.vimeo.com\/1205809\">Construcci\u00f3 de dispositius de mesura per a Chronojump<\/a>.<br \/>\n<!--\n \t\n\n<li>Consulte informaci&oacute;n sobre <a href=\"construction_contact_platform_buy_stuff_es.html\">d&oacute;nde&nbsp;comprar&nbsp;componentes<\/a> (o actualice dicha informaci&oacute;n).\n \t\n\n<li>Acceda a <a href=\"construction_contact_platform_comments_es.html\">Comentarios sobre la fabricaci&oacute;n<\/a>.\n--><\/li>\n<\/ul>\n<\/div>\n<\/div>\n<ul>\n<li>Discuta esta informaci\u00f3n en el foro: <a href=\"http:\/\/foro.chronojump.org\/showthread.php?tid=13\">Plataforma de contactos de varillas (foro de Chronojump)<\/a>.<\/li>\n<\/ul>\n<\/td>\n<\/tr>\n<\/tbody>\n<\/table>\n","protected":false},"excerpt":{"rendered":"<p>&#8220;Instrucciones para la construcci\u00f3n de una plataforma de contactos para la medici\u00f3n de la capacidad de salto\/s&#8221; Bernat Busc\u00e0 Safont-Tria, Xavier de Blas Foix and Gabriel Daza Sobrino. Instrucciones originales del Dr. Alberto Garc\u00eda-Fojeda, profesor de Biomec\u00e1nica del INEFC de Lleida. &nbsp; Atenci\u00f3n: Recomendamos construir la plataforma de contactos modular de circuito impreso en lugar [&hellip;]<\/p>\n","protected":false},"author":1,"featured_media":0,"parent":0,"menu_order":0,"comment_status":"closed","ping_status":"closed","template":"","meta":{"advgb_blocks_editor_width":"","advgb_blocks_columns_visual_guide":"","footnotes":""},"coauthors":[],"author_meta":{"author_link":"https:\/\/chronojump.org\/es\/author\/chronojump\/","display_name":"chronojump"},"relative_dates":{"created":"Publicado 6 a\u00f1os hace","modified":"Actualizado 2 a\u00f1os hace"},"absolute_dates":{"created":"Publicado el abril 28, 2020","modified":"Actualizado el marzo 5, 2024"},"absolute_dates_time":{"created":"Publicado el abril 28, 2020 5:53 am","modified":"Actualizado el marzo 5, 2024 11:23 am"},"featured_img_caption":"","featured_img":false,"series_order":"","_links":{"self":[{"href":"https:\/\/chronojump.org\/es\/wp-json\/wp\/v2\/pages\/3163"}],"collection":[{"href":"https:\/\/chronojump.org\/es\/wp-json\/wp\/v2\/pages"}],"about":[{"href":"https:\/\/chronojump.org\/es\/wp-json\/wp\/v2\/types\/page"}],"author":[{"embeddable":true,"href":"https:\/\/chronojump.org\/es\/wp-json\/wp\/v2\/users\/1"}],"replies":[{"embeddable":true,"href":"https:\/\/chronojump.org\/es\/wp-json\/wp\/v2\/comments?post=3163"}],"version-history":[{"count":1,"href":"https:\/\/chronojump.org\/es\/wp-json\/wp\/v2\/pages\/3163\/revisions"}],"predecessor-version":[{"id":20892,"href":"https:\/\/chronojump.org\/es\/wp-json\/wp\/v2\/pages\/3163\/revisions\/20892"}],"wp:attachment":[{"href":"https:\/\/chronojump.org\/es\/wp-json\/wp\/v2\/media?parent=3163"}],"curies":[{"name":"wp","href":"https:\/\/api.w.org\/{rel}","templated":true}]}}