{"id":3164,"date":"2020-04-28T05:55:46","date_gmt":"2020-04-28T04:55:46","guid":{"rendered":"http:\/\/en.chronojump.org\/construccion-plataforma-modular-circuito\/"},"modified":"2024-03-05T11:20:58","modified_gmt":"2024-03-05T10:20:58","slug":"construccion-plataforma-modular-circuito","status":"publish","type":"page","link":"https:\/\/chronojump.org\/es\/construccion-plataforma-modular-circuito\/","title":{"rendered":"Construcci\u00f3n Plataforma Modular Circuito"},"content":{"rendered":"<table border=\"0\" width=\"600\" cellspacing=\"6\" cellpadding=\"6\">\n<tbody>\n<tr>\n<td valign=\"top\" width=\"100%\">\n<div>\n<div>\n<h2>Construcci\u00f3n de plataforma de contactos modular de circuito impreso<\/h2>\n<p>Josep Ma Padull\u00e9s, Xavier de Blas Foix. Proyecto Chronojump. Feb 2009.<\/p>\n<h5>Descripci\u00f3n<\/h5>\n<p>La presente plataforma est\u00e1 creada por circuitos impresos de una cara de tama\u00f1o DIN-A4. Estos son de gran rigidez y toda su superf\u00edcie es \u00f3ptima para el contacto<br \/>\nSe puede acoplar tantos pares de placas como se desee y en cualquier forma bidimensional. La disposici\u00f3n de las placas se puede modificar y ampliar en cualquier momento de forma sencilla.<\/p>\n<p>&nbsp;<\/p>\n<h5>Comparaci\u00f3n con <a href=\"https:\/\/chronojump.org\/es\/construccion-de-plataforma-de-contactos\/\">plataforma de contactos de varillas<\/a>.<\/h5>\n<table border=\"0\" width=\"100%\" cellspacing=\"2\" cellpadding=\"2\">\n<tbody>\n<tr bgcolor=\"#e6e6fa\">\n<th width=\"60%\">Ventajas<\/th>\n<th width=\"30%\">Desventaja<\/th>\n<\/tr>\n<tr>\n<td valign=\"top\">\n<ol>\n<li>Es muy buen conductor.<\/li>\n<li>Es resistente a la flexi\u00f3n (fibra de vidrio).<\/li>\n<li>Toda la zona del circuito impreso produce contacto. No hay falsos contactos o problemas derivados de que la punta de los pies pueda estar en la zona entre varillas en el despegue o en la ca\u00edda.<\/li>\n<li>Es modular de manera que se puede disponer como se desee en todo momento y ampliar sin problemas.<\/li>\n<li>Es plegable.<\/li>\n<li>La fabricaci\u00f3n es r\u00e1pida para plataformas de peque\u00f1o tama\u00f1o.<\/li>\n<li>Se puede convertir r\u00e1pidamente en un circuito de cronometrado separando un par de placas del otro.<\/li>\n<\/ol>\n<\/td>\n<td valign=\"top\">\n<ol>\n<li>Es m\u00e1s cara para plataformas de un metro o m\u00e1s. Econ\u00f3micamente no resulta rentable para plataformas en que se necesite una amplia superf\u00edcie de contacto 1mx1m o m\u00e1s.<\/li>\n<\/ol>\n<\/td>\n<\/tr>\n<\/tbody>\n<\/table>\n<h5>Materiales:<\/h5>\n<ul>\n<li>4 placas de circuito impreso de una cara tama\u00f1o DIN-A4 (300&#215;200)<\/li>\n<li>1 placa de circuito impreso de doble cara tama\u00f1o 60&#215;80<\/li>\n<li>Cinta de doble cara<\/li>\n<li>Soldador<\/li>\n<li>Conector RCA hembra<\/li>\n<li>Cables<\/li>\n<\/ul>\n<p>La compra se realiz\u00f3n en la tienda Diotronic de Barcelona. La referencia de las placas fue:<\/p>\n<ul>\n<li>Fibra 1 cara virgen. REF 250516. Placa VIR FV 1C 200&#215;300 (10,9\u20ac cada una +IVA)<\/li>\n<li>Placa VIR FV 2C 60&#215;80 (1\u20ac +IVA)<\/li>\n<li>Cinta Pattex doble cara rollo (5,12\u20ac +IVA)<\/li>\n<\/ul>\n<p>&nbsp;<\/p>\n<h5>Instrucciones (haga clic para ampliar las im\u00e1genes)<\/h5>\n<ol>\n<li>Vista externa del circuito impreso:\n<p><a href=\"..\/..\/images\/modular_platform_circuit_board_external.jpg\"><img decoding=\"async\" src=\"..\/..\/images\/modular_platform_circuit_board_external_mini.jpg\" \/><\/a><\/li>\n<\/ol>\n<\/div>\n<\/div>\n<ul>\n<li>Vista interna del circuito impreso:\n<p><a href=\"..\/..\/images\/modular_platform_circuit_board_internal.jpg\"><img decoding=\"async\" src=\"..\/..\/images\/modular_platform_circuit_board_internal_mini.jpg\" \/><\/a><\/li>\n<li>En pimer lugar colocamos la cinta de doble cara en la cara interna del circuito impreso:\n<p><a href=\"..\/..\/images\/modular_platform_tape_removal.jpg\"><img decoding=\"async\" src=\"..\/..\/images\/modular_platform_tape_removal_mini.jpg\" \/><\/a><\/li>\n<li>Dejamos espacio en el centro de cada uno de los laterales para que se puedan acoplar las placas como se desee. La placa que se ve en el centro es la que hemos usado de referencia en la creaci\u00f3n de los espacios.\n<p><a href=\"..\/..\/images\/modular_platform_circuit_board_internal_tape.jpg\"><img decoding=\"async\" src=\"..\/..\/images\/modular_platform_circuit_board_internal_tape_mini.jpg\" \/><\/a><\/li>\n<li>Aqu\u00ed se ve el par de placas correspondiente a un pie. La peque\u00f1a placa que se ve a la izquierda no est\u00e1 insertada, simplemente se ha colocado para ver c\u00f3mo quedar\u00e1 el puente entre los pares de placas.<br \/>\nA la derecha hemos soldado un cable a cada una de las caras internas de las placas. Dichas soldaduras est\u00e1n separadas de manera que no hagan contacto y unidas a una conexi\u00f3n RCA hembra.<\/p>\n<p><a href=\"..\/..\/images\/modular_platform_one_foot_done.jpg\"><img decoding=\"async\" src=\"..\/..\/images\/modular_platform_one_foot_done_mini.jpg\" \/><\/a><\/li>\n<li>A continuaci\u00f3n procedemos a la creaci\u00f3n del puente entre dos pares de placas. Para ello hemos cortado la placa de doble cara en cuatro trozos, aunque en la presente plataforma s\u00f3lo usaremos dos. Soldamos un cable en cada uno de los lados de estas placas de doble cara, de manera que tendremos cuatro soldaduras. El puente ser\u00e1 el conjunto formado por los dos trozos de placas de doble cara y sus dos cables soldados. Dicho puente es m\u00f3vil, de manera que podremos colocarlo y extraerlo haciendo simplemente una ligera presi\u00f3n.<br \/>\nAqu\u00ed se ve el puente insertado en un par de placas:<\/p>\n<table>\n<tbody>\n<tr>\n<td><a href=\"..\/..\/images\/modular_platform_bridge.jpg\"><img decoding=\"async\" src=\"..\/..\/images\/modular_platform_bridge_mini.jpg\" \/><\/a><\/td>\n<td><a href=\"..\/..\/images\/modular_platform_bridge2.jpg\"><img decoding=\"async\" src=\"..\/..\/images\/modular_platform_bridge2_mini.jpg\" \/><\/a><\/td>\n<\/tr>\n<\/tbody>\n<\/table>\n<\/li>\n<li>En esta fotograf\u00eda vemos el conjunto terminado conectado a Boscosystem:\n<p><a href=\"..\/..\/images\/modular_platform_with_boscosystem.jpg\"><img decoding=\"async\" src=\"..\/..\/images\/modular_platform_with_boscosystem_mini.jpg\" \/><\/a><\/li>\n<li>En esta fotograf\u00eda vemos el conjunto terminado conectado a Chronopic3:\n<p><a href=\"..\/..\/images\/modular_platform_with_chronopic.jpg\"><img decoding=\"async\" src=\"..\/..\/images\/modular_platform_with_chronopic_mini.jpg\" \/><\/a><\/li>\n<li>S\u00f3lo queda comprar una funda de pl\u00e1stico plegable y opcionalmente a\u00f1adirle un velcro con cinta de doble cara.&nbsp;<br \/>\n<hr width=\"80%\" \/>\n<h5>Actualizaci\u00f3n: (12-jun-2014). Daniel Ortega ha colgado un v\u00eddeo sobre la <a href=\"https:\/\/www.youtube.com\/watch?v=2l81NW4U8Rw\">elaboraci\u00f3n de su plataforma de contactos modular<\/a> a partir de las instrucciones en esta p\u00e1gina.<\/h5>\n<p>&nbsp;<\/p>\n<hr width=\"80%\" \/>\n<p>Discuta esta informaci\u00f3n en el foro: <a href=\"http:\/\/foro.chronojump.org\/showthread.php?tid=11\">Nueva plataforma modular. Instrucciones para la construcci\u00f3n (foro de Chronojump)<\/a>.<\/p>\n<p>Josep Ma Padull\u00e9s, Xavier de Blas<\/p>\n<p><a href=\"..\/..\/images\/modular_platform_padu_xavi.jpg\"><img decoding=\"async\" src=\"..\/..\/images\/modular_platform_padu_xavi_mini.jpg\" \/><\/a><\/li>\n<\/ul>\n<\/td>\n<\/tr>\n<\/tbody>\n<\/table>\n","protected":false},"excerpt":{"rendered":"<p>Construcci\u00f3n de plataforma de contactos modular de circuito impreso Josep Ma Padull\u00e9s, Xavier de Blas Foix. Proyecto Chronojump. Feb 2009. Descripci\u00f3n La presente plataforma est\u00e1 creada por circuitos impresos de una cara de tama\u00f1o DIN-A4. Estos son de gran rigidez y toda su superf\u00edcie es \u00f3ptima para el contacto Se puede acoplar tantos pares de [&hellip;]<\/p>\n","protected":false},"author":1,"featured_media":0,"parent":0,"menu_order":0,"comment_status":"closed","ping_status":"closed","template":"","meta":{"advgb_blocks_editor_width":"","advgb_blocks_columns_visual_guide":"","footnotes":""},"coauthors":[],"author_meta":{"author_link":"https:\/\/chronojump.org\/es\/author\/chronojump\/","display_name":"chronojump"},"relative_dates":{"created":"Publicado 6 a\u00f1os hace","modified":"Actualizado 2 a\u00f1os hace"},"absolute_dates":{"created":"Publicado el abril 28, 2020","modified":"Actualizado el marzo 5, 2024"},"absolute_dates_time":{"created":"Publicado el abril 28, 2020 5:55 am","modified":"Actualizado el marzo 5, 2024 11:20 am"},"featured_img_caption":"","featured_img":false,"series_order":"","_links":{"self":[{"href":"https:\/\/chronojump.org\/es\/wp-json\/wp\/v2\/pages\/3164"}],"collection":[{"href":"https:\/\/chronojump.org\/es\/wp-json\/wp\/v2\/pages"}],"about":[{"href":"https:\/\/chronojump.org\/es\/wp-json\/wp\/v2\/types\/page"}],"author":[{"embeddable":true,"href":"https:\/\/chronojump.org\/es\/wp-json\/wp\/v2\/users\/1"}],"replies":[{"embeddable":true,"href":"https:\/\/chronojump.org\/es\/wp-json\/wp\/v2\/comments?post=3164"}],"version-history":[{"count":1,"href":"https:\/\/chronojump.org\/es\/wp-json\/wp\/v2\/pages\/3164\/revisions"}],"predecessor-version":[{"id":20891,"href":"https:\/\/chronojump.org\/es\/wp-json\/wp\/v2\/pages\/3164\/revisions\/20891"}],"wp:attachment":[{"href":"https:\/\/chronojump.org\/es\/wp-json\/wp\/v2\/media?parent=3164"}],"curies":[{"name":"wp","href":"https:\/\/api.w.org\/{rel}","templated":true}]}}