{"id":3165,"date":"2020-04-28T05:57:37","date_gmt":"2020-04-28T04:57:37","guid":{"rendered":"http:\/\/en.chronojump.org\/construccion-de-un-pulsador\/"},"modified":"2020-04-28T05:58:41","modified_gmt":"2020-04-28T04:58:41","slug":"construccion-de-un-pulsador","status":"publish","type":"page","link":"https:\/\/chronojump.org\/es\/construccion-de-un-pulsador\/","title":{"rendered":"Construcci\u00f3n de un pulsador"},"content":{"rendered":"<table border=\"0\" width=\"600\" cellspacing=\"6\" cellpadding=\"6\">\n<tbody>\n<tr>\n<td valign=\"top\" width=\"100%\">\n<div id=\"cols\">\n<h2>Construcci\u00f3n de un pulsador<\/h2>\n<p>Xavier de Blas Foix, Josep Ma Padull\u00e9s. Proyecto Chronojump. Abril 2009.<\/p>\n<h5>Descripci\u00f3n<\/h5>\n<p>Se pretende construir un pulsador que se conectar\u00e1 al Chronopic.<\/p>\n<h5>Materiales<\/h5>\n<ul>\n<li>1 Pulsador (no interruptor), normalmente abierto (NA)<\/li>\n<li>1 Caja peque\u00f1a<\/li>\n<li>1 Conector RCA macho<\/li>\n<li>Lija redondeada<\/li>\n<li>Soldador<\/li>\n<\/ul>\n<h5>Instrucciones<\/h5>\n<ol>\n<li>Materiales\n<p><img decoding=\"async\" loading=\"lazy\" src=\"..\/..\/images\/pulsador1.jpg\" width=\"250\" height=\"230\" \/><\/li>\n<li>Limando la caja\n<p><img decoding=\"async\" loading=\"lazy\" src=\"..\/..\/images\/pulsador2.jpg\" width=\"250\" height=\"187\" \/><\/li>\n<li>Conectando los cables al pulsador\n<p><img decoding=\"async\" loading=\"lazy\" src=\"..\/..\/images\/pulsador3.jpg\" width=\"250\" height=\"215\" \/><\/li>\n<li>Conectando cable a RCA macho\n<p><a href=\"..\/..\/images\/velleman_connecting2_rca.jpg\"><img decoding=\"async\" src=\"..\/..\/images\/velleman_connecting2_rca_small.jpg\" \/><\/a><\/li>\n<li>Pulsador finalizado\n<p><img decoding=\"async\" loading=\"lazy\" src=\"..\/..\/images\/pulsador4.jpg\" width=\"250\" height=\"187\" \/><\/li>\n<\/ol>\n<hr width=\"50%\" \/>\n<p>Discuta esta informaci\u00f3n en el foro:<br \/>\n<a href=\"http:\/\/foro.chronojump.org\/showthread.php?tid=16\">Instrucciones para la construcci\u00f3n de un pulsador (foro de Chronojump)<\/a>.<\/p>\n<p>Xavier de Blas, Josep Ma Padull\u00e9s. Agradecimientos a Luis Tortosa.<\/p>\n<\/div>\n<\/td>\n<\/tr>\n<\/tbody>\n<\/table>\n","protected":false},"excerpt":{"rendered":"<p>Construcci\u00f3n de un pulsador Xavier de Blas Foix, Josep Ma Padull\u00e9s. Proyecto Chronojump. Abril 2009. Descripci\u00f3n Se pretende construir un pulsador que se conectar\u00e1 al Chronopic. Materiales 1 Pulsador (no interruptor), normalmente abierto (NA) 1 Caja peque\u00f1a 1 Conector RCA macho Lija redondeada Soldador Instrucciones Materiales Limando la caja Conectando los cables al pulsador Conectando [&hellip;]<\/p>\n","protected":false},"author":1,"featured_media":0,"parent":0,"menu_order":0,"comment_status":"closed","ping_status":"closed","template":"","meta":{"advgb_blocks_editor_width":"","advgb_blocks_columns_visual_guide":"","footnotes":""},"coauthors":[],"author_meta":{"author_link":"https:\/\/chronojump.org\/es\/author\/chronojump\/","display_name":"chronojump"},"relative_dates":{"created":"Publicado 6 a\u00f1os hace","modified":"Actualizado 6 a\u00f1os hace"},"absolute_dates":{"created":"Publicado el abril 28, 2020","modified":"Actualizado el abril 28, 2020"},"absolute_dates_time":{"created":"Publicado el abril 28, 2020 5:57 am","modified":"Actualizado el abril 28, 2020 5:58 am"},"featured_img_caption":"","featured_img":false,"series_order":"","_links":{"self":[{"href":"https:\/\/chronojump.org\/es\/wp-json\/wp\/v2\/pages\/3165"}],"collection":[{"href":"https:\/\/chronojump.org\/es\/wp-json\/wp\/v2\/pages"}],"about":[{"href":"https:\/\/chronojump.org\/es\/wp-json\/wp\/v2\/types\/page"}],"author":[{"embeddable":true,"href":"https:\/\/chronojump.org\/es\/wp-json\/wp\/v2\/users\/1"}],"replies":[{"embeddable":true,"href":"https:\/\/chronojump.org\/es\/wp-json\/wp\/v2\/comments?post=3165"}],"version-history":[{"count":1,"href":"https:\/\/chronojump.org\/es\/wp-json\/wp\/v2\/pages\/3165\/revisions"}],"predecessor-version":[{"id":3167,"href":"https:\/\/chronojump.org\/es\/wp-json\/wp\/v2\/pages\/3165\/revisions\/3167"}],"wp:attachment":[{"href":"https:\/\/chronojump.org\/es\/wp-json\/wp\/v2\/media?parent=3165"}],"curies":[{"name":"wp","href":"https:\/\/api.w.org\/{rel}","templated":true}]}}