{"id":3168,"date":"2020-04-28T06:00:42","date_gmt":"2020-04-28T05:00:42","guid":{"rendered":"http:\/\/en.chronojump.org\/cursos\/"},"modified":"2022-03-11T12:53:42","modified_gmt":"2022-03-11T11:53:42","slug":"cursos","status":"publish","type":"page","link":"https:\/\/chronojump.org\/es\/cursos\/","title":{"rendered":"Cursos"},"content":{"rendered":"\n<!--\r\n<p><\/p><center><span id=\"result_box\" class=\"\" lang=\"en\"><span title=\"El 28 de octubre de 2017 impartimos el curso INICIACI\u00d3N A CHRONOJUMP en Barcelona. \">On <strong>July 6, 2019<\/strong> we will give the<strong> INITIATION & MIDDLE \/ ADVANCED LEVEL TO CHRONOJUMP<\/strong> course in Barcelona (the language will be in Spanish).<\/span><\/span><\/center><center><span id=\"result_box\" class=\"\" lang=\"en\"><span title=\"Se van a tratar conceptos como: \">We are going to deal with concepts such as:<\/span><\/span><\/center><p><\/p>\r\n<ul>\r\n<li><span id=\"result_box\" class=\"\" lang=\"en\"><span title=\"Introducci\u00f3n a la tecnolog\u00eda del deporte mediante software libre (te\u00f3rico) \">Presentation and Introduction to sports technology (theoretical)<\/span><\/span><\/li>\r\n<li><span id=\"result_box\" class=\"\" lang=\"en\"><span title=\"Control del entrenamiento de la fuerza, la pot\u00e9ncia y la velocidad (te\u00f3rico) \">Training control of strength, power and speed (theoretical)<\/span><\/span><\/li>\r\n<li><span id=\"result_box\" class=\"\" lang=\"en\"><span title=\"Iniciaci\u00f3n al software Chronojump para el uso de la plataforma de saltos y fotoc\u00e9lulas (te\u00f3rico) \">Initiation to the Chronojump software for the use of the platform of jumps and photocells (theoretical)<\/span><\/span><\/li>\r\n<li><span id=\"result_box\" class=\"\" lang=\"en\"><span title=\"Uso del software con plataformas de saltos y fotoc\u00e9lulas (pr\u00e1ctico) \">Use of software with jumps and photocells (practical)<\/span><\/span><\/li>\r\n<li><span id=\"result_box\" class=\"\" lang=\"en\"><span title=\"Iniciaci\u00f3n al software Chronojump para el uso de encoder y galga (te\u00f3rico) \">Introduction to the Chronojump software for the use of encoder and gauge (theoretical)<\/span><\/span><\/li>\r\n<li><span id=\"result_box\" class=\"\" lang=\"en\"><span title=\"Uso del software con encoder y galga (pr\u00e1ctico) \">Use of software with encoder and gauge (practical)<\/span><\/span><\/li>\r\n<li><span id=\"result_box\" class=\"\" lang=\"en\"><span title=\"Otras funcionalidades Chronojump \">Other features Chronojump<\/span><\/span><\/li>\r\n<\/ul>\r\n<p><span id=\"result_box\" class=\"\" lang=\"en\"><span title=\"El curso se realizar\u00e1 en el Instituto de Educaci\u00f3n F\u00edsica de Catalunya (Avinguda de l'estadi 12-22, 080038 Barcelona) y va a tener una duraci\u00f3n de 8 horas al que se le a\u00f1aden un par mas para descansos y el almuerzo (momentos muy\">The course will be held at the Institute of Physical Education of Catalonia (Avinguda de l'estadi 12-22, 080038 Barcelona). It is going to start at\u00a0<\/span><\/span><span id=\"result_box\" class=\"\" lang=\"en\"><span title=\"El curso empezar\u00e1 a las 9:15, terminar\u00e1 a las 19:15 y tendr\u00e1 un coste de 191\u20ac (el precio incluye el almuerzo) \"><strong>9:15<\/strong>, finish at <strong>19:15<\/strong> and cost <strong>191\u20ac<\/strong> (price includes lunch)<\/span><\/span><\/p>\r\n<ul>\r\n<li><span id=\"result_box\" class=\"\" lang=\"en\"><span title=\"10% de descuento para los alumnos y graduados en CAFE \">10% discount for students and graduates in CAFE<\/span><\/span><\/li>\r\n<li><span id=\"result_box\" class=\"\" lang=\"en\"><span title=\"15% de descuento para los clientes Chronojump\">15% discount for Chronojump customers<\/span><\/span><\/li>\r\n\r\n-->\r\n\r\nA raiz del COVID no tenemos cursos presenciales planificados pero s\u00ed podemos ofrecerle cursos a medida a trav\u00e9s de videoconferencia.\r\n\r\n\r\n<p>\u00a0<\/p>\r\n<p><\/p><center><br\/><b><i class=\"fa fa-graduation-cap fa-3x\"><\/i><\/b><br\/>\r\n\r\n\r\nSi est\u00e1 interesado, escriba a: <b>learning@chronojump.org<\/b><\/center><p><\/p>\r\n\n<p><\/p>\n","protected":false},"excerpt":{"rendered":"<p>A raiz del COVID no tenemos cursos presenciales planificados pero s\u00ed podemos ofrecerle cursos a medida a trav\u00e9s de videoconferencia. \u00a0 Si est\u00e1 interesado, escriba a: learning@chronojump.org<\/p>\n","protected":false},"author":1,"featured_media":0,"parent":0,"menu_order":0,"comment_status":"closed","ping_status":"closed","template":"","meta":{"advgb_blocks_editor_width":"","advgb_blocks_columns_visual_guide":"","footnotes":""},"coauthors":[],"author_meta":{"author_link":"https:\/\/chronojump.org\/es\/author\/chronojump\/","display_name":"chronojump"},"relative_dates":{"created":"Publicado 6 a\u00f1os hace","modified":"Actualizado 4 a\u00f1os hace"},"absolute_dates":{"created":"Publicado el abril 28, 2020","modified":"Actualizado el marzo 11, 2022"},"absolute_dates_time":{"created":"Publicado el abril 28, 2020 6:00 am","modified":"Actualizado el marzo 11, 2022 12:53 pm"},"featured_img_caption":"","featured_img":false,"series_order":"","_links":{"self":[{"href":"https:\/\/chronojump.org\/es\/wp-json\/wp\/v2\/pages\/3168"}],"collection":[{"href":"https:\/\/chronojump.org\/es\/wp-json\/wp\/v2\/pages"}],"about":[{"href":"https:\/\/chronojump.org\/es\/wp-json\/wp\/v2\/types\/page"}],"author":[{"embeddable":true,"href":"https:\/\/chronojump.org\/es\/wp-json\/wp\/v2\/users\/1"}],"replies":[{"embeddable":true,"href":"https:\/\/chronojump.org\/es\/wp-json\/wp\/v2\/comments?post=3168"}],"version-history":[{"count":8,"href":"https:\/\/chronojump.org\/es\/wp-json\/wp\/v2\/pages\/3168\/revisions"}],"predecessor-version":[{"id":8082,"href":"https:\/\/chronojump.org\/es\/wp-json\/wp\/v2\/pages\/3168\/revisions\/8082"}],"wp:attachment":[{"href":"https:\/\/chronojump.org\/es\/wp-json\/wp\/v2\/media?parent=3168"}],"curies":[{"name":"wp","href":"https:\/\/api.w.org\/{rel}","templated":true}]}}