{"id":3170,"date":"2020-04-28T06:03:08","date_gmt":"2020-04-28T05:03:08","guid":{"rendered":"http:\/\/en.chronojump.org\/documentos\/"},"modified":"2024-08-26T09:50:07","modified_gmt":"2024-08-26T08:50:07","slug":"documentos","status":"publish","type":"page","link":"https:\/\/chronojump.org\/es\/documentos\/","title":{"rendered":"Documentos"},"content":{"rendered":"<hr \/>\n<h3>Vea primero la p\u00e1gina de <a href=\"http:\/\/chronojump.org\/es\/tutoriales\/\">Tutoriales<\/a>. Los tutoriales son f\u00e1ciles de seguir y contemplan las \u00faltimas novedades de nuestros instrumentos.<\/h3>\n<hr \/>\n<h3>\u00cdndice de Documentos<\/h3>\n<ul id=\"filter\" class=\"controlnav\">\n<li><a href=\"#proyecto_chronojump\" data-value=\"all\">Proyecto Chronojump<\/a><\/li>\n<li><a href=\"#hardware\" data-value=\"all\">Hardware<\/a><\/li>\n<li><a href=\"#entrenamiento\" data-value=\"all\">Entrenamiento<\/a><\/li>\n<li><a href=\"#educacion\" data-value=\"all\">Educaci\u00f3n<\/a><\/li>\n<li><a href=\"#otros\" data-value=\"all\">Otros<\/a><\/li>\n<\/ul>\n<div id=\"proyecto_chronojump\">\n<h3 style=\"text-align: center;\">Proyecto Chronojump<\/h3>\n<table>\n<tbody>\n<tr>\n<th><span class=\"highlight1\">Documento<\/span><\/th>\n<th><span class=\"highlight1\">Tipo<\/span><\/th>\n<th><span class=\"highlight1\">Fecha<\/span><\/th>\n<th><span class=\"highlight2\">Catal\u00e1n<\/span><\/th>\n<th><span class=\"highlight2\">Espa\u00f1ol<\/span><\/th>\n<th><span class=\"highlight2\">Franc\u00e9s<\/span><\/th>\n<th><span class=\"highlight2\">Ingl\u00e9s<\/span><\/th>\n<\/tr>\n<tr>\n<th>Creaci\u00f3n y validaci\u00f3n de las herramientas (art\u00edculo)<\/th>\n<td>PDF<\/td>\n<td>2012<\/td>\n<td><\/td>\n<td><\/td>\n<td><\/td>\n<td><a id=\"hoverImage\" href=\"http:\/\/www.cafyd.com\/REVISTA\/ojs\/index.php\/ricyde\/article\/download\/528\/288\"><img decoding=\"async\" src=\"..\/..\/images\/checklist.png\" alt=\"yes\" \/><\/a><\/td>\n<\/tr>\n<tr>\n<th>Creaci\u00f3n y validaci\u00f3n de las herramientas (tesis doctoral)<\/th>\n<td>PDF<\/td>\n<td>2012<\/td>\n<td><\/td>\n<td><a id=\"hoverImage\" href=\"http:\/\/www.tdx.cat\/handle\/10803\/83302\"><img decoding=\"async\" src=\"..\/..\/images\/checklist.png\" alt=\"yes\" \/><\/a><\/td>\n<td><\/td>\n<td><\/td>\n<\/tr>\n<tr>\n<th>Fiabilidad del CMJ con Chronojump (art\u00edculo)<\/th>\n<td>PDF<\/td>\n<td>2014<\/td>\n<td><\/td>\n<td><\/td>\n<td><\/td>\n<td><a id=\"hoverImage\" href=\"http:\/\/sportspa.com.ba\/images\/dec2013\/full\/ARTICLE_1.pdf\"><img decoding=\"async\" src=\"..\/..\/images\/checklist.png\" alt=\"yes\" \/><\/a><\/td>\n<\/tr>\n<tr>\n<th>Fiabilidad del LCMJ con Chronojump (art\u00edculo)<\/th>\n<td>PDF<\/td>\n<td>2012<\/td>\n<td><\/td>\n<td><\/td>\n<td><\/td>\n<td><a id=\"hoverImage\" href=\"http:\/\/www.kinsi.si\/clanki.php?id=239\"><img decoding=\"async\" src=\"..\/..\/images\/checklist.png\" alt=\"yes\" \/><\/a><\/td>\n<\/tr>\n<tr>\n<th>Manual de Chronojump<\/th>\n<td>PDF<\/td>\n<td>2004-11<\/td>\n<td><\/td>\n<td><a id=\"hoverImage\" href=\"http:\/\/chronojump.org\/docs\/chronojump_manual_es.pdf\"><img decoding=\"async\" src=\"..\/..\/images\/checklist.png\" alt=\"yes\" \/><\/a><\/td>\n<td><\/td>\n<td><a id=\"hoverImage\" href=\"http:\/\/chronojump.org\/docs\/chronojump_manual_en.pdf\"><img decoding=\"async\" src=\"..\/..\/images\/checklist.png\" alt=\"yes\" \/><\/a><\/td>\n<\/tr>\n<tr>\n<th>Valoraci\u00f3n de los par\u00e1metros mec\u00e1nicos de la carrera. Desarrollo de un nuevo instrumento de medici\u00f3n (tesis doctoral)<\/th>\n<td>PDF<\/td>\n<td>2011<\/td>\n<td><\/td>\n<td><a id=\"hoverImage\" href=\"http:\/\/innolab.inefc.net\/chronojump_downloads\/Tesis%20Valoraci%c3%b3n%20de%20los%20par%c3%a1metros%20mec%c3%a1nicos%20de%20la%20carrera%20(JM%20Padull%c3%a9s).pdf\"><img decoding=\"async\" src=\"..\/..\/images\/checklist.png\" alt=\"yes\" \/><\/a><\/td>\n<td><\/td>\n<td><\/td>\n<\/tr>\n<tr>\n<td>Proyecto Chronojump (presentaci\u00f3n)<\/td>\n<td>HTML<\/td>\n<td>2007-08<\/td>\n<td><a id=\"hoverImage\" href=\"http:\/\/projects.gnome.org\/chronojump\/slides-es-ca\/1.html\"><img decoding=\"async\" src=\"..\/..\/images\/checklist.png\" alt=\"yes\" \/><\/a><\/td>\n<td><a id=\"hoverImage\" href=\"http:\/\/projects.gnome.org\/chronojump\/slides-es-ca\/1.html\"><img decoding=\"async\" src=\"..\/..\/images\/checklist.png\" alt=\"yes\" \/><\/a><\/td>\n<td><a id=\"hoverImage\" href=\"http:\/\/projects.gnome.org\/chronojump\/slides-en-fr\/1.html\"><img decoding=\"async\" src=\"..\/..\/images\/checklist.png\" alt=\"yes\" \/><\/a><\/td>\n<td><a id=\"hoverImage\" href=\"http:\/\/projects.gnome.org\/chronojump\/slides-en-fr\/1.html\"><img decoding=\"async\" src=\"..\/..\/images\/checklist.png\" alt=\"yes\" \/><\/a><\/td>\n<\/tr>\n<tr>\n<td>Proyecto Chronojump (p\u00f3ster)<\/td>\n<td>HTML<\/td>\n<td>2006<\/td>\n<td><\/td>\n<td><\/td>\n<td><\/td>\n<td><a id=\"hoverImage\" href=\"http:\/\/chronojump.org\/es\/posters\/\"><img decoding=\"async\" src=\"..\/..\/images\/checklist.png\" alt=\"yes\" \/><\/a><\/td>\n<\/tr>\n<tr>\n<td>Proyecto Chronojump (conferencia)<\/td>\n<td>V\u00eddeo<\/td>\n<td>2008<\/td>\n<td><a id=\"hoverImage\" href=\"http:\/\/www.vimeo.com\/1198489\"><img decoding=\"async\" src=\"..\/..\/images\/checklist.png\" alt=\"yes\" \/><\/a><\/td>\n<td><\/td>\n<td><\/td>\n<td><\/td>\n<\/tr>\n<tr>\n<td>Chronojump en la Wikipedia<\/td>\n<td>PDF<\/td>\n<td>2010-12<\/td>\n<td><\/td>\n<td><a id=\"hoverImage\" href=\"http:\/\/es.wikipedia.org\/wiki\/Chronojump_Boscosystem\"><img decoding=\"async\" src=\"..\/..\/images\/checklist.png\" alt=\"yes\" \/><\/a><\/td>\n<td><\/td>\n<td><\/td>\n<\/tr>\n<tr>\n<td>Authores, licencia, premio<\/td>\n<td>HTML<\/td>\n<td><\/td>\n<td><\/td>\n<td><a id=\"hoverImage\" href=\"http:\/\/chronojump.org\/software_more_es.html\"><img decoding=\"async\" src=\"..\/..\/images\/checklist.png\" alt=\"yes\" \/><\/a><\/td>\n<td><\/td>\n<td><a id=\"hoverImage\" href=\"http:\/\/chronojump.org\/software_more.html\"><img decoding=\"async\" src=\"..\/..\/images\/checklist.png\" alt=\"yes\" \/><\/a><\/td>\n<\/tr>\n<tr>\n<td>Software FAQ<\/td>\n<td>HTML<\/td>\n<td><\/td>\n<td><\/td>\n<td><a id=\"hoverImage\" href=\"http:\/\/chronojump.org\/es\/faq-software\/\"><img decoding=\"async\" src=\"..\/..\/images\/checklist.png\" alt=\"yes\" \/><\/a><\/td>\n<td><\/td>\n<td><a id=\"hoverImage\" href=\"http:\/\/chronojump.org\/en\/faq-software\/\"><img decoding=\"async\" src=\"..\/..\/images\/checklist.png\" alt=\"yes\" \/><\/a><\/td>\n<\/tr>\n<tr>\n<td>C\u00f3digo fuente de Chronojump<\/td>\n<td>HTML<\/td>\n<td>2003-12<\/td>\n<td><\/td>\n<td><\/td>\n<td><\/td>\n<td><a id=\"hoverImage\" href=\"http:\/\/git.gnome.org\/cgit\/chronojump\/\"><img decoding=\"async\" src=\"..\/..\/images\/checklist.png\" alt=\"yes\" \/><\/a><\/td>\n<\/tr>\n<tr>\n<td>Glosario para traductores<\/td>\n<td>HTML<\/td>\n<td>2007<\/td>\n<td><\/td>\n<td><\/td>\n<td><\/td>\n<td><a id=\"hoverImage\" href=\"http:\/\/git.gnome.org\/browse\/chronojump\/plain\/glossary\/chronojump_glossary_for_translators.html\"><img decoding=\"async\" src=\"..\/..\/images\/checklist.png\" alt=\"yes\" \/><\/a><\/td>\n<\/tr>\n<tr>\n<td>Instalaci\u00f3n, construcci\u00f3n, compra<\/td>\n<td>V\u00eddeo<\/td>\n<td>2008<\/td>\n<td><a id=\"hoverImage\" href=\"http:\/\/www.vimeo.com\/1231058\"><img decoding=\"async\" src=\"..\/..\/images\/checklist.png\" alt=\"yes\" \/><\/a><\/td>\n<td><\/td>\n<td><\/td>\n<td><\/td>\n<\/tr>\n<tr>\n<td>Utilizaci\u00f3n de Chronojump<\/td>\n<td>V\u00eddeo<\/td>\n<td>2008<\/td>\n<td><a id=\"hoverImage\" href=\"http:\/\/www.vimeo.com\/1274340\"><img decoding=\"async\" src=\"..\/..\/images\/checklist.png\" alt=\"yes\" \/><\/a><\/td>\n<td><\/td>\n<td><\/td>\n<td><\/td>\n<\/tr>\n<tr>\n<td>Detecci\u00f3n del \u00e1ngulo de la rodilla con visi\u00f3n por computador<\/td>\n<td>V\u00eddeo<\/td>\n<td>2008<\/td>\n<td><a id=\"hoverImage\" href=\"http:\/\/omploader.org\/vMXozaQ\"><img decoding=\"async\" src=\"..\/..\/images\/checklist.png\" alt=\"yes\" \/><\/a><\/td>\n<td><a id=\"hoverImage\" href=\"http:\/\/omploader.org\/vMXozaQ\"><img decoding=\"async\" src=\"..\/..\/images\/checklist.png\" alt=\"yes\" \/><\/a><\/td>\n<td><a id=\"hoverImage\" href=\"http:\/\/omploader.org\/vMXozaQ\"><img decoding=\"async\" src=\"..\/..\/images\/checklist.png\" alt=\"yes\" \/><\/a><\/td>\n<td><a id=\"hoverImage\" href=\"http:\/\/omploader.org\/vMXozaQ\"><img decoding=\"async\" src=\"..\/..\/images\/checklist.png\" alt=\"yes\" \/><\/a><\/td>\n<\/tr>\n<tr>\n<td>Proyecto Chronojump: Sistema de Medida y<br \/>\nGesti\u00f3n de la Capacidad de Salto usando<br \/>\nSoftware y Hardware Libres<\/td>\n<td>Documento<\/td>\n<td>2005<\/td>\n<td><\/td>\n<td><\/td>\n<td><\/td>\n<td><a id=\"hoverImage\" href=\"https:\/\/chronojump.org\/docs\/chronojump_sistema_de_medida_congreso_gpul.pdf\"><img decoding=\"async\" src=\"..\/..\/images\/checklist.png\" alt=\"yes\" \/><\/a><\/td>\n<\/tr>\n<\/tbody>\n<\/table>\n<\/div>\n<p><!--proyecto_chronojump--><\/p>\n<div class=\"separator shadow small\"><\/div>\n<div id=\"hardware\">\n<h3 style=\"text-align: center;\">Hardware<\/h3>\n<table>\n<tbody>\n<tr>\n<th><span class=\"highlight1\">Documento<\/span><\/th>\n<th><span class=\"highlight1\">Tipo<\/span><\/th>\n<th><span class=\"highlight1\">Fecha<\/span><\/th>\n<th><span class=\"highlight2\">Catal\u00e1n<\/span><\/th>\n<th><span class=\"highlight2\">Espa\u00f1ol<\/span><\/th>\n<th><span class=\"highlight2\">Franc\u00e9s<\/span><\/th>\n<th><span class=\"highlight2\">Ingl\u00e9s<\/span><\/th>\n<\/tr>\n<tr>\n<td>Encoder en Youtube<\/td>\n<td>V\u00eddeo<\/td>\n<td>2013<\/td>\n<td><\/td>\n<td><\/td>\n<td><\/td>\n<td><a id=\"hoverImage\" href=\"https:\/\/www.youtube.com\/watch?v=bOCjeY_1fyQ\"><img decoding=\"async\" src=\"..\/..\/images\/checklist.png\" alt=\"yes\" \/><\/a><\/td>\n<\/tr>\n<tr>\n<td>Validaci\u00f3n de Chronopic 3 (p\u00f3ster)<\/td>\n<td>HTML<\/td>\n<td>2009<\/td>\n<td><\/td>\n<td><\/td>\n<td><\/td>\n<td><a id=\"hoverImage\" href=\"http:\/\/chronojump.org\/es\/posters\/\"><img decoding=\"async\" src=\"..\/..\/images\/checklist.png\" alt=\"yes\" \/><\/a><\/td>\n<\/tr>\n<tr>\n<th>Construcci\u00f3n de plataforma de contactos<br \/>\nModular de circuito impreso (recomendada) (+v\u00eddeo)<\/th>\n<td>HTML<\/td>\n<td>2009<\/td>\n<td><\/td>\n<td><a id=\"hoverImage\" href=\"http:\/\/chronojump.org\/es\/construction-modular-circuit-platform\/\"><img decoding=\"async\" src=\"..\/..\/images\/checklist.png\" alt=\"yes\" \/><\/a><\/td>\n<td><\/td>\n<td><a id=\"hoverImage\" href=\"http:\/\/chronojump.org\/en\/construction-modular-circuit-platform\/\"><img decoding=\"async\" src=\"..\/..\/images\/checklist.png\" alt=\"yes\" \/><\/a><\/td>\n<\/tr>\n<tr>\n<td>Construcci\u00f3n de plataforma de contactos<br \/>\n(Varillas de acero)<\/td>\n<td>HTML<\/td>\n<td>2004<\/td>\n<td><\/td>\n<td><a id=\"hoverImage\" href=\"http:\/\/chronojump.org\/es\/construction-contact-platform\/\"><img decoding=\"async\" src=\"..\/..\/images\/checklist.png\" alt=\"yes\" \/><\/a><\/td>\n<td><\/td>\n<td><a id=\"hoverImage\" href=\"http:\/\/chronojump.org\/en\/construction-contact-platform\/\"><img decoding=\"async\" src=\"..\/..\/images\/checklist.png\" alt=\"yes\" \/><\/a><\/td>\n<\/tr>\n<tr>\n<td>Conectar fotoc\u00e9lulas al Chronopic<\/td>\n<td>HTML<\/td>\n<td>2009<\/td>\n<td><\/td>\n<td><a id=\"hoverImage\" href=\"http:\/\/chronojump.org\/es\/photocells-velleman\/\"><img decoding=\"async\" src=\"..\/..\/images\/checklist.png\" alt=\"yes\" \/><\/a><\/td>\n<td><\/td>\n<td><a id=\"hoverImage\" href=\"http:\/\/chronojump.org\/en\/photocells-velleman\/\"><img decoding=\"async\" src=\"..\/..\/images\/checklist.png\" alt=\"yes\" \/><\/a><\/td>\n<\/tr>\n<tr>\n<td>Fijar fotoc\u00e9lulas a un tr\u00edpode o barra<\/td>\n<td>HTML<\/td>\n<td>2012<\/td>\n<td><\/td>\n<td><\/td>\n<td><\/td>\n<td><a id=\"hoverImage\" href=\"http:\/\/chronojump.org\/en\/fixing-photocells\"><img decoding=\"async\" src=\"..\/..\/images\/checklist.png\" alt=\"yes\" \/><\/a><\/td>\n<\/tr>\n<tr>\n<td>Construcci\u00f3n de un pulsador<\/td>\n<td>HTML<\/td>\n<td>2009<\/td>\n<td><\/td>\n<td><a id=\"hoverImage\" href=\"http:\/\/chronojump.org\/es\/construction-push-button\/\"><img decoding=\"async\" src=\"..\/..\/images\/checklist.png\" alt=\"yes\" \/><\/a><\/td>\n<td><\/td>\n<td><a id=\"hoverImage\" href=\"http:\/\/chronojump.org\/en\/construction-push-button\/\"><img decoding=\"async\" src=\"..\/..\/images\/checklist.png\" alt=\"yes\" \/><\/a><\/td>\n<\/tr>\n<tr>\n<td>Construcci\u00f3n de Chronopic<\/td>\n<td>HTML<\/td>\n<td><\/td>\n<td><\/td>\n<td><a id=\"hoverImage\" href=\"http:\/\/chronojump.org\/es\/chronopic-build\"><img decoding=\"async\" src=\"..\/..\/images\/checklist.png\" alt=\"yes\" \/><\/a><\/td>\n<td><\/td>\n<td><a id=\"hoverImage\" href=\"http:\/\/chronojump.org\/en\/chronopic-build\"><img decoding=\"async\" src=\"..\/..\/images\/checklist.png\" alt=\"yes\" \/><\/a><\/td>\n<\/tr>\n<tr>\n<td>Adaptar Chronopic 3 al encoder<\/td>\n<td>HTML<\/td>\n<td>2012<\/td>\n<td><\/td>\n<td><\/td>\n<td><\/td>\n<td><a id=\"hoverImage\" href=\"http:\/\/chronojump.org\/converting-chronopic3-to-encoder.html\"><img decoding=\"async\" src=\"..\/..\/images\/checklist.png\" alt=\"yes\" \/><\/a><\/td>\n<\/tr>\n<tr>\n<td>Hardware FAQ<\/td>\n<td>HTML<\/td>\n<td><\/td>\n<td><\/td>\n<td><a id=\"hoverImage\" href=\"http:\/\/chronojump.org\/es\/faq-hardware\/\"><img decoding=\"async\" src=\"..\/..\/images\/checklist.png\" alt=\"yes\" \/><\/a><\/td>\n<td><\/td>\n<td><a id=\"hoverImage\" href=\"http:\/\/chronojump.org\/en\/faq-hardware\/\"><img decoding=\"async\" src=\"..\/..\/images\/checklist.png\" alt=\"yes\" \/><\/a><\/td>\n<\/tr>\n<tr>\n<td>Velocidad de barra usando Chronojump (p\u00f3ster)<\/td>\n<td>HTML<\/td>\n<td>2008<\/td>\n<td><\/td>\n<td><\/td>\n<td><\/td>\n<td><a id=\"hoverImage\" href=\"http:\/\/chronojump.org\/es\/posters\"><img decoding=\"async\" src=\"..\/..\/images\/checklist.png\" alt=\"yes\" \/><\/a><\/td>\n<\/tr>\n<tr>\n<td>Velocidad de barra usando Chronojump (art\u00edculo)<\/td>\n<td>HTML<\/td>\n<td>2010<\/td>\n<td><\/td>\n<td><a id=\"hoverImage\" href=\"http:\/\/www.efdeportes.com\/efd141\/nuevo-dispositivo-para-medir-la-velocidad.htm\"><img decoding=\"async\" src=\"..\/..\/images\/checklist.png\" alt=\"yes\" \/><\/a><\/td>\n<td><\/td>\n<td><\/td>\n<\/tr>\n<tr>\n<td>Construcci\u00f3n dispositivos medida I<\/td>\n<td>V\u00eddeo<\/td>\n<td>2008<\/td>\n<td><a id=\"hoverImage\" href=\"http:\/\/www.vimeo.com\/1205809\"><img decoding=\"async\" src=\"..\/..\/images\/checklist.png\" alt=\"yes\" \/><\/a><\/td>\n<td><\/td>\n<td><\/td>\n<td><\/td>\n<\/tr>\n<tr>\n<td>Construcci\u00f3n dispositivos medida II<\/td>\n<td>V\u00eddeo<\/td>\n<td>2009<\/td>\n<td><a id=\"hoverImage\" href=\"http:\/\/omploader.org\/vMXo1MA\"><img decoding=\"async\" src=\"..\/..\/images\/checklist.png\" alt=\"yes\" \/><\/a><\/td>\n<td><\/td>\n<td><\/td>\n<td><\/td>\n<\/tr>\n<\/tbody>\n<\/table>\n<\/div>\n<p><!--hardware--><\/p>\n<div class=\"separator shadow small\"><\/div>\n<div id=\"entrenamiento\">\n<h3 style=\"text-align: center;\">Entrenamiento<\/h3>\n<table>\n<tbody>\n<tr>\n<th><span class=\"highlight1\">Documento<\/span><\/th>\n<th><span class=\"highlight1\">Tipo<\/span><\/th>\n<th><span class=\"highlight1\">Fecha<\/span><\/th>\n<th><span class=\"highlight2\">Catal\u00e1n<\/span><\/th>\n<th><span class=\"highlight2\">Espa\u00f1ol<\/span><\/th>\n<th><span class=\"highlight2\">Franc\u00e9s<\/span><\/th>\n<th><span class=\"highlight2\">Ingl\u00e9s<\/span><\/th>\n<\/tr>\n<tr>\n<td>chronojump-guia-ejercicios-isometricos<\/td>\n<td>PDF<\/td>\n<td>2024<\/td>\n<td><\/td>\n<td data-wp-editing=\"1\"><a id=\"hoverImage\" href=\"https:\/\/gitlab.gnome.org\/GNOME\/chronojump\/-\/raw\/master\/manual\/chronojump-guia-ejercicios-isometricos.pdf?inline=false\"><img decoding=\"async\" loading=\"lazy\" class=\"alignnone\" src=\"..\/..\/images\/checklist.png\" alt=\"yes\" width=\"14\" height=\"11\" \/><\/a><\/td>\n<td><\/td>\n<td data-wp-editing=\"1\"><a id=\"hoverImage\" href=\"https:\/\/gitlab.gnome.org\/GNOME\/chronojump\/-\/raw\/master\/manual\/chronojump-isometric-exercises-guide.pdf?inline=false\"><img decoding=\"async\" loading=\"lazy\" class=\"alignnone\" src=\"..\/..\/images\/checklist.png\" alt=\"yes\" width=\"14\" height=\"11\" \/><\/a><\/td>\n<\/tr>\n<tr>\n<td>Fundamentos te\u00f3ricos I<\/td>\n<td>V\u00eddeo<\/td>\n<td>2008<\/td>\n<td><a id=\"hoverImage\" href=\"http:\/\/www.vimeo.com\/1230686\"><img decoding=\"async\" src=\"..\/..\/images\/checklist.png\" alt=\"yes\" \/><\/a><\/td>\n<td><\/td>\n<td><\/td>\n<td><\/td>\n<\/tr>\n<tr>\n<td>Fundamentos te\u00f3ricos II<\/td>\n<td>V\u00eddeo<\/td>\n<td>2008<\/td>\n<td><a id=\"hoverImage\" href=\"http:\/\/www.vimeo.com\/1230340\"><img decoding=\"async\" src=\"..\/..\/images\/checklist.png\" alt=\"yes\" \/><\/a><\/td>\n<td><\/td>\n<td><\/td>\n<td><\/td>\n<\/tr>\n<tr>\n<td>Test de an\u00e1lisis de la carrera (28&#8217;&#8230;)<\/td>\n<td>V\u00eddeo<\/td>\n<td>2009<\/td>\n<td><a id=\"hoverImage\" href=\"http:\/\/omploader.org\/vMXo1MA\"><img decoding=\"async\" src=\"..\/..\/images\/checklist.png\" alt=\"yes\" \/><\/a><\/td>\n<td><\/td>\n<td><\/td>\n<td><\/td>\n<\/tr>\n<tr>\n<td>Evaluaci\u00f3n del rendimiento deportivo en el atletismo<\/td>\n<td>V\u00eddeo<\/td>\n<td>2009<\/td>\n<td><\/td>\n<td><a id=\"hoverImage\" href=\"http:\/\/omploader.org\/vMjA5ZA\"><img decoding=\"async\" src=\"..\/..\/images\/checklist.png\" alt=\"yes\" \/><\/a><\/td>\n<td><\/td>\n<td><\/td>\n<\/tr>\n<tr>\n<td>Repeated-Sprint Ability Team-Sport<\/td>\n<td>V\u00eddeo<\/td>\n<td>2009<\/td>\n<td><\/td>\n<td><a id=\"hoverImage\" href=\"http:\/\/omploader.org\/vMXp2MQ\"><img decoding=\"async\" src=\"..\/..\/images\/checklist.png\" alt=\"yes\" \/><\/a><\/td>\n<td><\/td>\n<td><\/td>\n<\/tr>\n<tr>\n<td>Experiencias del Test de Bosco en el atletismo<\/td>\n<td>V\u00eddeo<\/td>\n<td>2009<\/td>\n<td><a id=\"hoverImage\" href=\"http:\/\/omploader.org\/vMjBvYg\"><img decoding=\"async\" src=\"..\/..\/images\/checklist.png\" alt=\"yes\" \/><\/a><\/td>\n<td><\/td>\n<td><\/td>\n<td><\/td>\n<\/tr>\n<tr>\n<td>Mesa redonda de la Jornada Esport Blanquerna 2009<\/td>\n<td>V\u00eddeo<\/td>\n<td>2009<\/td>\n<td><a id=\"hoverImage\" href=\"http:\/\/omploader.org\/vMjBwMQ\"><img decoding=\"async\" src=\"..\/..\/images\/checklist.png\" alt=\"yes\" \/><\/a><\/td>\n<td><a id=\"hoverImage\" href=\"http:\/\/omploader.org\/vMjBwMQ\"><img decoding=\"async\" src=\"..\/..\/images\/checklist.png\" alt=\"yes\" \/><\/a><\/td>\n<td><\/td>\n<td><\/td>\n<\/tr>\n<\/tbody>\n<\/table>\n<\/div>\n<p><!--entrenamiento--><\/p>\n<div class=\"separator shadow small\"><\/div>\n<div id=\"educacion\">\n<h3 style=\"text-align: center;\">Educaci\u00f3n<\/h3>\n<table>\n<tbody>\n<tr>\n<th><span class=\"highlight1\">Documento<\/span><\/th>\n<th><span class=\"highlight1\">Tipo<\/span><\/th>\n<th><span class=\"highlight1\">Fecha<\/span><\/th>\n<th><span class=\"highlight2\">Catal\u00e1n<\/span><\/th>\n<th><span class=\"highlight2\">Espa\u00f1ol<\/span><\/th>\n<th><span class=\"highlight2\">Franc\u00e9s<\/span><\/th>\n<th><span class=\"highlight2\">Ingl\u00e9s<\/span><\/th>\n<\/tr>\n<tr>\n<th>Practicas de Chronojump-Boscosystem para aprender a medir la fuerza<\/th>\n<td>PDF<\/td>\n<td>2012<\/td>\n<td><a id=\"hoverImage\" href=\"http:\/\/chronojump.org\/docs\/practiques_chronojump_boscosystem.pdf\"><img decoding=\"async\" src=\"..\/..\/images\/checklist.png\" alt=\"yes\" \/><\/a><\/td>\n<td><\/td>\n<td><\/td>\n<td><\/td>\n<\/tr>\n<tr>\n<th>Biomec\u00e1nica deportiva.<br \/>\nDel Rendimiento a la escuela<\/th>\n<td>V\u00eddeo<\/td>\n<td>2009<\/td>\n<td><a id=\"hoverImage\" href=\"http:\/\/omploader.org\/vMjBocA\"><img decoding=\"async\" src=\"..\/..\/images\/checklist.png\" alt=\"yes\" \/><\/a><\/td>\n<td><\/td>\n<td><\/td>\n<td><\/td>\n<\/tr>\n<\/tbody>\n<\/table>\n<\/div>\n<p><!--educaci\u00f3n--><\/p>\n<div class=\"separator shadow small\"><\/div>\n<div id=\"otros\">\n<h3 style=\"text-align: center;\">Otros<\/h3>\n<table>\n<tbody>\n<tr>\n<th><span class=\"highlight1\">Documento<\/span><\/th>\n<th><span class=\"highlight1\">Tipo<\/span><\/th>\n<th><span class=\"highlight1\">Fecha<\/span><\/th>\n<th><span class=\"highlight2\">Catal\u00e1n<\/span><\/th>\n<th><span class=\"highlight2\">Espa\u00f1ol<\/span><\/th>\n<th><span class=\"highlight2\">Franc\u00e9s<\/span><\/th>\n<th><span class=\"highlight2\">Ingl\u00e9s<\/span><\/th>\n<\/tr>\n<tr>\n<th>Homenage a Carmelo Bosco<\/th>\n<td>V\u00eddeo<\/td>\n<td>2008<\/td>\n<td><a id=\"hoverImage\" href=\"http:\/\/www.vimeo.com\/1230152\"><img decoding=\"async\" src=\"..\/..\/images\/checklist.png\" alt=\"yes\" \/><\/a><\/td>\n<td><\/td>\n<td><\/td>\n<td><\/td>\n<\/tr>\n<tr>\n<td>MTGUG Modified Time Get Up and Go<\/td>\n<td>V\u00eddeo<\/td>\n<td>2009<\/td>\n<td><a id=\"hoverImage\" href=\"http:\/\/omploader.org\/vMXo0OQ\"><img decoding=\"async\" src=\"..\/..\/images\/checklist.png\" alt=\"yes\" \/><\/a><\/td>\n<td><\/td>\n<td><\/td>\n<td><\/td>\n<\/tr>\n<tr>\n<td>Integraci\u00f3n de R en software libre de an\u00e1lisis del rendimiento deportivo multiplataforma y en entorno cliente-servidor<\/td>\n<td>V\u00eddeo<\/td>\n<td>2009<\/td>\n<td><\/td>\n<td><a id=\"hoverImage\" href=\"http:\/\/tv.um.es\/video\/index\/id\/751\"><img decoding=\"async\" src=\"..\/..\/images\/checklist.png\" alt=\"yes\" \/><\/a><\/td>\n<td><\/td>\n<td><\/td>\n<\/tr>\n<\/tbody>\n<\/table>\n<\/div>\n<p><!--otros--><\/p>\n","protected":false},"excerpt":{"rendered":"<p>Vea primero la p\u00e1gina de Tutoriales. Los tutoriales son f\u00e1ciles de seguir y contemplan las \u00faltimas novedades de nuestros instrumentos. \u00cdndice de Documentos Proyecto Chronojump Hardware Entrenamiento Educaci\u00f3n Otros Proyecto Chronojump Documento Tipo Fecha Catal\u00e1n Espa\u00f1ol Franc\u00e9s Ingl\u00e9s Creaci\u00f3n y validaci\u00f3n de las herramientas (art\u00edculo) PDF 2012 Creaci\u00f3n y validaci\u00f3n de las herramientas (tesis doctoral) [&hellip;]<\/p>\n","protected":false},"author":1,"featured_media":0,"parent":0,"menu_order":0,"comment_status":"closed","ping_status":"closed","template":"","meta":{"advgb_blocks_editor_width":"","advgb_blocks_columns_visual_guide":"","footnotes":""},"coauthors":[],"author_meta":{"author_link":"https:\/\/chronojump.org\/es\/author\/chronojump\/","display_name":"chronojump"},"relative_dates":{"created":"Publicado 6 a\u00f1os hace","modified":"Actualizado 2 a\u00f1os hace"},"absolute_dates":{"created":"Publicado el abril 28, 2020","modified":"Actualizado el agosto 26, 2024"},"absolute_dates_time":{"created":"Publicado el abril 28, 2020 6:03 am","modified":"Actualizado el agosto 26, 2024 9:50 am"},"featured_img_caption":"","featured_img":false,"series_order":"","_links":{"self":[{"href":"https:\/\/chronojump.org\/es\/wp-json\/wp\/v2\/pages\/3170"}],"collection":[{"href":"https:\/\/chronojump.org\/es\/wp-json\/wp\/v2\/pages"}],"about":[{"href":"https:\/\/chronojump.org\/es\/wp-json\/wp\/v2\/types\/page"}],"author":[{"embeddable":true,"href":"https:\/\/chronojump.org\/es\/wp-json\/wp\/v2\/users\/1"}],"replies":[{"embeddable":true,"href":"https:\/\/chronojump.org\/es\/wp-json\/wp\/v2\/comments?post=3170"}],"version-history":[{"count":9,"href":"https:\/\/chronojump.org\/es\/wp-json\/wp\/v2\/pages\/3170\/revisions"}],"predecessor-version":[{"id":24095,"href":"https:\/\/chronojump.org\/es\/wp-json\/wp\/v2\/pages\/3170\/revisions\/24095"}],"wp:attachment":[{"href":"https:\/\/chronojump.org\/es\/wp-json\/wp\/v2\/media?parent=3170"}],"curies":[{"name":"wp","href":"https:\/\/api.w.org\/{rel}","templated":true}]}}