{"id":3171,"date":"2020-04-28T06:04:34","date_gmt":"2020-04-28T05:04:34","guid":{"rendered":"http:\/\/en.chronojump.org\/faq-software\/"},"modified":"2020-04-28T06:04:34","modified_gmt":"2020-04-28T05:04:34","slug":"faq-software","status":"publish","type":"page","link":"https:\/\/chronojump.org\/es\/faq-software\/","title":{"rendered":"FAQ Software"},"content":{"rendered":"<div id=\"cols\">\n<h2>FAQ Preguntas Frecuentes sobre el software Chronojump<\/h2>\n<ol>\n<li style=\"list-style-type: none;\">\n<ol>\n<li>\u00bfPuedo acceder al c\u00f3digo fuente y modificar el programa?, \u00bfy venderlo?Chronojump es software libre distribuido bajo los t\u00e9rminos de la <a href=\"http:\/\/www.gnu.org\/licenses\/licenses.html#GPL\">licencia GPL<\/a>, lo que le permite estudiarlo, modificarlo, redistribuirlo, venderlo siempre respetando la citada licencia. Para m\u00e1s informaci\u00f3n acceda a la p\u00e1gina web de <a href=\"http:\/\/es.wikipedia.org\/wiki\/GPL\">GPL en la Wikipedia<\/a>.&nbsp;<\/li>\n<li>\u00bfCu\u00e1nto dinero cuesta?En la web siempre habr\u00e1 una versi\u00f3n de Chronojump gratuita, pero usted puede comercializar si lo desea una versi\u00f3n, en ella se recomienda que ofrezca servicios extra para que sus clientes se decidan a comprarla. De entre los servicios podr\u00eda ofrecer cursos a entrenadores, asesor\u00eda, integraci\u00f3n de plataforma + cron\u00f3metro + software en un s\u00f3lo equipo, &#8230; tambi\u00e9n puede facilitar el programa si lo desea en cualquier curso, clase o conferencia que usted imparta.&nbsp;<\/li>\n<li>\u00bfEn qu\u00e9 sistemas operativos y equipos inform\u00e1ticos funciona?Chronojump est\u00e1 escrito para la plataforma de programaci\u00f3n <a href=\"http:\/\/www.mono-project.com\">MONO<\/a>, que ha sido concebida para facilitar que los programas inform\u00e1ticos funcionen un muchos sistemas operativos y equipamientos inform\u00e1ticos. Hasta el momento funciona en sistemas GNU\/Linux, OSX y Windows.&nbsp;<\/li>\n<li>\u00bfC\u00f3mo puedo descargar (download) el programa?Acceda a la p\u00e1gina web de <a href=\"https:\/\/chronojump.org\/construccion-plataforma-modular-circuito\/?lang=es\">software<\/a>.&nbsp;<\/li>\n<li>\u00bfPuedo probar Chronojump sin tener el cron\u00f3metro ni la plataforma de contactos?<\/li>\n<\/ol>\n<\/li>\n<\/ol>\n<p>S\u00ed, se ha creado un modo simulado en que se ejecutan pruebas de saltos, carreras, tiempos de reacci\u00f3n y ritmos de duraci\u00f3n aleatoria para que pueda probar las caracter\u00edsticas del programa.<\/p>\n<p>&nbsp;<\/p>\n<ul>\n<li>\u00bfC\u00f3mo puedo saber las \u00faltimas novedades del proyecto?<\/li>\n<\/ul>\n<p>&nbsp;<\/p>\n<p>Nos puede seguir en <a href=\"http:\/\/twitter.com\/boscosystem_es\"> twitter&lt;\/&gt;. Adem\u00e1s puede consultar el archivo <\/a><a href=\"http:\/\/git.gnome.org\/browse\/chronojump\/log\/\"><i>changelog<\/i> o registro de cambios<\/a><a href=\"http:\/\/twitter.com\/boscosystem_es\">.<\/a><\/p>\n<p>&nbsp;<\/p>\n<ul>\n<li>\u00bfPor qu\u00e9 se llama Chronojump si tambi\u00e9n sirve para medir carreras, tiempos de reacci\u00f3n y ritmos?<\/li>\n<\/ul>\n<p>&nbsp;<\/p>\n<p>La idea inicial era crear un software para la medici\u00f3n de eventos temporales del salto, pero se ha visto que con poco esfuerzo el mismo software puede servir para cronometrar todo tipo de carreras, tiempos de reacci\u00f3n y ritmos. Aunque se trabaja en estas l\u00edneas, los esfuerzos principales se destinan a la medici\u00f3n de saltos, por este motivo Chronojump conserva su nombre inicial.<\/p>\n<p>&nbsp;<\/p>\n<ul>\n<li>Me gustar\u00eda colaborar \u00bfc\u00f3mo puedo hacerlo?<\/li>\n<\/ul>\n<p>&nbsp;<\/p>\n<p>Consulte el <a href=\"http:\/\/foro.chronojump.org\">Foro<\/a>.<\/p>\n<\/div>\n","protected":false},"excerpt":{"rendered":"<p>FAQ Preguntas Frecuentes sobre el software Chronojump \u00bfPuedo acceder al c\u00f3digo fuente y modificar el programa?, \u00bfy venderlo?Chronojump es software libre distribuido bajo los t\u00e9rminos de la licencia GPL, lo que le permite estudiarlo, modificarlo, redistribuirlo, venderlo siempre respetando la citada licencia. Para m\u00e1s informaci\u00f3n acceda a la p\u00e1gina web de GPL en la Wikipedia.&nbsp; [&hellip;]<\/p>\n","protected":false},"author":1,"featured_media":0,"parent":0,"menu_order":0,"comment_status":"closed","ping_status":"closed","template":"","meta":{"advgb_blocks_editor_width":"","advgb_blocks_columns_visual_guide":"","footnotes":""},"coauthors":[],"author_meta":{"author_link":"https:\/\/chronojump.org\/es\/author\/chronojump\/","display_name":"chronojump"},"relative_dates":{"created":"Publicado 6 a\u00f1os hace","modified":"Actualizado 6 a\u00f1os hace"},"absolute_dates":{"created":"Publicado el abril 28, 2020","modified":"Actualizado el abril 28, 2020"},"absolute_dates_time":{"created":"Publicado el abril 28, 2020 6:04 am","modified":"Actualizado el abril 28, 2020 6:04 am"},"featured_img_caption":"","featured_img":false,"series_order":"","_links":{"self":[{"href":"https:\/\/chronojump.org\/es\/wp-json\/wp\/v2\/pages\/3171"}],"collection":[{"href":"https:\/\/chronojump.org\/es\/wp-json\/wp\/v2\/pages"}],"about":[{"href":"https:\/\/chronojump.org\/es\/wp-json\/wp\/v2\/types\/page"}],"author":[{"embeddable":true,"href":"https:\/\/chronojump.org\/es\/wp-json\/wp\/v2\/users\/1"}],"replies":[{"embeddable":true,"href":"https:\/\/chronojump.org\/es\/wp-json\/wp\/v2\/comments?post=3171"}],"version-history":[{"count":0,"href":"https:\/\/chronojump.org\/es\/wp-json\/wp\/v2\/pages\/3171\/revisions"}],"wp:attachment":[{"href":"https:\/\/chronojump.org\/es\/wp-json\/wp\/v2\/media?parent=3171"}],"curies":[{"name":"wp","href":"https:\/\/api.w.org\/{rel}","templated":true}]}}