{"id":3172,"date":"2020-04-28T06:11:28","date_gmt":"2020-04-28T05:11:28","guid":{"rendered":"http:\/\/en.chronojump.org\/tests-de-fuerza\/"},"modified":"2020-05-29T15:54:16","modified_gmt":"2020-05-29T14:54:16","slug":"tests-de-fuerza","status":"publish","type":"page","link":"https:\/\/chronojump.org\/es\/tests-de-fuerza\/","title":{"rendered":"Tests de fuerza"},"content":{"rendered":"<table cellspacing=\"0\">\n<thead>\n<tr>\n<th>CARACTER\u00cdSTICAS<\/th>\n<th>RESULTADOS<\/th>\n<\/tr>\n<\/thead>\n<tbody>\n<tr>\n<td><i class=\"fa fa-check fa-2x\"><\/i> Test fuerza isom\u00e9trica<\/td>\n<td><i class=\"fa fa-check-square-o fa-2x\"><\/i> Evoluci\u00f3n de la fuerza real y modelada a lo largo del tiempo<\/td>\n<\/tr>\n<tr>\n<td><i class=\"fa fa-check fa-2x\"><\/i> Fuerza m\u00e1xima isom\u00e9trica<\/td>\n<td><i class=\"fa fa-check-square-o fa-2x\"><\/i> Fuerza m\u00e1xima real y modelada<\/td>\n<\/tr>\n<tr>\n<td><i class=\"fa fa-check fa-2x\"><\/i> RFD (Ratio Force Development)<\/td>\n<td><i class=\"fa fa-check-square-o fa-2x\"><\/i> RFD (acotado a los tiempos definidos, m\u00e1ximo, %Fmax)<\/td>\n<\/tr>\n<tr>\n<td><i class=\"fa fa-check fa-2x\"><\/i> Los usuarios pueden definir la temporalidad para el c\u00e1lculo del Impulso<\/td>\n<td><i class=\"fa fa-check-square-o fa-2x\"><\/i> Impulso (Newtons*seg) realizado<\/td>\n<\/tr>\n<\/tbody>\n<\/table>\n<table cellspacing=\"0\">\n<tbody>\n<tr>\n<td>\n<h4 style=\"text-align: center;\">Fuerza horizontal en cinta:<\/h4>\n<\/td>\n<td>\n<h4 style=\"text-align: center;\">Visualizaci\u00f3n de la fuerza con el cintur\u00f3n ruso:<\/h4>\n<\/td>\n<\/tr>\n<tr>\n<td><iframe loading=\"lazy\" src=\"https:\/\/youtube.com\/embed\/Js9MUla7380?feature=player_detailpage\" allowfullscreen=\"allowfullscreen\" width=\"400\" height=\"235\" frameborder=\"0\"><\/iframe><\/td>\n<td><iframe loading=\"lazy\" src=\"https:\/\/youtube.com\/embed\/kF_6OBQ4XK8?feature=player_detailpage\" allowfullscreen=\"allowfullscreen\" width=\"400\" height=\"235\" frameborder=\"0\"><\/iframe><\/td>\n<\/tr>\n<\/tbody>\n<\/table>\n<h4 style=\"text-align: center;\">Gr\u00e1fico del test de fuerza isom\u00e9trica m\u00e1xima:<\/h4>\n<p>&nbsp;<\/p>\n<p><img decoding=\"async\" loading=\"lazy\" class=\"alignnone size-full wp-image-808\" src=\"https:\/\/chronojump.org\/wp-content\/uploads\/2020\/05\/MIF-Test-1.png\" alt=\"mif-test\" width=\"1558\" height=\"704\"><\/p>\n<table style=\"height: 2398px;\" width=\"875\" cellspacing=\"0\">\n<thead>\n<tr>\n<th>&nbsp;<\/th>\n<th style=\"text-align: center;\">Gr\u00e1ficos con datos reales<\/th>\n<\/tr>\n<\/thead>\n<tbody>\n<tr>\n<td style=\"text-align: center; vertical-align: middle;\"><i class=\"fa fa-camera fa-lg\"><\/i> Promedio<\/td>\n<td><img decoding=\"async\" loading=\"lazy\" class=\"alignnone size-full wp-image-848\" src=\"https:\/\/chronojump.org\/wp-content\/uploads\/2020\/05\/MIF-RAW-average.png\" alt=\"mif-raw-average\" width=\"773\" height=\"464\"><\/td>\n<\/tr>\n<tr>\n<td style=\"text-align: center; vertical-align: middle;\"><i class=\"fa fa-camera fa-lg\"><\/i> Instant\u00e1neo<\/td>\n<td><img decoding=\"async\" loading=\"lazy\" class=\"alignnone size-full wp-image-851\" src=\"https:\/\/chronojump.org\/wp-content\/uploads\/2020\/05\/MIF-RAW-Instant.png\" alt=\"mif-raw-instant\" width=\"780\" height=\"461\"><\/td>\n<\/tr>\n<tr>\n<td style=\"text-align: center; vertical-align: middle;\"><i class=\"fa fa-camera fa-lg\"><\/i> % Fmax<\/td>\n<td><img decoding=\"async\" loading=\"lazy\" class=\"alignnone size-full wp-image-853\" src=\"https:\/\/chronojump.org\/wp-content\/uploads\/2020\/05\/MIF-RAW-percentFmax.png\" alt=\"mif-raw-percentfmax\" width=\"783\" height=\"465\"><\/td>\n<\/tr>\n<tr>\n<td style=\"text-align: center; vertical-align: middle;\"><i class=\"fa fa-camera fa-lg\"><\/i> Max RFD<\/td>\n<td><img decoding=\"async\" loading=\"lazy\" class=\"alignnone size-full wp-image-852\" src=\"https:\/\/chronojump.org\/wp-content\/uploads\/2020\/05\/MIF-RAW-MaxRFD.png\" alt=\"mif-raw-maxrfd\" width=\"778\" height=\"465\"><\/td>\n<\/tr>\n<tr>\n<td style=\"text-align: center; vertical-align: middle;\"><i class=\"fa fa-camera fa-lg\"><\/i> Impulso<\/td>\n<td><img decoding=\"async\" loading=\"lazy\" class=\"alignnone size-full wp-image-850\" src=\"https:\/\/chronojump.org\/wp-content\/uploads\/2020\/05\/MIF-Raw-Impulse.png\" alt=\"mif-raw-impulse\" width=\"778\" height=\"462\"><\/td>\n<\/tr>\n<\/tbody>\n<\/table>\n<table style=\"height: 2398px;\" width=\"875\" cellspacing=\"0\">\n<thead>\n<tr>\n<th>&nbsp;<\/th>\n<th style=\"text-align: center;\">Gr\u00e1ficos con datos modelados<\/th>\n<\/tr>\n<\/thead>\n<tbody>\n<tr>\n<td style=\"text-align: center; vertical-align: middle;\"><i class=\"fa fa-camera fa-lg\"><\/i> Promedio<\/td>\n<td><img decoding=\"async\" loading=\"lazy\" class=\"alignnone size-full wp-image-843\" src=\"https:\/\/chronojump.org\/wp-content\/uploads\/2020\/05\/MIF-Fitted-Average.png\" alt=\"mif-fitted-average\" width=\"779\" height=\"465\"><\/td>\n<\/tr>\n<tr>\n<td style=\"text-align: center; vertical-align: middle;\"><i class=\"fa fa-camera fa-lg\"><\/i> Instant\u00e1neo<\/td>\n<td><img decoding=\"async\" loading=\"lazy\" class=\"alignnone size-full wp-image-845\" src=\"https:\/\/chronojump.org\/wp-content\/uploads\/2020\/05\/MIF-Fitted-Instant.png\" alt=\"mif-fitted-instant\" width=\"780\" height=\"464\"><\/td>\n<\/tr>\n<tr>\n<td style=\"text-align: center; vertical-align: middle;\"><i class=\"fa fa-camera fa-lg\"><\/i> % Fmax<\/td>\n<td><img decoding=\"async\" loading=\"lazy\" class=\"alignnone size-full wp-image-846\" src=\"https:\/\/chronojump.org\/wp-content\/uploads\/2020\/05\/MIF-Fitted-percentFmax.png\" alt=\"mif-fitted-percentfmax\" width=\"779\" height=\"461\"><\/td>\n<\/tr>\n<tr>\n<td style=\"text-align: center; vertical-align: middle;\"><i class=\"fa fa-camera fa-lg\"><\/i> Max RFD<\/td>\n<td><img decoding=\"async\" loading=\"lazy\" class=\"alignnone size-full wp-image-847\" src=\"https:\/\/chronojump.org\/wp-content\/uploads\/2020\/05\/MIF-Fitted-RFDmax.png\" alt=\"mif-fitted-rfdmax\" width=\"782\" height=\"461\"><\/td>\n<\/tr>\n<tr>\n<td style=\"text-align: center; vertical-align: middle;\"><i class=\"fa fa-camera fa-lg\"><\/i> Impulso<\/td>\n<td><img decoding=\"async\" loading=\"lazy\" class=\"alignnone size-full wp-image-844\" src=\"https:\/\/chronojump.org\/wp-content\/uploads\/2020\/05\/MIF-Fitted-Impulse.png\" alt=\"mif-fitted-impulse\" width=\"780\" height=\"462\"><\/td>\n<\/tr>\n<\/tbody>\n<\/table>\n","protected":false},"excerpt":{"rendered":"<p>CARACTER\u00cdSTICAS RESULTADOS Test fuerza isom\u00e9trica Evoluci\u00f3n de la fuerza real y modelada a lo largo del tiempo Fuerza m\u00e1xima isom\u00e9trica Fuerza m\u00e1xima real y modelada RFD (Ratio Force Development) RFD (acotado a los tiempos definidos, m\u00e1ximo, %Fmax) Los usuarios pueden definir la temporalidad para el c\u00e1lculo del Impulso Impulso (Newtons*seg) realizado Fuerza horizontal en cinta: [&hellip;]<\/p>\n","protected":false},"author":1,"featured_media":0,"parent":0,"menu_order":0,"comment_status":"closed","ping_status":"closed","template":"","meta":{"advgb_blocks_editor_width":"","advgb_blocks_columns_visual_guide":"","footnotes":""},"coauthors":[],"author_meta":{"author_link":"https:\/\/chronojump.org\/es\/author\/chronojump\/","display_name":"chronojump"},"relative_dates":{"created":"Publicado 6 a\u00f1os hace","modified":"Actualizado 6 a\u00f1os hace"},"absolute_dates":{"created":"Publicado el abril 28, 2020","modified":"Actualizado el mayo 29, 2020"},"absolute_dates_time":{"created":"Publicado el abril 28, 2020 6:11 am","modified":"Actualizado el mayo 29, 2020 3:54 pm"},"featured_img_caption":"","featured_img":false,"series_order":"","_links":{"self":[{"href":"https:\/\/chronojump.org\/es\/wp-json\/wp\/v2\/pages\/3172"}],"collection":[{"href":"https:\/\/chronojump.org\/es\/wp-json\/wp\/v2\/pages"}],"about":[{"href":"https:\/\/chronojump.org\/es\/wp-json\/wp\/v2\/types\/page"}],"author":[{"embeddable":true,"href":"https:\/\/chronojump.org\/es\/wp-json\/wp\/v2\/users\/1"}],"replies":[{"embeddable":true,"href":"https:\/\/chronojump.org\/es\/wp-json\/wp\/v2\/comments?post=3172"}],"version-history":[{"count":3,"href":"https:\/\/chronojump.org\/es\/wp-json\/wp\/v2\/pages\/3172\/revisions"}],"predecessor-version":[{"id":7904,"href":"https:\/\/chronojump.org\/es\/wp-json\/wp\/v2\/pages\/3172\/revisions\/7904"}],"wp:attachment":[{"href":"https:\/\/chronojump.org\/es\/wp-json\/wp\/v2\/media?parent=3172"}],"curies":[{"name":"wp","href":"https:\/\/api.w.org\/{rel}","templated":true}]}}