{"id":3176,"date":"2020-04-28T06:24:01","date_gmt":"2020-04-28T05:24:01","guid":{"rendered":"http:\/\/en.chronojump.org\/programa\/"},"modified":"2026-04-09T16:05:00","modified_gmt":"2026-04-09T15:05:00","slug":"programa","status":"publish","type":"page","link":"https:\/\/chronojump.org\/es\/programa\/","title":{"rendered":"Software"},"content":{"rendered":"\n<hr style=\"border: 0; height: 1px; background-image: linear-gradient(to right, rgba(0, 0, 0, 0), rgba(0, 0, 0, 0.75), rgba(0, 0, 0, 0));\"\/>\n<div style=\"width: 24%; padding: 20px 0px; float: left;\"><center><a href=\"#Windows\"><i class=\"fa fa-windows fa-2x\"><\/i><br\/>Descargar para Windows<\/a><\/center><\/div>\n<div style=\"width: 24%; padding: 20px 0px; float: left;\"><center><a href=\"#MacOSX\"><i class=\"fa fa-apple fa-2x\"><\/i><br\/>Descargar para MacOS<\/a><\/center><\/div>\n<div style=\"width: 24%; padding: 20px 0px; float: left;\"><center><a href=\"#Linux\"><i class=\"fa fa-linux fa-2x\"><\/i><br\/>Descarga para Linux<\/a><\/center><\/div>\n<div style=\"width: 24%; padding: 20px 0px; float: left;\"><center><a href=\"#ChromeOS\"><i class=\"fa fa-chrome fa-2x\"><\/i><br\/>Descargar para ChromeOS<\/a><\/center><\/div>\n<div style=\"clear: both;\"> <\/div>\n<hr style=\"border: 0; height: 1px; background-image: linear-gradient(to right, rgba(0, 0, 0, 0), rgba(0, 0, 0, 0.75), rgba(0, 0, 0, 0));\"\/>\n\n<br><\/br>\n<div style=\"padding: 12px 0px;\"><b><i class=\"fa fa-sun-o fa-2x\" style=\"vertical-align: middle;\"><\/i> Siempre gratuito<\/b>&nbsp;&nbsp;Descargue libremente, instale en los ordenadores que desee.<\/div>\n<div style=\"padding: 12px 0px;\"><b><i class=\"fa fa-refresh fa-2x\" style=\"vertical-align: middle;\"><\/i> Regularmente actualizado<\/b>&nbsp;&nbsp;El software se desarrolla r\u00e1pidamente a partir de las sugerencias de los usuarios.&nbsp;&nbsp;<a href=\"https:\/\/chronojump.org\/software-2-6-x\"><i class=\"fa fa-edit fa-1x\"><\/i>&nbsp;&nbsp;Leer cambios (ingl\u00e9s)<\/a><\/div>\n<div style=\"padding: 12px 0px;\"><b><i class=\"fa fa-language fa-2x\" style=\"vertical-align: middle;\"><\/i> En 16 idiomas<\/b>&nbsp;&nbsp;Un equipo de voluntarios traduce el software regularmente.&nbsp;&nbsp;<a href=\"https:\/\/l10n.gnome.org\/module\/chronojump\/\">Estad\u00edsticas de traducci\u00f3n<\/a><\/div>\n<!--\n<div style=\"padding: 12px 0px;\"><b><i class=\"fa fa-calendar fa-2x\" style=\"vertical-align: middle;\"><\/i>  Pr\u00f3xima versi\u00f3n:<\/b>&nbsp;&nbsp;Versi\u00f3n 2.6.0 prevista para el 22 de enero.<\/div>\n-->\n\n\n\n<hr class=\"wp-block-separator has-css-opacity\"\/>\n\n\n\n<p><\/p>\n\n\n\n<div style=\"clear: both;\">&nbsp;<\/div>\n<div id=\"Windows\" style=\"width: 100%; margin: 40px 0px; padding: 20px; float: left; box-sizing: border-box; border: 2px solid #484c51; border-radius: 4px;\">\n<h3><i class=\"fa fa-windows fa-2x\"><\/i> Instale Chronojump en Windows<\/h3>\n<p><\/p>\n\n\n\n<div class=\"wp-block-advgb-adv-tabs advgb-tabs-wrapper advgb-tab-horz-desktop advgb-tab-vert-tablet advgb-tab-stack-mobile advgb-tabs-4daebc8b-960f-4df9-a711-d8c4ce44db34\" data-tab-active=\"0\"><ul class=\"advgb-tabs-panel\"><li class=\"advgb-tab\" style=\"background-color:#b9c1cf;border-style:solid;border-width:1px;border-radius:10px\"><a id=\"\" href=\"#advgb-tabs-tab0\" style=\"color:#000000\"><span>Descargar Chronojump<\/span><\/a><\/li><\/ul><div class=\"advgb-tab-body-wrapper\" style=\"background-color:#4d5f87;color:#ffffff;border-style:solid;border-width:1px;border-radius:10px\">\n<div class=\"wp-block-advgb-tab advgb-tab-body-container\"><div class=\"advgb-tab-body-header advgb-tab-class-\">Descargar Chronojump<\/div><div class=\"advgb-tab-_e750b3-de advgb-tab-body\" aria-labelledby=\"advgb-tabs-tab0\">\n<i class=\"fa fa-download fa-2x\"><\/i>  <a class=\"LinkOnBlueBg\" href=\"https:\/\/innolab.inefc.net\/nextcloud\/index.php\/s\/ipj2JCTDw49MfbK\"><b>Chronojump-win-x64-2.6.0-72.exe<\/b><\/a>\r\n\r\n\r\n (19 febrero 2026).\n<br\/><br\/>Por favor, lea esto: <ul>\n<li>Su Windows tiene que ser de 64 bits, compru\u00e9belo previamente.<\/li>\n<li>La versi\u00f3n de Python instalada no es compatible con Windows 7 ni versiones anteriores de Windows. Python solo es necesario si desea importar sesiones desde otras bases de datos de Chronojump.<\/li>\n<li>En las pr\u00f3ximas semanas publicaremos tambi\u00e9n una versi\u00f3n ARM.<\/li>\n<\/ul>\n<\/div><\/div>\n<\/div><\/div>\n\n\n\n<div style=\"clear: both;\">&nbsp;<\/div>\nEn Windows funciona tanto en PC como en tablets, pero no funciona en Win 8 RT, Windows 10s, Windows 11s porque estos sistemas solo permiten apps de la Microsoft Store.\n<\/div>\n<div style=\"clear: both;\">&nbsp;<\/div>\n<div id=\"MacOSX\" style=\"width: 100%; margin: 40px 0px; padding: 20px; float: left; box-sizing: border-box; border: 2px solid #484c51; border-radius: 4px;\">\n<h3><i class=\"fa fa-apple fa-2x\"><\/i>&nbsp;&nbsp;Instale Chronojump en MacOS<\/h3>\n\n\n\n<div class=\"wp-block-advgb-adv-tabs advgb-tabs-wrapper advgb-tab-horz-desktop advgb-tab-vert-tablet advgb-tab-stack-mobile advgb-tabs-8274297d-db41-4a36-801f-c6c7c175f24c\" data-tab-active=\"0\"><ul class=\"advgb-tabs-panel\"><li class=\"advgb-tab\" style=\"background-color:#b9c1cf;border-style:solid;border-width:1px;border-radius:10px\"><a id=\"\" href=\"#advgb-tabs-tab0\" style=\"color:#000000\"><span>Descargar Chronojump<\/span><\/a><\/li><\/ul><div class=\"advgb-tab-body-wrapper\" style=\"background-color:#4d5f87;color:#ffffff;border-style:solid;border-width:1px;border-radius:10px\">\n<div class=\"wp-block-advgb-tab advgb-tab-body-container\"><div class=\"advgb-tab-body-header advgb-tab-class-\">Descargar Chronojump<\/div><div class=\"advgb-tab-_8c0a21-bb advgb-tab-body\" aria-labelledby=\"advgb-tabs-tab0\">\n<p>\n<br>Si no est\u00e1 seguro si tiene un Mac <b>Silicon or Intel<\/b>, <a class=\"LinkOnBlueBg\" href=\"https:\/\/support.prometheanworld.com\/s\/article\/2563?language=en\">lea esto<\/a>\n<br><br>\n<ol>\n    <li>(Solo la primera vez)\n<br>\n    Si instala Chronojump <b>por primera vez<\/b> en su ordenador:<\/li>\n  <ul>\n    <li>Instale <a class=\"LinkOnBlueBg\" href=\"https:\/\/cran.r-project.org\/bin\/macosx\/big-sur-arm64\/base\/R-4.4.3-arm64.pkg\">R para mac Silicon<\/a>, o <a class=\"LinkOnBlueBg\" href=\"https:\/\/cran.r-project.org\/bin\/macosx\/big-sur-x86_64\/base\/R-4.4.3-x86_64.pkg\">R para mac Intel<\/a>.<\/li>\n    <li>Instale <a class=\"LinkOnBlueBg\" href=\"https:\/\/www.python.org\/ftp\/python\/3.12.10\/python-3.12.10-macos11.pkg\n\">Python para mac<\/a> (funciona en Silicon e Intel).<\/li>\n  <\/ul>\n\n<li>Instale Chronojump.\n<br>\n<i class=\"fa fa-download fa-2x\"><\/i>&nbsp;Para <strong>Mac Silicon  (arm64)<\/strong>: <a class=\"LinkOnBlueBg\" href=\"https:\/\/innolab.inefc.net\/nextcloud\/index.php\/s\/FQw4mfJTALwWGiY\">chronojump-2.6.0-arm64.pkg<\/a> (2026 Feb 6)\n<br>\n<br><i class=\"fa fa-download fa-2x\"><\/i>&nbsp;&nbsp;Para <strong>Mac Intel<\/strong>: <a  class=\"LinkOnBlueBg\" href=\"https:\/\/innolab.inefc.net\/nextcloud\/index.php\/s\/ZAgxSWjCpabDdqS\">chronojump-2.5.2-63-x64.pkg<\/a> (2025 Sept 2)<br> Se necesita la versi\u00f3n Mojave (10.14) o superior de MacOS.\n<\/li>\n<br>\n<li>(Solo la primera vez)\n  <ul>\n    <li>En Chronojump: preferencias \/ avanzado \/ R, Python.&emsp;Rscript file -> [Otra ubicaci\u00f3n], haga clic en [Autodetect].<br>Si ha instalado R y el [Autodetect] no le funciona, escriba: <tt>\/usr\/local\/bin\/Rscript<\/tt> debajo de Autodetect.<\/li>\n    <li>En preferencias \/ avanzado \/ R, Python.&emsp;Python file -> [Otra ubicaci\u00f3n], haga clic en [Autodetect].\n    <li>Cierre las preferencias y reinicie Chronojump.<\/li>\n  <\/ul>\n<\/ol>\n\n<\/p>\n<\/div><\/div>\n<\/div><\/div>\n\n\n\n<\/div>\n<div style=\"clear: both;\">&nbsp;<\/div>\n<div id=\"Linux\" style=\"width: 100%; margin: 40px 0px; padding: 20px; float: left; box-sizing: border-box; border: 2px solid #484c51; border-radius: 4px;\">\n<h3><i class=\"fa fa-linux fa-2x\"><\/i>&nbsp;&nbsp;Instale Chronojump en Linux<\/h3>\n\n\n\n<div class=\"wp-block-advgb-adv-tabs advgb-tabs-wrapper advgb-tab-horz-desktop advgb-tab-vert-tablet advgb-tab-stack-mobile advgb-tabs-cab48caa-1b01-4346-b6bf-a1822a5a5de6\" data-tab-active=\"0\"><ul class=\"advgb-tabs-panel\"><li class=\"advgb-tab\" style=\"background-color:#b9c1cf;border-style:solid;border-width:1px;border-radius:10px\"><a id=\"\" href=\"#advgb-tabs-tab0\" style=\"color:#000000\"><span>Recomendado<\/span><\/a><\/li><li class=\"advgb-tab\" style=\"background-color:#b9c1cf;border-style:solid;border-width:1px;border-radius:10px\"><a id=\"\" href=\"#advgb-tabs-tab1\" style=\"color:#000000\"><span>Avanzado<\/span><\/a><\/li><li class=\"advgb-tab\" style=\"background-color:#b9c1cf;border-style:solid;border-width:1px;border-radius:10px\"><a id=\"\" href=\"#advgb-tabs-tab2\" style=\"color:#000000\"><span>Permisos del hardware<\/span><\/a><\/li><\/ul><div class=\"advgb-tab-body-wrapper\" style=\"background-color:#4d5f87;color:#ffffff;border-style:solid;border-width:1px;border-radius:10px\">\n<div class=\"wp-block-advgb-tab advgb-tab-body-container\"><div class=\"advgb-tab-body-header advgb-tab-class-\">Recomendado<\/div><div class=\"advgb-tab-_998147-10 advgb-tab-body\" aria-labelledby=\"advgb-tabs-tab0\">\n<i class=\"fa fa-download fa-2x\"><\/i> Para X86-64: <a class=\"LinkOnBlueBg\" href=\"https:\/\/innolab.inefc.net\/nextcloud\/index.php\/s\/jZ4NteNonJNmWcP\">chronojump-2.6.0-70_x64.deb<\/a>\r\n\r\n\r\n\r\n\r\n\r\n\r\n\r\n\r\n (19 febrero 2026)\n<br\/>\n<i class=\"fa fa-download fa-2x\"><\/i> Para ARM64: <a class=\"LinkOnBlueBg\" href=\"https:\/\/innolab.inefc.net\/nextcloud\/index.php\/s\/brsWdREkp7wD5Lx\">chronojump-2.5.2-63_arm64.deb<\/a>\r\n\r\n (2 septiembre 2025)\n<\/div><\/div>\n\n\n\n<div class=\"wp-block-advgb-tab advgb-tab-body-container\"><div class=\"advgb-tab-body-header advgb-tab-class-\">Avanzado<\/div><div class=\"advgb-tab-_e24a21-58 advgb-tab-body\" aria-labelledby=\"advgb-tabs-tab1\">\nPara usuarios avanzados: <ul>\n<li><a class=\"LinkOnBlueBg\" href=\"https:\/\/gitlab.gnome.org\/GNOME\/chronojump\">Use nuestro git<\/a>, y despu\u00e9s siga <a class=\"LinkOnBlueBg\" href=\"https:\/\/gitlab.gnome.org\/GNOME\/chronojump\/-\/raw\/master\/howtos\/howto_run_chronojump_linux.txt?ref_type=heads\">estas instrucciones (en ingl\u00e9s).<\/a><\/li>\n<li><a class=\"LinkOnBlueBg\" href=\"https:\/\/download.gnome.org\/sources\/chronojump-2.3.0\/31\/chronojump-2.3.0-31.tar.xz\">chronojump-2.3.0-31.tar.xz<\/a> (3 abril 2023), y despu\u00e9s lea <a class=\"LinkOnBlueBg\" href=\"https:\/\/chronojump.org\/linux-compile\/\">Chronojump Linux compile (en ingl\u00e9s)<br\/><\/a><\/li>\n<\/ul>\n<\/div><\/div>\n\n\n\n<div class=\"wp-block-advgb-tab advgb-tab-body-container\"><div class=\"advgb-tab-body-header advgb-tab-class-\">Permisos del hardware<\/div><div class=\"advgb-tab-_1f4295-bc advgb-tab-body\" aria-labelledby=\"advgb-tabs-tab2\">\nSi es la primera vez que instala Chronojump <ul>\n<li>Asigne permisos al hardware:<br\/><code>sudo usermod -a -G dialout nombreDeUsuario<\/code><\/li>\n<li>Cierre la sesi\u00f3n para asegurarse que los permisos del hardware se han asignado<\/li>\n<\/ul>\n<\/div><\/div>\n<\/div><\/div>\n\n\n\n<\/div>\n<div style=\"clear: both;\">&nbsp;<\/div>\n<div id=\"ChromeOS\" style=\"width: 100%; margin: 40px 0px; padding: 20px; float: left; box-sizing: border-box; border: 2px solid #484c51; border-radius: 4px;\">\n<h3><i class=\"fa fa-chrome fa-2x\"><\/i>&nbsp;&nbsp;Instale Chronojump en ChromeOS<\/h3>\n<div style=\"width: 100%; padding: 15px; float: left; background-color: #4d5f87; border:2px solid 484c51; color: white; border-radius: 4px;\">\n<i class=\"fa fa-download fa-2x\"><\/i>&nbsp;&nbsp;For X86-64: <a class=\"LinkOnBlueBg\" href=\"https:\/\/innolab.inefc.net\/nextcloud\/index.php\/s\/jZ4NteNonJNmWcP\">chronojump-2.6.0-70_x64.deb<\/a>\r\n\r\n\r\n\r\n\r\n\r\n\r\n\r\n\r\n (19 febrero 2026)<\/li>\n<br><i class=\"fa fa-download fa-2x\"><\/i>&nbsp;&nbsp;For ARM64: <a class=\"LinkOnBlueBg\" href=\"https:\/\/innolab.inefc.net\/nextcloud\/index.php\/s\/brsWdREkp7wD5Lx\">chronojump-2.5.2-63_arm64.deb<\/a>\r\n\r\n (2 septiembre 2025)<\/li>\n<br><br>To know which I need you can install: <a class=\"LinkOnBlueBg\" href=\"https:\/\/chromewebstore.google.com\/detail\/cog-system-info-viewer\/difcjdggkffcfgcfconafogflmmaadco?hl=en&#038;pli=1\">Cog &#8211; System Info Viewer<\/a> and see what it says on &#8220;Architecture&#8221;.\n<\/div>\n<!-- This first ChromeOS version needs you to follow this instructions in order to capture from the devices:\n<ol>\n<li>Open Chronojump<\/li>\n<li>Click on Session \/ More \/ View data folder<\/li>\n<li>You will see a folder with the subfolders: database, encoder, forceSensor, ...<\/li>\n<li>Copy <a href=\"https:\/\/chronojump.org\/wp-content\/uploads\/2023\/05\/chronojump_config.txt\">chronojump_config.txt<\/a> in that folder<\/li>\n<li>Close \/ Open Chronojump<\/li>\n<\/ol>\n-->\n<\/div>\n\n\n\n<div style=\"width: 100%; margin: 50px 0px; padding: 20px; float: left; box-sizing: border-box; border: 2px solid #ffcc00; border-radius: 4px;\">\n<!-- <figure><img decoding=\"async\" class=\"alignright\" src=\"https:\/\/chronojump.org\/wp-content\/uploads\/2016\/11\/chronopic-connections.png\"><\/figure><p><\/p>\n-->\n<h3><i class=\"fa fa-microchip fa-rotate-90 fa-2x\"><\/i> Microcontroladores<\/h3>\n<p>Nuestros microcontroladores proporcionan el puente entre los sensores y su ordenador.<\/p>\n<p>Los tests de <b>saltos<\/b> y <b>encoder<\/b> se miden con nuestro microcontrolador <b>Chronopic<\/b>.<\/p>\n<table>\n<tr><th>Modelos de Chronopic<\/th><th>Color<\/th><th>Uso<\/th><\/tr>\n<tr height=\"12\"><td>Multitest<\/td><td>Azul<\/td><td>Saltos y fotoc\u00e9lulas viejas (no-WICHRO)<\/td><\/tr>\n<tr><td>Encoder<\/td><td>Amarillo<\/td><td>Para nuestro encoder<\/td><\/tr>\n<\/table> En <b>WICHRO<\/b>, <b>Sensor de fuerza<\/b> y <b>Race Analyzer<\/b> utilizamos otros microcontroladores tambi\u00e9n dise\u00f1ados y fabricados por nosotros (e incluidos en los productos). <\/div>\n\n\n\n<div style=\"width: 100%; margin: 50px 0px; padding: 20px; float: left; box-sizing: border-box; border: 2px solid #ffcc00; border-radius: 4px;\">\n<h3><i class=\"fa fa-camera fa-2x\"><\/i> Grabaci\u00f3n\/sincronizaci\u00f3n mediante webcam<\/h3> Chronojump puede grabar cualquier prueba usando una c\u00e1mara web. Pero los usuarios deben entender:  <ul>\n<li>Chronojump no gestiona la webcam directamente, lo hace a trav\u00e9s de las utilidades ffmpeg que Chronojump instala y utiliza para tal fin.<\/li>\n<li>Las nuevas versiones de Chronojump a veces vienen con utilidades ffmpeg actualizadas para ayudar a detectar nuevas c\u00e1maras.<\/li>\n<li>No vendemos c\u00e1maras web y, dado que usted proporciona su propia computadora, no podemos garantizar que ffmpeg reconozca su c\u00e1mara web en su computadora.<\/li>\n<li>La mayor parte del hardware deber\u00eda funcionar y puede ponerse en contacto con nosotros para intentar encontrar una soluci\u00f3n. Pero no podemos asegurar que haya una soluci\u00f3n porque el problema estar\u00e1 m\u00e1s relacionado con su sistema operativo o con la detecci\u00f3n de ffmpeg. <\/li>\n<li>Si la c\u00e1mara no se inicia, lo primero que debe hacer es asegurarse de que Chronojump (y tal vez ffmpeg) tengan permiso para grabar con la c\u00e1mara. Compru\u00e9belo en su sistema operativo. <\/li>\n<li>En las versiones ARM-silicon Mac, puede ser m\u00e1s dif\u00edcil que la c\u00e1mara funcione correctamente (<a href=\"https:\/\/evermeet.cx\/ffmpeg\/apple-silicon-arm\">algunas de las razones, en ingl\u00e9s<\/a>).<\/li>\n<li>A partir de la versi\u00f3n 2.3.1, Chronojump tendr\u00e1 un modo de reproducci\u00f3n de video sincronizado con una marca en movimiento en la prueba realizada en el sensor de fuerza y el Race Analyzer. Tenga en cuenta que esta sincronizaci\u00f3n no es perfecta, pero ser\u00e1 muy \u00fatil y es una caracter\u00edstica muy esperada por nuestros usuarios. <\/li>\n<\/ul>\n<\/div>\n<style class=\"advgb-styles-renderer\">.advgb-tabs-4daebc8b-960f-4df9-a711-d8c4ce44db34 ul.advgb-tabs-panel li.advgb-tab.advgb-tab-active {background-color:#4d5f87 !important;color:#ffffff !important;}#advgb-tabs-4daebc8b-960f-4df9-a711-d8c4ce44db34 .advgb-tab-body-header.header-active, .advgb-tabs-4daebc8b-960f-4df9-a711-d8c4ce44db34 .advgb-tab-body-header.header-active{background-color:#4d5f87 !important;color:#ffffff !important;}.advgb-tabs-8274297d-db41-4a36-801f-c6c7c175f24c ul.advgb-tabs-panel li.advgb-tab.advgb-tab-active {background-color:#4d5f87 !important;color:#ffffff !important;}#advgb-tabs-8274297d-db41-4a36-801f-c6c7c175f24c .advgb-tab-body-header.header-active, .advgb-tabs-8274297d-db41-4a36-801f-c6c7c175f24c .advgb-tab-body-header.header-active{background-color:#4d5f87 !important;color:#ffffff !important;}.advgb-tabs-cab48caa-1b01-4346-b6bf-a1822a5a5de6 ul.advgb-tabs-panel li.advgb-tab.advgb-tab-active {background-color:#4d5f87 !important;color:#ffffff !important;}#advgb-tabs-cab48caa-1b01-4346-b6bf-a1822a5a5de6 .advgb-tab-body-header.header-active, .advgb-tabs-cab48caa-1b01-4346-b6bf-a1822a5a5de6 .advgb-tab-body-header.header-active{background-color:#4d5f87 !important;color:#ffffff !important;}<\/style>","protected":false},"excerpt":{"rendered":"<p>Descargar para Windows Descargar para MacOS Descarga para Linux Descargar para ChromeOS Siempre gratuito&nbsp;&nbsp;Descargue libremente, instale en los ordenadores que desee. Regularmente actualizado&nbsp;&nbsp;El software se desarrolla r\u00e1pidamente a partir de las sugerencias de los usuarios.&nbsp;&nbsp;&nbsp;&nbsp;Leer cambios (ingl\u00e9s) En 16 idiomas&nbsp;&nbsp;Un equipo de voluntarios traduce el software regularmente.&nbsp;&nbsp;Estad\u00edsticas de traducci\u00f3n &nbsp; Instale Chronojump en Windows &nbsp; [&hellip;]<\/p>\n","protected":false},"author":1,"featured_media":0,"parent":0,"menu_order":0,"comment_status":"closed","ping_status":"closed","template":"","meta":{"advgb_blocks_editor_width":"","advgb_blocks_columns_visual_guide":"","footnotes":""},"coauthors":[],"author_meta":{"author_link":"https:\/\/chronojump.org\/es\/author\/chronojump\/","display_name":"chronojump"},"relative_dates":{"created":"Publicado 6 a\u00f1os hace","modified":"Actualizado 2 semanas hace"},"absolute_dates":{"created":"Publicado el abril 28, 2020","modified":"Actualizado el abril 9, 2026"},"absolute_dates_time":{"created":"Publicado el abril 28, 2020 6:24 am","modified":"Actualizado el abril 9, 2026 4:05 pm"},"featured_img_caption":"","featured_img":false,"series_order":"","_links":{"self":[{"href":"https:\/\/chronojump.org\/es\/wp-json\/wp\/v2\/pages\/3176"}],"collection":[{"href":"https:\/\/chronojump.org\/es\/wp-json\/wp\/v2\/pages"}],"about":[{"href":"https:\/\/chronojump.org\/es\/wp-json\/wp\/v2\/types\/page"}],"author":[{"embeddable":true,"href":"https:\/\/chronojump.org\/es\/wp-json\/wp\/v2\/users\/1"}],"replies":[{"embeddable":true,"href":"https:\/\/chronojump.org\/es\/wp-json\/wp\/v2\/comments?post=3176"}],"version-history":[{"count":288,"href":"https:\/\/chronojump.org\/es\/wp-json\/wp\/v2\/pages\/3176\/revisions"}],"predecessor-version":[{"id":27112,"href":"https:\/\/chronojump.org\/es\/wp-json\/wp\/v2\/pages\/3176\/revisions\/27112"}],"wp:attachment":[{"href":"https:\/\/chronojump.org\/es\/wp-json\/wp\/v2\/media?parent=3176"}],"curies":[{"name":"wp","href":"https:\/\/api.w.org\/{rel}","templated":true}]}}