{"id":3179,"date":"2020-04-28T06:31:04","date_gmt":"2020-04-28T05:31:04","guid":{"rendered":"http:\/\/en.chronojump.org\/posters\/"},"modified":"2020-04-28T12:15:40","modified_gmt":"2020-04-28T11:15:40","slug":"posters","status":"publish","type":"page","link":"https:\/\/chronojump.org\/es\/posters\/","title":{"rendered":"P\u00f3sters"},"content":{"rendered":"<table border=\"0\" cellspacing=\"10\" cellpadding=\"2\" align=\"center\">\n<tbody>\n<tr id=\"seattle_09\" bgcolor=\"#e6e6fa\">\n<th colspan=\"2\">Validaci\u00f3n de Chronopic 3. P\u00f3ster presentado en el ACSM, Seattle 09<\/th>\n<\/tr>\n<tr>\n<td><img decoding=\"async\" src=\"..\/..\/images\/poster_seattle_acsm_09_400.png\" border=\"0\" \/><\/td>\n<td align=\"left\">\n<ul>\n<li><a href=\"..\/..\/images\/poster_seattle_acsm_09.png\">Ver p\u00f3ster<\/a><\/li>\n<li>Zoom parts:\n<ul>\n<li><a href=\"..\/..\/images\/poster_seattle_abstract.png\">Abstract<\/a><\/li>\n<li><a href=\"..\/..\/images\/poster_seattle_chronopic3.png\">Chronopic 3<\/a><\/li>\n<li><a href=\"..\/..\/images\/poster_seattle_purpose.png\">Purpose<\/a><\/li>\n<li><a href=\"..\/..\/images\/poster_seattle_results.png\">Results<\/a><\/li>\n<li><a href=\"..\/..\/images\/poster_seattle_discussion.png\">Discussion<\/a><\/li>\n<li><a href=\"..\/..\/images\/poster_seattle_chronojump.png\">Chronojump<\/a><\/li>\n<li><a href=\"..\/..\/images\/poster_seattle_authors.png\">Authors<\/a><\/li>\n<\/ul>\n<\/li>\n<\/ul>\n<\/td>\n<\/tr>\n<tr id=\"06-08\" bgcolor=\"#e6e6fa\">\n<th>Velocidad de barra de pesas usando using Chronojump.<br \/>\nPresentado en el ECSS, Estoril 08<\/th>\n<th>Proyecto Chronojump.<br \/>\nPresentedo en el ECSS, Lausanne 06<\/th>\n<\/tr>\n<tr>\n<td><a href=\"..\/..\/images\/poster_estoril_ecss_08.png\"><img decoding=\"async\" src=\"..\/..\/images\/poster_estoril_ecss_08_300h.png\" border=\"0\" \/><\/a><\/td>\n<td><a href=\"..\/..\/images\/poster_switzerland_ecss_06.png\"><img decoding=\"async\" src=\"..\/..\/images\/poster_switzerland_ecss_06_300h.png\" border=\"0\" \/><\/a><\/td>\n<\/tr>\n<\/tbody>\n<\/table>\n","protected":false},"excerpt":{"rendered":"<p>Validaci\u00f3n de Chronopic 3. P\u00f3ster presentado en el ACSM, Seattle 09 Ver p\u00f3ster Zoom parts: Abstract Chronopic 3 Purpose Results Discussion Chronojump Authors Velocidad de barra de pesas usando using Chronojump. Presentado en el ECSS, Estoril 08 Proyecto Chronojump. Presentedo en el ECSS, Lausanne 06<\/p>\n","protected":false},"author":1,"featured_media":0,"parent":0,"menu_order":0,"comment_status":"closed","ping_status":"closed","template":"","meta":{"advgb_blocks_editor_width":"","advgb_blocks_columns_visual_guide":"","footnotes":""},"coauthors":[],"author_meta":{"author_link":"https:\/\/chronojump.org\/es\/author\/chronojump\/","display_name":"chronojump"},"relative_dates":{"created":"Publicado 6 a\u00f1os hace","modified":"Actualizado 6 a\u00f1os hace"},"absolute_dates":{"created":"Publicado el abril 28, 2020","modified":"Actualizado el abril 28, 2020"},"absolute_dates_time":{"created":"Publicado el abril 28, 2020 6:31 am","modified":"Actualizado el abril 28, 2020 12:15 pm"},"featured_img_caption":"","featured_img":false,"series_order":"","_links":{"self":[{"href":"https:\/\/chronojump.org\/es\/wp-json\/wp\/v2\/pages\/3179"}],"collection":[{"href":"https:\/\/chronojump.org\/es\/wp-json\/wp\/v2\/pages"}],"about":[{"href":"https:\/\/chronojump.org\/es\/wp-json\/wp\/v2\/types\/page"}],"author":[{"embeddable":true,"href":"https:\/\/chronojump.org\/es\/wp-json\/wp\/v2\/users\/1"}],"replies":[{"embeddable":true,"href":"https:\/\/chronojump.org\/es\/wp-json\/wp\/v2\/comments?post=3179"}],"version-history":[{"count":1,"href":"https:\/\/chronojump.org\/es\/wp-json\/wp\/v2\/pages\/3179\/revisions"}],"predecessor-version":[{"id":3198,"href":"https:\/\/chronojump.org\/es\/wp-json\/wp\/v2\/pages\/3179\/revisions\/3198"}],"wp:attachment":[{"href":"https:\/\/chronojump.org\/es\/wp-json\/wp\/v2\/media?parent=3179"}],"curies":[{"name":"wp","href":"https:\/\/api.w.org\/{rel}","templated":true}]}}