{"id":3180,"date":"2020-04-28T06:33:27","date_gmt":"2020-04-28T05:33:27","guid":{"rendered":"http:\/\/en.chronojump.org\/investigacion\/"},"modified":"2024-10-01T11:43:50","modified_gmt":"2024-10-01T10:43:50","slug":"investigacion","status":"publish","type":"page","link":"https:\/\/chronojump.org\/es\/investigacion\/","title":{"rendered":"Investigaci\u00f3n"},"content":{"rendered":"\n<p><\/p>\n\n<p>Chronojump se usa en muchas publicaciones cient\u00edficas. Simplemente <a href=\"https:\/\/scholar.google.com\/scholar?q=Chronojump\">busque &#8220;Chronojump&#8221; en Google Acad\u00e9mico<\/a> para encontrar dichas publicaciones.<\/p>\n\n<figure class=\"wp-block-image\"><img decoding=\"async\" loading=\"lazy\" width=\"756\" height=\"500\" src=\"https:\/\/chronojump.org\/wp-content\/uploads\/2020\/01\/chronojumpScholarGraph.png\" alt=\"chronojumpscholargraph\" class=\"wp-image-2879\" srcset=\"https:\/\/chronojump.org\/wp-content\/uploads\/2020\/01\/chronojumpScholarGraph.png 756w, https:\/\/chronojump.org\/wp-content\/uploads\/2020\/01\/chronojumpScholarGraph-300x198.png 300w, https:\/\/chronojump.org\/wp-content\/uploads\/2020\/01\/chronojumpScholarGraph-416x275.png 416w\" sizes=\"(max-width: 756px) 100vw, 756px\" \/><\/figure>\n\n<ul>\n<li>Lea <a href=\"http:\/\/www.cafyd.com\/REVISTA\/ojs\/index.php\/ricyde\/article\/download\/528\/288\">este art\u00edculo de validaci\u00f3n de Chronojump para saltos.<\/a>.<\/li>\n\n\n\n<li>Lea esta tesis doctoral sobre la <a href=\"http:\/\/www.tdx.cat\/handle\/10803\/83302\">Creaci\u00f3n y validaci\u00f3n de las herramientas<\/a><\/li>\n<\/ul>\n\n<blockquote><h3>El software Chronojump se puede instalar en m\u00faltiples ordenadores sin l\u00edmites sobre el n\u00famero de investigadores o tama\u00f1o del equipo. No hay licencias de pago por uso ni actualizaci\u00f3n del software Chronojump.<\/h3>\r\n<h3>Estamos dispuestos a participar como Partners en proyectos de investigaci\u00f3n.<\/h3>\r\n<h3>Chronojump permite el acceso a los datos crudos (raw data).<\/h3><\/blockquote>\r\n\n<hr class=\"wp-block-separator has-css-opacity\"\/>\n\n<h3 class=\"wp-block-heading\"><\/h3>\n\n<h3 class=\"wp-block-heading\">Art\u00edculos publicados con Chronojump (clasificados por sensor)<\/h3>\n\n<p>Puede encontrar art\u00edculos revisados por pares que usen Chronojump en esta <a href=\"https:\/\/www.zotero.org\/groups\/4834791\/researchusingchronojump\/library\">colecci\u00f3n de Zotero<\/a> [<a href=\"https:\/\/www.zotero.org\/groups\/4834791\/researchusingcrhonojump\/library\">zotero.org\/groups\/4834791\/researchusingchronojump\/library<\/a>]&#13;\n<div class=\"notranslate\" style=\"all: initial;\"><\/div><\/p>\n\n<ul>\n<li><a href=\"https:\/\/www.zotero.org\/groups\/4834791\/researchusingchronojump\/collections\/6WV4Q32A\">Art\u00edculos que usan el encoder Chronojump<\/a> [https:\/\/www.zotero.org\/groups\/4834791\/researchusingchronojump\/collections\/6WV4Q32A]<\/li>\n\n\n\n<li><a href=\"https:\/\/www.zotero.org\/groups\/4834791\/researchusingchronojump\/collections\/AAF2WHZX\">Art\u00edculos que usan el sensor de fuerza de Chronojump<\/a> [https:\/\/www.zotero.org\/groups\/4834791\/researchusingchronojump\/collections\/AAF2WHZX]<\/li>\n\n\n\n<li><a href=\"https:\/\/www.zotero.org\/groups\/4834791\/researchusingchronojump\/collections\/TNW3MXP7\">Art\u00edculos que usan la plataforma de contactos Chronojump<\/a> [https:\/\/www.zotero.org\/groups\/4834791\/researchusingchronojump\/collections\/TNW3MXP7]<\/li>\n\n\n\n<li><a href=\"https:\/\/www.zotero.org\/groups\/4834791\/researchusingchronojump\/collections\/FD2M7LHF\">Art\u00edculos que usan las fotoc\u00e9lulas Chronojump<\/a> [https:\/\/www.zotero.org\/groups\/4834791\/researchusingchronojump\/collections\/FD2M7LHF]<\/li>\n\n\n\n<li>Art<a href=\"https:\/\/www.zotero.org\/groups\/4834791\/researchusingchronojump\/collections\/MY76XQUR\">\u00ed<\/a>culos que usan el RaceAnalyzer de Chronojump [https:\/\/www.zotero.org\/groups\/4834791\/researchusingchronojump\/collections\/MY76XQUR]<\/li>\n<\/ul>\n\n<p><\/p>\n\n<p>Si publica alg\u00fan art\u00edculo peer-reviewed usando nuestros encoders, y no est\u00e1 listado aqu\u00ed, <a href=\"https:\/\/chronojump.org\/es\/contacto\/\">contacte con nosotros<\/a>.<\/p>\n\n<p><\/p>\n\n<h3 class=\"wp-block-heading\">Premio<\/h3>\n\n<p><span class=\"tlid-translation translation\"><span class=\"\" title=\"\">Este es el resultado de la primera edici\u00f3n del Chronojump Research Award.<\/span><\/span><\/p>\n\n<p><span class=\"\" title=\"\">De todas las publicaciones de 2018 que han usado Chronojump Boscosystem, hemos evaluado las que cumpl\u00edan los requisitos del concurso, y el ganador ha sido:<\/span><\/p>\n\n<p>Basilio Pueo, Jose M. Jimenez-Olmedo, Patrycja Lipi\u0144ska, Krzysztofk Bu\u015bko y Alfonso Penichet-Tomas (2018). &#8220;<strong>Concurrent validity and reliability of proprietary and open-source jump mat systems for the assessment of vertical jumps in sport sciences<\/strong>&#8221; <a href=\"http:\/\/www.actabio.pwr.wroc.pl\/Vol20No3\/47.pdf\">Texto completo<\/a><\/p>\n\n<p><span class=\"tlid-translation translation\">El comit\u00e9 de evaluaci\u00f3n quiere hacer menci\u00f3n al art\u00edculo:<\/span><\/p>\n\n<p>V\u00edctor Illera-Dom\u00ednguez, Sergi Nuell , Gerard Carmona, Josep M. Padull\u00e9s, Xavier Padull\u00e9s, Mario Lloret, Roser Cuss\u00f3, Xavier Alomar and Joan A. Cadefau (2018). \u201c<strong>Early Functional and Morphological Muscle Adaptations During Short-Term Inertial-Squat Training.<\/strong>\u201d Frontiers in Physiology 9(1265). <a href=\"https:\/\/www.frontiersin.org\/articles\/10.3389\/fphys.2018.01265\/full\">Texto completo<\/a><\/p>\n\n<p><span class=\"tlid-translation translation\">Debido a la participaci\u00f3n de miembros de Chronojump en el estudio, el comit\u00e9 de evaluaci\u00f3n ha decidido que no puede ganar el premio pero igualmente desea hacer una menci\u00f3n especial.<\/span><\/p>\n\n<p><\/p>\n","protected":false},"excerpt":{"rendered":"<p>Chronojump se usa en muchas publicaciones cient\u00edficas. Simplemente busque &#8220;Chronojump&#8221; en Google Acad\u00e9mico para encontrar dichas publicaciones. El software Chronojump se puede instalar en m\u00faltiples ordenadores sin l\u00edmites sobre el n\u00famero de investigadores o tama\u00f1o del equipo. No hay licencias de pago por uso ni actualizaci\u00f3n del software Chronojump. Estamos dispuestos a participar como Partners [&hellip;]<\/p>\n","protected":false},"author":2,"featured_media":0,"parent":0,"menu_order":0,"comment_status":"closed","ping_status":"closed","template":"","meta":{"advgb_blocks_editor_width":"","advgb_blocks_columns_visual_guide":"","footnotes":""},"coauthors":[],"author_meta":{"author_link":"https:\/\/chronojump.org\/es\/author\/xdeblas\/","display_name":"xdeblas"},"relative_dates":{"created":"Publicado 6 a\u00f1os hace","modified":"Actualizado 2 a\u00f1os hace"},"absolute_dates":{"created":"Publicado el abril 28, 2020","modified":"Actualizado el octubre 1, 2024"},"absolute_dates_time":{"created":"Publicado el abril 28, 2020 6:33 am","modified":"Actualizado el octubre 1, 2024 11:43 am"},"featured_img_caption":"","featured_img":false,"series_order":"","_links":{"self":[{"href":"https:\/\/chronojump.org\/es\/wp-json\/wp\/v2\/pages\/3180"}],"collection":[{"href":"https:\/\/chronojump.org\/es\/wp-json\/wp\/v2\/pages"}],"about":[{"href":"https:\/\/chronojump.org\/es\/wp-json\/wp\/v2\/types\/page"}],"author":[{"embeddable":true,"href":"https:\/\/chronojump.org\/es\/wp-json\/wp\/v2\/users\/2"}],"replies":[{"embeddable":true,"href":"https:\/\/chronojump.org\/es\/wp-json\/wp\/v2\/comments?post=3180"}],"version-history":[{"count":23,"href":"https:\/\/chronojump.org\/es\/wp-json\/wp\/v2\/pages\/3180\/revisions"}],"predecessor-version":[{"id":22880,"href":"https:\/\/chronojump.org\/es\/wp-json\/wp\/v2\/pages\/3180\/revisions\/22880"}],"wp:attachment":[{"href":"https:\/\/chronojump.org\/es\/wp-json\/wp\/v2\/media?parent=3180"}],"curies":[{"name":"wp","href":"https:\/\/api.w.org\/{rel}","templated":true}]}}