{"id":3184,"date":"2020-04-28T06:39:47","date_gmt":"2020-04-28T05:39:47","guid":{"rendered":"http:\/\/en.chronojump.org\/macos-10-13-high-sierra\/"},"modified":"2020-04-28T06:39:47","modified_gmt":"2020-04-28T05:39:47","slug":"macos-10-13-high-sierra","status":"publish","type":"page","link":"https:\/\/chronojump.org\/es\/macos-10-13-high-sierra\/","title":{"rendered":"MacOS 10.13 (High Sierra)"},"content":{"rendered":"<p>Desde la actualizaci\u00f3n de MacOS a la versi\u00f3n 10.13 no es necesario instalar los controladores (drivers) de Chronopic.<\/p>\n<p>Si usa la versi\u00f3n 10.13 (High Sierra) o superior<br \/>\ny hab\u00eda instalado los controladores de Chronopic anteriormente<br \/>\ny ahora no le funcionan correctamente<br \/>\n&#8230; le recomendamos que desinstale los controladores de Chronopic siguiendo los siguientes pasos:<\/p>\n<ol>\n<li>Abra una ventana de Finder.<\/li>\n<li>Vaya a Men\u00fa -&gt; Finder -&gt; Preferencias<\/li>\n<li>En la pesta\u00f1a General -&gt; Mostrar estos \u00edtems en el escritorio: Marque <strong>Discos duros.<\/strong><\/li>\n<li>En el escritorio abra Macintosh HD<\/li>\n<li>Vaya a \/Sistema\/Biblioteca\/Extensions<\/li>\n<li>Busque <strong>FTDIUSBSerialDriver.kext<\/strong> y mu\u00e9valo a la papelera.<\/li>\n<li>Vaya atr\u00e1s tres veces y entre en \/Biblioteca<\/li>\n<li>Busque <strong>FTDIUSBSerialDriver.pkg<\/strong> y mu\u00e9valo a la papelera.<\/li>\n<li>Vaya a Men\u00fa -&gt; Finder -&gt; Preferencias<\/li>\n<li>En la pesta\u00f1a General -&gt; Mostrar estos \u00edtems en el escritorio: Desmarque <strong>Discos duros<\/strong>.<\/li>\n<li>Aseg\u00farese de no tener ning\u00fan dispositivo USB conectado al ordenador y reinicie el mismo.<\/li>\n<\/ol>\n","protected":false},"excerpt":{"rendered":"<p>Desde la actualizaci\u00f3n de MacOS a la versi\u00f3n 10.13 no es necesario instalar los controladores (drivers) de Chronopic. Si usa la versi\u00f3n 10.13 (High Sierra) o superior y hab\u00eda instalado los controladores de Chronopic anteriormente y ahora no le funcionan correctamente &#8230; le recomendamos que desinstale los controladores de Chronopic siguiendo los siguientes pasos: Abra [&hellip;]<\/p>\n","protected":false},"author":1,"featured_media":0,"parent":0,"menu_order":0,"comment_status":"closed","ping_status":"closed","template":"","meta":{"advgb_blocks_editor_width":"","advgb_blocks_columns_visual_guide":"","footnotes":""},"coauthors":[],"author_meta":{"author_link":"https:\/\/chronojump.org\/es\/author\/chronojump\/","display_name":"chronojump"},"relative_dates":{"created":"Publicado 6 a\u00f1os hace","modified":"Actualizado 6 a\u00f1os hace"},"absolute_dates":{"created":"Publicado el abril 28, 2020","modified":"Actualizado el abril 28, 2020"},"absolute_dates_time":{"created":"Publicado el abril 28, 2020 6:39 am","modified":"Actualizado el abril 28, 2020 6:39 am"},"featured_img_caption":"","featured_img":false,"series_order":"","_links":{"self":[{"href":"https:\/\/chronojump.org\/es\/wp-json\/wp\/v2\/pages\/3184"}],"collection":[{"href":"https:\/\/chronojump.org\/es\/wp-json\/wp\/v2\/pages"}],"about":[{"href":"https:\/\/chronojump.org\/es\/wp-json\/wp\/v2\/types\/page"}],"author":[{"embeddable":true,"href":"https:\/\/chronojump.org\/es\/wp-json\/wp\/v2\/users\/1"}],"replies":[{"embeddable":true,"href":"https:\/\/chronojump.org\/es\/wp-json\/wp\/v2\/comments?post=3184"}],"version-history":[{"count":0,"href":"https:\/\/chronojump.org\/es\/wp-json\/wp\/v2\/pages\/3184\/revisions"}],"wp:attachment":[{"href":"https:\/\/chronojump.org\/es\/wp-json\/wp\/v2\/media?parent=3184"}],"curies":[{"name":"wp","href":"https:\/\/api.w.org\/{rel}","templated":true}]}}