{"id":3185,"date":"2020-04-28T06:41:48","date_gmt":"2020-04-28T05:41:48","guid":{"rendered":"http:\/\/en.chronojump.org\/newsletter\/"},"modified":"2020-05-04T18:40:45","modified_gmt":"2020-05-04T17:40:45","slug":"newsletter","status":"publish","type":"page","link":"https:\/\/chronojump.org\/es\/newsletter\/","title":{"rendered":"Newsletter"},"content":{"rendered":"<p>Debido a razones RGPD, el env\u00edo de boletines fueron cancelados provisionalmente.<\/p>\n<p>Actualmente, el bolet\u00edn todav\u00eda est\u00e1 suspendido ya que recibimos notificaciones de que ya ten\u00eda suficiente informaci\u00f3n de Chronojump a trav\u00e9s de las redes sociales. Si fuese de su inter\u00e9s, reiniciaremos la entrega de boletines.<\/p>\n<hr \/>\n<h3>Archivos anteriores:<\/h3>\n<ul>\n<li><a href=\"http:\/\/eepurl.com\/dwmKJ9\">Mayo 2018<\/a><\/li>\n<li><a href=\"http:\/\/eepurl.com\/du3Qkb\">Abril 2018<\/a><\/li>\n<li><a href=\"http:\/\/eepurl.com\/drB7Wj\">Marzo 2018<\/a><\/li>\n<li><a href=\"http:\/\/eepurl.com\/dnrfDn\">Febrero 2018<\/a><\/li>\n<li><a href=\"https:\/\/mailchi.mp\/c76ce8817031\/chronojump-newsletter-january-2018\">Enero 2018<\/a><\/li>\n<\/ul>\n","protected":false},"excerpt":{"rendered":"<p>Debido a razones RGPD, el env\u00edo de boletines fueron cancelados provisionalmente. Actualmente, el bolet\u00edn todav\u00eda est\u00e1 suspendido ya que recibimos notificaciones de que ya ten\u00eda suficiente informaci\u00f3n de Chronojump a trav\u00e9s de las redes sociales. Si fuese de su inter\u00e9s, reiniciaremos la entrega de boletines. Archivos anteriores: Mayo 2018 Abril 2018 Marzo 2018 Febrero 2018 [&hellip;]<\/p>\n","protected":false},"author":1,"featured_media":0,"parent":0,"menu_order":0,"comment_status":"closed","ping_status":"closed","template":"","meta":{"advgb_blocks_editor_width":"","advgb_blocks_columns_visual_guide":"","footnotes":""},"coauthors":[],"author_meta":{"author_link":"https:\/\/chronojump.org\/es\/author\/chronojump\/","display_name":"chronojump"},"relative_dates":{"created":"Publicado 6 a\u00f1os hace","modified":"Actualizado 6 a\u00f1os hace"},"absolute_dates":{"created":"Publicado el abril 28, 2020","modified":"Actualizado el mayo 4, 2020"},"absolute_dates_time":{"created":"Publicado el abril 28, 2020 6:41 am","modified":"Actualizado el mayo 4, 2020 6:40 pm"},"featured_img_caption":"","featured_img":false,"series_order":"","_links":{"self":[{"href":"https:\/\/chronojump.org\/es\/wp-json\/wp\/v2\/pages\/3185"}],"collection":[{"href":"https:\/\/chronojump.org\/es\/wp-json\/wp\/v2\/pages"}],"about":[{"href":"https:\/\/chronojump.org\/es\/wp-json\/wp\/v2\/types\/page"}],"author":[{"embeddable":true,"href":"https:\/\/chronojump.org\/es\/wp-json\/wp\/v2\/users\/1"}],"replies":[{"embeddable":true,"href":"https:\/\/chronojump.org\/es\/wp-json\/wp\/v2\/comments?post=3185"}],"version-history":[{"count":3,"href":"https:\/\/chronojump.org\/es\/wp-json\/wp\/v2\/pages\/3185\/revisions"}],"predecessor-version":[{"id":3331,"href":"https:\/\/chronojump.org\/es\/wp-json\/wp\/v2\/pages\/3185\/revisions\/3331"}],"wp:attachment":[{"href":"https:\/\/chronojump.org\/es\/wp-json\/wp\/v2\/media?parent=3185"}],"curies":[{"name":"wp","href":"https:\/\/api.w.org\/{rel}","templated":true}]}}