{"id":3186,"date":"2020-04-28T06:44:10","date_gmt":"2020-04-28T05:44:10","guid":{"rendered":"http:\/\/en.chronojump.org\/software-1-9-x\/"},"modified":"2020-04-28T06:44:10","modified_gmt":"2020-04-28T05:44:10","slug":"software-1-9-x","status":"publish","type":"page","link":"https:\/\/chronojump.org\/es\/software-1-9-x\/","title":{"rendered":"software-1-9-x\/"},"content":{"rendered":"<p>Esta p\u00e1gina muestra los cambios de las diferentes versiones de Chronojump publicadas en 2019. Esta p\u00e1gina no est\u00e1 traducida.<\/p>\n<p><!--\nSeleccione versi\u00f3n:\n\n\n\n<ul>\n \t\n\n<li><a href=\"#1_9_1\">Chronojump 1.9.1<\/a>  (2019 Sept ... soon)<\/li>\n\n\n \t\n\n<li><a href=\"#1_9_0\">Chronojump 1.9.0<\/a>  (22 julio 2019)<\/li>\n\n\n<\/ul>\n\n\n--><\/p>\n<div id=\"1_9_0\" style=\"padding: 30pt 0pt;\">\n<h2>Chronojump software: 1.9.0 (2019 July 22)<\/h2>\n<p><span class=\"highlight2\"><i class=\"fa fa-video-camera fa-2x\"><\/i> Grabaci\u00f3n de v\u00eddeo<\/span><\/p>\n<ul>\n<li><b>Chronojump can now capture and play any test of jumps\/runs\/encoder. Sorry no force platform yet.<\/b><\/li>\n<li><b>On jumps\/runs, play can be done at last test and at results table<\/b><\/li>\n<li><b>On preferences window cameras are detected and also their format\/resolution\/framerate<\/b><\/li>\n<li><b>Camera can be previewed to see if test will be captured ok<\/b><\/li>\n<li><b>Can make a photo on edit person window<\/b><\/li>\n<li><b>Note that in current version video cannot be seen while capturing<\/b><\/li>\n<li><b>When camera is ready, test starts. Camera ends 2 seconds after test end to allow all test being recorded. This is configurable on preferences. Note this is not well synchronized right now.<\/b><\/li>\n<li><b>Also Chronojump checks at start if camera is on, and preferences can check it, and stop record\/play processes if needed.<\/b><\/li>\n<li><b>Note If there is as serious problem with the camera and it does not stop recording, all video is in temporary folder so it will be deleted on system reboot.<\/b><\/li>\n<\/ul>\n<p><span class=\"highlight2\"><i class=\"fa fa-clock-o fa-2x\"><\/i>  Saltos, Carreras<\/span><\/p>\n<ul>\n<li><b>Create jump\/jumpRj type selects as default on combos select\/result<\/b><\/li>\n<li><b>Create run\/runInterval type selects as default on combos select\/result<\/b><\/li>\n<li>JumpsProfile is updated always at clicking on analyze<\/li>\n<li>Jumps profile help and recomendations on a notebook<\/li>\n<li>Shown formula on rjEvolution<\/li>\n<li>Added units on Power at execute table<\/li>\n<li>&#8220;Lap time&#8221; instead of &#8220;TF&#8221; at repair runInterval<\/li>\n<\/ul>\n<p><span class=\"highlight2\"><i class=\"fa fa-bar-chart fa-2x\"><\/i>  Encoder<\/span><\/p>\n<ul>\n<li><b>On inertial capture preferences it can be selected how many initial repetitions will be discarded (by default now value is 3)<\/b><\/li>\n<li><b>The discarded repetitions cannot be selected\/discarded using any button<\/b><\/li>\n<li><b>Changed save repetitions buttons to: best\/all\/allbutlast\/none. All but last is the natural replacement of 4ap (from 4 to penultimate) note now the initial discarding repetitions is configurable.<\/b><\/li>\n<li><b>Fixed change repetitions owner when set owner (person) changes<\/b><\/li>\n<li><b>Added PNEUMATIC mode<\/b> (currently located on gravitatory mode)<\/b><\/li>\n<li><b>On groupal analysis, name of person is shown on analyze table<\/b><\/li>\n<li><b>Loss of speed or power on Ecc-con uses only concentric phase<\/b><\/li>\n<li>Feedback buttons for tactile devices<\/li>\n<li>Edit set is much more efficient now, and graphical interface is better<\/li>\n<li>On inertial capture ecc-con phases are much clear now with two vertical labels<\/li>\n<li>Inertial recalibrate button moved to top<\/li>\n<li>Improved lines on Ecc\/con capture bars<\/li>\n<li>Added Force\/Velocity fitted formula<\/li>\n<li>Better calc and display of non-discarded reps avg and loss<\/li>\n<li>Analyze combo exercises shows exercices with repetitions<\/li>\n<li>Related to Pmax(F0,V0)<\/li>\n<ul>\n<li>In Pmax(F0,V0) alert if some date are discarded<\/li>\n<li>Avoiding overlaping dates in Pmax(V0,F0)<\/li>\n<li>Separate days in the same session for Pmax(F0,V0)<\/li>\n<\/ul>\n<li>Separate session in days option for intersession gui<\/li>\n<li>Showing speed in inertial whole set<\/li>\n<li>Propulsive line is always shown on instant graphs (not only when accel is shown)<\/li>\n<li>Encoder instant graph: shown Propulsive\/Non propulsive at sides of abline<\/li>\n<li>Shadow under position by polygon ends at propulsiveEnd<\/li>\n<li>Exercise will not change on change person or analyze mode<\/li>\n<li>Inertial capture show ecc\/con vertical label while capture<\/li>\n<li>Cannot capture or edit exercise if no exercise exists<\/li>\n<li>Recording time max from 999s to 3600s<\/li>\n<li>Capture inactivity max from 20s to 60s<\/li>\n<li>It is possible to mark that we do not want to automatically end on inactivity<\/li>\n<li>Improvements on analyze\/superpose and now always shows ok the labels of each repetition<\/li>\n<li>If propulsive is active on preferences, it is shown on a label at bottom of capture tab<\/li>\n<li>Button analyze mean\/max with a label to show it clear<\/li>\n<li>Device button at can be activated even when there&#8217;s no person (like in jumps\/races)<\/li>\n<li>Fixed showNRepetitions on eccentric at capture, sometimes when only n repetitons are shown while capture, ecc\/con phase was not synchronized<\/li>\n<li>Fixed fitCurveCalc when X is date on different lateralities<\/li>\n<li>Fixed intersession, F,P \/ V profiles<\/li>\n<li>Fixed laterality line fitting <\/li>\n<li>Fixed diameters on analyzing multiple encoder files (different series) (gravitatory)<\/li>\n<li>Fixed eventual crash on delete encoder set on version 1.8.1<\/li>\n<li>Two session menuitems moved to new encoder menu<\/li>\n<\/ul>\n<p><span class=\"highlight2\"><i class=\"fa fa-area-chart fa-2x\"><\/i>  Sensor de fuerza<\/span><\/p>\n<ul>\n<li><b>On analyze general there is zoom in\/out<\/b><\/li>\n<li><b>User can create\/edit exercises, mark laterality and comments of test, right now this is only stored on the name of the file<\/b><\/li>\n<li><b>When loading a set, person will be selected (if available on this session) and also exercise\/laterality\/comment. Filename is shown in a label to avoid confusion.<\/b><\/li>\n<li><b>Capture with feedback rectangle, it helps to maintain the force in a selected range and shows Error (with the feedback)<\/b><\/li>\n<li><b>Analyze capture with AB shows variability<\/b><\/li>\n<li>Analyze main options inverted. Now default analysis is &#8220;general&#8221; and the other analysis is called &#8220;RFD Automatic&#8221;<\/li>\n<li>Analyze &#8220;general&#8221; shows horizontal\/vertical lines<\/li>\n<li>Maximum Isometric Force. Added MeanError in legend<\/li>\n<li>Maximum Isometric Force. Improved start detecting method. Find the best fit. Improved adjustment of the model<\/li>\n<li>While tare or calibrate, that buttons are unsensitive<\/li>\n<li>By default force sensor does not show logs while capturing<\/li>\n<li>Analyze AB scale fixed at a, b extremes<\/li>\n<li>Fixed avg at ForceSensorCapturePoints (was divided by n-1).<\/li>\n<li>Fixed if an opened captured file is being deleted from the operating system by the user<\/li>\n<li>Two session menuitems moved to new force_sensor menu<\/li>\n<\/ul>\n<p><span class=\"highlight2\"><i class=\"fa fa-sitemap fa-2x\"><\/i>  Chronojump-Networks<\/span><\/p>\n<ul>\n<li><b>Admin can send an email from Chronojump with any captured image<\/b><\/li>\n<li><b>month change not only at boot, also when user is identified.<\/b><\/li>\n<li><b>Devices can be changed selecting checkbox on preferences, and it will be unsensitive again when user logout\/change<\/b><\/li>\n<li>Can know if a user is admin (locally)<\/li>\n<li>Added button_encoder_monthly_change_current_session for compujump admin user <\/li>\n<li>compujump change person will load actual session if admin user changed it<\/li>\n<li>Compujump can connect to a Django server<\/li>\n<li>It download correctly the person images on a Flask or Django server<\/li>\n<li>UploadSprintData pmax now ok (since 1 year old commit)<\/li>\n<li>Camera is disabled for Chronojump Networks<\/li>\n<li>Ensure persons are on top (always without lateral person treeview)<\/li>\n<\/ul>\n<p><span class=\"highlight2\"><i class=\"fa fa-thumbs-up fa-2x\"><\/i>  Otros cambios de Chronojump<\/span><\/p>\n<ul>\n<li><b>Copy database takes half time (now do not copies backups), gives better feedback with 2 progressbars, show current dir\/subdir, &#8230;<\/b><\/li>\n<li><b>Finish and cancel button on contacts with names (easier to understand)<\/b><\/li>\n<li><b>Improvements on import sessions<\/b>\n<ul>\n<li><b>Fixed chronojump encoder import curves where not linked to signal<\/b><\/li>\n<li>Fixed no &#8220;curve&#8221; folder created if there are no curves on imported session.<\/li>\n<li>Fixed problem importing session where persons have latin chars on their encoder files on mac.<\/li>\n<li>Now is very easy to debug chronojump-importer<\/li>\n<\/ul>\n<li>Improvements on device detection window<\/li>\n<ul>\n<li>chronopic message: &#8220;Unknown&#8221; -> &#8220;Not configured&#8221;<\/li>\n<li>Changed board-unknown image<\/li>\n<li>On Linux dialout permissions are checked on start<\/li>\n<\/ul>\n<li>Improvements on persons management<\/b>\n<ul>\n<li>When persons on top is selected, personSelect window selects person better (not hiding the photo)<\/li>\n<li>On new persons from CSV expected column delimiter is shown<\/li>\n<li>New persons CSV column delimiter (&#8216;,&#8217; or &#8216;;&#8217;) depending on preferences<\/li>\n<li>Fixed not showing persons when one is deleted<\/li>\n<\/ul>\n<li>Closing Chronojump (delete event) while contacts capture now cancels capturie (also webcam capture)<\/li>\n<li>selectRowTreeView_persons scrolls to row when person changes<\/li>\n<li>Ping WebRequest.Create with try\/catch for users with problems on proxy<\/li>\n<li>Lots of minor changes related to interface, like better spaces, replaced some icons, &#8230;<\/li>\n<li>Exhibitions:<\/li>\n<ul>\n<li>Added client\/server feature for capture many people on few time (on exhibitions like YOMO) and have the users created previously with cards.<\/li>\n<li>Data is automatically uploaded, and graphs automatically done.<\/li>\n<\/ul>\n<\/ul>\n<p><span class=\"highlight2\"><i class=\"fa fa-flag-o fa-2x\"><\/i>  Traducciones<\/span><\/p>\n<ul>\n<li>Updated translations: Brazilian Portuguese, Catalan, Czech, German, Italian, Spanish, Swedish<\/li>\n<\/ul>\n<p><span class=\"highlight2\"><i class=\"fa fa-book fa-2x\"><\/i>  Documentaci\u00f3n<\/span><\/p>\n<ul>\n<li>Updated English and Spanish manuals<\/li>\n<\/ul>\n<\/div>\n<p> <!-- 1_9_0 --><\/p>\n<hr style=\"border: 0; height: 1px; background-image: linear-gradient(to right, rgba(0, 0, 0, 0), rgba(0, 0, 0, 0.75), rgba(0, 0, 0, 0));\" \/>\n<p>Registro de cambios (por a\u00f1os): 2019, <a href=\"https:\/\/chronojump.org\/software-1-8-x\/?lang=es\">2018<\/a>, <a href=\"https:\/\/chronojump.org\/software-1-7-x\/?lang=es\">2017<\/a>, <a href=\"https:\/\/chronojump.org\/software-1-6-x\/?lang=es\">2016<\/a>, <a href=\"https:\/\/chronojump.org\/software-1-5-x\/?lang=es\">2015<\/a><\/p>\n","protected":false},"excerpt":{"rendered":"<p>Esta p\u00e1gina muestra los cambios de las diferentes versiones de Chronojump publicadas en 2019. Esta p\u00e1gina no est\u00e1 traducida. Chronojump software: 1.9.0 (2019 July 22) Grabaci\u00f3n de v\u00eddeo Chronojump can now capture and play any test of jumps\/runs\/encoder. Sorry no force platform yet. On jumps\/runs, play can be done at last test and at results [&hellip;]<\/p>\n","protected":false},"author":2,"featured_media":0,"parent":0,"menu_order":0,"comment_status":"closed","ping_status":"closed","template":"","meta":{"advgb_blocks_editor_width":"","advgb_blocks_columns_visual_guide":"","footnotes":""},"coauthors":[],"author_meta":{"author_link":"https:\/\/chronojump.org\/es\/author\/xdeblas\/","display_name":"xdeblas"},"relative_dates":{"created":"Publicado 6 a\u00f1os hace","modified":"Actualizado 6 a\u00f1os hace"},"absolute_dates":{"created":"Publicado el abril 28, 2020","modified":"Actualizado el abril 28, 2020"},"absolute_dates_time":{"created":"Publicado el abril 28, 2020 6:44 am","modified":"Actualizado el abril 28, 2020 6:44 am"},"featured_img_caption":"","featured_img":false,"series_order":"","_links":{"self":[{"href":"https:\/\/chronojump.org\/es\/wp-json\/wp\/v2\/pages\/3186"}],"collection":[{"href":"https:\/\/chronojump.org\/es\/wp-json\/wp\/v2\/pages"}],"about":[{"href":"https:\/\/chronojump.org\/es\/wp-json\/wp\/v2\/types\/page"}],"author":[{"embeddable":true,"href":"https:\/\/chronojump.org\/es\/wp-json\/wp\/v2\/users\/2"}],"replies":[{"embeddable":true,"href":"https:\/\/chronojump.org\/es\/wp-json\/wp\/v2\/comments?post=3186"}],"version-history":[{"count":0,"href":"https:\/\/chronojump.org\/es\/wp-json\/wp\/v2\/pages\/3186\/revisions"}],"wp:attachment":[{"href":"https:\/\/chronojump.org\/es\/wp-json\/wp\/v2\/media?parent=3186"}],"curies":[{"name":"wp","href":"https:\/\/api.w.org\/{rel}","templated":true}]}}