{"id":3187,"date":"2020-04-28T06:45:18","date_gmt":"2020-04-28T05:45:18","guid":{"rendered":"http:\/\/en.chronojump.org\/software-1-8-x\/"},"modified":"2020-04-28T06:45:18","modified_gmt":"2020-04-28T05:45:18","slug":"software-1-8-x","status":"publish","type":"page","link":"https:\/\/chronojump.org\/es\/software-1-8-x\/","title":{"rendered":"software-1-8-x\/"},"content":{"rendered":"<p>Esta p\u00e1gina muestra los cambios de las diferentes versiones de Chronojump publicadas en 2018.<\/p>\n<p>Seleccione versi\u00f3n:<\/p>\n<ul>\n<li><a href=\"#1_8_1-95\">Chronojump 1.8.1-95<\/a>  (29 de junio de 2018)<\/li>\n<li><a href=\"#1_8_1-54\">Chronojump 1.8.1-54<\/a>  (29 de mayo de 2018)<\/li>\n<li><a href=\"#1_8_1-37\">Chronojump 1.8.1-37<\/a>  (11 de mayo de 2018)<\/li>\n<li><a href=\"#1_8_1\">Chronojump 1.8.1<\/a>  (27 de abril de 2018)<\/li>\n<li><a href=\"#1_8_0\">Chronojump 1.8.0<\/a>  (16 de febrero de 2018)<\/li>\n<\/ul>\n<div id=\"1_8_1-95\" style=\"padding: 30pt 0pt;\">\n<h2>Chronojump software: 1.8.1-95 (29 de junio de 2018)<\/h2>\n<p><span class=\"highlight2\"><i class=\"fa fa-clock-o fa-2x\"><\/i> Saltos, Carreras<\/span><\/p>\n<ul>\n<li>El perfil de saltos muestra claramente qu\u00e9 saltos faltan para completar el perfil.<\/li>\n<li>El perfil de saltos puede mostrar valores negativos porque ahora incluye tambi\u00e9n un gr\u00e1fico de barras. Esto permite ver los resultados cuando los sujetos tienen un salto ABK superior al DJa (por ejemplo en futbolistas).<\/li>\n<li>El perfil de saltos muestra la fecha y tiene otras mejoras gr\u00e1ficas.<\/li>\n<li>El gr\u00e1fico de an\u00e1lisis de sprint se puede exportar a png.<\/li>\n<li>El gr\u00e1fico de sprint muestra ahora el nombre del sujeto y tiene otras mejoras.<\/li>\n<\/ul>\n<p><span class=\"highlight2\"><i class=\"fa fa-bar-chart fa-2x\"><\/i>  Encoder<\/span><\/p>\n<ul>\n<li>El an\u00e1lisis cruzando variables ahora muestra la lateralidad para los modos intersesi\u00f3n e intersujeto.<\/li>\n<li>Arreglado el conteo de series en la vista general de series de encoder inercial.<\/li>\n<li>La tabla de an\u00e1lisis muestra ahora las fechas de ejecuci\u00f3n del test y no la fecha de la sesi\u00f3n. Mejor para los usuarios con sesiones que duran varios d\u00edas.<\/li>\n<li>Si en la captura de encoder no se detectan repeticiones porque el rango de movimiento es inferior al m\u00ednimo determinado, se muestra un mensaje aclaratorio.<\/li>\n<\/ul>\n<p><span class=\"highlight2\"><i class=\"fa fa-area-chart fa-2x\"><\/i>  Sensor de fuerza<\/span><\/p>\n<ul>\n<li>Se muestra el tiempo de captura durante la captura.<\/li>\n<li>En el an\u00e1lisis manual se permite mover las escalas horizontales AB al mismo tiempo.<\/li>\n<li>Arreglado fallo al pulsar la casilla de verificaci\u00f3n de mostrar la escala horizontal B cuando a\u00fano no se ha cargado ning\u00fan gr\u00e1fico.<\/li>\n<li>Arreglado fallo (crash) de si se carga un archivo vac\u00edo.<\/li>\n<\/ul>\n<p><span class=\"highlight2\"><i class=\"fa fa-sitemap fa-2x\"><\/i>  Chronojump-networks<\/span><\/p>\n<ul>\n<li>Al subir los datos se gestiona correctamente el n\u00famero de repeticiones, medias y m\u00e1ximos cuando se ha capturado en modo exc-conc\u00e9ntrico.<\/li>\n<\/ul>\n<p><span class=\"highlight2\"><i class=\"fa fa-thumbs-up fa-2x\"><\/i>  Otros cambios<\/span><\/p>\n<ul>\n<li>Arreglado fallo (crash) cuando se borra un sujeto en la ventana de sujetos superior (este error estaba presente desde las \u00faltimas versiones).<\/li>\n<li>Eliminadas las dependencias de gstreamer. Las versiones futuras tendr\u00e1n soporte de webcam via ffmpeg.<\/li>\n<\/ul>\n<p><span class=\"highlight2\"><i class=\"fa fa-flag-o fa-2x\"><\/i>  Traducciones<\/span><\/p>\n<ul>\n<li>Actualizadas las traducciones: catal\u00e1n, espa\u00f1ol.<\/li>\n<\/ul>\n<\/div>\n<p> <!-- 1_8_1-95 --><\/p>\n<div id=\"1_8_1-54\" style=\"padding: 30pt 0pt;\">\n<h2>Chronojump software: 1.8.1-54 (29 de mayo de 2018)<\/h2>\n<ul>\n<li>Arreglado <b>captura de carreras con tramos que terminan por tiempo<\/b>. Este problema apareci\u00f3 en la versi\u00f3n 1.8.1, pues esta versi\u00f3n cambiaba profundamente la captura de carreras con tramos pero mostraba inconsistencias en la interfaz gr\u00e1fica en las capturas limitadas por tiempo. Ahora funciona correctamente tanto si el l\u00edmite es el tiempo como si son tramos, o si no tienen l\u00edmite alguno.<\/li>\n<li>Al capturar con el encoder se puede ver ahora s\u00f3lo las \u00faltimas barras. Ver preferencias, captura con encoder.<\/li>\n<li>El tiempo de captura m\u00e1xima con el encoder pasa de 180 segundos a 999.<\/li>\n<li>Otros cambios menores<\/li>\n<\/ul>\n<\/div>\n<p> <!-- 1_8_1-54 --><\/p>\n<div id=\"1_8_1-37\" style=\"padding: 30pt 0pt;\">\n<h2>Chronojump software: 1.8.1-37 (11 de mayo de 2018)<\/h2>\n<p><span class=\"highlight2\"><i class=\"fa fa-area-chart fa-2x\"><\/i>  Sensor de fuerza<\/span><\/p>\n<p><b>Nuevo modo de an\u00e1lisis de los datos del sensor de fuerza: &#8220;Manual&#8221;<\/b>.<br \/>\nEl modo manual permite evaluar la fuerza, RFD, impulso y el impulso en cualquier rango de datos.<br \/>\nLas versiones anteriores s\u00f3lo ten\u00edan el modo &#8220;Autom\u00e1tico&#8221;, dicho modo est\u00e1 pensado \u00fanicamente para el an\u00e1lisis de la fuerza m\u00e1xima isom\u00e9trica en un cuando \u00e9sta se mantiene a lo largo de algunos segundos. Por otro lado, el nuevo modo &#8220;Manual&#8221; no est\u00e1 restringido a una \u00fanica tracci\u00f3n. Es posible analizar cualquier fuerza que se haya hecho a lo largo del tiempo, por ejemplo: analizar cada una de la brazadas de nataci\u00f3n en que el el nadador est\u00e1 atado a una cuerda.<br \/>\nSe puede guardar la imagen. Se pueden exportar los datos crudos as\u00ed como las medias y m\u00e1ximos.<br \/>\nEste modo es muy parecido al modo instant\u00e1neo de an\u00e1lisis con el encoder.<\/p>\n<p><span class=\"highlight2\"><i class=\"fa fa-thumbs-up fa-2x\"><\/i>&nbsp;&nbsp;Cambios menores<\/span><\/p>\n<ul>\n<li>Los gr\u00e1ficos de carreras simples y con tramos ya no muestran los tiempos de contacto si se ha deshabilitado el modo de &#8220;contactos dobles&#8221; en las preferencias.<\/li>\n<li>El an\u00e1lisis instant\u00e1neo con el encoder en modo &#8220;Toda la serie&#8221; ahora s\u00f3lo est\u00e1 disponible cuando se analiza una serie (primer modo de an\u00e1lisis).<\/li>\n<li>En la ventana de feedback se muestra la &#8220;Variable principal&#8221; s\u00f3lo cuando se trabaja con encoder.<\/li>\n<li>Se ha corregido el nombre de la etiqueta del eje de la X en el encoder an\u00e1lisis cuando se usa la fecha en la X.<\/li>\n<li>Cambios menores en algunos iconos del encoder.<\/li>\n<li>Eliminado el setup inicial del video para encoder en Linux.<\/li>\n<\/ul>\n<p><span class=\"highlight2\"><i class=\"fa fa-flag-o fa-2x\"><\/i>  Traducciones<\/span><\/p>\n<ul>\n<li>catal\u00e1n<\/li>\n<li>checho<\/li>\n<li>espa\u00f1ol<\/li>\n<li>portugu\u00e9s de Brasil<\/li>\n<\/ul>\n<\/div>\n<p> <!-- 1_8_1-37 --><\/p>\n<div id=\"1_8_1\" style=\"padding: 30pt 0pt;\">\n<h2>Chronojump software: 1.8.1 (27 de abril de 2018)<\/h2>\n<p><span class=\"highlight2\"><i class=\"fa fa-circle-o fa-2x\"><\/i>  Cambios globales<\/span><\/p>\n<ul>\n<li><b>Una eventual desconexi\u00f3n\/conexi\u00f3n de Chronopic vuelve a aplicar el valor de umbral si es necesario, y se muestra en la interfaz gr\u00e1fica. Este es una importante mejora que garantiza que el umbral de 10 ms (o cualquier otro) se aplica siempre.<\/b><\/li>\n<li><b>La ventana superior de sujetos ya tiene toda la funcionalidad que tiene la vista lateral, ya que se ha integrado la posibilidad de a\u00f1adir m\u00faltiples personas y cargar personas de otra sesi\u00f3n. Adem\u00e1s se han realizado otras mejoras a dicha ventana.<\/b><\/li>\n<li>Maximizar\/restaurar la ventana principal se aplica al inicio y no al cerrar la ventana de preferencias.<\/li>\n<li>Mejoras en el inicio de Chronojump permitiendo siempre ver los mensajes que aparezcan.<\/li>\n<li>Si se desea, se puede cerrar el programa mientras se captura en modo continuo sin salir de \u00e9ste.<\/li>\n<li>Se ha mejorado la comparaci\u00f3n entre versiones, permitiendo saber siempre si la versi\u00f3n publicada es m\u00e1s nueva o no que la versi\u00f3n instalada por el usuario, ya sea una versi\u00f3n oficial o una versi\u00f3n menor.<\/li>\n<\/ul>\n<p><span class=\"highlight2\"><i class=\"fa fa-clock-o fa-2x\"><\/i>  Carreras<\/span><\/p>\n<ul>\n<li><b>En la captura se detectan los contactos m\u00faltiples con un algoritmo mejorado. los tramos se cortan en funci\u00f3n del &#8220;contacto&#8221; m\u00e1s grande que se encuentre (el tronco). Las carreras simples y m\u00faltiples muestran un gr\u00e1fico donde se clarifica c\u00f3mo se han cortado.<\/b><\/li>\n<li><b>Se muestra un icono instant\u00e1neo en el momento del contacto<\/b><\/li>\n<li>Arreglada la ventana de datos de sprint que no se creaba en la primera vez que realizaba un sprint en cada sesi\u00f3n.<\/li>\n<li>Se comprueban mejor los sprints antes de enviarlos a R para evitar el tiempo de congelado en R.<\/li>\n<li>Se ha creado un generador de se\u00f1ales para contactos para mejorar los algoritmos de captura y hacer que sean m\u00e1s robustos.<\/li>\n<\/ul>\n<p><span class=\"highlight2\"><i class=\"fa fa-bar-chart fa-2x\"><\/i>  Encoder<\/span><\/p>\n<ul>\n<li><b>El peso extra puede tener ahora dos decimales (anteriormente eran siempre enteros).<\/b><\/li>\n<li><b>Se puede analizar las repeticiones de forma superpuesta, y se muestra una nueva interfaz gr\u00e1fica para los modos de an\u00e1lisis instant\u00e1neo.<\/b><\/li>\n<li><b>Se ha mejorado la interfaz gr\u00e1fica del c\u00e1lculo del momento de inercia.<\/b><\/li>\n<li>Las barras de potencia en la pesta\u00f1a de an\u00e1lisis muestran tambi\u00e9n el impulso.\/li>\n<li>El an\u00e1lisis instant\u00e1neo puede mostrar u ocultar la posici\u00f3n.<\/li>\n<li>El gr\u00e1fico instant\u00e1neo de comparar lateralmente tiene como opci\u00f3n predeterminada el compartir el eje X, adem\u00e1s de otras peque\u00f1as mejoras.<\/li>\n<li>Se ha movido la &#8220;Variable principal&#8221; de las preferencias a la ventana de feedback para mayor comodidad.<\/li>\n<li>Se ha a\u00f1adido la lateralidad despu\u00e9s de cada n\u00famero de repetici\u00f3n cuando se cruzan las variables.<\/li>\n<li>Actualizados los iconos de tipo de contracci\u00f3n en la pesta\u00f1a de an\u00e1lisis.<\/li>\n<li>Se puede cancelar el an\u00e1lisis.<\/li>\n<li>Arreglado el gr\u00e1fico Pmax(F0,V0) en Windows.<\/li>\n<li>Arreglado 6a flecha en Pmax(F0,V0).<\/li>\n<li>Arreglado un bloqueo cuando se analizan perfiles err\u00f3neos de FV.<\/li>\n<li>Arreglado los n\u00fameros al lado del gr\u00e1fico de FV (con potencia).<\/li>\n<li>Optimizado el n\u00famero de puntos en los perfiles de cruzar variable.<\/li>\n<li>Arreglado el n\u00famero de repeticiones en el an\u00e1lisis inter\/intra sesi\u00f3n cuando el usuario no tiene repeticiones en dicha sesi\u00f3n.<\/li>\n<li>Se comprueba si los datos son correctos antes de llamar a fixCells.<\/li>\n<li>Corregida visualizaci\u00f3n de la masa extra si se introduce un valor superior al m\u00e1ximo.<\/li>\n<li>Se ha creado un generador de se\u00f1ales para encoder para mejorar los algoritmos de captura y hacer que sean m\u00e1s robustos.<\/li>\n<\/ul>\n<p><span class=\"highlight2\"><i class=\"fa fa-area-chart fa-2x\"><\/i>  Sensor de fuerza<\/span><\/p>\n<ul>\n<li><b>Mejor detecci\u00f3n del inicio (esto permite que se pueda analizar el RFD en la mayor\u00eda de las situaciones).<\/b><\/li>\n<li><b>Las opciones de sensor de fuerza movidas de las preferencias a la ventana de an\u00e1lisis para mayor comodidad.<\/b><\/li>\n<li><b>Se ha a\u00f1adido un bot\u00f3n de recalcular para calcular f\u00e1cilmente los gr\u00e1ficos con diferentes RFD.<\/b><\/li>\n<li>Mejorada la interfaz gr\u00e1fica en los ajustes de captura del sensor.<\/li>\n<li>Ahora se muestra claramente que antes de calibrar, el usuario debe tarar.<\/li>\n<li>En Mac se especifica que se necesita instalar R y el sensor de fuerza no es usable hasta que el usuario no lo haga.<\/li>\n<li>El recalculado comprueba que el archivo CSV exista.<\/li>\n<\/ul>\n<p><span class=\"highlight2\"><i class=\"fa fa-sitemap fa-2x\"><\/i>  Chronojump-networks<\/span><\/p>\n<ul>\n<li><b>Si el servidor no est\u00e1 online, los datos se subir\u00e1n autom\u00e1ticamente cuando se produzca un nuevo login de usuario y el servidor est\u00e9 activo de nuevo.<\/b><\/li>\n<li><b>El logout autom\u00e1tico ahora es imposible durante la captura. Tambi\u00e9n se ha a\u00f1adido una casilla de verificaci\u00f3n de autologout en la ventana de login.<\/b><\/li>\n<li><b>Arreglado posible bloqueo en el autologout mientras se esperaba a que se produjese el primer contacto en el Chronopic.<\/b><\/li>\n<li>Arreglados los valores de sprint t1,t2,t3,t4 de ms a s, y no negativos.<\/li>\n<li>Se muestra una cuenta atr\u00e1s de 10 segundos en el autologout.<\/li>\n<li>No puede haber dos instancias de Chronojump funcionando en la misma m\u00e1quina.<\/li>\n<li>Arreglado el fallo que ocasionaba que la ausencia de persona en el autologout intentara contar las repeticiones de encoder an\u00e1lisis.<\/li>\n<li>Se muestra la versi\u00f3n en preferencias\/avanzado.<\/li>\n<li>Encoder y carretas con tramos no mostrar\u00e1n la persona mientras captura aunque ponga la pulsera.<\/li>\n<li>No se permite cambiar la vista de personas (siempre se usa la ventana superior).<\/li>\n<\/ul>\n<p><span class=\"highlight2\"><i class=\"fa fa-flag-o fa-2x\"><\/i>  Traducciones<\/span><\/p>\n<ul>\n<li>Actualizadas las traducciones:<\/li>\n<ul>\n<li>alem\u00e1n<\/li>\n<li>catal\u00e1n<\/li>\n<li>checo<\/li>\n<li>espa\u00f1ol<\/li>\n<li>portugu\u00e9s de Brasil<\/li>\n<li>rumano<\/li>\n<li>sueco<\/li>\n<\/ul>\n<li>Ahora el portugu\u00e9s de Brasil se puede mostrar en un computador en que este idioma no sea el predeterminado.<\/li>\n<\/ul>\n<p><span class=\"highlight2\"><i class=\"fa fa-book fa-2x\"><\/i>  Documentaci\u00f3n<\/span><\/p>\n<ul>\n<li>Actualizados los manuales.<\/li>\n<\/ul>\n<\/div>\n<p> <!-- 1_8_1 --><\/p>\n<div id=\"1_8_0\" style=\"padding: 30pt 0pt;\">\n<h2>Chronojump software: 1.8.0 (16 de febrero de 2018)<\/h2>\n<h3>Cambios desde 1.7.1-233<\/h3>\n<p><span class=\"highlight2\"><i class=\"fa fa-star-o fa-3x\"><\/i>  Principales novedades<\/span><\/p>\n<ul>\n<li>Mejoras en los triggers para el encoder:<\/li>\n<ul>\n<li>Mejoradas las opciones de cortar repeticiones usando los triggers<\/li>\n<li>Los triggers se muestran en los gr\u00e1ficos de an\u00e1lisis instant\u00e1neo si no se han cortado las repeticiones por triggers<\/li>\n<\/ul>\n<li>A\u00f1adida gesti\u00f3n de ritmos (protocolo) en la captura de encoder. Abrir la campana de feedback (a la derecha del bot\u00f3n de captura)<\/li>\n<li>Las carreras pueden mostrar el tiempo de reacci\u00f3n al inicio usando el nuevo dispositivo: Chronojump Race Reaction Time. V\u00e1lido para carreras simples y con tramos.<\/li>\n<li>A\u00f1adida an\u00e1lisis de encoder: evoluci\u00f3n P(F0,V0) (en modo intersesi\u00f3n)<\/li>\n<li>Mejor gesti\u00f3n de los sujetos:<\/li>\n<ul>\n<li>Foto en la parte inferior izquierda (puede cargarse desde un archivo)<\/li>\n<li>Mejorada la ventana superior de gesti\u00f3n de sujetos<\/li>\n<li>Cambio de un modo a otro usando el men\u00fa de Vista o las Preferencias<\/li>\n<\/ul>\n<\/ul>\n<p><span class=\"highlight2\"><i class=\"fa fa-thumbs-up fa-2x\"><\/i>  Otros cambios<\/span><\/p>\n<ul>\n<li>Cambiado el men\u00fa superior<\/li>\n<li>Los sujetos se pueden en el momento en que se a\u00f1ade un sujeto nuevo si se detecta que \u00e9ste ya exist\u00eda en la base de datos<\/li>\n<li>Desactivadas las animaciones despu\u00e9s de un test en Mac (era muy lento)<\/li>\n<li>Mejorada la inserci\u00f3n autom\u00e1tica de extensi\u00f3n de archivo<\/li>\n<li>Al guardar informes o exportar la sesi\u00f3n, se guarda primero como archivo temporal para que no falle en ordenadores con Windows que tengan dicho documento ya abierto en el navegador o hoja de c\u00e1lculo<\/li>\n<li>Si no se encuentra un dispositivo, el bot\u00f3n de dispositivo se colorea<\/li>\n<li>Encoder<\/li>\n<ul>\n<li>Se muestra la potencia en al gr\u00e1fica de F\/V en an\u00e1lisis de la sesi\u00f3n<\/li>\n<li>Los datos de catpura de encoder se muestran en tiempo real si &#8220;mostrar s\u00f3lo las barras&#8221; est\u00e1 desactivado en las preferencias<\/li>\n<li>Corregido error de coloreado de celdas de los datos de captura de encoder cuando la variable principal es diferente que la del feedback autom\u00e1tico<\/li>\n<li>Arreglado el modo de encoder ROTARYINERTIALLATERALMOVPULLEY desmultiplicado<\/li>\n<li>En la captura de encoder: Si el encoder no se encuentra o est\u00e1 desconfigurado, se abre la ventana de dispositivo autom\u00e1ticamente<\/li>\n<li>Arreglado problema de recalibrado de encoder inercial en windows<\/li>\n<li>Mejoradas las l\u00edneas AB y el rect\u00e1ngulo en el an\u00e1lisis de encoder instant\u00e1neo<\/li>\n<li>Si falta R al abrir un modo de encoder, se muestra un bot\u00f3n de abrir el sitio web de R<\/li>\n<\/ul>\n<\/ul>\n<p><span class=\"highlight2\"><i class=\"fa fa-flag-o fa-2x\"><\/i>  Traducciones<\/span><\/p>\n<ul>\n<li>Castellano<\/li>\n<li>Catal\u00e1n<\/li>\n<li>Checho<\/li>\n<li>Dan\u00e9s<\/li>\n<li>Italiano<\/li>\n<li>Portugu\u00e9s de Brasil<\/li>\n<\/ul>\n<\/div>\n<p> <!-- 1_8_0 --><\/p>\n<hr style=\"border: 0; height: 1px; background-image: linear-gradient(to right, rgba(0, 0, 0, 0), rgba(0, 0, 0, 0.75), rgba(0, 0, 0, 0));\" \/>\n<p>Cambios en el software (por a\u00f1os): 2018, <a href=\"https:\/\/chronojump.org\/software-1-7-x\/?lang=es\">2017<\/a>, <a href=\"https:\/\/chronojump.org\/software-1-6-x\/?lang=es\">2016<\/a>, <a href=\"https:\/\/chronojump.org\/software-1-5-x\/?lang=es\">2015<\/a>.<\/p>\n","protected":false},"excerpt":{"rendered":"<p>Esta p\u00e1gina muestra los cambios de las diferentes versiones de Chronojump publicadas en 2018. Seleccione versi\u00f3n: Chronojump 1.8.1-95 (29 de junio de 2018) Chronojump 1.8.1-54 (29 de mayo de 2018) Chronojump 1.8.1-37 (11 de mayo de 2018) Chronojump 1.8.1 (27 de abril de 2018) Chronojump 1.8.0 (16 de febrero de 2018) Chronojump software: 1.8.1-95 (29 [&hellip;]<\/p>\n","protected":false},"author":2,"featured_media":0,"parent":0,"menu_order":0,"comment_status":"closed","ping_status":"closed","template":"","meta":{"advgb_blocks_editor_width":"","advgb_blocks_columns_visual_guide":"","footnotes":""},"coauthors":[],"author_meta":{"author_link":"https:\/\/chronojump.org\/es\/author\/xdeblas\/","display_name":"xdeblas"},"relative_dates":{"created":"Publicado 6 a\u00f1os hace","modified":"Actualizado 6 a\u00f1os hace"},"absolute_dates":{"created":"Publicado el abril 28, 2020","modified":"Actualizado el abril 28, 2020"},"absolute_dates_time":{"created":"Publicado el abril 28, 2020 6:45 am","modified":"Actualizado el abril 28, 2020 6:45 am"},"featured_img_caption":"","featured_img":false,"series_order":"","_links":{"self":[{"href":"https:\/\/chronojump.org\/es\/wp-json\/wp\/v2\/pages\/3187"}],"collection":[{"href":"https:\/\/chronojump.org\/es\/wp-json\/wp\/v2\/pages"}],"about":[{"href":"https:\/\/chronojump.org\/es\/wp-json\/wp\/v2\/types\/page"}],"author":[{"embeddable":true,"href":"https:\/\/chronojump.org\/es\/wp-json\/wp\/v2\/users\/2"}],"replies":[{"embeddable":true,"href":"https:\/\/chronojump.org\/es\/wp-json\/wp\/v2\/comments?post=3187"}],"version-history":[{"count":0,"href":"https:\/\/chronojump.org\/es\/wp-json\/wp\/v2\/pages\/3187\/revisions"}],"wp:attachment":[{"href":"https:\/\/chronojump.org\/es\/wp-json\/wp\/v2\/media?parent=3187"}],"curies":[{"name":"wp","href":"https:\/\/api.w.org\/{rel}","templated":true}]}}