{"id":3189,"date":"2020-04-28T06:47:07","date_gmt":"2020-04-28T05:47:07","guid":{"rendered":"http:\/\/en.chronojump.org\/software-1-6-x\/"},"modified":"2020-04-28T06:47:07","modified_gmt":"2020-04-28T05:47:07","slug":"software-1-6-x","status":"publish","type":"page","link":"https:\/\/chronojump.org\/es\/software-1-6-x\/","title":{"rendered":"software-1.6.x"},"content":{"rendered":"<p>Esta p\u00e1gina muestra la diferencia entre las versiones de Chronojump publicadas en 2016.<br \/>\n<br \/>Seleccione versi\u00f3n:<\/p>\n<ul>\n<li><a href=\"#1_6_2\">1.6.2<\/a>&nbsp;&nbsp;8 agosto 2016<\/li>\n<li><a href=\"#1_6_1\">1.6.1<\/a>&nbsp;&nbsp;15 junio 2016<\/li>\n<li><a href=\"#1_6_0\">1.6.0<\/a>&nbsp;&nbsp;10 marzo 2016<\/li>\n<\/ul>\n<div id=\"1_6_2\" style=\"padding: 30pt 0pt; \">\n<h2>Chronojump software: 1.6.2b  (2016 August 8)<\/h2>\n<h3> &#8212; Pendiente de traducir este texto &#8212; <\/h3>\n<p>\t<span class=\"highlight2\"><i class=\"fa fa-star-o fa-3x\"><\/i>&nbsp;&nbsp;New features<\/span><\/p>\n<ul>\n<li>New Chronojump Jumps Profile graph showing five index comparing between jumps. Also added a general recommendations table for improving indexes. <a href=\"http:\/\/pic.twitter.com\/nb4RtGCXmM\">See this funny video<\/a>. <\/li>\n<li>Simulated tests can only be done on new &#8220;SIMULATED&#8221; session. This session cannot be edited or deleted. This helps users to avoid mistakes on capturing fake data when Chronopic is not connected.<\/li>\n<li>Encoder:<\/li>\n<ul>\n<li>Encoder continuous mode (at the moment only in gravitatory). Allows to continuously capture without needing to press any button.<\/li>\n<li>An inertial set where string is not fully extended at beginning of capture, is now automatically corrected when capture ends and user is notified. This can be adjusted and removed on preferences.<\/li>\n<li>New encoder automatic save repetitions mode: &#8220;from 4th to penultimate&#8221; or &#8220;4toP&#8221;. Ideal for saving fast inertial repetitions.<\/li>\n<\/ul>\n<li>Added automatic software-tests that will be run only on developer computers and will help to find and fix software problems much faster.<\/li>\n<\/ul>\n<p>\t<span class=\"highlight2\"><i class=\"fa fa-circle-o fa-2x\"><\/i>&nbsp;&nbsp;Global changes<\/span> <\/p>\n<ul>\n<li>Updated Chronopic firmware for Windows.<\/li>\n<li>Session load window separates gravitatory\/inertial sets\/repetitions.<\/li>\n<\/ul>\n<p>\t<span class=\"highlight2\"><i class=\"fa fa-thumbs-up fa-2x\"><\/i>&nbsp;&nbsp;Jumps, Runs, Other tests<\/span><\/p>\n<ul>\n<li>Jumps, runs, reactionTimes execute graphs show person best (all sessions), and shows context info (session where best result is achieved).<\/li>\n<li>Jumps, runs, reactionTimes execute graphs get updated on edit, delete on treeviews.<\/li>\n<li>Improvements on updating execute graphs.<\/li>\n<li>Improvements on reaction time results table.<\/li>\n<li>Changing person or jump type updates jump simple graph (same for runs).<\/li>\n<li>Analyze tab not shown on &#8220;other&#8221; tests.<\/li>\n<li>Better message on jumps graph if there&#8217;s no data.<\/li>\n<\/ul>\n<p>\t<span class=\"highlight2\"><i class=\"fa fa-bar-chart fa-2x\"><\/i>&nbsp;&nbsp;Encoder<\/span><\/p>\n<ul>\n<li>On eccentric-concentric distance is calculated suming both phases.<\/li>\n<li>Analysis of eccentric-concentric single repetition is much faster now.<\/li>\n<li>Better gui for encoder capture buttons, specially on CustomButtons (tablets).<\/li>\n<li>Change from gravitatory<->inertial cleans interface now.<\/li>\n<li>Better header message on encoder session overview.<\/li>\n<\/ul>\n<p>\t<span class=\"highlight2\"><i class=\"fa fa-bug fa-2x\"><\/i>&nbsp;&nbsp;Bugs fixed<\/span> <\/p>\n<ul>\n<li>Fixed crashes on selecting encoder repetitions on analysis tab. Sorry for this problem because affected some users. Thanks users for sending logs.<\/li>\n<li>Fixed a crash on analyze crossVariables with 2 unique X values and trying to plot a curve.<\/li>\n<li>Fixed ocassionally problems on save repetitions on persons with names of non-common codifications.<\/li>\n<li>Improvements on encoder capture\/analysis processes<\/li>\n<li>Fixed crashes on adding jump types, run types, encoder exercises or session (name, place, comments) with this character: &#8220;<\/li>\n<li>Fixed Inertia Momentum calculation time-distance since 1.6.1<\/li>\n<li>Fixed glitch on creating a session with an existing name.<\/li>\n<li>Fixed really occasional problem on writing logs by multithreading problems of Console.SetOut<\/li>\n<li>At encoder, fixed some glitches with RepsActive and RepsAll.<\/li>\n<\/ul>\n<p>\t<span class=\"highlight2\"><i class=\"fa fa-flag-o fa-2x\"><\/i>&nbsp;&nbsp;Translations<\/span> <\/p>\n<ul>\n<li>Updated translations: Catalan, Hungarian, Spanish.<\/li>\n<\/ul>\n<\/div>\n<p> <!-- 1_6_2 --><\/p>\n<div id=\"1_6_1\" style=\"padding: 30pt 0pt; \">\n<h2>Chronojump software: 1.6.1  (2016 June 15)<\/h2>\n<p>\t<span class=\"highlight2\"><i class=\"fa fa-circle-o fa-2x\"><\/i>&nbsp;&nbsp;Cambios globales<\/span><\/p>\n<ul>\n<li>4 modos en la ventana principal.<\/li>\n<li>El men\u00fa de sesi\u00f3n es diferente en funci\u00f3n del modo.<\/li>\n<li>La ventana de preferencias se adapta al modo.<\/li>\n<li>En la exportaci\u00f3n de archivos se sugieren nombres autom\u00e1ticos.<\/li>\n<\/ul>\n<p>\t<span class=\"highlight2\"><i class=\"fa fa-thumbs-up fa-2x\"><\/i>&nbsp;&nbsp;Saltos, Carreras y Otros tests<\/span><\/p>\n<ul>\n<li>Los gr\u00e1ficos de tests simples se han mejorado notablemente. Con una barra animada, un valor en el centro, m\u00e1s sencillos de entender y de comparar con el propio sujeto y otros de la sesi\u00f3n.<\/li>\n<li>El gr\u00e1fico de las carreras con tramos se ha mejorado notablemente. Se muestra la distancia, tiempo y velocidad. La X es el tiempo. Se muestra velocidad 0 al inicio si se comienza desde la fotoc\u00e9lula.<\/li>\n<\/ul>\n<p>\t<span class=\"highlight2\"><i class=\"fa fa-bar-chart fa-2x\"><\/i>&nbsp;&nbsp;Encoder<\/span><\/p>\n<ul>\n<li>El encoder se ha separado en dos modos: Gravitacional e inertial. Esto afecta a la captura, an\u00e1lisis, selecci\u00f3n de encoder, cargar serie, resumen de la sesi\u00f3n, 1RM, perfil neuromuscular, &#8230;<\/li>\n<li>Gran cambio en el an\u00e1lisis con 4 modos: Serie actual, repeticiones guardadas, intersesi\u00f3n e intersujeto. Ahora es m\u00e1s f\u00e1cil y \u00fatil gestionar las series y repeticiones. En la intersesi\u00f3n se permite tener la fecha en la X.<\/li>\n<li>Feedback autom\u00e1tico en la captura calculado en la propia serie. Se puede obtener un feedback autom\u00e1tico de cada repetici\u00f3n basado en el valor m\u00e1ximo detectado en la serie que se est\u00e1 capturando al mismo tiempo. Ver campanas.<\/li>\n<li>Se guarda la mejor repetici\u00f3n ecc-con a partir de la media de ambos. Antes se usaba \u00fanicamente la fase conc\u00e9ntrica.<\/li>\n<li>Mejor interface gr\u00e1fica para la captura: se muestra la barra justo al acabar cada exc\u00e9ntrico o conc\u00e9ntrico. Ya no hay que esperar a que pasen dos fases cosa que dificultaba la interpretaci\u00f3n.<\/li>\n<li>Mejor interface gr\u00e1fica para la captura en inercial:<\/li>\n<ul>\n<li>Se muestran instrucciones.<\/li>\n<li>La primera fase exc\u00e9ntrica se ve en gris.<\/li>\n<li>Se muestran dos l\u00edneas en el gr\u00e1fico en tiempo real (cuerpo y &#8220;disco&#8221;).<\/li>\n<\/ul>\n<li>Mejor diferencia de color entre las barras de captura en exc\u00e9ntrico\/conc\u00e9ntrico.<\/li>\n<li>El c\u00e1lculo del momento de inercia tiene ahora un tiempo predeterminado (y m\u00e1ximo) de 120 s.<\/li>\n<li>Al cruzar variables se usa la masa extra en lugar de la masa total.<\/li>\n<li>Mejor corte de fases en inercial. Ahora se corta por la velocidad, igual que en gravitatorio.<\/li>\n<li>Cambios relativos al 1RM:<\/li>\n<ul>\n<li>La ventana de 1RM es intersesi\u00f3n. El 1RM de una misma persona y ejercicio pero de diferentes sesiones puede ser usado.<\/li>\n<li>Se pueden guardar los valores de 1RM indirecto.<\/li>\n<li>Se pueden a\u00f1adir valores de 1RM manualmente.<\/li>\n<li>Arreglado un desajuste visual en la ventana de 1RM despu\u00e9s de borrar un valor.<\/li>\n<\/ul>\n<li>Dos decimales en el feedback de la velocidad.<\/li>\n<li>Al cruzar variables en el an\u00e1lisis, la vertical del gr\u00e1fico corresponde a la de la curva de ajuste en potencia\/carga. Ya no se &#8220;pierde&#8221; la curva fuera del gr\u00e1fico.<\/li>\n<li>Ajustados los valores m\u00ednimos para &#8220;fit&#8221; de l\u00edneas al comparar la lateralidad.<\/li>\n<li>Se puede seleccionar toda la serie al realizar el an\u00e1lisis de una repetici\u00f3n (instant\u00e1neo).<\/li>\n<li>La barra de progreso muestra las repeticiones le\u00eddas y suavizadas (asi se aprecia mejor el progreso del an\u00e1lisis).<\/li>\n<li>Mejores suavizados en condiciones de &#8220;spar&#8221; extremas.<\/li>\n<li>Uso de &#8220;momento resistente&#8221; al comparar repeticiones con diferentes di\u00e1metros o desmultiplicaciones.<\/li>\n<\/ul>\n<p>\t<span class=\"highlight2\"><i class=\"fa fa-bug fa-2x\"><\/i>&nbsp;&nbsp;Errores arreglados<\/span> <\/p>\n<ul>\n<li>Arreglado problema en la ventana de Chronopic en algunos equipos.<\/li>\n<li>Arreglado crash en las preferencias cuando se usa una base de datos de otro equipo que hab\u00eda detectado m\u00e1s c\u00e1maras.<\/li>\n<li>Arreglado crash en los tests limitados por tiempo con m\u00e1s intervalTimes que distancesString.<\/li>\n<li>Treeview de saltos mostraba el peso Kg (sin seguir la preferencia de peso en %). Arreglado.<\/li>\n<li>Arreglado crash al insertar un nuevo tipo de carrera con int\u00e9rvalo con la distancia en decimal (en idiomas latinos).<\/li>\n<li>Arreglado posible crash al cargar una serie cuando el pixmap a\u00fan no se ha definido.<\/li>\n<li>Arreglado problema al guardar 1RM.<\/li>\n<li>M\u00e9todos m\u00e1s seguros que solucionan problemas en los c\u00e1lculos del encoder en situaciones muy poco convencionales.<\/li>\n<li>Arreglado crash al cruzar variables cuando en la lateralidad s\u00f3lo hab\u00eda un valor distinto de X.<\/li>\n<li>Arreglado crash al recalcular una conc\u00e9ntrico que no pod\u00eda ser convertido en ecc-con.<\/li>\n<\/ul>\n<p>\t<span class=\"highlight2\"><i class=\"fa fa-flag-o fa-2x\"><\/i>&nbsp;&nbsp;Traducciones<\/span> <\/p>\n<ul>\n<li>Actualizadas las traducciones: alem\u00e1n (83%), castellano (100%), catal\u00e1n (100%), checo (97%), griego (96%), h\u00fangaro (100%), italiano (97%), portugu\u00e9s de Brasil (98%), serbio (97%).<\/li>\n<li>Gracias especialmente al equipo h\u00fangaro, a Lajos R\u00f3zsav\u00f6lgyi y a M\u00e1rk R\u00f3zsav\u00f6lgyi por el gran trabajo que han realizado en las \u00faltimas semanas.<\/li>\n<\/ul>\n<\/div>\n<p> <!-- 1_6_1 --><\/p>\n<div id=\"1_6_0\" style=\"padding: 30pt 0pt; \">\n<h2>Chronojump software: 1.6.0  (10 de marzo, 2016)<\/h2>\n<p>\t<i class=\"fa fa-thumbs-up fa-3x\"><\/i>&nbsp;&nbsp;Cambios principales<\/p>\n<ul>\n<li>Valores instant\u00e1neos al analizar una repetici\u00f3n. <a href=\"https:\/\/youtu.be\/cJBN8b79yUM?list=PL7Z3WKkFyPRMwKnnvDURQllrSeKV4VeuP\">Ver este v\u00eddeo<\/a>. Ahora se puede ver datos y estad\u00edsticas de instantes concretos de la repetici\u00f3n.<\/li>\n<li>Mejorado el suavizado especialmente en el inicio y final de cada repetici\u00f3n inercial.<\/li>\n<li>Multiplicado y desmultiplicado de m\u00e1quinas inerciales desde la ventana de configuraci\u00f3n del encoder.<\/li>\n<li>A\u00f1adidas instrucciones de captura en las m\u00e1quinas inerciales.<\/li>\n<\/ul>\n<p>\t<i class=\"fa fa-thumbs-up fa-2x\"><\/i>&nbsp;&nbsp;Otros cambios<\/p>\n<ul>\n<li>En la pesta\u00f1a de captura del encoder, al hacer click en &#8220;Mejor&#8221; guardar\u00e1 la repetici\u00f3n con mejor &#8220;potencia media&#8221; o mejor &#8220;velocidad m\u00e1xima&#8221; o el par\u00e1metro que se est\u00e9 visualizando en las barras de captura.<\/li>\n<li>Regresiones lineales diferentes para derecha e izquierda al analizar variables.<\/li>\n<li>Las regresiones al cruzar variables son todas con una l\u00ednea excepto potencia\/carga y potencia\/velociad.<\/li>\n<li>La tabla de an\u00e1lisis muestra la inercia y el m\u00e1ximo de cada columna.<\/li>\n<li>Mejoradas las interfaces gr\u00e1ficas del encoder y las preferencias.<\/li>\n<li>Al cargar una sesi\u00f3n se puede filtrar por el nombre.<\/li>\n<li>Se puede borrar un sujeto desde la ventana de selecci\u00f3n de sujetos en tablets.<\/li>\n<li>Mejor y m\u00e1s r\u00e1pido filtrado exc\u00e9ntrico conc\u00e9ntrico basado en splines.<\/li>\n<li>Se pueden cargar series desde la ventana de an\u00e1lisis.<\/li>\n<li>Se distingue una altura m\u00ednima para inerciales y no-inerciales.<\/li>\n<li>El tiempo de registro predeterminado son 60 segundos.<\/li>\n<li>Creado un modo de debug para el encoder para ayudar a encontrar errores de softare r\u00e1pidamente.<\/li>\n<li>Creada pesta\u00f1a de mostar gr\u00e1fico\/tabla en todos los tests del software con el mismo aspecto que en el encoder.<\/li>\n<li>El tiempo de dobles contactos predeterminado para las carreras ha pasado de 1000 ms a 300 ms.<\/li>\n<\/ul>\n<p>\t<i class=\"fa fa-windows fa-2x\"><\/i>&nbsp;&nbsp;Windows<\/p>\n<ul>\n<li>Nuevo icono para la instalaci\u00f3n (diferente del icono de ejecuci\u00f3n).<\/li>\n<\/ul>\n<p>\t<i class=\"fa fa-apple fa-2x\"><\/i>&nbsp;&nbsp;OSX<\/p>\n<ul>\n<li>Arreglado problema con el sonido en algunos equipos.<\/li>\n<li>Mejorada la llamada a Rscript.<\/li>\n<li>Mejor comprobaci\u00f3n de R en OSX, ahora no se puede entrar a &#8220;Potencia&#8221; si R no est\u00e1 instalado.<\/li>\n<\/ul>\n<p>\t<span class=\"highlight2\"><i class=\"fa fa-bug fa-2x\"><\/i>&nbsp;&nbsp;Errores arreglados<\/span> <\/p>\n<ul>\n<li>Ahora se identifica mejor en inerciales las series en que no se han encontrado repeticiones.<\/li>\n<li>Al cargar una serie inercial, ahora ya no selecciona autom\u00e1ticamente el modo ecc-con.<\/li>\n<li>Mejorado el c\u00f3digo de MOVPULLEY en las m\u00e1quinas inerciales.<\/li>\n<li>Desactivada la leyenda de traducci\u00f3n al cruzar variables pues fallaba en algunos Windows y OSX.<\/li>\n<li>Arreglado problema con la desviaci\u00f3n est\u00e1ndard al analizar tablas del encoder (inclu\u00eda la fila de la media).<\/li>\n<li>Arreglado el no guardar el 1RM en algunos idiomas.<\/li>\n<li>Arregladas las unidades al indicar el momento de inercia \u00f3ptimo.<\/li>\n<li>Cambiado el uso de &#8216; por \\&#8221; en todas las llamadas a la base de datos (arregla problemas con palabra textos en catal\u00e1n que contienen el car\u00e1cter &#8216;).<\/li>\n<\/ul>\n<p>\t<span class=\"highlight2\"><i class=\"fa fa-book fa-2x\"><\/i>&nbsp;&nbsp;Se han actualizado los manuales<\/span><\/p>\n<p>\t<span class=\"highlight2\"><i class=\"fa fa-flag-o fa-2x\"><\/i>&nbsp;&nbsp;Traducciones<\/span> <\/p>\n<ul>\n<li>Actualizadas las traducci\u00f3nes: alem\u00e1n, castellano, catal\u00e1n, checo y serbio.<\/li>\n<\/ul>\n<p>\t<span class=\"highlight2\"><i class=\"fa fa-smile-o fa-2x\"><\/i>&nbsp;&nbsp;Agradecimientos<\/span><\/p>\n<ul>\n<li>Gracias a Joan Aguilera y Marc Qu\u00edlez por todos los tests que han realizado.<\/li>\n<\/ul>\n<\/div>\n<p> <!-- 1_6_0 --><\/p>\n<p>Cambios en el software (por a\u00f1os): <a href=\"https:\/\/chronojump.org\/software-1-8-x\/?lang=es\">2018<\/a>, <a href=\"https:\/\/chronojump.org\/software-1-7-x\/?lang=es\">2017<\/a>, 2016, <a href=\"https:\/\/chronojump.org\/software-1-5-x\/?lang=es\">2015<\/a>.<\/p>\n","protected":false},"excerpt":{"rendered":"<p>Esta p\u00e1gina muestra la diferencia entre las versiones de Chronojump publicadas en 2016. Seleccione versi\u00f3n: 1.6.2&nbsp;&nbsp;8 agosto 2016 1.6.1&nbsp;&nbsp;15 junio 2016 1.6.0&nbsp;&nbsp;10 marzo 2016 Chronojump software: 1.6.2b (2016 August 8) &#8212; Pendiente de traducir este texto &#8212; &nbsp;&nbsp;New features New Chronojump Jumps Profile graph showing five index comparing between jumps. Also added a general recommendations [&hellip;]<\/p>\n","protected":false},"author":2,"featured_media":0,"parent":0,"menu_order":0,"comment_status":"closed","ping_status":"closed","template":"","meta":{"advgb_blocks_editor_width":"","advgb_blocks_columns_visual_guide":"","footnotes":""},"coauthors":[],"author_meta":{"author_link":"https:\/\/chronojump.org\/es\/author\/xdeblas\/","display_name":"xdeblas"},"relative_dates":{"created":"Publicado 6 a\u00f1os hace","modified":"Actualizado 6 a\u00f1os hace"},"absolute_dates":{"created":"Publicado el abril 28, 2020","modified":"Actualizado el abril 28, 2020"},"absolute_dates_time":{"created":"Publicado el abril 28, 2020 6:47 am","modified":"Actualizado el abril 28, 2020 6:47 am"},"featured_img_caption":"","featured_img":false,"series_order":"","_links":{"self":[{"href":"https:\/\/chronojump.org\/es\/wp-json\/wp\/v2\/pages\/3189"}],"collection":[{"href":"https:\/\/chronojump.org\/es\/wp-json\/wp\/v2\/pages"}],"about":[{"href":"https:\/\/chronojump.org\/es\/wp-json\/wp\/v2\/types\/page"}],"author":[{"embeddable":true,"href":"https:\/\/chronojump.org\/es\/wp-json\/wp\/v2\/users\/2"}],"replies":[{"embeddable":true,"href":"https:\/\/chronojump.org\/es\/wp-json\/wp\/v2\/comments?post=3189"}],"version-history":[{"count":0,"href":"https:\/\/chronojump.org\/es\/wp-json\/wp\/v2\/pages\/3189\/revisions"}],"wp:attachment":[{"href":"https:\/\/chronojump.org\/es\/wp-json\/wp\/v2\/media?parent=3189"}],"curies":[{"name":"wp","href":"https:\/\/api.w.org\/{rel}","templated":true}]}}