{"id":3190,"date":"2020-04-28T06:47:56","date_gmt":"2020-04-28T05:47:56","guid":{"rendered":"http:\/\/en.chronojump.org\/software-1-5-x\/"},"modified":"2020-04-28T06:47:56","modified_gmt":"2020-04-28T05:47:56","slug":"software-1-5-x","status":"publish","type":"page","link":"https:\/\/chronojump.org\/es\/software-1-5-x\/","title":{"rendered":"software-1.5.x"},"content":{"rendered":"<p>Esta p\u00e1gina muestra la diferencia entre las versiones de Chronojump publicadas en 2015.<br \/>\n<br \/>Seleccione versi\u00f3n:<\/p>\n<ul id=\"filter\" class=\"controlnav\">\n<li><a href=\"#1_5_6\">1.5.6<\/a>&nbsp;&nbsp;21-27\/12\/2015<\/li>\n<li><a href=\"#1_5_5\">1.5.5<\/a>&nbsp;&nbsp;7\/12\/2015<\/li>\n<li><a href=\"#1_5_4\">1.5.4<\/a>&nbsp;&nbsp;22\/9\/2015<\/li>\n<li><a href=\"#1_5_3\">1.5.3<\/a>&nbsp;&nbsp;4\/8\/2015<\/li>\n<li><a href=\"#1_5_2\">1.5.2<\/a>&nbsp;&nbsp;25\/7\/2015<\/li>\n<li><a href=\"#1_5_1\">1.5.1<\/a>&nbsp;&nbsp;29\/5\/2015<\/li>\n<li><a href=\"#1_5_0\">1.5.0<\/a>&nbsp;&nbsp;17\/3\/2015<\/li>\n<\/ul>\n<div id=\"1_5_6\" style=\"padding: 30pt 0pt; \">\n<h2>Software Chronojump: 1.5.6  (21 diciembre 2015)<\/h2>\n<p>\t<span class=\"highlight2\"><i class=\"fa fa-apple fa-3x\">&nbsp;&nbsp;<\/i>Actualizaci\u00f3n Dic 27:<\/span> Finalmente hemos resuelto el problema de R en MacOSX.<\/p>\n<p>\tCambios y errores corregidos en el encoder:<\/p>\n<ul>\n<li>Arreglado fallo des de la versi\u00f3n 1.5.5 en el an\u00e1lisis exc\u00e9ntrico-conc\u00e9ntrico por separado<\/li>\n<li>Si los acentos y otros car\u00e1cteres latinos no se pueden mostrar en los gr\u00e1ficos de Windows por errores de Unicode, se muestran en ingl\u00e9s<\/li>\n<li>Arregladas potencias demasiado altar al final del conc\u00e9ntrico en series inerciales. Las repeticiones guardadas eran correctas, las series ten\u00edan mal ajuste.<\/li>\n<li>Las potencias en la parte conc\u00e9ntrica del exc\u00e9ntrico-conc\u00e9ntrico son ahora muy similiares al conc\u00e9ntrico cuando se analiza por separado<\/li>\n<li>Ya no se ve &#8220;tierra\/aire&#8221; en las gr\u00e1ficas de curvas inerciales<\/li>\n<li>Mejorado el treeview de repeticiones analizadas para que sea menos propenso a errores en un futuro<\/li>\n<\/ul>\n<p>\tTraducciones y otros cambios de idiomas:\t    <\/p>\n<ul>\n<li>Idiomas ordenados correctamente en las preferencias<\/li>\n<li>Actualizada la traducci\u00f3n al italiano<\/li>\n<\/ul>\n<\/div>\n<div id=\"1_5_5\" style=\"padding: 30pt 0pt; \">\n<h2>Software Chronojump: 1.5.5  (7 diciembre 2015)<\/h2>\n<h3><span class=\"highlight2\"><i class=\"fa fa-thumbs-up fa-3x\"><\/i>&nbsp;&nbsp;Cambios principales<\/span><\/h3>\n<ul>\n<li>A\u00f1adida predicci\u00f3n 1RM con m\u00e9todos indirectos (Brzycky, Epley, Lander, &#8230;)<\/li>\n<li>En los c\u00e1lculos exc\u00e9ntricos se usa s\u00f3lo la fase de tierra<\/li>\n<li>A\u00f1adido media y desviaci\u00f3n est\u00e1ndard en la tabla de an\u00e1lisis del encoder<\/li>\n<li>A\u00f1adido &#8220;Overview of Encoder session&#8221; en el men\u00fa<\/li>\n<\/ul>\n<h3><span class=\"highlight2\"><i class=\"fa fa-laptop fa-2x\"><\/i>&nbsp;&nbsp;Espec\u00edfico del sistema<\/span><\/h3>\n<p>\tMacOSX:<\/p>\n<ul>\n<li>Esta versi\u00f3n deber\u00eda funcionar correctamente en OSX El Capitan<\/li>\n<li>La autodetecci\u00f3n de hardware se ha desactivado de forma predeterminada en OSX<\/li>\n<li>Ya funciona nuevamente el env\u00edo de registros<\/li>\n<\/ul>\n<p>\tWindows:<\/p>\n<ul>\n<li>Todos los gr\u00e1ficos de Windows deber\u00edan mostrar correctamente los acentos<\/li>\n<li>Mejor exportaci\u00f3n de se\u00f1al a CSV<\/li>\n<\/ul>\n<h3><span class=\"highlight2\"><i class=\"fa fa-thumbs-up fa-2x\"><\/i>&nbsp;&nbsp;Cambios menores<\/span><\/h3>\n<p>\tSaltos:<\/p>\n<ul>\n<li>Mejor c\u00e1lculo de potencia en saltos con TC<\/li>\n<\/ul>\n<p>\tEncoder:<\/p>\n<ul>\n<li>Al cruzar variables con la velocidad en Y, se muestra la regresi\u00f3n con una recta en lugar de una curva<\/li>\n<li>Mejoradas las &#8220;estrellas&#8221; de significaci\u00f3n al cruzar variables<\/li>\n<li>Mejor c\u00e1lculo del desplazamiento en la configuraci\u00f3n MOVPULLEY<\/li>\n<li>Mejor ajuste de curvas al cruzar variables con m\u00e1s de una serie<\/li>\n<\/ul>\n<p>\tErrores arreglados:<\/p>\n<ul>\n<li>Arreglado fallo al calcular la fuerza en el modo LINEARONPLANE<\/li>\n<li>Arreglado fallo que suced\u00eda muy pocas veces provocando que las fases exc\u00e9ntricas y conc\u00e9ntricas se detectasen al rev\u00e9s<\/li>\n<li>Arreglado fallo con el signo de &#8221;&nbsp;&#8216;&nbsp;&#8221; en las palabras traducidas del encoder (afectaba a la traducci\u00f3n al catal\u00e1n)<\/li>\n<\/ul>\n<h3><span class=\"highlight2\"><i class=\"fa fa-flag-o fa-2x\"><\/i>&nbsp;&nbsp;Traducciones<\/span><\/h3>\n<ul>\n<li>Actualizadas las traducciones: castellano (99%), catal\u00e1n (100%), checo (99%), portugu\u00e9s de Brasil (98%), sueco (20%).<\/li>\n<li><a href=\"https:\/\/l10n.gnome.org\/module\/chronojump\/\">Ver estad\u00edsticas de traducciones<\/a>.<\/li>\n<\/ul>\n<\/div>\n<div id=\"1_5_4\" style=\"padding: 30pt 0pt; \">\n<h2>Software Chronojump: 1.5.4  (22 septiembre 2015)<\/h2>\n<p>\tLa version 1.5.3 funcionaba a la perfecci\u00f3n para la gran mayor\u00eda de usuarios. La nueva versi\u00f3n: 1.5.4 no tiene grandes mejoras, s\u00f3lo dispone de peque\u00f1as correcciones para que sea a\u00fan m\u00e1s estable.<\/p>\n<h3><span class=\"highlight2\"><i class=\"fa fa-thumbs-up fa-3x\"><\/i>&nbsp;&nbsp;Cambios principales<\/span><\/h3>\n<ul>\n<li>La autodetecci\u00f3n del hardware es configurable en el men\u00fa principal.<\/li>\n<\/ul>\n<h3><span class=\"highlight2\"><i class=\"fa fa-laptop fa-2x\"><\/i>&nbsp;&nbsp;Espec\u00edfico del sistema<\/span><\/h3>\n<ul>\n<li>En MacOSX ahora se reproduce el sonido usando Gstreamer. Esto soluciona un problema en algunos usarios que provocaba que su CPU trabajaba todo el tiempo al reproducir sonidos.<\/li>\n<li>Arreglado error al finalizar un test bajo ciertas condiciones.<\/li>\n<li>Arreglado problema al borrar una serie de encoder en algunas tablets.<\/li>\n<\/ul>\n<h3><span class=\"highlight2\"><i class=\"fa fa-flag-o fa-2x\"><\/i>&nbsp;&nbsp;Traducciones<\/span><\/h3>\n<ul>\n<li>Actualizadas las traducciones: castellano (99%), catal\u00e1n (99%), checo (99%), italiano(99%).<\/li>\n<li><a href=\"https:\/\/l10n.gnome.org\/module\/chronojump\/\">Ver estad\u00edsticas de traducciones<\/a>.<\/li>\n<\/ul>\n<\/div>\n<p> <!-- 1_5_4 --><\/p>\n<div id=\"1_5_3\" style=\"padding: 30pt 0pt; \">\n<h2>Software Chronojump: 1.5.3  (4 agosto 2015)<\/h2>\n<h3><span class=\"highlight2\"><i class=\"fa fa-thumbs-up fa-3x\"><\/i>&nbsp;&nbsp;Cambios principales<\/span><\/h3>\n<ul>\n<li>El acceso a la base de datos es m\u00e1s estable. Este cambio mejora de forma destacada la estabilidad del programa.<\/li>\n<li>Las funciones del encoder son m\u00e1s estables. Menos susceptibles a errores por problemas relativos al sistema operativo.<\/li>\n<li>Los procesos del encoder son m\u00e1s r\u00e1pidos. Se optimiza su uso en miniordenadores.<\/li>\n<li>M\u00e1s configuraciones para tablets.<\/li>\n<\/ul>\n<h3><span class=\"highlight2\"><i class=\"fa fa-thumbs-up fa-2x\"><\/i>&nbsp;&nbsp;cambios menores relativos al encoder<\/span><\/h3>\n<ul>\n<li>Las ventana de feedback del encider (campana) es m\u00e1s f\u00e1cil de usar.<\/li>\n<li>En el encoder en modo inercial se ha a\u00f1adido el par\u00e1metro de di\u00e1metros por cada uno de los anclajes de salida de la cuerda.<\/li>\n<li>El modo exc\u00e9ntrico-conc\u00e9ntrico es el predeterminado en modo inercial.<\/li>\n<\/ul>\n<h3><span class=\"highlight2\"><i class=\"fa fa-flag-o fa-2x\"><\/i>&nbsp;&nbsp;Traducciones<\/span><\/h3>\n<ul>\n<li>Actualizadas las traducciones: castellano (100%), catal\u00e1n (100%), checo (99%).<\/li>\n<li><a href=\"https:\/\/l10n.gnome.org\/module\/chronojump\/\">Ver estad\u00edsticas de traducciones<\/a>.<\/li>\n<li>Traducidos los nombres de los ejercicios de encoder.<\/i>\n\t<\/ul>\n<\/div>\n<p> <!-- 1_5_3 --><\/p>\n<div id=\"1_5_2\" style=\"padding: 30pt 0pt; \">\n<h2>Software Chronojump: 1.5.2  (25 julio 2015)<\/h2>\n<h3><span class=\"highlight2\"><i class=\"fa fa-thumbs-up fa-3x\"><\/i>&nbsp;&nbsp;Cambios principales<\/span><\/h3>\n<ul>\n<li>Todos los tests del software (saltos, carreras, otros tests) tienen una interface similar al encoder. La selecci\u00f3n de tests y opciones est\u00e1 en la parte superior, y s\u00f3lo tiene dos pesta\u00f1as: Captura y An\u00e1lisis. La antigua pesta\u00f1a de resultados est\u00e1 dentro de la de Captura (seleccionar al centro-derecha de la pantalla donde se indica &#8220;Mostrar tabla&#8221;).<\/li>\n<li>Se permite cambiar el idioma con una opci\u00f3n en las preferencias (para usuarios que ten\u00edan problemas para que el software reconociese su idioma).<\/li>\n<li>Mejorada la autodetecci\u00f3n de Chronopic.<\/li>\n<\/ul>\n<h3><span class=\"highlight2\"><i class=\"fa fa-thumbs-up fa-2x\"><\/i>&nbsp;&nbsp;Cambios menores<\/span><\/h3>\n<p>\tGeneral:<\/p>\n<ul>\n<li>Si no se ha creado ni cargado ninguna sesi\u00f3n, se muestran dos grandes botones a la izquierda (nueva sesi\u00f3n \/ cargar sesi\u00f3n).<\/li>\n<li>La ventana de sujeto es mucho m\u00e1s sencilla de usar.<\/li>\n<li>Se ha mejorado la interfaz para tablets con botones m\u00e1s grandes y una nueva ventana de selecci\u00f3n de sujetos. Estas tablets deben funcionar con Windows, Linux o MacOSX).<\/li>\n<li>Cargar sesi\u00f3n, exportar y crear informe son m\u00e1s robustos ahora (menos llamadas a la base de datos pues muchas llamadas daban problemas en algunos usuarios).<\/li>\n<li>Mejorada la carga de un arhivo CSV (hoja de c\u00e1lculo) si ya est\u00e1 abierta por otro software.<\/li>\n<\/ul>\n<p>\tSaltos:<\/p>\n<ul>\n<li>Arreglado un problema que hac\u00eda que no se mostrase la potencia y el stiffness al final de un salto reactivo.<\/li>\n<\/ul>\n<p>\tEncoder:<\/p>\n<ul>\n<li>Mejorado el c\u00e1lculo de la potencia en exc\u00e9ntrico en m\u00e1quina inerciales (ahora los valores en exc\u00e9ntrico son m\u00e1s altos que en las versiones anteriores).<\/li>\n<li>A\u00f1adidas las fuerzas en la tabla de an\u00e1lisis.<\/li>\n<li>Creado un archivo de configuraci\u00f3n para que se configure autom\u00e1ticamente el encoder en m\u00e1quinas inerciales. De este modo, los vendedores de m\u00e1quina podr\u00e1n enviar este archivo a sus clientes).<\/li>\n<li>Mejorada la interfaz de los botones principales: Calcular, recalcular, &#8230;<\/li>\n<li>Movida la &#8220;exportaci\u00f3n de la serie actual&#8221; al men\u00fa.<\/li>\n<li>Algunos m\u00e9todos del encoder son m\u00e1s robustos ahora.<\/li>\n<li>Arreglados los suavizados en algunas repeticiones exc\u00e9ntrico-concentrico. Algunas ten\u00edan un suavizado muy bajo.<\/li>\n<li>La ventana de configuraci\u00f3n separa gravedad de inercia. Tambi\u00e9n separa los encoders de fricci\u00f3n con un selector: (En el eje \/ fuera del eje).<\/li>\n<\/ul>\n<p>\tEspec\u00edfico del sistema:<\/p>\n<ul>\n<li>MacOSX: Ahora siempre se muestra una ventana de error al inicio si hay un problema con la base de datos.<\/li>\n<li>Linux: Arreglado el sonido (usando Gstreamer).<\/li>\n<\/ul>\n<h3><span class=\"highlight2\"><i class=\"fa fa-flag-o fa-2x\"><\/i>&nbsp;&nbsp;Traducciones<\/span><\/h3>\n<ul>\n<li>Actualizadas las traducciones: castellano (100%), catal\u00e1n (99%), checo (99%), franc\u00e9s (79%), h\u00fangaro (56%), italiano(98%).<\/li>\n<li><a href=\"https:\/\/l10n.gnome.org\/module\/chronojump\/\">Ver estad\u00edsticas de traducciones<\/a>.<\/li>\n<\/ul>\n<\/div>\n<p> <!-- 1_5_1 --><\/p>\n<div id=\"1_5_1\" style=\"padding: 30pt 0pt; \">\n<h2>Software Chronojump: 1.5.1  (29 mayo 2015)<\/h2>\n<h3><span class=\"highlight2\"><i class=\"fa fa-circle-o fa-2x\"><\/i>&nbsp;&nbsp;Cambios globales<\/span><\/h3>\n<ul>\n<li>Autodetecci\u00f3n del encoder en todos los sistemas<\/li>\n<li>El Chronopic de saltos y carreras se autodetecta en MacOSX y Linux (en Windows se resolver\u00e1 en la siguiente versi\u00f3n)<\/li>\n<li>Arreglado fallo al cargar una sesi\u00f3n teniendo las casillas de verificaci\u00f3n marcadas<\/li>\n<\/ul>\n<h3><span class=\"highlight2\"><i class=\"fa fa-bar-chart fa-2x\"><\/i>&nbsp;&nbsp;Encoder<\/span><\/h3>\n<p>\tVelocidad:<\/p>\n<ul>\n<li>Los procesos del encoder son mucho m\u00e1s r\u00e1pidos (se quedan abiertos)<\/li>\n<li>Despu\u00e9s de la captura, la tabla de resultados y las barras no se borran. No se requiere esperar a que se cree el gr\u00e1fico de serie. As\u00ed se ven los datos mucho antes<\/li>\n<\/ul>\n<p>\tInterfaz gr\u00e1fica:<\/p>\n<ul>\n<li>Nueva disposici\u00f3n de la captura con encoder (v\u00eddeo y serie en la derecha)<\/li>\n<li>Los pesos extra en las m\u00e1quinas inerciales son seleccionbles desde la ventana principal de Chronojump<\/li>\n<li>En la captura, la longitud del hilo se muestra de forma adaptativa<\/li>\n<li>Mejorada la ventana de configuraci\u00f3n del encoder<\/li>\n<li>Mejoradas algunas im\u00e1genes de modos inerciales<\/li>\n<\/ul>\n<p>\tCaracter\u00edsticas nuevas:<\/p>\n<ul>\n<li>En la ventana de captura se muestra la fuerza en tiempo real. Funciona para la tabla de datos, barras y es compatible con las campanas (feedback visual y auditivo)<\/li>\n<li>La configuraci\u00f3n del encoder se guarda en la base de datos para usar la misma (si se desea) la pr\u00f3xima vez que se abra Chronojump<\/li>\n<li>A\u00f1adidos dos modos inerciales: lateral y polea m\u00f3vil<\/li>\n<li>El archivo de v\u00eddeo del encoder se muestra y se puede abrir desde fuera de Chronojump<\/li>\n<li>Algunos gr\u00e1ficos usan inercia en lugar de masa si algunas de las repeticiones son inerciales<\/li>\n<li>Al cargar la serie se muestra la fila de la serie actual<\/li>\n<li>En el gr\u00e1fico de comparar lateralmente, se muestra la l\u00ednea horizontal de 0 en la velocidad, potencia, &#8230;<\/li>\n<li>Al pintar en exc\u00e9ntrico, se muestra tambi\u00e9n la velocidad m\u00ednima y la potencia m\u00ednima<\/li>\n<li>El gr\u00e1fico de barras de potencia muestra l\u00edneas diagonales (-45\u00ba) para el exc\u00e9ntrico<\/li>\n<\/ul>\n<p>\tMejores c\u00e1lculos:<\/p>\n<ul>\n<li>C\u00e1lculos (como la potencia media) tienen ahora el mismo resultado en tiempo real que en otras partes del programa. Los m\u00e9todos de c\u00e1lculo se han unificado<\/li>\n<li>Mejor c\u00e1lculo de repeticiones durante la captura. Las repeticiones m\u00e1s peque\u00f1as (en longitud) son descartadas, esto arregla problemas de micromovimientos o distensiones del cable durante el movimiento<\/li>\n<li>Mejorado el modo de auto-calcular los suavizados en exc\u00e9ntrico usando potencia en lugar de velocidad<\/li>\n<li>Velocidad en exc\u00e9ntrico se muestra en valor absoluto<\/li>\n<\/ul>\n<p>\tErrores arreglados:<\/p>\n<ul>\n<li>Arreglado erorr de 1.5.0: cancelar o borrar una serie hac\u00eda desaparecer la gr\u00e1fica de barras hasta que Chronojump se cerraba<\/li>\n<li>Arreglado problema al recalcular en que las repeticiones guardadas aparec\u00edan en la ventana selecci\u00f3n de repeticiones en el an\u00e1lisis como potencia media = 0<\/li>\n<li>Arreglado problema (Chronojump se cerraba) con algunos pesos con decimales en el an\u00e1lisis<\/li>\n<li>Arreglado mal filtrado en algunas repeticiones<\/li>\n<li>Arreglado c\u00e1lculo de fuerza y potencia en planos inclinados<\/li>\n<li>Arreglado c\u00e1lculo de masa en el plano inclinado en que la masa se desplaza en direcci\u00f3n diferente a la del encoder<\/li>\n<li>Ahora el c\u00e1lculo de la altura del salto s\u00f3lo se produce en los modos lineal e inercial<\/li>\n<li>Arreglado fallo al borrar sesi\u00f3n. Faltaba que se borrasen todos los datos de encoder y sus v\u00eddeos<\/li>\n<\/ul>\n<h3><span class=\"highlight2\"><i class=\"fa fa-laptop fa-2x\"><\/i>&nbsp;&nbsp;Espec\u00edfico del sistema<\/span><\/h3>\n<p>\tMacOSX:<\/p>\n<ul>\n<li>Ahora ya se pueden enviar informes de error (y pings)<\/li>\n<li>Arreglado problema que hac\u00eda que la peque\u00f1a ventana inicial a veces no desaparec\u00eda<\/li>\n<\/ul>\n<p>\tRaspberry Pi:<\/p>\n<ul>\n<li>Chronojump se ejecuta maximizado<\/li>\n<li>No se permite el uso de la c\u00e1mara<\/li>\n<li>Controles nuevos para masa extra (m\u00e1s f\u00e1ciles para la Raspberry)<\/li>\n<\/ul>\n<h3><span class=\"highlight2\"><i class=\"fa fa-flag-o fa-2x\"><\/i>&nbsp;&nbsp;Traducciones<\/span><\/h3>\n<ul>\n<li>A\u00f1adida traducci\u00f3n al italiano<\/li>\n<li>Actualizadas traducci\u00f3n al Checo y Rumano<\/li>\n<\/ul>\n<\/div>\n<p> <!-- 1_5_1 --><\/p>\n<div id=\"1_5_0\" style=\"padding: 30pt 0pt; \">\n<h2>Software Chronojump: 1.5.0  (17 marzo 2015)<\/h2>\n<p>\t<span class=\"highlight2\">Actualizaci\u00f3n del 8 abril:<\/span> Hemos publicado una actualizaci\u00f3n para MacOSX que arregla un problema en el inicio (una ventana no desaparec\u00eda). Ahora la versi\u00f3n 1.5.0 para Mac ya tiene esta mejora as\u00ed como alg\u00fan anticipo de lo que ser\u00e1 la versi\u00f3n 1.5.1.<\/p>\n<h3><span class=\"highlight2\"><i class=\"fa fa-thumbs-up fa-3x\"><\/i>&nbsp;&nbsp;Cambios principales<\/span><\/h3>\n<p>\tGlobal:<\/p>\n<ul>\n<li>Fotos y video ya funcionan en MacOSX.<\/li>\n<li>El 1er inicio del software (creaci\u00f3n de la base de datos) se ha reducido notablemente (aprox. 6 veces m\u00e1s r\u00e1pido).<\/li>\n<li>Con la finalidad de detectar y corregir lo m\u00e1s pronto posible los errores, siempre se guarda un registro de lo que el programa se hace y en caso de un bloqueo se puede enviar f\u00e1cilmente a nuestro servidor para ser arreglado cuanto antes.<br \/>\n\t\t\t<br \/>En MacOSX se ha desactivado el env\u00edo autom\u00e1tico por un problema, pero los usuarios pueden enviarlo abriendo las preferencias (abrir carpeta de registros) y enviando dichos archivos por correo.<\/li>\n<li>Mejorado inicio ya que en algunos MacOSX se bloqueaba una de cada dos veces.<\/li>\n<li>Cuando se carga una o varias personas ya no sale la ventana de modificar sus datos. As\u00ed se carga mucho m\u00e1s r\u00e1pido.<\/li>\n<\/ul>\n<p>\tEncoder:<\/p>\n<ul>\n<li>Nuevo m\u00e9todo para capturar desde el encoder, m\u00e1s r\u00e1pido y funciona en todos los sistemas (el antiguo no funcionaba en XP y daba algunos problemas en MacOSX)<\/li>\n<li>En la captura se muestran ya los valores en tiempo real en m\u00e1quinas inerciales. En tiempo real se muestra fase conc\u00e9ntrica o conc\u00e9ntrica-exc\u00e9ntrica.<br \/>\n\t\t\t<br \/>Pero despu\u00e9s de la captura se mostrar\u00e1 como conc\u00e9ntrica o exc-con debido a que el software a\u00fan no est\u00e1 completamente preparado para trabajar en modo con-ecc.<\/li>\n<li>Los resultados obtenidos en la captura en tiempo real ahora son casi iguales a los obtenidos en el proceso de c\u00e1lculo posterior.<\/li>\n<li>Las m\u00e1quinas inerciales con mayor rozamiento podr\u00e1n usar tambi\u00e9n el m\u00e9todo de c\u00e1lculo del momento de inercia pues ahora necesita s\u00f3lo la mitad de oscilaciones.<\/li>\n<li>Durante la captura se muestra tambi\u00e9n la fuerza aunque de momento s\u00f3lo como informaci\u00f3n num\u00e9rica (no aparece en las barras verticales).<\/li>\n<li>Se graba y reproduce el v\u00eddeo en una zona mejor de la ventana principal de captura de encoder.<\/li>\n<li>En la pesta\u00f1a de analizar, bot\u00f3n de cruzar variables, se diferencia con iconos las fases ecc-con y la lateralidad. La lateralidad tambi\u00e9n se muestra en los otros gr\u00e1ficos.<\/li>\n<li>En caso de un fallo en el an\u00e1lisis el programa no se deber\u00eda bloquear y el usuario deber\u00eda poder cancelar en an\u00e1lisis.<\/li>\n<li>Arreglado error en la exportaci\u00f3n de datos desde el encoder. No funcionaba en algunos sistemas.<\/li>\n<\/ul>\n<p>\tSaltos y carreras:<\/p>\n<ul>\n<li>A\u00f1adido c\u00e1lculo de stiffness (rigidez muscular) en los saltos.<\/li>\n<li>Arreglado un bloqueo al ejecutar carreras con int\u00e9rvalos cuando s\u00f3lo se detectaba un int\u00e9rvalo y otros problemas asociados.<\/li>\n<li>Arreglado error en la etiqueta de tiempo al terminar algunos saltos o carreras.<\/li>\n<\/ul>\n<h3><span class=\"highlight2\"><i class=\"fa fa-thumbs-up fa-2x\"><\/i>&nbsp;&nbsp;Cambios menores<\/span><\/h3>\n<p>\tEncoder:<\/p>\n<ul>\n<li>Mejores colores para diferenciar las fases ecc-con<\/li>\n<li>Si eventualmente se desconecta el cable USB durante la captura con el encoder, el programa responde bien en Linux y MacOSX. En Windows sigue siendo un problema.<\/li>\n<li>En la captura en ecc-con se descarta la primera repetici\u00f3n si es conc\u00e9nctrica.<\/li>\n<li>Durante la captura ahora no es posible apretar botones como cambiar el peso, lateralidad, &#8230; que podr\u00edan producir errores.<\/li>\n<li>Arreglados varios errores de p\u00e9rdida de informaci\u00f3n en el recalculado de series (se perd\u00eda el v\u00eddeo). Se han recuperado los valores.<\/li>\n<li>Arreglado problema al guardar 1RM cuando no se hab\u00eda podido calcular el 1RM.<\/li>\n<li>Arreglado problema en el c\u00e1lculo del 1RM de diferentes ejercicios a la vez. Ahora ya no se permite.<\/li>\n<li>Arreglado el c\u00e1lculo del desplazamiento del sujeto con el encoder rotatorio de eje en las m\u00e1quinas inerciales.<\/li>\n<li>Mayor precisi\u00f3n en el c\u00e1lculo de momento de inercia debido a que se permiten dos decimales en los di\u00e1metros.<\/li>\n<\/ul>\n<p>\tSaltos \/ Carreras<\/p>\n<ul>\n<li>En la captura de multisaltos ahora se muestra tambi\u00e9n la altura y se puede usar como feedback (campanas).<\/li>\n<li>Si se desconecta el cable USB a mitad del test, se puede abortar el test (antes entraba en un ciclo infinito).<\/li>\n<li>Borrado el salto &#8220;m\u00e1ximo&#8221;, se usa el &#8220;Free&#8221; o &#8220;Libre&#8221; para el mismo prop\u00f3sito.<\/li>\n<li>Corregido el c\u00e1lculo de la potencia en el salto DJ (no se ten\u00eda en cuenta si se saltaba con un peso extra).<\/li>\n<li>Ahora se calcula la potencia en los resultados de multisaltos<\/li>\n<li>Arreglado problema de conexi\u00f3n de Chronopic en las pesta\u00f1as de multisaltos o carreras con int\u00e9rvalos.<\/li>\n<li>Mejoras en los saltos y carreras para puedan ser &#8220;cancelados&#8221; y que el programa responda correctamente.<\/li>\n<li>La exportaci\u00f3n de saltos reactivos muestra m\u00e1s datos.<\/li>\n<\/ul>\n<p>\tOtros:<\/p>\n<ul>\n<li>Corregido eventual problema con la detecci\u00f3n del Chronopic en que la ventana se cerraba de golpe.<\/li>\n<\/ul>\n<h3><span class=\"highlight2\"><i class=\"fa fa-book fa-2x\"><\/i>&nbsp;&nbsp;Se han actualizado los manuales<\/span><\/h3>\n<h3><span class=\"highlight2\"><i class=\"fa fa-flag-o fa-2x\"><\/i>&nbsp;&nbsp;Estado de las traducciones del software Chronojump<\/span><\/h3>\n<ul>\n<li>Ingl\u00e9s(*): 100%<\/li>\n<li>Castellano: 100%<\/li>\n<li>Checo: 100%<\/li>\n<li>Bosnio: 99%<\/li>\n<li>Catal\u00e1n: 98%<\/li>\n<li>Griego: 95%<\/li>\n<li>Esloveno: 93%<\/li>\n<\/ul>\n<p>\t(*) Lengua original del programa<br \/>\n\t<br \/>Se han listado s\u00f3lo las superiores al 90%.<br \/>\n\t<br \/>Estad\u00edsticas completas de las traducciones: <a href=\"https:\/\/l10n.gnome.org\/module\/chronojump\/\">https:\/\/l10n.gnome.org\/module\/chronojump<\/a>.<\/p>\n<h3><span class=\"highlight2\"><i class=\"fa fa-smile-o fa-2x\"><\/i>&nbsp;&nbsp;Agradecimientos<\/span><\/h3>\n<ul>\n<li>Gracias a Andoni Morales por la ayuda en la publicaci\u00f3n de la versi\u00f3n y a Carles Pina por la integraci\u00f3n con el servidor.<\/li>\n<li>Gracias a Jordi Carreras, Francesc Hern\u00e1ndez y Ferran Su\u00e1rez por todos los tests que han realizado.<\/li>\n<\/ul>\n<\/div>\n<p> <!-- 1_5_0 --><\/p>\n<p>Cambios en el software (por a\u00f1os): <a href=\"https:\/\/chronojump.org\/software-1-8-x\/?lang=es\">2018<\/a>, <a href=\"https:\/\/chronojump.org\/software-1-7-x\/?lang=es\">2017<\/a>, <a href=\"https:\/\/chronojump.org\/software-1-6-x\/?lang=es\">2016<\/a>, 2015.<\/p>\n","protected":false},"excerpt":{"rendered":"<p>Esta p\u00e1gina muestra la diferencia entre las versiones de Chronojump publicadas en 2015. Seleccione versi\u00f3n: 1.5.6&nbsp;&nbsp;21-27\/12\/2015 1.5.5&nbsp;&nbsp;7\/12\/2015 1.5.4&nbsp;&nbsp;22\/9\/2015 1.5.3&nbsp;&nbsp;4\/8\/2015 1.5.2&nbsp;&nbsp;25\/7\/2015 1.5.1&nbsp;&nbsp;29\/5\/2015 1.5.0&nbsp;&nbsp;17\/3\/2015 Software Chronojump: 1.5.6 (21 diciembre 2015) &nbsp;&nbsp;Actualizaci\u00f3n Dic 27: Finalmente hemos resuelto el problema de R en MacOSX. Cambios y errores corregidos en el encoder: Arreglado fallo des de la versi\u00f3n 1.5.5 en [&hellip;]<\/p>\n","protected":false},"author":2,"featured_media":0,"parent":0,"menu_order":0,"comment_status":"closed","ping_status":"closed","template":"","meta":{"advgb_blocks_editor_width":"","advgb_blocks_columns_visual_guide":"","footnotes":""},"coauthors":[],"author_meta":{"author_link":"https:\/\/chronojump.org\/es\/author\/xdeblas\/","display_name":"xdeblas"},"relative_dates":{"created":"Publicado 6 a\u00f1os hace","modified":"Actualizado 6 a\u00f1os hace"},"absolute_dates":{"created":"Publicado el abril 28, 2020","modified":"Actualizado el abril 28, 2020"},"absolute_dates_time":{"created":"Publicado el abril 28, 2020 6:47 am","modified":"Actualizado el abril 28, 2020 6:47 am"},"featured_img_caption":"","featured_img":false,"series_order":"","_links":{"self":[{"href":"https:\/\/chronojump.org\/es\/wp-json\/wp\/v2\/pages\/3190"}],"collection":[{"href":"https:\/\/chronojump.org\/es\/wp-json\/wp\/v2\/pages"}],"about":[{"href":"https:\/\/chronojump.org\/es\/wp-json\/wp\/v2\/types\/page"}],"author":[{"embeddable":true,"href":"https:\/\/chronojump.org\/es\/wp-json\/wp\/v2\/users\/2"}],"replies":[{"embeddable":true,"href":"https:\/\/chronojump.org\/es\/wp-json\/wp\/v2\/comments?post=3190"}],"version-history":[{"count":0,"href":"https:\/\/chronojump.org\/es\/wp-json\/wp\/v2\/pages\/3190\/revisions"}],"wp:attachment":[{"href":"https:\/\/chronojump.org\/es\/wp-json\/wp\/v2\/media?parent=3190"}],"curies":[{"name":"wp","href":"https:\/\/api.w.org\/{rel}","templated":true}]}}