{"id":3192,"date":"2020-04-28T06:50:58","date_gmt":"2020-04-28T05:50:58","guid":{"rendered":"http:\/\/en.chronojump.org\/tests\/tests-de-encoder\/"},"modified":"2020-05-29T17:14:53","modified_gmt":"2020-05-29T16:14:53","slug":"tests-de-encoder","status":"publish","type":"page","link":"https:\/\/chronojump.org\/es\/tests\/tests-de-encoder\/","title":{"rendered":"Tests de encoder"},"content":{"rendered":"<table cellspacing=\"0\">\n<thead>\n<tr>\n<th>Captura<\/th>\n<th>An\u00e1lisis<\/th>\n<\/tr>\n<\/thead>\n<tbody>\n<tr>\n<td><i class=\"fa fa-check fa-2x\"><\/i> Variables (promedios y picos):<\/p>\n<ul>\n<li style=\"padding-left: 30px;\">Velocidad, Fuerza y Potencia<\/li>\n<li style=\"padding-left: 30px;\">Propulsivo(por defecto) o no<\/li>\n<\/ul>\n<\/td>\n<td><i class=\"fa fa-check-square-o fa-2x\"><\/i>An\u00e1lisis en profundidad:<\/p>\n<ul>\n<li>M\u00faltiples perfiles (Fuerza, Velocidad, Potencia, Carga)<\/li>\n<li>Evoluci\u00f3n longitudinal del atleta<\/li>\n<li>Comparaci\u00f3n entre atletas<\/li>\n<\/ul>\n<\/td>\n<\/tr>\n<tr>\n<td><i class=\"fa fa-check fa-2x\"><\/i> Feedbak:<\/p>\n<ul>\n<li style=\"padding-left: 30px;\">Visual y Sonoro<\/li>\n<\/ul>\n<\/td>\n<td><i class=\"fa fa-check-square-o fa-2x\"><\/i>Optimizaci\u00f3n del entreno:<\/p>\n<ul>\n<li>C\u00e1lculo del 1RM<\/li>\n<li>Carga \u00f3ptima para el trabajo de la m\u00e1xima potencia<\/li>\n<li>An\u00e1lisis cada milisegundo y cada mil\u00edmetro<\/li>\n<\/ul>\n<\/td>\n<\/tr>\n<tr>\n<td><i class=\"fa fa-check fa-2x\"><\/i> Edici\u00f3n, guardado y carga de cada serie<\/td>\n<td><i class=\"fa fa-check-square-o fa-2x\"><\/i> Exportaci\u00f3n de las im\u00e1genes(.png) y hojas de c\u00e1lculo(.csv)<\/td>\n<\/tr>\n<tr>\n<td><i class=\"fa fa-check fa-2x\"><\/i> Fases conc\u00e9ntricas y exc\u00e9ntricas<\/td>\n<td><i class=\"fa fa-check-square-o fa-2x\"><\/i> Capacidad de valoraci\u00f3n de las variables cada milisegundo(ms)<\/td>\n<\/tr>\n<\/tbody>\n<\/table>\n<h4 style=\"text-align: center;\">Gr\u00e1fico de una captura d&#8217;encoder<\/h4>\n<p><img decoding=\"async\" loading=\"lazy\" class=\"alignnone wp-image-923 size-full\" src=\"https:\/\/chronojump.org\/wp-content\/uploads\/2020\/05\/Capture.png\" width=\"1920\" height=\"1044\" \/><\/p>\n<h4 style=\"text-align: center;\">Gr\u00e1fico de un an\u00e1lisis test de cargas progresivas<\/h4>\n<p><img decoding=\"async\" loading=\"lazy\" class=\"alignnone wp-image-924 size-full\" src=\"https:\/\/chronojump.org\/wp-content\/uploads\/2020\/05\/Test-Carregues_C\u00e0rrega-Pot\u00e8ncia.png\" width=\"1694\" height=\"813\" \/><\/p>\n<h4 style=\"text-align: center;\">Gr\u00e1fico de un an\u00e1lisis milisegundo a milisegundo<\/h4>\n<p><img decoding=\"async\" loading=\"lazy\" class=\"alignnone wp-image-926 size-full\" src=\"https:\/\/chronojump.org\/wp-content\/uploads\/2020\/05\/an\u00e0lisi_repetici\u00f3_ms-a-ms.png\" width=\"1694\" height=\"670\" \/><\/p>\n<h4 style=\"text-align: center;\">Gr\u00e1fico de un an\u00e1lisis logitudinal de un atleta<\/h4>\n<p><img decoding=\"async\" loading=\"lazy\" class=\"alignnone wp-image-925 size-full\" src=\"https:\/\/chronojump.org\/wp-content\/uploads\/2020\/05\/Evoluci\u00f3-longitudinals-entre-series.png\" width=\"1694\" height=\"813\" \/><\/p>\n<div style=\"margin: 30px 0px;\">\n<blockquote>\n<h4>Capture y analice desde encoders lineales y rotatorios seg\u00fan diferentes configuraciones, como pesos libres, planos inclinados, m\u00e1quinas de gimnasio y m\u00e1quinas inerciales (de disco o c\u00f3nicas).<img class=\"alignnone size-medium wp-image-3790\"<\/p><\/blockquote>\n<\/div>\n<div style=\"margin: 60px 0px;\">\n<h2 align=\"center\">3 encoders distintos:<\/h2>\n<div style=\"width: 50%; padding: 10pt; float: left;\"><center><img decoding=\"async\" src=\"https:\/\/chronojump.org\/wp-content\/uploads\/2020\/05\/Encoder-Linear-1-294x300.png\" \/><\/center><\/div>\n<div style=\"width: 50%; margin: 50pt 0pt; padding: 10pt; float: right; box-sizing: border-box; border: 2px solid #aaaaaa; border-radius: 4px; background-color: #ffcc00;\">\n<h3>Encoder lineal<\/h3>\n<ul>\n<li>Cable: 3 metros de longitud.<\/li>\n<li>Permite cualquier ejercicio, aunque no se recomienda el trabajo con m\u00e1quinas inerciales.<\/li>\n<\/ul>\n<\/div>\n<div style=\"clear: both;\"><\/div>\n<div style=\"width: 50%; margin: 50pt 0pt; padding: 10pt; float: left; box-sizing: border-box; border: 2px solid #aaaaaa; border-radius: 4px; background-color: #ffcc00;\">\n<h3>Encoder rotatorio de fricci\u00f3n<\/h3>\n<ul>\n<li>Se conecta a cualquier m\u00e1quina que ruede o se deslice.<\/li>\n<li>F\u00e1cil de fijar en cualquier sitio.<\/li>\n<li><a href=\"http:\/\/farm8.staticflickr.com\/7434\/13125841415_e787e9985f_o.png\">Medidas del encoder rotatorio de fricci\u00f3n.<\/a>.<\/li>\n<\/ul>\n<\/div>\n<div style=\"width: 50%; padding: 10pt; float: right;\"><center><img decoding=\"async\" src=\"https:\/\/chronojump.org\/wp-content\/uploads\/2020\/05\/encoder_fricci%C3%B3-300x300.png\" \/><\/center><\/div>\n<div style=\"clear: both;\"><\/div>\n<div style=\"width: 50%; padding: 10pt; float: left;\"><center><img decoding=\"async\" src=\"https:\/\/chronojump.org\/wp-content\/uploads\/2020\/05\/Encoder-axis-1-1-300x300.png\" \/><\/center><\/div>\n<div style=\"width: 50%; margin: 50pt 0pt; padding: 10pt; float: right; box-sizing: border-box; border: 2px solid #aaaaaa; border-radius: 4px; background-color: #ffcc00;\">\n<h3>Encoder rotatorio de eje<\/h3>\n<ul>\n<li>Este encoder <b>debe ser adaptado por un fabricante.<\/b><\/li>\n<li>Debe fijarse al eje de la m\u00e1quina.\/li&gt;<\/li>\n<li><a href=\"http:\/\/farm8.staticflickr.com\/7350\/13269793153_13184cba5b_o.png\">Medidas del encoder rotatorio de eje.<\/a><\/li>\n<\/ul>\n<\/div>\n<\/div>\n<p><!--more--><\/p>\n<div style=\"clear: both;\"><\/div>\n<div style=\"margin: 60px 0px;\">\n<h2 align=\"center\">Videos<\/h2>\n<div style=\"width: 50%; padding: 0 10pt 0 0; float: left;\"><iframe loading=\"lazy\" src=\"https:\/\/www.youtube.com\/embed\/s-8Zel1RtGs\" width=\"384\" height=\"216\" frameborder=\"0\" allowfullscreen=\"allowfullscreen\"><\/iframe><\/div>\n<div style=\"width: 50%; padding: 0 10pt 0 0; float: right;\"><iframe loading=\"lazy\" src=\"https:\/\/www.youtube.com\/embed\/cJBN8b79yUM\" width=\"384\" height=\"216\" frameborder=\"0\" allowfullscreen=\"allowfullscreen\"><\/iframe><\/div>\n<div style=\"width: 50%; padding: 0 10pt 0 0; float: left;\"><iframe loading=\"lazy\" src=\"https:\/\/www.youtube.com\/embed\/sd40bI2UQ9c\" width=\"384\" height=\"216\" frameborder=\"0\" allowfullscreen=\"allowfullscreen\"><\/iframe><\/div>\n<div style=\"width: 50%; padding: 0 10pt 0 0; float: right;\"><iframe loading=\"lazy\" src=\"https:\/\/www.youtube.com\/embed\/wt6X__FQOrU\" width=\"384\" height=\"216\" frameborder=\"0\" allowfullscreen=\"allowfullscreen\"><\/iframe><\/div>\n<\/div>\n<div style=\"margin: 30px 0px;\" align=\"center\">\n<p>M\u00e1s videos en <a href=\"https:\/\/www.youtube.com\/playlist?list=PL7Z3WKkFyPRMwKnnvDURQllrSeKV4VeuP\">Chronojump encoder en Youtube<\/a>.<\/p>\n<p>Vea <a href=\"http:\/\/www.flickr.com\/photos\/98402533@N08\/sets\/72157642290686784\/\">fotos de uso de los encoders<\/a>.<\/p>\n<p>Read <a href=\"https:\/\/chronojump.org\/docs\/chronojump_manual_es.pdf\">Manual de Chronojump (secci\u00f3n Encoder)<\/a>.<\/p>\n<p>Por favor, aplique en todo momento las <a href=\"encoder_care_es.html\">precauciones en el uso del encoder lineal<\/a>.<\/p>\n<\/div>\n","protected":false},"excerpt":{"rendered":"<p>Captura An\u00e1lisis Variables (promedios y picos): Velocidad, Fuerza y Potencia Propulsivo(por defecto) o no An\u00e1lisis en profundidad: M\u00faltiples perfiles (Fuerza, Velocidad, Potencia, Carga) Evoluci\u00f3n longitudinal del atleta Comparaci\u00f3n entre atletas Feedbak: Visual y Sonoro Optimizaci\u00f3n del entreno: C\u00e1lculo del 1RM Carga \u00f3ptima para el trabajo de la m\u00e1xima potencia An\u00e1lisis cada milisegundo y cada mil\u00edmetro [&hellip;]<\/p>\n","protected":false},"author":1,"featured_media":0,"parent":3191,"menu_order":0,"comment_status":"closed","ping_status":"closed","template":"","meta":{"advgb_blocks_editor_width":"","advgb_blocks_columns_visual_guide":"","footnotes":""},"coauthors":[],"author_meta":{"author_link":"https:\/\/chronojump.org\/es\/author\/chronojump\/","display_name":"chronojump"},"relative_dates":{"created":"Publicado 6 a\u00f1os hace","modified":"Actualizado 6 a\u00f1os hace"},"absolute_dates":{"created":"Publicado el abril 28, 2020","modified":"Actualizado el mayo 29, 2020"},"absolute_dates_time":{"created":"Publicado el abril 28, 2020 6:50 am","modified":"Actualizado el mayo 29, 2020 5:14 pm"},"featured_img_caption":"","featured_img":false,"series_order":"","_links":{"self":[{"href":"https:\/\/chronojump.org\/es\/wp-json\/wp\/v2\/pages\/3192"}],"collection":[{"href":"https:\/\/chronojump.org\/es\/wp-json\/wp\/v2\/pages"}],"about":[{"href":"https:\/\/chronojump.org\/es\/wp-json\/wp\/v2\/types\/page"}],"author":[{"embeddable":true,"href":"https:\/\/chronojump.org\/es\/wp-json\/wp\/v2\/users\/1"}],"replies":[{"embeddable":true,"href":"https:\/\/chronojump.org\/es\/wp-json\/wp\/v2\/comments?post=3192"}],"version-history":[{"count":4,"href":"https:\/\/chronojump.org\/es\/wp-json\/wp\/v2\/pages\/3192\/revisions"}],"predecessor-version":[{"id":3808,"href":"https:\/\/chronojump.org\/es\/wp-json\/wp\/v2\/pages\/3192\/revisions\/3808"}],"up":[{"embeddable":true,"href":"https:\/\/chronojump.org\/es\/wp-json\/wp\/v2\/pages\/3191"}],"wp:attachment":[{"href":"https:\/\/chronojump.org\/es\/wp-json\/wp\/v2\/media?parent=3192"}],"curies":[{"name":"wp","href":"https:\/\/api.w.org\/{rel}","templated":true}]}}