{"id":3195,"date":"2020-04-28T06:53:46","date_gmt":"2020-04-28T05:53:46","guid":{"rendered":"http:\/\/en.chronojump.org\/tutoriales\/"},"modified":"2024-03-19T14:00:08","modified_gmt":"2024-03-19T13:00:08","slug":"tutoriales","status":"publish","type":"page","link":"https:\/\/chronojump.org\/es\/tutoriales\/","title":{"rendered":"Tutoriales"},"content":{"rendered":"<p>Puede encontrar toda la informaci\u00f3n sobre el uso de Chronojump Boscosystem\u00ae en el <a href=\"http:\/\/chronojump.org\/docs\/chronojump_manual_es.pdf\">manual<\/a> (Archivo pdf de 10,2 Mb)<\/p>\n<h2>Tutoriales de saltos<\/h2>\n<ul>\n<li><strong><a href=\"https:\/\/youtu.be\/sQUoALPBieQ\">Introducci\u00f3n a la plataforma de saltos<\/a> Tutorial de 12&#8242;<\/strong> en espa\u00f1ol (subt\u00edtulos en ingl\u00e9s).<\/li>\n<li><a href=\"https:\/\/youtu.be\/wa6-KgTOwkw\">Tests de Bosco:<\/a> Muestra c\u00f3mo realizar los tests de Bosco as\u00ed como los errores t\u00edpicos durante el test.<\/li>\n<li><a href=\"https:\/\/youtu.be\/_yHNBeD_sfU?si=5r3Yxs0tP3Cov_bz\">Uni\u00f3n de dos plataformas: <\/a>C\u00f3mo unir dos plataformas para aumentar la superficie de contacto.<\/li>\n<\/ul>\n<h2>Tutoriales de encoder<\/h2>\n<p>todos los <a href=\"https:\/\/www.youtube.com\/playlist?list=PL7Z3WKkFyPRMwKnnvDURQllrSeKV4VeuP\">tutoriales de encoder<\/a> (Lista de reproducci\u00f3n de Youtube)<\/p>\n<ul>\n<li><strong><a href=\"https:\/\/youtu.be\/3Pdm-ClZUXQ\">Linear encoder<\/a> Tutorial de 11&#8242;<\/strong> en espa\u00f1ol (subt\u00edtulos en ingl\u00e9s).<\/li>\n<li><strong><a href=\"https:\/\/youtu.be\/gHKOl0G-91Q\">Rotary encoder<\/a> Tutorial de 10&#8242;<\/strong> en espa\u00f1ol (subt\u00edtulos en ingl\u00e9s).<\/li>\n<li><a href=\"https:\/\/www.youtube.com\/watch?v=MoFKMGGLbdw&amp;index=2&amp;list=PL7Z3WKkFyPRMwKnnvDURQllrSeKV4VeuP\">Guardar repeticiones<\/a>: C\u00f3mo guardar las repeticiones para el posterior an\u00e1lisis.<\/li>\n<li><a href=\"https:\/\/youtu.be\/X85YAbDeDWY\">Comparar sesiones<\/a>: C\u00f3mo comparar sesiones de la misma persona.<\/li>\n<li><a href=\"https:\/\/youtu.be\/MuDaUcD8IGM\">Perfil F-V<\/a>: C\u00f3mo obtener el perfil de Fuerza-Velocidad en un test de cargas incrementales.<\/li>\n<li><a href=\"https:\/\/youtu.be\/c3P647vJ0Bo\">Evoluci\u00f3n del perfil F-V<\/a>: C\u00f3mo observar la evoluci\u00f3n del perfil de Fuerza-Velocidad a lo largo de varias sesiones.<\/li>\n<li><a class=\"pl-video-title-link yt-uix-tile-link yt-uix-sessionlink spf-link \" dir=\"ltr\" href=\"https:\/\/www.youtube.com\/watch?v=s-8Zel1RtGs&amp;index=1&amp;list=PL7Z3WKkFyPRMwKnnvDURQllrSeKV4VeuP\" data-sessionlink=\"ei=Qh4sWdKuB4PPcPuIung&amp;feature=plpp_video&amp;ved=CBEQxjQYACITCNLX0YWXldQCFYMnHAode4QODyj6LA\">Captura en un plano inclinado:<\/a> C\u00f3mo capturar un ejercicio de prensa de piernas en un plano inclinado.<\/li>\n<li><a class=\"pl-video-title-link yt-uix-tile-link yt-uix-sessionlink spf-link \" dir=\"ltr\" href=\"https:\/\/www.youtube.com\/watch?v=wt6X__FQOrU&amp;index=8&amp;list=PL7Z3WKkFyPRMwKnnvDURQllrSeKV4VeuP&amp;t=6s\" data-sessionlink=\"ei=Qh4sWdKuB4PPcPuIung&amp;feature=plpp_video&amp;ved=CBgQxjQYByITCNLX0YWXldQCFYMnHAode4QODyj6LA\">M\u00e1quinas inerciales: <\/a>C\u00f3mo capturar un ejercicio de sentadilla en una m\u00e1quina inercial.<\/li>\n<li><a class=\"pl-video-title-link yt-uix-tile-link yt-uix-sessionlink spf-link \" dir=\"ltr\" href=\"https:\/\/www.youtube.com\/watch?v=MoFKMGGLbdw&amp;index=2&amp;list=PL7Z3WKkFyPRMwKnnvDURQllrSeKV4VeuP\" data-sessionlink=\"ei=Qh4sWdKuB4PPcPuIung&amp;feature=plpp_video&amp;ved=CBIQxjQYASITCNLX0YWXldQCFYMnHAode4QODyj6LA\">Guardar repeticiones<\/a>: C\u00f3mo guardar las repeticiones para posteriores an\u00e1lisis.<\/li>\n<li><a class=\"pl-video-title-link yt-uix-tile-link yt-uix-sessionlink spf-link \" dir=\"ltr\" href=\"https:\/\/www.youtube.com\/watch?v=UiZJKbU4OSg&amp;index=3&amp;list=PL7Z3WKkFyPRMwKnnvDURQllrSeKV4VeuP\" data-sessionlink=\"ei=Qh4sWdKuB4PPcPuIung&amp;feature=plpp_video&amp;ved=CBMQxjQYAiITCNLX0YWXldQCFYMnHAode4QODyj6LA\">Editar una serie<\/a>: C\u00f3mo editar o reparar una serie. \u00datil si se ha cometido alg\u00fan error durante la captura en la persona, ejercicio, carga, lateralidad, etc&#8230;<\/li>\n<li><a class=\"pl-video-title-link yt-uix-tile-link yt-uix-sessionlink spf-link \" dir=\"ltr\" href=\"https:\/\/www.youtube.com\/watch?v=mynNxYELja4&amp;index=4&amp;list=PL7Z3WKkFyPRMwKnnvDURQllrSeKV4VeuP\" data-sessionlink=\"ei=Qh4sWdKuB4PPcPuIung&amp;feature=plpp_video&amp;ved=CBQQxjQYAyITCNLX0YWXldQCFYMnHAode4QODyj6LA\">Curva de potencia vs Carga<\/a>: C\u00f3mo encontrar la carga \u00f3ptima para alcanzar la m\u00e1xima potencia as\u00ed como la potencia te\u00f3rica de cada carga.<\/li>\n<li><a class=\"pl-video-title-link yt-uix-tile-link yt-uix-sessionlink spf-link \" dir=\"ltr\" href=\"https:\/\/www.youtube.com\/watch?v=pzpOE2ZbPmc&amp;index=5&amp;list=PL7Z3WKkFyPRMwKnnvDURQllrSeKV4VeuP\" data-sessionlink=\"ei=Qh4sWdKuB4PPcPuIung&amp;feature=plpp_video&amp;ved=CBUQxjQYBCITCNLX0YWXldQCFYMnHAode4QODyj6LA\">C\u00e1lculo del 1RM<\/a>: C\u00f3mo conocer la m\u00e1xima carga que el atleta puede mover sin necesidad de mover cargas tan altas cargas.<\/li>\n<li><a href=\"https:\/\/www.youtube.com\/watch?v=sd40bI2UQ9c&amp;index=6&amp;list=PL7Z3WKkFyPRMwKnnvDURQllrSeKV4VeuP\">C\u00e1lculo indirecto del 1RM:<\/a> How to calculate for the athlete with how much load he can perform &#8220;n&#8221; repetitions. C\u00f3mo calcular para el atleta con qu\u00e9 carga puede ejecutar &#8220;n&#8221; repeticiones.<\/li>\n<li><a class=\"pl-video-title-link yt-uix-tile-link yt-uix-sessionlink spf-link \" dir=\"ltr\" href=\"https:\/\/www.youtube.com\/watch?v=HK1ilOyg5Vs&amp;list=PL7Z3WKkFyPRMwKnnvDURQllrSeKV4VeuP&amp;index=11\" data-sessionlink=\"ei=6CEsWYXCOouNWfu1v4gF&amp;feature=plpp_video&amp;ved=CBUQxjQYCiITCIXWs8OaldQCFYtGFgod-9oPUSj6LA\">Calibraci\u00f3n del momento de inercia<\/a>: How to calculate the inertia momentum (resistance to angular acceleration) of an inertial machine.<\/li>\n<\/ul>\n<h2>Tutoriales de photoc\u00e9lulas<\/h2>\n<ul>\n<li><a class=\"pl-video-title-link yt-uix-tile-link yt-uix-sessionlink spf-link \" dir=\"ltr\" href=\"https:\/\/youtu.be\/kAYrn9lBDzM\" data-sessionlink=\"ei=DCIsWbukDoK6c4mSutgF&amp;feature=plpp_video&amp;ved=CBoQxjQYCSITCLvanNSaldQCFQLdHAodCYkOWyj6LA\">Uso de fotoc\u00e9lulas:<\/a> C\u00f3mo medir las carreras usando fotoc\u00e9lulas.<\/li>\n<\/ul>\n<h2>Tutorales del sensor de fuerza<\/h2>\n<ul>\n<li><a href=\"https:\/\/youtu.be\/RyaHQ0UtucE\">Sensor de fuerza<\/a>: Uso, tarado y calibrado as\u00ed como realizaci\u00f3n de un test de fuerza isom\u00e9trica.<\/li>\n<\/ul>\n","protected":false},"excerpt":{"rendered":"<p>Puede encontrar toda la informaci\u00f3n sobre el uso de Chronojump Boscosystem\u00ae en el manual (Archivo pdf de 10,2 Mb) Tutoriales de saltos Introducci\u00f3n a la plataforma de saltos Tutorial de 12&#8242; en espa\u00f1ol (subt\u00edtulos en ingl\u00e9s). Tests de Bosco: Muestra c\u00f3mo realizar los tests de Bosco as\u00ed como los errores t\u00edpicos durante el test. Uni\u00f3n [&hellip;]<\/p>\n","protected":false},"author":1,"featured_media":0,"parent":0,"menu_order":0,"comment_status":"closed","ping_status":"closed","template":"","meta":{"advgb_blocks_editor_width":"","advgb_blocks_columns_visual_guide":"","footnotes":""},"coauthors":[],"author_meta":{"author_link":"https:\/\/chronojump.org\/es\/author\/chronojump\/","display_name":"chronojump"},"relative_dates":{"created":"Publicado 6 a\u00f1os hace","modified":"Actualizado 2 a\u00f1os hace"},"absolute_dates":{"created":"Publicado el abril 28, 2020","modified":"Actualizado el marzo 19, 2024"},"absolute_dates_time":{"created":"Publicado el abril 28, 2020 6:53 am","modified":"Actualizado el marzo 19, 2024 2:00 pm"},"featured_img_caption":"","featured_img":false,"series_order":"","_links":{"self":[{"href":"https:\/\/chronojump.org\/es\/wp-json\/wp\/v2\/pages\/3195"}],"collection":[{"href":"https:\/\/chronojump.org\/es\/wp-json\/wp\/v2\/pages"}],"about":[{"href":"https:\/\/chronojump.org\/es\/wp-json\/wp\/v2\/types\/page"}],"author":[{"embeddable":true,"href":"https:\/\/chronojump.org\/es\/wp-json\/wp\/v2\/users\/1"}],"replies":[{"embeddable":true,"href":"https:\/\/chronojump.org\/es\/wp-json\/wp\/v2\/comments?post=3195"}],"version-history":[{"count":3,"href":"https:\/\/chronojump.org\/es\/wp-json\/wp\/v2\/pages\/3195\/revisions"}],"predecessor-version":[{"id":20954,"href":"https:\/\/chronojump.org\/es\/wp-json\/wp\/v2\/pages\/3195\/revisions\/20954"}],"wp:attachment":[{"href":"https:\/\/chronojump.org\/es\/wp-json\/wp\/v2\/media?parent=3195"}],"curies":[{"name":"wp","href":"https:\/\/api.w.org\/{rel}","templated":true}]}}