{"id":3217,"date":"2020-04-28T16:39:00","date_gmt":"2020-04-28T15:39:00","guid":{"rendered":"http:\/\/en.chronojump.org\/chronojump-networks\/"},"modified":"2022-09-29T14:59:45","modified_gmt":"2022-09-29T13:59:45","slug":"chronojump-networks","status":"publish","type":"page","link":"https:\/\/chronojump.org\/es\/chronojump-networks\/","title":{"rendered":"Chronojump Networks"},"content":{"rendered":"<p><iframe loading=\"lazy\" src=\"https:\/\/www.youtube.com\/embed\/0gb2kLHQMYE\" width=\"794\" height=\"447\" frameborder=\"0\" allowfullscreen=\"allowfullscreen\"><\/iframe><\/p>\n<p>Chronojump Networks es una soluci\u00f3n Cliente\/Servidor para monitorizar el entrenamiento y tener una comunicaci\u00f3n bidireccional fluida entre el deportista y el entrenador. Puede ver el v\u00eddeo <a href=\"https:\/\/youtu.be\/0gb2kLHQMYE\">Chronojump Networks<\/a> y tambi\u00e9n descargar un breve resumen en <a href=\"https:\/\/chronojump.org\/wp-content\/uploads\/2020\/06\/Triptic-Neworks_English.pdf\" rel=\"attachment wp-att-2512\">chronojump-networks-briefing<\/a>.<\/p>\n<p><a href=\"https:\/\/chronojump.org\/wp-content\/uploads\/2020\/06\/Triptic-Neworks_English.pdf\"><img decoding=\"async\" loading=\"lazy\" class=\"wp-image-4033 size-full alignnone\" src=\"https:\/\/chronojump.org\/wp-content\/uploads\/2020\/06\/Triptic-Neworks_English.png\" alt=\"\" width=\"903\" height=\"634\" \/><\/a>Haga clic en la imagen para ver el documento PDF.<\/p>\n<p><img decoding=\"async\" loading=\"lazy\" class=\"alignnone wp-image-4045 size-full\" src=\"https:\/\/chronojump.org\/wp-content\/uploads\/2020\/06\/chronojump-networks_v2.png\" alt=\"chronojump-networks_v2\" width=\"800\" height=\"483\" srcset=\"https:\/\/chronojump.org\/wp-content\/uploads\/2020\/06\/chronojump-networks_v2.png 800w, https:\/\/chronojump.org\/wp-content\/uploads\/2020\/06\/chronojump-networks_v2-300x181.png 300w, https:\/\/chronojump.org\/wp-content\/uploads\/2020\/06\/chronojump-networks_v2-768x464.png 768w, https:\/\/chronojump.org\/wp-content\/uploads\/2020\/06\/chronojump-networks_v2-416x251.png 416w\" sizes=\"(max-width: 800px) 100vw, 800px\" \/><\/p>\n<p><!--\nTenemos una soluci\u00f3n cliente\/servidor completa funcionando en el primer equipo de f\u00fatbol del F\u00fatbol Club Barcelona.\n--><\/p>\n<p><!--\n\n\n\n\n\n\n\n\n\n\n<div style=\"margin: 60px 0px;\">&nbsp;<\/div>\n\n\n\n\n\n\n\n\n\n\n\n\n\n\n\n\n\n\n\n\n<div style=\"margin: 80px 0px;\">\n\n\n\n\n\n\n\n\n\n\n<div style=\"width: 50%; padding: 0px 20px 0px 0px; float: left;\">\n\n\n\n\n\n\n\n\n\n\n<h4><i class=\"fa fa-server fa-2x\"><\/i>&nbsp;&nbsp;&nbsp;Server features<\/h4>\n\n\n\n\n\n\n\n\n\n\n\n\n\n\n\n\n\n\n\n\n<ul>\n \t\n\n\n\n\n\n\n\n\n\n<li>Add players<\/li>\n\n\n\n\n\n\n\n\n\n\n \t\n\n\n\n\n\n\n\n\n\n<li>Add work stations (clients)<\/li>\n\n\n\n\n\n\n\n\n\n\n \t\n\n\n\n\n\n\n\n\n\n<li>Add exercises<\/li>\n\n\n\n\n\n\n\n\n\n\n \t\n\n\n\n\n\n\n\n\n\n<li>Add tasks<\/li>\n\n\n\n\n\n\n\n\n\n\n \t\n\n\n\n\n\n\n\n\n\n<li>Show results of all clients at \"real time\"<\/li>\n\n\n\n\n\n\n\n\n\n\n \t\n\n\n\n\n\n\n\n\n\n<li>Advanced search of results<\/li>\n\n\n\n\n\n\n\n\n\n\n \t\n\n\n\n\n\n\n\n\n\n<li>Export to spreadsheet<\/li>\n\n\n\n\n\n\n\n\n\n\n \t\n\n\n\n\n\n\n\n\n\n<li>Manage wristbands replacement<\/li>\n\n\n\n\n\n\n\n\n\n\n<\/ul>\n\n\n\n\n\n\n\n\n\n\n<\/div>\n\n\n\n\n\n\n\n\n\n\n\n\n\n\n\n\n\n\n\n\n<div style=\"width: 50%; padding: 0px 0px 0px 20px; float: right;\">\n\n\n\n\n\n\n\n\n\n\n<h4><i class=\"fa fa-laptop fa-2x\"><\/i>&nbsp;&nbsp;&nbsp;Clients features<\/h4>\n\n\n\n\n\n\n\n\n\n\n\n\n\n\n\n\n\n\n\n\n<ul>\n \t\n\n\n\n\n\n\n\n\n\n<li>Chronojump reliable measurement<\/li>\n\n\n\n\n\n\n\n\n\n\n \t\n\n\n\n\n\n\n\n\n\n<li>Detect players using a wristband<\/li>\n\n\n\n\n\n\n\n\n\n\n \t\n\n\n\n\n\n\n\n\n\n<li>Results are automatically uploaded to server<\/li>\n\n\n\n\n\n\n\n\n\n\n \t\n\n\n\n\n\n\n\n\n\n<li>Improved graphical interface with minimal user interaction<\/li>\n\n\n\n\n\n\n\n\n\n\n \t\n\n\n\n\n\n\n\n\n\n<li>No user interaction needed if tasks are defined on server<\/li>\n\n\n\n\n\n\n\n\n\n\n<\/ul>\n\n\n\n\n\n\n\n\n\n\n<\/div>\n\n\n\n\n\n\n\n\n\n\n<\/div>\n\n\n\n\n\n\n\n\n\n\n\n\n\n\n\n\n\n\n\n\n<div style=\"clear: both;\">&nbsp;<\/div>\n\n\n\n\n\n\n\n\n\n\nRunning in the gym of the first Bar\u00e7a football team since 2016.\n\n--><\/p>\n<div style=\"margin: 40px 0px 0px 0px;\">Para m\u00e1s informaci\u00f3n, p\u00f3ngase en contacto con nosotros en: <b>support@chronojump.org<\/b><\/div>\n\n<p><\/p>\n\n<p>Caracter\u00edsticas que Chronojump Networks ofrece actualmente:<\/p>\n\n<div class=\"wp-block-advgb-list\"><ul class=\"advgblist-d22ac88b-a27b-44fc-8d4e-996ea1dcc058\"><li>Se pueden crear los sujetos en una estacion que llamamos Admin pero tambien se podr\u00e1 llevar a cabo via web. Dicha estaci\u00f3n tambi\u00e9n dispone de un grabador de pulseras que permite identificar cada sujeto de forma individualizada para que disponga de unos permisos y sea clasificado en grupos de trabajo concretos.<\/li><li>La estaci\u00f3n Admin (donde se crean los sujetos) guarda copias de seguridad de todas las estaciones.&#13;\n<\/li><li>Las estaciones standard disponen de un lector de pulsera que permite identificar los sujetos de forma individualizada y que previamente han sido registrados en la estacion admin. El responsable de dicho usuario podr\u00e1 asignar tareas de forma individualizada o copiando las asignadas a todo un grupo.<\/li><li>La interfaz gr\u00e1fica que visualizan los usuarios en cada una de las estaciones de trabajo no les permite modificar configuraciones. Eso favorece a que no les permita desconfigurar programaciones y ganan agilidad en la ejecuci\u00f3n de las tareas<\/li><li>La identificaci\u00f3n de las pulseras en las estaciones descarga los ejercicios nuevos asignados a cada usuario. Tambien descarga los datos del sujeto si dicha estaci\u00f3n de trabajo no dispone de ellos.&#13;\n<\/li><li>En funci\u00f3n de los permisos asignados, los usuarios tienen la posibilidad de ver sus resultados en el perfil web creado para ellos.<\/li><li>Los usuarios de Chronojump Networks pueden tener el software de Chronojump, por ejemplo en su ordenador port\u00e1til, y cargar las sesiones que deseen desde el administrador (a trav\u00e9s de la red) en caso de que quieran utilizar Chronojump para el an\u00e1lisis completo de todos los datos<\/li><\/ul><\/div>\n\n<p>Funciones en curso para Chronojump Networks:<\/p>\n\n<div class=\"wp-block-advgb-list\"><ul class=\"advgblist-5644d015-77d2-475b-9df4-08bc8cf5d4b4\"><li>Los sensores de fuerza a\u00fan no est\u00e1n disponibles en el servicio Networks.<\/li><li>La posibilidad de que los usuarios suban datos relacionados con el sue\u00f1o, escalas de Borg, &#8230; en su perfil web de Chronojump Networks.<\/li><\/ul><\/div>\n\n<div class=\"wp-block-advgb-images-slider advgb-images-slider-block\"><div class=\"advgb-images-slider\" data-slick=\"{&quot;rtl&quot;: false}\"><div class=\"advgb-image-slider-item\"><img decoding=\"async\" src=\"https:\/\/chronojump.org\/wp-content\/uploads\/2020\/09\/1welcome.png\" class=\"advgb-image-slider-img\" alt=\"Slider image\" style=\"width:100%;height:auto\"\/><div class=\"advgb-image-slider-item-info\" style=\"justify-content:center;align-items:center\"><\/div><\/div><div class=\"advgb-image-slider-item\"><img decoding=\"async\" src=\"https:\/\/chronojump.org\/wp-content\/uploads\/2020\/09\/2results.png\" class=\"advgb-image-slider-img\" alt=\"Slider image\" style=\"width:100%;height:auto\"\/><div class=\"advgb-image-slider-item-info\" style=\"justify-content:center;align-items:center\"><\/div><\/div><div class=\"advgb-image-slider-item\"><img decoding=\"async\" src=\"https:\/\/chronojump.org\/wp-content\/uploads\/2020\/09\/3charts.png\" class=\"advgb-image-slider-img\" alt=\"Slider image\" style=\"width:100%;height:auto\"\/><div class=\"advgb-image-slider-item-info\" style=\"justify-content:center;align-items:center\"><\/div><\/div><div class=\"advgb-image-slider-item\"><img decoding=\"async\" src=\"https:\/\/chronojump.org\/wp-content\/uploads\/2020\/09\/4borg.png\" class=\"advgb-image-slider-img\" alt=\"Slider image\" style=\"width:100%;height:auto\"\/><div class=\"advgb-image-slider-item-info\" style=\"justify-content:center;align-items:center\"><\/div><\/div><div class=\"advgb-image-slider-item\"><img decoding=\"async\" src=\"https:\/\/chronojump.org\/wp-content\/uploads\/2020\/09\/5tasks.png\" class=\"advgb-image-slider-img\" alt=\"Slider image\" style=\"width:100%;height:auto\"\/><div class=\"advgb-image-slider-item-info\" style=\"justify-content:center;align-items:center\"><\/div><\/div><div class=\"advgb-image-slider-item\"><img decoding=\"async\" src=\"https:\/\/chronojump.org\/wp-content\/uploads\/2020\/09\/6exercise.png\" class=\"advgb-image-slider-img\" alt=\"Slider image\" style=\"width:100%;height:auto\"\/><div class=\"advgb-image-slider-item-info\" style=\"justify-content:center;align-items:center\"><\/div><\/div><div class=\"advgb-image-slider-item\"><img decoding=\"async\" src=\"https:\/\/chronojump.org\/wp-content\/uploads\/2020\/09\/7player.png\" class=\"advgb-image-slider-img\" alt=\"Slider image\" style=\"width:100%;height:auto\"\/><div class=\"advgb-image-slider-item-info\" style=\"justify-content:center;align-items:center\"><\/div><\/div><div class=\"advgb-image-slider-item\"><img decoding=\"async\" src=\"https:\/\/chronojump.org\/wp-content\/uploads\/2020\/09\/8playerSession.png\" class=\"advgb-image-slider-img\" alt=\"Slider image\" style=\"width:100%;height:auto\"\/><div class=\"advgb-image-slider-item-info\" style=\"justify-content:center;align-items:center\"><\/div><\/div><div class=\"advgb-image-slider-item\"><img decoding=\"async\" src=\"https:\/\/chronojump.org\/wp-content\/uploads\/2020\/09\/9playerResults.png\" class=\"advgb-image-slider-img\" alt=\"Slider image\" style=\"width:100%;height:auto\"\/><div class=\"advgb-image-slider-item-info\" style=\"justify-content:center;align-items:center\"><\/div><\/div><div class=\"advgb-image-slider-item\"><img decoding=\"async\" src=\"https:\/\/chronojump.org\/wp-content\/uploads\/2020\/09\/10playerTasks.png\" class=\"advgb-image-slider-img\" alt=\"Slider image\" style=\"width:100%;height:auto\"\/><div class=\"advgb-image-slider-item-info\" style=\"justify-content:center;align-items:center\"><\/div><\/div><div class=\"advgb-image-slider-item\"><img decoding=\"async\" src=\"https:\/\/chronojump.org\/wp-content\/uploads\/2020\/09\/11language.png\" class=\"advgb-image-slider-img\" alt=\"Slider image\" style=\"width:100%;height:auto\"\/><div class=\"advgb-image-slider-item-info\" style=\"justify-content:center;align-items:center\"><\/div><\/div><div class=\"advgb-image-slider-item\"><img decoding=\"async\" src=\"https:\/\/chronojump.org\/wp-content\/uploads\/2020\/09\/12info.png\" class=\"advgb-image-slider-img\" alt=\"Slider image\" style=\"width:100%;height:auto\"\/><div class=\"advgb-image-slider-item-info\" style=\"justify-content:center;align-items:center\"><\/div><\/div><\/div><\/div>\n\n<h2 class=\"wp-block-heading\">Uso de Chronojump Networks:<\/h2>\n\n<p>Muy agradecidos con el contenido en Instagram de la Universidad Cat\u00f3lica de Chile por el video realizado utilizando Chronojump Networks.<\/p>\n\n<blockquote class=\"instagram-media\" data-instgrm-captioned=\"\" data-instgrm-permalink=\"https:\/\/www.instagram.com\/reel\/Ce6l6UclelG\/?utm_source=ig_embed&#038;utm_campaign=loading\" data-instgrm-version=\"14\" style=\" background:#FFF; border:0; border-radius:3px; box-shadow:0 0 1px 0 rgba(0,0,0,0.5),0 1px 10px 0 rgba(0,0,0,0.15); margin: 1px; max-width:540px; min-width:326px; padding:0; width:99.375%; width:-webkit-calc(100% - 2px); width:calc(100% - 2px);\"><div style=\"padding:16px;\"> <a href=\"https:\/\/www.instagram.com\/reel\/Ce6l6UclelG\/?utm_source=ig_embed&#038;utm_campaign=loading\" style=\" background:#FFFFFF; line-height:0; padding:0 0; text-align:center; text-decoration:none; width:100%;\" target=\"_blank\" rel=\"noopener\"> <div style=\" display: flex; flex-direction: row; align-items: center;\"> <div style=\"background-color: #F4F4F4; border-radius: 50%; flex-grow: 0; height: 40px; margin-right: 14px; width: 40px;\"><\/div> <div style=\"display: flex; flex-direction: column; flex-grow: 1; justify-content: center;\"> <div style=\" background-color: #F4F4F4; border-radius: 4px; flex-grow: 0; height: 14px; margin-bottom: 6px; width: 100px;\"><\/div> <div style=\" background-color: #F4F4F4; border-radius: 4px; flex-grow: 0; height: 14px; width: 60px;\"><\/div><\/div><\/div><div style=\"padding: 19% 0;\"><\/div> <div style=\"display:block; height:50px; margin:0 auto 12px; width:50px;\"><svg width=\"50px\" height=\"50px\" viewbox=\"0 0 60 60\" version=\"1.1\" xmlns=\"https:\/\/www.w3.org\/2000\/svg\" xmlns:xlink=\"https:\/\/www.w3.org\/1999\/xlink\"><g stroke=\"none\" stroke-width=\"1\" fill=\"none\" fill-rule=\"evenodd\"><g transform=\"translate(-511.000000, -20.000000)\" fill=\"#000000\"><g><path d=\"M556.869,30.41 C554.814,30.41 553.148,32.076 553.148,34.131 C553.148,36.186 554.814,37.852 556.869,37.852 C558.924,37.852 560.59,36.186 560.59,34.131 C560.59,32.076 558.924,30.41 556.869,30.41 M541,60.657 C535.114,60.657 530.342,55.887 530.342,50 C530.342,44.114 535.114,39.342 541,39.342 C546.887,39.342 551.658,44.114 551.658,50 C551.658,55.887 546.887,60.657 541,60.657 M541,33.886 C532.1,33.886 524.886,41.1 524.886,50 C524.886,58.899 532.1,66.113 541,66.113 C549.9,66.113 557.115,58.899 557.115,50 C557.115,41.1 549.9,33.886 541,33.886 M565.378,62.101 C565.244,65.022 564.756,66.606 564.346,67.663 C563.803,69.06 563.154,70.057 562.106,71.106 C561.058,72.155 560.06,72.803 558.662,73.347 C557.607,73.757 556.021,74.244 553.102,74.378 C549.944,74.521 548.997,74.552 541,74.552 C533.003,74.552 532.056,74.521 528.898,74.378 C525.979,74.244 524.393,73.757 523.338,73.347 C521.94,72.803 520.942,72.155 519.894,71.106 C518.846,70.057 518.197,69.06 517.654,67.663 C517.244,66.606 516.755,65.022 516.623,62.101 C516.479,58.943 516.448,57.996 516.448,50 C516.448,42.003 516.479,41.056 516.623,37.899 C516.755,34.978 517.244,33.391 517.654,32.338 C518.197,30.938 518.846,29.942 519.894,28.894 C520.942,27.846 521.94,27.196 523.338,26.654 C524.393,26.244 525.979,25.756 528.898,25.623 C532.057,25.479 533.004,25.448 541,25.448 C548.997,25.448 549.943,25.479 553.102,25.623 C556.021,25.756 557.607,26.244 558.662,26.654 C560.06,27.196 561.058,27.846 562.106,28.894 C563.154,29.942 563.803,30.938 564.346,32.338 C564.756,33.391 565.244,34.978 565.378,37.899 C565.522,41.056 565.552,42.003 565.552,50 C565.552,57.996 565.522,58.943 565.378,62.101 M570.82,37.631 C570.674,34.438 570.167,32.258 569.425,30.349 C568.659,28.377 567.633,26.702 565.965,25.035 C564.297,23.368 562.623,22.342 560.652,21.575 C558.743,20.834 556.562,20.326 553.369,20.18 C550.169,20.033 549.148,20 541,20 C532.853,20 531.831,20.033 528.631,20.18 C525.438,20.326 523.257,20.834 521.349,21.575 C519.376,22.342 517.703,23.368 516.035,25.035 C514.368,26.702 513.342,28.377 512.574,30.349 C511.834,32.258 511.326,34.438 511.181,37.631 C511.035,40.831 511,41.851 511,50 C511,58.147 511.035,59.17 511.181,62.369 C511.326,65.562 511.834,67.743 512.574,69.651 C513.342,71.625 514.368,73.296 516.035,74.965 C517.703,76.634 519.376,77.658 521.349,78.425 C523.257,79.167 525.438,79.673 528.631,79.82 C531.831,79.965 532.853,80.001 541,80.001 C549.148,80.001 550.169,79.965 553.369,79.82 C556.562,79.673 558.743,79.167 560.652,78.425 C562.623,77.658 564.297,76.634 565.965,74.965 C567.633,73.296 568.659,71.625 569.425,69.651 C570.167,67.743 570.674,65.562 570.82,62.369 C570.966,59.17 571,58.147 571,50 C571,41.851 570.966,40.831 570.82,37.631\"><\/path><\/g><\/g><\/g><\/svg><\/div><div style=\"padding-top: 8px;\"> <div style=\" color:#3897f0; font-family:Arial,sans-serif; font-size:14px; font-style:normal; font-weight:550; line-height:18px;\">Ver esta publicaci\u00f3n en Instagram<\/div><\/div><div style=\"padding: 12.5% 0;\"><\/div> <div style=\"display: flex; flex-direction: row; margin-bottom: 14px; align-items: center;\"><div> <div style=\"background-color: #F4F4F4; border-radius: 50%; height: 12.5px; width: 12.5px; transform: translateX(0px) translateY(7px);\"><\/div> <div style=\"background-color: #F4F4F4; height: 12.5px; transform: rotate(-45deg) translateX(3px) translateY(1px); width: 12.5px; flex-grow: 0; margin-right: 14px; margin-left: 2px;\"><\/div> <div style=\"background-color: #F4F4F4; border-radius: 50%; height: 12.5px; width: 12.5px; transform: translateX(9px) translateY(-18px);\"><\/div><\/div><div style=\"margin-left: 8px;\"> <div style=\" background-color: #F4F4F4; border-radius: 50%; flex-grow: 0; height: 20px; width: 20px;\"><\/div> <div style=\" width: 0; height: 0; border-top: 2px solid transparent; border-left: 6px solid #f4f4f4; border-bottom: 2px solid transparent; transform: translateX(16px) translateY(-4px) rotate(30deg)\"><\/div><\/div><div style=\"margin-left: auto;\"> <div style=\" width: 0px; border-top: 8px solid #F4F4F4; border-right: 8px solid transparent; transform: translateY(16px);\"><\/div> <div style=\" background-color: #F4F4F4; flex-grow: 0; height: 12px; width: 16px; transform: translateY(-4px);\"><\/div> <div style=\" width: 0; height: 0; border-top: 8px solid #F4F4F4; border-left: 8px solid transparent; transform: translateY(-4px) translateX(8px);\"><\/div><\/div><\/div> <div style=\"display: flex; flex-direction: column; flex-grow: 1; justify-content: center; margin-bottom: 24px;\"> <div style=\" background-color: #F4F4F4; border-radius: 4px; flex-grow: 0; height: 14px; margin-bottom: 6px; width: 224px;\"><\/div> <div style=\" background-color: #F4F4F4; border-radius: 4px; flex-grow: 0; height: 14px; width: 144px;\"><\/div><\/div><\/a><p style=\" color:#c9c8cd; font-family:Arial,sans-serif; font-size:14px; line-height:17px; margin-bottom:0; margin-top:8px; overflow:hidden; padding:8px 0 7px; text-align:center; text-overflow:ellipsis; white-space:nowrap;\"><a href=\"https:\/\/www.instagram.com\/reel\/Ce6l6UclelG\/?utm_source=ig_embed&#038;utm_campaign=loading\" style=\" color:#c9c8cd; font-family:Arial,sans-serif; font-size:14px; font-style:normal; font-weight:normal; line-height:17px; text-decoration:none;\" target=\"_blank\" rel=\"noopener\">Una publicaci\u00f3n compartida de Chronojump Boscosystem (@chronojump_boscosystem)<\/a><\/p><\/div><\/blockquote> <script async=\"\" src=\"\/\/www.instagram.com\/embed.js\"><\/script><style class=\"advgb-styles-renderer\">.wp-block-advgb-list ul.advgblist-d22ac88b-a27b-44fc-8d4e-996ea1dcc058 > li{font-size:16px;}.wp-block-advgb-list ul.advgblist-5644d015-77d2-475b-9df4-08bc8cf5d4b4 > li{font-size:16px;}<\/style>","protected":false},"excerpt":{"rendered":"<p>Chronojump Networks es una soluci\u00f3n Cliente\/Servidor para monitorizar el entrenamiento y tener una comunicaci\u00f3n bidireccional fluida entre el deportista y el entrenador. Puede ver el v\u00eddeo Chronojump Networks y tambi\u00e9n descargar un breve resumen en chronojump-networks-briefing. Haga clic en la imagen para ver el documento PDF. Para m\u00e1s informaci\u00f3n, p\u00f3ngase en contacto con nosotros en: [&hellip;]<\/p>\n","protected":false},"author":2,"featured_media":0,"parent":0,"menu_order":0,"comment_status":"closed","ping_status":"closed","template":"","meta":{"advgb_blocks_editor_width":"","advgb_blocks_columns_visual_guide":"","footnotes":""},"coauthors":[],"author_meta":{"author_link":"https:\/\/chronojump.org\/es\/author\/xdeblas\/","display_name":"xdeblas"},"relative_dates":{"created":"Publicado 6 a\u00f1os hace","modified":"Actualizado 4 a\u00f1os hace"},"absolute_dates":{"created":"Publicado el abril 28, 2020","modified":"Actualizado el septiembre 29, 2022"},"absolute_dates_time":{"created":"Publicado el abril 28, 2020 4:39 pm","modified":"Actualizado el septiembre 29, 2022 2:59 pm"},"featured_img_caption":"","featured_img":false,"series_order":"","_links":{"self":[{"href":"https:\/\/chronojump.org\/es\/wp-json\/wp\/v2\/pages\/3217"}],"collection":[{"href":"https:\/\/chronojump.org\/es\/wp-json\/wp\/v2\/pages"}],"about":[{"href":"https:\/\/chronojump.org\/es\/wp-json\/wp\/v2\/types\/page"}],"author":[{"embeddable":true,"href":"https:\/\/chronojump.org\/es\/wp-json\/wp\/v2\/users\/2"}],"replies":[{"embeddable":true,"href":"https:\/\/chronojump.org\/es\/wp-json\/wp\/v2\/comments?post=3217"}],"version-history":[{"count":14,"href":"https:\/\/chronojump.org\/es\/wp-json\/wp\/v2\/pages\/3217\/revisions"}],"predecessor-version":[{"id":15702,"href":"https:\/\/chronojump.org\/es\/wp-json\/wp\/v2\/pages\/3217\/revisions\/15702"}],"wp:attachment":[{"href":"https:\/\/chronojump.org\/es\/wp-json\/wp\/v2\/media?parent=3217"}],"curies":[{"name":"wp","href":"https:\/\/api.w.org\/{rel}","templated":true}]}}