{"id":3316,"date":"2020-05-04T09:07:11","date_gmt":"2020-05-04T08:07:11","guid":{"rendered":"http:\/\/en.chronojump.org\/faq-hardware\/"},"modified":"2020-05-04T09:07:24","modified_gmt":"2020-05-04T08:07:24","slug":"faq-hardware","status":"publish","type":"page","link":"https:\/\/chronojump.org\/es\/faq-hardware\/","title":{"rendered":"FAQ Hardware"},"content":{"rendered":"<table border=\"0\" width=\"99%\" cellspacing=\"6\" cellpadding=\"6\" align=\"center\">\n<tbody>\n<tr>\n<td align=\"center\" valign=\"center\"><img decoding=\"async\" src=\"..\/..\/images\/chronopic3.jpg\" width=\"150\" border=\"0\" \/><\/td>\n<td align=\"left\" valign=\"top\" width=\"100%\">\n<div>\n<div>\n<h5>Preguntas frecuentes sobre la plataforma de contactos<\/h5>\n<p>&nbsp;<\/p>\n<\/div>\n<\/div>\n<ul>\n<li>\u00bfD\u00f3nde puedo comprar la plataforma de contactos?<\/li>\n<\/ul>\n<div>\n<div>\n<p>&nbsp;<\/p>\n<p>Consulte la p\u00e1gina de <a href=\"pricing_es.html\">precios<\/a>.<\/p>\n<ol>\n<li>\u00bfC\u00f3mo puedo construir la plataforma de contactos?Consulte la secci\u00f3n de hardware en la p\u00e1gina <a href=\"documents_es.html\">documentos<\/a>.\n<p><!--\n \t\n\n<li>\u00bfPor qu&eacute; en las plataformas de varillas el acero tiene que ser templado?\n\nEl acero de la plataforma de contactos va a ser sometido a numerosas fuerzas, si es templado resiste mejor y tiene m&aacute;s capacidad de retorno a su posici&oacute;n inicial.\n--><\/p>\n<p>&nbsp;<\/li>\n<li>\u00bfPuede usar c\u00e9lulas fotoel\u00e9ctricas?<\/li>\n<li>&nbsp;\n<p>S\u00ed, consulte la p\u00e1gina de <a href=\"products_es.html\">productos<\/a> y la p\u00e1gina de <a href=\"documents_es.html\">documentos<\/a>.<\/li>\n<\/ol>\n<h5>Cron\u00f3metro Chronopic<\/h5>\n<p>&nbsp;<\/p>\n<\/div>\n<\/div>\n<ul>\n<li>\u00bfD\u00f3nde puedo comprar el Chronopic?<\/li>\n<\/ul>\n<div>\n<div>\n<p>&nbsp;<\/p>\n<p>Consulte la p\u00e1gina de <a href=\"pricing_es.html\">precios<\/a>.<\/p>\n<p>&nbsp;<\/p>\n<\/div>\n<\/div>\n<ul>\n<li>\u00bfPuedo construir o fabricar de forma industrial el Chronopic?Ver la p\u00e1gina: <a href=\"chronopic_build_es.html\">construcci\u00f3n de Chronopic<\/a>.\n<p>Usted puede fabricar el Chronopic de forma manual o industrial en cualquier pa\u00eds.<\/p>\n<p>&nbsp;<\/li>\n<li>\u00bfPuedo vender el Chronopic?<\/li>\n<li>&nbsp;\n<p>S\u00ed, al precio que consideres oportuno. Cabe considerar la licencia del hardware: <a href=\"http:\/\/creativecommons.org\/licenses\/by-sa\/2.5\/es\/deed.es\">Creative Commons. Reconocimiento-Compartir bajo la misma licencia 2.5 Espa\u00f1a<\/a>.<\/li>\n<li>Puedo conectar m\u00e1s de un Chronopic a un ordenador?S\u00ed.\n<ul>\n<li>Un Chronopic es suficiente para captar est\u00edmulos de uno o m\u00e1s dispositivos de medida (como plataformas de contacto) siempre que no se produzca contacto en diversos dispositivos al mismo tiempo. Si desea medir el tiempo de contacto y el tiempo de vuelo en la marcha, no podr\u00e1 diferenciar entre un pie y el otro con s\u00f3lo un Chronopic aunque tenga una plataforma de contacto para cada pie.<\/li>\n<li>Con dos o m\u00e1s Chronopics podr\u00e1 captar canales diferentes. En el ejemplo del an\u00e1lisis de la marcha, podr\u00e1 ubicar un dispositivo de medida para cada pie, conectando cada dispositivo a un Chronopic y conectando ambos Chronopics a un ordenador. Esta caracter\u00edstica es nueva de Chronojump 0.9.<\/li>\n<\/ul>\n<\/li>\n<\/ul>\n<div id=\"cols\">\n<p>&nbsp;<\/p>\n<ol>\n<li>\u00bfPor qu\u00e9 es necesario un cron\u00f3metro si cualquier ordenador puede hacer esa funci\u00f3n?Los sistemas operativos modernos son multitarea, lo que significa que el ordenador asigna peque\u00f1as cantidades de tiempo para la realizaci\u00f3n de cada una de las tareas de manera que parece que ejecuta todas a la vez. Si el ordenador se encarga de captar los est\u00edmulos que proceden de la plataforma de contactos, en ocasiones ser\u00e1 tard\u00edo en advertir estos eventos porque estar\u00e1 ocupado en otros <i>asuntos<\/i>, lo que se traduce en problemas de fiabilidad debido a que dos saltos de la misma duraci\u00f3n podr\u00edan obtener mediciones distintas por circunstancias aleatorias.\n<p>El cron\u00f3metro externo que hemos construido est\u00e1 especializado en la captaci\u00f3n de eventos en la plataforma de contactos por lo que no aparecer\u00e1n errores de fiabilidad en sus registros.<br \/>\nChronopic permitir\u00e1 adem\u00e1s que se pueda usar Chronojump o su versi\u00f3n reducida Chronojump-mini en casi cualquier dispositivo electr\u00f3nico, y asegura una buena compatibilidad hacia el futuro.<br \/>\nPara m\u00e1s informaci\u00f3n lea este art\u00edculo: <a href=\"http:\/\/projects.gnome.org\/chronojump\/articles\/chronojump_sistema_de_medida_congreso_gpul.pdf\">&#8220;Proyecto Chronojump: Sistema de Medida de la Capacidad de Salto usando Software y Hardware Libres&#8221;<\/a>.<\/li>\n<\/ol>\n<\/div>\n<\/td>\n<td align=\"center\" valign=\"center\"><img decoding=\"async\" src=\"..\/..\/images\/infrared.jpg\" border=\"0\" \/><\/td>\n<\/tr>\n<\/tbody>\n<\/table>\n","protected":false},"excerpt":{"rendered":"<p>Preguntas frecuentes sobre la plataforma de contactos &nbsp; \u00bfD\u00f3nde puedo comprar la plataforma de contactos? &nbsp; Consulte la p\u00e1gina de precios. \u00bfC\u00f3mo puedo construir la plataforma de contactos?Consulte la secci\u00f3n de hardware en la p\u00e1gina documentos. &nbsp; \u00bfPuede usar c\u00e9lulas fotoel\u00e9ctricas? &nbsp; S\u00ed, consulte la p\u00e1gina de productos y la p\u00e1gina de documentos. Cron\u00f3metro Chronopic [&hellip;]<\/p>\n","protected":false},"author":1,"featured_media":0,"parent":0,"menu_order":0,"comment_status":"closed","ping_status":"closed","template":"","meta":{"advgb_blocks_editor_width":"","advgb_blocks_columns_visual_guide":"","footnotes":""},"coauthors":[],"author_meta":{"author_link":"https:\/\/chronojump.org\/es\/author\/chronojump\/","display_name":"chronojump"},"relative_dates":{"created":"Publicado 6 a\u00f1os hace","modified":"Actualizado 6 a\u00f1os hace"},"absolute_dates":{"created":"Publicado el mayo 4, 2020","modified":"Actualizado el mayo 4, 2020"},"absolute_dates_time":{"created":"Publicado el mayo 4, 2020 9:07 am","modified":"Actualizado el mayo 4, 2020 9:07 am"},"featured_img_caption":"","featured_img":false,"series_order":"","_links":{"self":[{"href":"https:\/\/chronojump.org\/es\/wp-json\/wp\/v2\/pages\/3316"}],"collection":[{"href":"https:\/\/chronojump.org\/es\/wp-json\/wp\/v2\/pages"}],"about":[{"href":"https:\/\/chronojump.org\/es\/wp-json\/wp\/v2\/types\/page"}],"author":[{"embeddable":true,"href":"https:\/\/chronojump.org\/es\/wp-json\/wp\/v2\/users\/1"}],"replies":[{"embeddable":true,"href":"https:\/\/chronojump.org\/es\/wp-json\/wp\/v2\/comments?post=3316"}],"version-history":[{"count":1,"href":"https:\/\/chronojump.org\/es\/wp-json\/wp\/v2\/pages\/3316\/revisions"}],"predecessor-version":[{"id":3317,"href":"https:\/\/chronojump.org\/es\/wp-json\/wp\/v2\/pages\/3316\/revisions\/3317"}],"wp:attachment":[{"href":"https:\/\/chronojump.org\/es\/wp-json\/wp\/v2\/media?parent=3316"}],"curies":[{"name":"wp","href":"https:\/\/api.w.org\/{rel}","templated":true}]}}