{"id":5471,"date":"2021-03-23T11:26:14","date_gmt":"2021-03-23T10:26:14","guid":{"rendered":"https:\/\/chronojump.org\/tests\/test-con-raceanalyzer\/"},"modified":"2021-03-23T11:26:14","modified_gmt":"2021-03-23T10:26:14","slug":"test-con-raceanalyzer","status":"publish","type":"page","link":"https:\/\/chronojump.org\/es\/tests\/test-con-raceanalyzer\/","title":{"rendered":"Test con RaceAnalyzer"},"content":{"rendered":"\n<h2 class=\"wp-block-heading\">Medici\u00f3n de la velocidad instant\u00e1nea en el sprint<\/h2>\n\n<figure class=\"wp-block-image size-large\"><img decoding=\"async\" src=\"https:\/\/chronojump.org\/wp-content\/uploads\/2020\/12\/01-RaceAnalyzer-tripode-v3-cuadrado.png\" alt=\"\" class=\"wp-image-5184\"\/><\/figure>\n<figure class=\"wp-block-embed-youtube wp-block-embed is-type-video is-provider-youtube wp-embed-aspect-16-9 wp-has-aspect-ratio\"><div class=\"wp-block-embed__wrapper\">\n<iframe loading=\"lazy\" title=\"Test using the Chronojump Race Analyzer Kit\" width=\"980\" height=\"551\" src=\"https:\/\/www.youtube.com\/embed\/FRWUAVNDUgM?feature=oembed\" frameborder=\"0\" allow=\"accelerometer; autoplay; clipboard-write; encrypted-media; gyroscope; picture-in-picture\" allowfullscreen><\/iframe>\n<\/div><figcaption>Test con el RaceAnalyzer<\/figcaption><\/figure>\n<figure class=\"wp-block-image size-large\"><img decoding=\"async\" loading=\"lazy\" width=\"1024\" height=\"539\" src=\"https:\/\/chronojump.org\/wp-content\/uploads\/2021\/03\/Sprint-Graph-1024x539.png\" alt=\"\" class=\"wp-image-5464\" srcset=\"https:\/\/chronojump.org\/wp-content\/uploads\/2021\/03\/Sprint-Graph-1024x539.png 1024w, https:\/\/chronojump.org\/wp-content\/uploads\/2021\/03\/Sprint-Graph-300x158.png 300w, https:\/\/chronojump.org\/wp-content\/uploads\/2021\/03\/Sprint-Graph-768x404.png 768w, https:\/\/chronojump.org\/wp-content\/uploads\/2021\/03\/Sprint-Graph-1536x808.png 1536w, https:\/\/chronojump.org\/wp-content\/uploads\/2021\/03\/Sprint-Graph-416x219.png 416w, https:\/\/chronojump.org\/wp-content\/uploads\/2021\/03\/Sprint-Graph.png 1644w\" sizes=\"(max-width: 1024px) 100vw, 1024px\" \/><\/figure>\n<p>A partir de la velocidad el software calcula el perfil de sprint proporcionando las siguentes variables:<\/p>\n\n<ul><li>F0<\/li><li>V0<\/li><li>Velocidad m\u00e1xima, media e instant\u00e1nea de la se\u00f1al cruda y\/o modelada<\/li><li>Aceleraci\u00f3n m\u00e1xima e instant\u00e1nea de la se\u00f1al cruda y\/o modelada<\/li><li>Fuerza m\u00e1xima e instant\u00e1nea de la se\u00f1al cruda y\/o modelada<\/li><li>Potencia m\u00e1xima e instant\u00e1nea de la se\u00f1al cruda y\/o modelada<\/li><li>K (Amax normalizada por la Vmax)<\/li><li>Tau (Tiempo hasta el 63% de la Vmax)<\/li><li>Tiempos de tramo configurables<\/li><\/ul>\n<p><\/p>\n","protected":false},"excerpt":{"rendered":"<p>Medici\u00f3n de la velocidad instant\u00e1nea en el sprint A partir de la velocidad el software calcula el perfil de sprint proporcionando las siguentes variables: F0 V0 Velocidad m\u00e1xima, media e instant\u00e1nea de la se\u00f1al cruda y\/o modelada Aceleraci\u00f3n m\u00e1xima e instant\u00e1nea de la se\u00f1al cruda y\/o modelada Fuerza m\u00e1xima e instant\u00e1nea de la se\u00f1al cruda [&hellip;]<\/p>\n","protected":false},"author":1,"featured_media":0,"parent":3191,"menu_order":0,"comment_status":"closed","ping_status":"closed","template":"","meta":{"advgb_blocks_editor_width":"","advgb_blocks_columns_visual_guide":"","footnotes":""},"coauthors":[],"author_meta":{"author_link":"https:\/\/chronojump.org\/es\/author\/chronojump\/","display_name":"chronojump"},"relative_dates":{"created":"Publicado 5 a\u00f1os hace","modified":"Actualizado 5 a\u00f1os hace"},"absolute_dates":{"created":"Publicado el marzo 23, 2021","modified":"Actualizado el marzo 23, 2021"},"absolute_dates_time":{"created":"Publicado el marzo 23, 2021 11:26 am","modified":"Actualizado el marzo 23, 2021 11:26 am"},"featured_img_caption":"","featured_img":false,"series_order":"","_links":{"self":[{"href":"https:\/\/chronojump.org\/es\/wp-json\/wp\/v2\/pages\/5471"}],"collection":[{"href":"https:\/\/chronojump.org\/es\/wp-json\/wp\/v2\/pages"}],"about":[{"href":"https:\/\/chronojump.org\/es\/wp-json\/wp\/v2\/types\/page"}],"author":[{"embeddable":true,"href":"https:\/\/chronojump.org\/es\/wp-json\/wp\/v2\/users\/1"}],"replies":[{"embeddable":true,"href":"https:\/\/chronojump.org\/es\/wp-json\/wp\/v2\/comments?post=5471"}],"version-history":[{"count":1,"href":"https:\/\/chronojump.org\/es\/wp-json\/wp\/v2\/pages\/5471\/revisions"}],"predecessor-version":[{"id":5472,"href":"https:\/\/chronojump.org\/es\/wp-json\/wp\/v2\/pages\/5471\/revisions\/5472"}],"up":[{"embeddable":true,"href":"https:\/\/chronojump.org\/es\/wp-json\/wp\/v2\/pages\/3191"}],"wp:attachment":[{"href":"https:\/\/chronojump.org\/es\/wp-json\/wp\/v2\/media?parent=5471"}],"curies":[{"name":"wp","href":"https:\/\/api.w.org\/{rel}","templated":true}]}}