{"id":6000,"date":"2021-09-07T15:06:17","date_gmt":"2021-09-07T14:06:17","guid":{"rendered":"https:\/\/chronojump.org\/paypal-payment-return\/"},"modified":"2021-09-07T15:06:17","modified_gmt":"2021-09-07T14:06:17","slug":"paypal-payment-return","status":"publish","type":"page","link":"https:\/\/chronojump.org\/es\/paypal-payment-return\/","title":{"rendered":"Paypal payment return"},"content":{"rendered":"<p><b>\u00a0<\/b><\/p>\n<p style=\"text-align: center;\"><strong>Thank you very much for the purchase made and continue supporting the Chronojump project !!<\/strong><\/p>\n<p style=\"text-align: center;\">Your transaction is complete and we have sent you a receipt for your purchase by email. Log in to your PayPal account to see the details of the transaction<\/p>\n<p style=\"text-align: center;\"><strong>For any questions, please contact sales@chronojump.org<\/strong><\/p>\n<h4 style=\"text-align: center;\"><i class=\"fa fa-shopping-cart fa-2x=\"><\/i>\u00a0\u00a0<a href=\"http:\/\/www.chronojump.org\/shop\">Back to Chronojump shop<\/a><\/h4>\n<h4 style=\"text-align: center;\"><i class=\"fa fa-instagram fa-2x=\"><\/i>\u00a0\u00a0<a href=\"https:\/\/www.instagram.com\/chronojump_boscosystem\/\">@chronojump_boscosystem<\/a><\/h4>\n<h4 style=\"text-align: center;\"><i class=\"fa fa-twitter fa-2x=\"><\/i>\u00a0\u00a0<a href=\"https:\/\/twitter.com\/boscosystem\">@boscosystem<\/a><\/h4>\n<hr \/>\n<p style=\"text-align: center;\"><strong>Muchas gracias por la compra realizada y seguir apoyando el proyecto Chronojump !!<\/strong><\/p>\n<p style=\"text-align: center;\">Su transacci\u00f3n ha finalizado y le hemos enviado un recibo de su compra por correo electr\u00f3nico. Inicie sesi\u00f3n en su cuenta PayPal para ver los detalles de la transacci\u00f3n<\/p>\n<p style=\"text-align: center;\"><strong>Para cualquier duda, por favor, contactar con sales@chronojump.org<\/strong><\/p>\n<h4 style=\"text-align: center;\"><i class=\"fa fa-shopping-cart fa-2x=\"><\/i> <a href=\"https:\/\/chronojump.org\/es\/tienda\/\">Volver a la tienda Chronojump<\/a><\/h4>\n<h4 style=\"text-align: center;\"><i class=\"fa fa-instagram fa-2x=\"><\/i> <a href=\"https:\/\/www.instagram.com\/chronojump_boscosystem\/\">@chronojump_boscosystem<\/a><\/h4>\n<h4 style=\"text-align: center;\"><i class=\"fa fa-twitter fa-2x=\"><\/i> <a href=\"https:\/\/twitter.com\/boscosystem_es\">@boscosystem_es<\/a><\/h4>\n","protected":false},"excerpt":{"rendered":"<p>\u00a0 Thank you very much for the purchase made and continue supporting the Chronojump project !! Your transaction is complete and we have sent you a receipt for your purchase by email. Log in to your PayPal account to see the details of the transaction For any questions, please contact sales@chronojump.org \u00a0\u00a0Back to Chronojump shop [&hellip;]<\/p>\n","protected":false},"author":1,"featured_media":0,"parent":0,"menu_order":0,"comment_status":"closed","ping_status":"closed","template":"","meta":{"advgb_blocks_editor_width":"","advgb_blocks_columns_visual_guide":"","footnotes":""},"coauthors":[],"author_meta":{"author_link":"https:\/\/chronojump.org\/es\/author\/chronojump\/","display_name":"chronojump"},"relative_dates":{"created":"Publicado 5 a\u00f1os hace","modified":"Actualizado 5 a\u00f1os hace"},"absolute_dates":{"created":"Publicado el septiembre 7, 2021","modified":"Actualizado el septiembre 7, 2021"},"absolute_dates_time":{"created":"Publicado el septiembre 7, 2021 3:06 pm","modified":"Actualizado el septiembre 7, 2021 3:06 pm"},"featured_img_caption":"","featured_img":false,"series_order":"","_links":{"self":[{"href":"https:\/\/chronojump.org\/es\/wp-json\/wp\/v2\/pages\/6000"}],"collection":[{"href":"https:\/\/chronojump.org\/es\/wp-json\/wp\/v2\/pages"}],"about":[{"href":"https:\/\/chronojump.org\/es\/wp-json\/wp\/v2\/types\/page"}],"author":[{"embeddable":true,"href":"https:\/\/chronojump.org\/es\/wp-json\/wp\/v2\/users\/1"}],"replies":[{"embeddable":true,"href":"https:\/\/chronojump.org\/es\/wp-json\/wp\/v2\/comments?post=6000"}],"version-history":[{"count":0,"href":"https:\/\/chronojump.org\/es\/wp-json\/wp\/v2\/pages\/6000\/revisions"}],"wp:attachment":[{"href":"https:\/\/chronojump.org\/es\/wp-json\/wp\/v2\/media?parent=6000"}],"curies":[{"name":"wp","href":"https:\/\/api.w.org\/{rel}","templated":true}]}}