{"id":18207,"date":"2023-05-26T13:37:02","date_gmt":"2023-05-26T12:37:02","guid":{"rendered":"https:\/\/chronojump.org\/product\/kit-push-force\/"},"modified":"2023-08-25T10:15:54","modified_gmt":"2023-08-25T09:15:54","slug":"forhealth","status":"publish","type":"product","link":"https:\/\/chronojump.org\/es\/product\/forhealth\/","title":{"rendered":"ForHealth kit b\u00e1sico"},"content":{"rendered":"<p>Este dispositivo permite al evaluador medir r\u00e1pidamente la mayor\u00eda de los grupos musculares.<br \/>\nSosteni\u00e9ndolo en las diferentes partes del cuerpo permite a la persona evaluada ejercer la m\u00e1xima fuerza y medirla en tiempo real as\u00ed como registrar el valor actual y hacer un seguimiento de estos valores.<\/p>\n<p>El kit incluye:<\/p>\n<ul>\n<li>Sensor<\/li>\n<li>Conversor A\/D<\/li>\n<li>Bolsa de transporte<\/li>\n<li>Cable miniUSB<\/li>\n<\/ul>\n","protected":false},"excerpt":{"rendered":"<p>Sensor de fuerza para la evaluaci\u00f3n r\u00e1pida para el \u00e1mbito cl\u00ednico.<\/p>\n","protected":false},"author":1,"featured_media":26156,"template":"","meta":{"advgb_blocks_editor_width":"","advgb_blocks_columns_visual_guide":""},"product_cat":[43,45],"product_tag":[],"featured_img":"https:\/\/chronojump.org\/wp-content\/uploads\/2025\/10\/ForHealth-2.png","coauthors":[],"author_meta":{"author_link":"https:\/\/chronojump.org\/es\/author\/chronojump\/","display_name":"chronojump"},"relative_dates":{"created":"Publicado 3 a\u00f1os hace","modified":"Actualizado 3 a\u00f1os hace"},"absolute_dates":{"created":"Publicado el mayo 26, 2023","modified":"Actualizado el agosto 25, 2023"},"absolute_dates_time":{"created":"Publicado el mayo 26, 2023 1:37 pm","modified":"Actualizado el agosto 25, 2023 10:15 am"},"featured_img_caption":"","tax_additional":{"product_type":{"linked":["<a href=\"https:\/\/chronojump.org\/es\/?taxonomy=product_type&#038;term=simple\" class=\"advgb-post-tax-term\">simple<\/a>"],"unlinked":["<span class=\"advgb-post-tax-term\">simple<\/span>"],"slug":"product_type","name":"Tipo de producto"},"product_visibility":{"linked":[],"unlinked":[],"slug":"product_visibility","name":"Visibilidad del producto"},"product_cat":{"linked":["<a href=\"https:\/\/chronojump.org\/es\/categoria-producto\/destacados\/\" class=\"advgb-post-tax-term\">Destacados<\/a>","<a href=\"https:\/\/chronojump.org\/es\/categoria-producto\/material-de-fuerza\/\" class=\"advgb-post-tax-term\">Material de fuerza<\/a>"],"unlinked":["<span class=\"advgb-post-tax-term\">Destacados<\/span>","<span class=\"advgb-post-tax-term\">Material de fuerza<\/span>"],"slug":"product_cat","name":"Categor\u00edas del producto"},"product_tag":{"linked":[],"unlinked":[],"slug":"product_tag","name":"Etiquetas del producto"},"product_shipping_class":{"linked":[],"unlinked":[],"slug":"product_shipping_class","name":"Clases de env\u00edo del producto"},"translation_priority":{"linked":["<a href=\"https:\/\/chronojump.org\/es\/?taxonomy=translation_priority&#038;term=opcional\" class=\"advgb-post-tax-term\">Opcional<\/a>"],"unlinked":["<span class=\"advgb-post-tax-term\">Opcional<\/span>"],"slug":"translation_priority","name":"Prioridades de traducci\u00f3n"}},"series_order":"","_links":{"self":[{"href":"https:\/\/chronojump.org\/es\/wp-json\/wp\/v2\/product\/18207"}],"collection":[{"href":"https:\/\/chronojump.org\/es\/wp-json\/wp\/v2\/product"}],"about":[{"href":"https:\/\/chronojump.org\/es\/wp-json\/wp\/v2\/types\/product"}],"wp:featuredmedia":[{"embeddable":true,"href":"https:\/\/chronojump.org\/es\/wp-json\/wp\/v2\/media\/26156"}],"wp:attachment":[{"href":"https:\/\/chronojump.org\/es\/wp-json\/wp\/v2\/media?parent=18207"}],"wp:term":[{"taxonomy":"product_cat","embeddable":true,"href":"https:\/\/chronojump.org\/es\/wp-json\/wp\/v2\/product_cat?post=18207"},{"taxonomy":"product_tag","embeddable":true,"href":"https:\/\/chronojump.org\/es\/wp-json\/wp\/v2\/product_tag?post=18207"}],"curies":[{"name":"wp","href":"https:\/\/api.w.org\/{rel}","templated":true}]}}