{"id":18314,"date":"2023-06-02T12:16:35","date_gmt":"2023-06-02T11:16:35","guid":{"rendered":"https:\/\/chronojump.org\/?post_type=product&#038;p=18314"},"modified":"2024-02-08T10:37:23","modified_gmt":"2024-02-08T09:37:23","slug":"wichro-controler","status":"publish","type":"product","link":"https:\/\/chronojump.org\/es\/product\/wichro-controler\/","title":{"rendered":"Wichro controler"},"content":{"rendered":"","protected":false},"excerpt":{"rendered":"<p>Device that communicates with the terminals and send the information to the computer through the USB.<\/p>\n","protected":false},"author":692,"featured_media":18315,"template":"","meta":{"advgb_blocks_editor_width":"","advgb_blocks_columns_visual_guide":""},"product_cat":[9,20,239,33],"product_tag":[],"featured_img":"https:\/\/chronojump.org\/wp-content\/uploads\/2023\/06\/Controlador1.png","coauthors":[],"author_meta":{"author_link":"https:\/\/chronojump.org\/es\/author\/xpadulles\/","display_name":"Xavier Padull\u00e9s"},"relative_dates":{"created":"Publicado 3 a\u00f1os hace","modified":"Actualizado 2 a\u00f1os hace"},"absolute_dates":{"created":"Publicado el junio 2, 2023","modified":"Actualizado el febrero 8, 2024"},"absolute_dates_time":{"created":"Publicado el junio 2, 2023 12:16 pm","modified":"Actualizado el febrero 8, 2024 10:37 am"},"featured_img_caption":"","tax_additional":{"product_type":{"linked":["<a href=\"https:\/\/chronojump.org\/es\/?taxonomy=product_type&#038;term=simple\" class=\"advgb-post-tax-term\">simple<\/a>"],"unlinked":["<span class=\"advgb-post-tax-term\">simple<\/span>"],"slug":"product_type","name":"Tipo de producto"},"product_visibility":{"linked":[],"unlinked":[],"slug":"product_visibility","name":"Visibilidad del producto"},"product_cat":{"linked":["<a href=\"https:\/\/chronojump.org\/es\/categoria-producto\/carreras\/\" class=\"advgb-post-tax-term\">Races equipment<\/a>","<a href=\"https:\/\/chronojump.org\/es\/categoria-producto\/piezas_de_repuesto\/carreras_piezas_de_repuesto\/\" class=\"advgb-post-tax-term\">RACES spare parts<\/a>","<a href=\"https:\/\/chronojump.org\/es\/categoria-producto\/piezas_de_repuesto\/\" class=\"advgb-post-tax-term\">Spare Parts<\/a>","<a href=\"https:\/\/chronojump.org\/es\/categoria-producto\/destacados\/recomendado\/sin-categoria\/\" class=\"advgb-post-tax-term\">Uncategorized<\/a>"],"unlinked":["<span class=\"advgb-post-tax-term\">Races equipment<\/span>","<span class=\"advgb-post-tax-term\">RACES spare parts<\/span>","<span class=\"advgb-post-tax-term\">Spare Parts<\/span>","<span class=\"advgb-post-tax-term\">Uncategorized<\/span>"],"slug":"product_cat","name":"Categor\u00edas del producto"},"product_tag":{"linked":[],"unlinked":[],"slug":"product_tag","name":"Etiquetas del producto"},"product_shipping_class":{"linked":[],"unlinked":[],"slug":"product_shipping_class","name":"Clases de env\u00edo del producto"},"translation_priority":{"linked":["<a href=\"https:\/\/chronojump.org\/es\/?taxonomy=translation_priority&#038;term=opcional\" class=\"advgb-post-tax-term\">Optional<\/a>"],"unlinked":["<span class=\"advgb-post-tax-term\">Optional<\/span>"],"slug":"translation_priority","name":"Prioridades de traducci\u00f3n"}},"series_order":"","_links":{"self":[{"href":"https:\/\/chronojump.org\/es\/wp-json\/wp\/v2\/product\/18314"}],"collection":[{"href":"https:\/\/chronojump.org\/es\/wp-json\/wp\/v2\/product"}],"about":[{"href":"https:\/\/chronojump.org\/es\/wp-json\/wp\/v2\/types\/product"}],"wp:featuredmedia":[{"embeddable":true,"href":"https:\/\/chronojump.org\/es\/wp-json\/wp\/v2\/media\/18315"}],"wp:attachment":[{"href":"https:\/\/chronojump.org\/es\/wp-json\/wp\/v2\/media?parent=18314"}],"wp:term":[{"taxonomy":"product_cat","embeddable":true,"href":"https:\/\/chronojump.org\/es\/wp-json\/wp\/v2\/product_cat?post=18314"},{"taxonomy":"product_tag","embeddable":true,"href":"https:\/\/chronojump.org\/es\/wp-json\/wp\/v2\/product_tag?post=18314"}],"curies":[{"name":"wp","href":"https:\/\/api.w.org\/{rel}","templated":true}]}}