{"id":18320,"date":"2023-06-02T14:17:39","date_gmt":"2023-06-02T13:17:39","guid":{"rendered":"https:\/\/chronojump.org\/?post_type=product&#038;p=18320"},"modified":"2023-06-02T14:31:55","modified_gmt":"2023-06-02T13:31:55","slug":"witchro-pcb","status":"publish","type":"product","link":"https:\/\/chronojump.org\/es\/product\/witchro-pcb\/","title":{"rendered":"Witchro terminal PCB"},"content":{"rendered":"","protected":false},"excerpt":{"rendered":"","protected":false},"author":692,"featured_media":0,"template":"","meta":{"advgb_blocks_editor_width":"","advgb_blocks_columns_visual_guide":""},"product_cat":[33],"product_tag":[],"featured_img":false,"coauthors":[],"author_meta":{"author_link":"https:\/\/chronojump.org\/es\/author\/xpadulles\/","display_name":"Xavier Padull\u00e9s"},"relative_dates":{"created":"Publicado 3 a\u00f1os hace","modified":"Actualizado 3 a\u00f1os hace"},"absolute_dates":{"created":"Publicado el junio 2, 2023","modified":"Actualizado el junio 2, 2023"},"absolute_dates_time":{"created":"Publicado el junio 2, 2023 2:17 pm","modified":"Actualizado el junio 2, 2023 2:31 pm"},"featured_img_caption":"","tax_additional":{"product_type":{"linked":["<a href=\"https:\/\/chronojump.org\/es\/?taxonomy=product_type&#038;term=simple\" class=\"advgb-post-tax-term\">simple<\/a>"],"unlinked":["<span class=\"advgb-post-tax-term\">simple<\/span>"],"slug":"product_type","name":"Tipo de producto"},"product_visibility":{"linked":["<a href=\"https:\/\/chronojump.org\/?taxonomy=product_visibility&#038;term=exclude-from-catalog\" class=\"advgb-post-tax-term\">exclude-from-catalog<\/a>","<a href=\"https:\/\/chronojump.org\/?taxonomy=product_visibility&#038;term=exclude-from-search\" class=\"advgb-post-tax-term\">exclude-from-search<\/a>"],"unlinked":["<span class=\"advgb-post-tax-term\">exclude-from-catalog<\/span>","<span class=\"advgb-post-tax-term\">exclude-from-search<\/span>"],"slug":"product_visibility","name":"Visibilidad del producto"},"product_cat":{"linked":["<a href=\"https:\/\/chronojump.org\/es\/categoria-producto\/destacados\/recomendado\/sin-categoria\/\" class=\"advgb-post-tax-term\">Uncategorized<\/a>"],"unlinked":["<span class=\"advgb-post-tax-term\">Uncategorized<\/span>"],"slug":"product_cat","name":"Categor\u00edas del producto"},"product_tag":{"linked":[],"unlinked":[],"slug":"product_tag","name":"Etiquetas del producto"},"product_shipping_class":{"linked":[],"unlinked":[],"slug":"product_shipping_class","name":"Clases de env\u00edo del producto"},"translation_priority":{"linked":["<a href=\"https:\/\/chronojump.org\/es\/?taxonomy=translation_priority&#038;term=opcional\" class=\"advgb-post-tax-term\">Optional<\/a>"],"unlinked":["<span class=\"advgb-post-tax-term\">Optional<\/span>"],"slug":"translation_priority","name":"Prioridades de traducci\u00f3n"}},"series_order":"","_links":{"self":[{"href":"https:\/\/chronojump.org\/es\/wp-json\/wp\/v2\/product\/18320"}],"collection":[{"href":"https:\/\/chronojump.org\/es\/wp-json\/wp\/v2\/product"}],"about":[{"href":"https:\/\/chronojump.org\/es\/wp-json\/wp\/v2\/types\/product"}],"wp:attachment":[{"href":"https:\/\/chronojump.org\/es\/wp-json\/wp\/v2\/media?parent=18320"}],"wp:term":[{"taxonomy":"product_cat","embeddable":true,"href":"https:\/\/chronojump.org\/es\/wp-json\/wp\/v2\/product_cat?post=18320"},{"taxonomy":"product_tag","embeddable":true,"href":"https:\/\/chronojump.org\/es\/wp-json\/wp\/v2\/product_tag?post=18320"}],"curies":[{"name":"wp","href":"https:\/\/api.w.org\/{rel}","templated":true}]}}