{"id":18882,"date":"2023-06-15T14:29:05","date_gmt":"2023-07-03T10:57:38","guid":{"rendered":"https:\/\/chronojump.org\/?post_type=product&#038;p=18882"},"modified":"2025-04-30T15:45:43","modified_gmt":"2025-04-30T14:45:43","slug":"kit-forhealth","status":"publish","type":"product","link":"https:\/\/chronojump.org\/es\/product\/kit-forhealth\/","title":{"rendered":"Kit ForHealth"},"content":{"rendered":"<p>Dispositivo que permite al evaluador medir r\u00e1pidamente la mayor\u00eda de grupos musculares.<br \/>\nSosteni\u00e9ndolo en las distintas partes del cuerpo permite a la persona evaluada ejercer la m\u00e1xima fuerza por tal de medirla en tiempo real y registrar el valor actual de la sesi\u00f3n o seguir la evoluci\u00f3n de tales valores.<\/p>\n<p>El kit incluye:<\/p>\n<ul>\n<li>Sensor<\/li>\n<li>Conversor A\/D<\/li>\n<li>Bolsa de transporte<\/li>\n<li>Cable USB<\/li>\n<\/ul>\n","protected":false},"excerpt":{"rendered":"<p>Sensor de fuerza para medir r\u00e1pidamente en contextos cl\u00ednicos.<\/p>\n","protected":false},"author":692,"featured_media":26152,"template":"","meta":{"advgb_blocks_editor_width":"","advgb_blocks_columns_visual_guide":""},"product_cat":[53],"product_tag":[],"featured_img":"https:\/\/chronojump.org\/wp-content\/uploads\/2025\/10\/SET-1-cuadrado.png","coauthors":[],"author_meta":{"author_link":"https:\/\/chronojump.org\/es\/author\/xpadulles\/","display_name":"Xavier Padull\u00e9s"},"relative_dates":{"created":"Publicado 3 a\u00f1os hace","modified":"Actualizado 12 meses hace"},"absolute_dates":{"created":"Publicado el junio 15, 2023","modified":"Actualizado el abril 30, 2025"},"absolute_dates_time":{"created":"Publicado el junio 15, 2023 2:29 pm","modified":"Actualizado el abril 30, 2025 3:45 pm"},"featured_img_caption":"","tax_additional":{"product_type":{"linked":["<a href=\"https:\/\/chronojump.org\/es\/?taxonomy=product_type&#038;term=composite\" class=\"advgb-post-tax-term\">composite<\/a>"],"unlinked":["<span class=\"advgb-post-tax-term\">composite<\/span>"],"slug":"product_type","name":"Tipo de producto"},"product_visibility":{"linked":[],"unlinked":[],"slug":"product_visibility","name":"Visibilidad del producto"},"product_cat":{"linked":["<a href=\"https:\/\/chronojump.org\/es\/categoria-producto\/destacados\/recomendado\/sin-categoria\/\" class=\"advgb-post-tax-term\">Sin categor\u00eda<\/a>"],"unlinked":["<span class=\"advgb-post-tax-term\">Sin categor\u00eda<\/span>"],"slug":"product_cat","name":"Categor\u00edas del producto"},"product_tag":{"linked":[],"unlinked":[],"slug":"product_tag","name":"Etiquetas del producto"},"product_shipping_class":{"linked":[],"unlinked":[],"slug":"product_shipping_class","name":"Clases de env\u00edo del producto"},"translation_priority":{"linked":["<a href=\"https:\/\/chronojump.org\/es\/?taxonomy=translation_priority&#038;term=opcional\" class=\"advgb-post-tax-term\">Opcional<\/a>"],"unlinked":["<span class=\"advgb-post-tax-term\">Opcional<\/span>"],"slug":"translation_priority","name":"Prioridades de traducci\u00f3n"}},"series_order":"","_links":{"self":[{"href":"https:\/\/chronojump.org\/es\/wp-json\/wp\/v2\/product\/18882"}],"collection":[{"href":"https:\/\/chronojump.org\/es\/wp-json\/wp\/v2\/product"}],"about":[{"href":"https:\/\/chronojump.org\/es\/wp-json\/wp\/v2\/types\/product"}],"wp:featuredmedia":[{"embeddable":true,"href":"https:\/\/chronojump.org\/es\/wp-json\/wp\/v2\/media\/26152"}],"wp:attachment":[{"href":"https:\/\/chronojump.org\/es\/wp-json\/wp\/v2\/media?parent=18882"}],"wp:term":[{"taxonomy":"product_cat","embeddable":true,"href":"https:\/\/chronojump.org\/es\/wp-json\/wp\/v2\/product_cat?post=18882"},{"taxonomy":"product_tag","embeddable":true,"href":"https:\/\/chronojump.org\/es\/wp-json\/wp\/v2\/product_tag?post=18882"}],"curies":[{"name":"wp","href":"https:\/\/api.w.org\/{rel}","templated":true}]}}