{"id":19579,"date":"2020-06-19T10:44:26","date_gmt":"2023-08-18T09:56:28","guid":{"rendered":"https:\/\/chronojump.org\/?post_type=product&#038;p=19579"},"modified":"2026-04-16T09:15:59","modified_gmt":"2026-04-16T08:15:59","slug":"kit-de-sensor-de-fuerza","status":"publish","type":"product","link":"https:\/\/chronojump.org\/es\/product\/kit-de-sensor-de-fuerza\/","title":{"rendered":"Kit de sensor de fuerza"},"content":{"rendered":"<p><span id=\"result_box\" class=\"\" lang=\"en\"><span class=\"\"><b>Especificaciones del Sensor de fuerza:<\/b><br \/>\nCapacidad Max: 500 kg (Si necesita mayor capacidad <a href=\"https:\/\/chronojump.org\/es\/contacto\/\">contacte con Chronojump<\/a>)<br \/>\nPeso:638g<\/span><\/span><br \/>\n<span id=\"result_box\" class=\"\" lang=\"en\"><span class=\"\"><strong>Conversor anal\u00f3gico digital:<\/strong><br \/>\nResoluci\u00f3n: 24 bits<br \/>\nFreq\u00fcencia: 16<\/span><\/span><span id=\"result_box\" class=\"\" lang=\"en\"><span class=\"\">0hHz<br \/>\nEntrada de trigger (detector de cortocircuito): RCA<br \/>\n<\/span><\/span><\/p>\n<p><span id=\"result_box\" class=\"\" lang=\"en\"><span class=\"\"><b>Adaptador aduci\u00f3n\/abduci\u00f3n:<\/b><br \/>\nSe adapta al sensor de fuerza para permitir la medici\u00f3n de aducciones y abducciones.<\/span><\/span><\/p>\n<p><span id=\"result_box\" class=\"\" lang=\"en\"><span class=\"\"><b>Kit de gomas Chronojump:<\/b><br \/>\n5 gomas el\u00e1sticas diferentes de 1,2 m y 1 goma el\u00e1stica de 3 m de longitud. Incluye un mosquet\u00f3n en cada extremo.<br \/>\n1 cincha de 3m de largo y 2 de 0,5m de largo para sostener un m\u00e1ximo de 500kg.<br \/>\n1 agarre polivalente para manos y pies con hebilla para facilitar el anclaje de los mosquetones.<br \/>\n1 tobillera b\u00e1sica con hebilla para facilitar el anclaje de los mosquetones.<br \/>\n1 bolsa de nylon Chronojump.<br \/>\n<\/span><\/span><\/p>\n<p><b>Pruebas y ejemplos de uso: <\/b><br \/>\n<span id=\"result_box\" class=\"\" lang=\"en\"><span class=\"\">Sensor que, a trav\u00e9s de la presi\u00f3n ejercida sobre \u00e9l, indica la fuerza aplicada.<\/span><\/span><br \/>\nCapaz de visualizar la fuerza m\u00e1xima isom\u00e9trica en tiempo real.<br \/>\nY para el an\u00e1lisis de la fuerza m\u00e1xima isom\u00e9trica dispone de gr\u00e1ficos como los siguientes:<\/p>\n<p><img decoding=\"async\" loading=\"lazy\" class=\"alignnone wp-image-3137 size-large\" src=\"https:\/\/chronojump.org\/wp-content\/uploads\/2017\/10\/Alumne_Isquio_Ambas_2019-05-06_16-46-22-1024x545.png\" width=\"980\" height=\"522\" srcset=\"https:\/\/chronojump.org\/wp-content\/uploads\/2017\/10\/Alumne_Isquio_Ambas_2019-05-06_16-46-22-1024x545.png 1024w, https:\/\/chronojump.org\/wp-content\/uploads\/2017\/10\/Alumne_Isquio_Ambas_2019-05-06_16-46-22-416x221.png 416w, https:\/\/chronojump.org\/wp-content\/uploads\/2017\/10\/Alumne_Isquio_Ambas_2019-05-06_16-46-22-300x160.png 300w, https:\/\/chronojump.org\/wp-content\/uploads\/2017\/10\/Alumne_Isquio_Ambas_2019-05-06_16-46-22-768x409.png 768w, https:\/\/chronojump.org\/wp-content\/uploads\/2017\/10\/Alumne_Isquio_Ambas_2019-05-06_16-46-22.png 1665w\" sizes=\"(max-width: 980px) 100vw, 980px\" \/><\/p>\n<p>&nbsp;<\/p>\n<p>En futuras versiones se ampliar\u00e1n las funcionalidades.<\/p>\n<p>El Sensor de fuerza contiene:<\/p>\n<ul>\n<li>Galga<\/li>\n<li>Dispositivo electr\u00f3nico conversor<\/li>\n<li>Cableado de conexi\u00f3n al Chronopic<\/li>\n<li>Bolsa de transporte<\/li>\n<\/ul>\n<table cellspacing=\"0\">\n<thead>\n<tr>\n<th>CARACTER\u00cdSTICAS<\/th>\n<th>RESULTADOS<\/th>\n<\/tr>\n<\/thead>\n<tbody>\n<tr>\n<td><i class=\"fa fa-check fa-2x\"><\/i> Test fuerza isom\u00e9trica<\/td>\n<td><i class=\"fa fa-check-square-o fa-2x\"><\/i> Evoluci\u00f3n de la fuerza real y modelada a lo largo del tiempo<\/td>\n<\/tr>\n<tr>\n<td><i class=\"fa fa-check fa-2x\"><\/i> Fuerza m\u00e1xima isom\u00e9trica<\/td>\n<td><i class=\"fa fa-check-square-o fa-2x\"><\/i> Fuerza m\u00e1xima real y modelada<\/td>\n<\/tr>\n<tr>\n<td><i class=\"fa fa-check fa-2x\"><\/i> RFD (Ratio Force Development)<\/td>\n<td><i class=\"fa fa-check-square-o fa-2x\"><\/i> RFD (acotado a los tiempos definidos, m\u00e1ximo, %Fmax)<\/td>\n<\/tr>\n<tr>\n<td><i class=\"fa fa-check fa-2x\"><\/i> Los usuarios pueden definir la temporalidad para el c\u00e1lculo del Impulso<\/td>\n<td><i class=\"fa fa-check-square-o fa-2x\"><\/i> Impulso (Newtons*seg) realizado<\/td>\n<\/tr>\n<\/tbody>\n<\/table>\n<table cellspacing=\"0\">\n<tbody>\n<tr>\n<td>\n<h4>Fuerza horizontal en cinta:<\/h4>\n<\/td>\n<td>\n<h4>Visualizaci\u00f3n de la fuerza con el cintur\u00f3n ruso:<\/h4>\n<\/td>\n<\/tr>\n<tr>\n<td><iframe loading=\"lazy\" src=\"https:\/\/youtube.com\/embed\/Js9MUla7380?feature=player_detailpage\" width=\"400\" height=\"235\" frameborder=\"0\" allowfullscreen=\"allowfullscreen\" data-mce-fragment=\"1\"><\/iframe><\/td>\n<td><iframe loading=\"lazy\" src=\"https:\/\/youtube.com\/embed\/kF_6OBQ4XK8?feature=player_detailpage\" width=\"400\" height=\"235\" frameborder=\"0\" allowfullscreen=\"allowfullscreen\" data-mce-fragment=\"1\"><\/iframe><\/td>\n<\/tr>\n<\/tbody>\n<\/table>\n<h4>Gr\u00e1fico del test de fuerza isom\u00e9trica m\u00e1xima:<\/h4>\n<p><img decoding=\"async\" loading=\"lazy\" class=\"alignnone size-full wp-image-808\" src=\"https:\/\/chronojump.org\/wp-content\/uploads\/2020\/05\/MIF-Test-1.png\" alt=\"mif-test\" width=\"1558\" height=\"704\" \/><\/p>\n<table width=\"875\" cellspacing=\"0\">\n<thead>\n<tr>\n<th><\/th>\n<th>Gr\u00e1ficos con datos reales<\/th>\n<\/tr>\n<\/thead>\n<tbody>\n<tr>\n<td><i class=\"fa fa-camera fa-lg\"><\/i> Promedio<\/td>\n<td><img decoding=\"async\" loading=\"lazy\" class=\"alignnone size-full wp-image-848\" src=\"https:\/\/chronojump.org\/wp-content\/uploads\/2020\/05\/MIF-RAW-average.png\" alt=\"mif-raw-average\" width=\"773\" height=\"464\" \/><\/td>\n<\/tr>\n<tr>\n<td><i class=\"fa fa-camera fa-lg\"><\/i> Instant\u00e1neo<\/td>\n<td><img decoding=\"async\" loading=\"lazy\" class=\"alignnone size-full wp-image-851\" src=\"https:\/\/chronojump.org\/wp-content\/uploads\/2020\/05\/MIF-RAW-Instant.png\" alt=\"mif-raw-instant\" width=\"780\" height=\"461\" \/><\/td>\n<\/tr>\n<tr>\n<td><i class=\"fa fa-camera fa-lg\"><\/i> % Fmax<\/td>\n<td><img decoding=\"async\" loading=\"lazy\" class=\"alignnone size-full wp-image-853\" src=\"https:\/\/chronojump.org\/wp-content\/uploads\/2020\/05\/MIF-RAW-percentFmax.png\" alt=\"mif-raw-percentfmax\" width=\"783\" height=\"465\" \/><\/td>\n<\/tr>\n<tr>\n<td><i class=\"fa fa-camera fa-lg\"><\/i> Max RFD<\/td>\n<td><img decoding=\"async\" loading=\"lazy\" class=\"alignnone size-full wp-image-852\" src=\"https:\/\/chronojump.org\/wp-content\/uploads\/2020\/05\/MIF-RAW-MaxRFD.png\" alt=\"mif-raw-maxrfd\" width=\"778\" height=\"465\" \/><\/td>\n<\/tr>\n<tr>\n<td><i class=\"fa fa-camera fa-lg\"><\/i> Impulso<\/td>\n<td><img decoding=\"async\" loading=\"lazy\" class=\"alignnone size-full wp-image-850\" src=\"https:\/\/chronojump.org\/wp-content\/uploads\/2020\/05\/MIF-Raw-Impulse.png\" alt=\"mif-raw-impulse\" width=\"778\" height=\"462\" \/><\/td>\n<\/tr>\n<\/tbody>\n<\/table>\n<table width=\"875\" cellspacing=\"0\">\n<thead>\n<tr>\n<th><\/th>\n<th>Gr\u00e1ficos con datos modelados<\/th>\n<\/tr>\n<\/thead>\n<tbody>\n<tr>\n<td><i class=\"fa fa-camera fa-lg\"><\/i> Promedio<\/td>\n<td><img decoding=\"async\" loading=\"lazy\" class=\"alignnone size-full wp-image-843\" src=\"https:\/\/chronojump.org\/wp-content\/uploads\/2020\/05\/MIF-Fitted-Average.png\" alt=\"mif-fitted-average\" width=\"779\" height=\"465\" \/><\/td>\n<\/tr>\n<tr>\n<td><i class=\"fa fa-camera fa-lg\"><\/i> Instant\u00e1neo<\/td>\n<td><img decoding=\"async\" loading=\"lazy\" class=\"alignnone size-full wp-image-845\" src=\"https:\/\/chronojump.org\/wp-content\/uploads\/2020\/05\/MIF-Fitted-Instant.png\" alt=\"mif-fitted-instant\" width=\"780\" height=\"464\" \/><\/td>\n<\/tr>\n<tr>\n<td><i class=\"fa fa-camera fa-lg\"><\/i> % Fmax<\/td>\n<td><img decoding=\"async\" loading=\"lazy\" class=\"alignnone size-full wp-image-846\" src=\"https:\/\/chronojump.org\/wp-content\/uploads\/2020\/05\/MIF-Fitted-percentFmax.png\" alt=\"mif-fitted-percentfmax\" width=\"779\" height=\"461\" \/><\/td>\n<\/tr>\n<tr>\n<td><i class=\"fa fa-camera fa-lg\"><\/i> Max RFD<\/td>\n<td><img decoding=\"async\" loading=\"lazy\" class=\"alignnone size-full wp-image-847\" src=\"https:\/\/chronojump.org\/wp-content\/uploads\/2020\/05\/MIF-Fitted-RFDmax.png\" alt=\"mif-fitted-rfdmax\" width=\"782\" height=\"461\" \/><\/td>\n<\/tr>\n<tr>\n<td><i class=\"fa fa-camera fa-lg\"><\/i> Impulso<\/td>\n<td><img decoding=\"async\" loading=\"lazy\" class=\"alignnone size-full wp-image-844\" src=\"https:\/\/chronojump.org\/wp-content\/uploads\/2020\/05\/MIF-Fitted-Impulse.png\" alt=\"mif-fitted-impulse\" width=\"780\" height=\"462\" \/><\/td>\n<\/tr>\n<\/tbody>\n<\/table>\n","protected":false},"excerpt":{"rendered":"<p>Especificaciones del Sensor de fuerza: Capacidad Max: 500 kg (Si necesita mayor capacidad contacte con Chronojump) Peso:638g Conversor anal\u00f3gico digital: Resoluci\u00f3n: 24 bits Freq\u00fcencia: 160hHz Entrada de trigger (detector de cortocircuito): RCA Adaptador aduci\u00f3n\/abduci\u00f3n: Se adapta al sensor de fuerza para permitir la medici\u00f3n de aducciones y abducciones. Kit de gomas Chronojump: 5 gomas el\u00e1sticas [&hellip;]<\/p>\n","protected":false},"author":570,"featured_media":26296,"template":"","meta":{"advgb_blocks_editor_width":"","advgb_blocks_columns_visual_guide":""},"product_cat":[43,45],"product_tag":[],"featured_img":"https:\/\/chronojump.org\/wp-content\/uploads\/2025\/11\/02-1024-zoom-galga.png","coauthors":[],"author_meta":{"author_link":"https:\/\/chronojump.org\/es\/author\/jcarreras\/","display_name":"jcarreras"},"relative_dates":{"created":"Publicado 6 a\u00f1os hace","modified":"Actualizado 1 d\u00eda hace"},"absolute_dates":{"created":"Publicado el junio 19, 2020","modified":"Actualizado el abril 16, 2026"},"absolute_dates_time":{"created":"Publicado el junio 19, 2020 10:44 am","modified":"Actualizado el abril 16, 2026 9:15 am"},"featured_img_caption":"","tax_additional":{"product_type":{"linked":["<a href=\"https:\/\/chronojump.org\/es\/?taxonomy=product_type&#038;term=composite\" class=\"advgb-post-tax-term\">composite<\/a>"],"unlinked":["<span class=\"advgb-post-tax-term\">composite<\/span>"],"slug":"product_type","name":"Tipo de producto"},"product_visibility":{"linked":["<a href=\"https:\/\/chronojump.org\/?taxonomy=product_visibility&#038;term=featured\" class=\"advgb-post-tax-term\">featured<\/a>"],"unlinked":["<span class=\"advgb-post-tax-term\">featured<\/span>"],"slug":"product_visibility","name":"Visibilidad del producto"},"product_cat":{"linked":["<a href=\"https:\/\/chronojump.org\/es\/categoria-producto\/destacados\/\" class=\"advgb-post-tax-term\">Destacados<\/a>","<a href=\"https:\/\/chronojump.org\/es\/categoria-producto\/material-de-fuerza\/\" class=\"advgb-post-tax-term\">Material de fuerza<\/a>"],"unlinked":["<span class=\"advgb-post-tax-term\">Destacados<\/span>","<span class=\"advgb-post-tax-term\">Material de fuerza<\/span>"],"slug":"product_cat","name":"Categor\u00edas del producto"},"product_tag":{"linked":[],"unlinked":[],"slug":"product_tag","name":"Etiquetas del producto"},"product_shipping_class":{"linked":["<a href=\"https:\/\/chronojump.org\/es\/?taxonomy=product_shipping_class&#038;term=estandar\" class=\"advgb-post-tax-term\">Est\u00e1ndar<\/a>"],"unlinked":["<span class=\"advgb-post-tax-term\">Est\u00e1ndar<\/span>"],"slug":"product_shipping_class","name":"Clases de env\u00edo del producto"},"translation_priority":{"linked":["<a href=\"https:\/\/chronojump.org\/es\/?taxonomy=translation_priority&#038;term=opcional\" class=\"advgb-post-tax-term\">Opcional<\/a>"],"unlinked":["<span class=\"advgb-post-tax-term\">Opcional<\/span>"],"slug":"translation_priority","name":"Prioridades de traducci\u00f3n"}},"series_order":"","_links":{"self":[{"href":"https:\/\/chronojump.org\/es\/wp-json\/wp\/v2\/product\/19579"}],"collection":[{"href":"https:\/\/chronojump.org\/es\/wp-json\/wp\/v2\/product"}],"about":[{"href":"https:\/\/chronojump.org\/es\/wp-json\/wp\/v2\/types\/product"}],"wp:featuredmedia":[{"embeddable":true,"href":"https:\/\/chronojump.org\/es\/wp-json\/wp\/v2\/media\/26296"}],"wp:attachment":[{"href":"https:\/\/chronojump.org\/es\/wp-json\/wp\/v2\/media?parent=19579"}],"wp:term":[{"taxonomy":"product_cat","embeddable":true,"href":"https:\/\/chronojump.org\/es\/wp-json\/wp\/v2\/product_cat?post=19579"},{"taxonomy":"product_tag","embeddable":true,"href":"https:\/\/chronojump.org\/es\/wp-json\/wp\/v2\/product_tag?post=19579"}],"curies":[{"name":"wp","href":"https:\/\/api.w.org\/{rel}","templated":true}]}}