{"id":19582,"date":"2023-08-11T11:45:53","date_gmt":"2023-08-11T10:45:53","guid":{"rendered":"https:\/\/chronojump.org\/product\/kit-de-trigger\/"},"modified":"2023-08-18T11:27:46","modified_gmt":"2023-08-18T10:27:46","slug":"kit-de-trigger","status":"publish","type":"product","link":"https:\/\/chronojump.org\/es\/product\/kit-de-trigger\/","title":{"rendered":"Kit de trigger"},"content":{"rendered":"<p>Activa la se\u00f1al de trigger de diversos dispositivos Chronojump como el sensor de ferza, Encoder, Wichro o raceAnaluzer.<\/p>\n<p>Incluye el bot\u00f3n de mano y el cable RCA <\/p>\n","protected":false},"excerpt":{"rendered":"<p>Activa la se\u00f1al de trigger de diversos dispositivos Chronojump como el sensor de ferza, Encoder, Wichro o raceAnaluzer. Incluye el bot\u00f3n de mano y el cable RCA<\/p>\n","protected":false},"author":692,"featured_media":4933,"template":"","meta":{"advgb_blocks_editor_width":"","advgb_blocks_columns_visual_guide":""},"product_cat":[44,45,49],"product_tag":[],"featured_img":"https:\/\/chronojump.org\/wp-content\/uploads\/2018\/01\/IMG_8351-scaled.jpeg","coauthors":[],"author_meta":{"author_link":"https:\/\/chronojump.org\/es\/author\/xpadulles\/","display_name":"Xavier Padull\u00e9s"},"relative_dates":{"created":"Publicado 3 a\u00f1os hace","modified":"Actualizado 3 a\u00f1os hace"},"absolute_dates":{"created":"Publicado el agosto 11, 2023","modified":"Actualizado el agosto 18, 2023"},"absolute_dates_time":{"created":"Publicado el agosto 11, 2023 11:45 am","modified":"Actualizado el agosto 18, 2023 11:27 am"},"featured_img_caption":"","tax_additional":{"product_type":{"linked":["<a href=\"https:\/\/chronojump.org\/es\/?taxonomy=product_type&#038;term=simple\" class=\"advgb-post-tax-term\">simple<\/a>"],"unlinked":["<span class=\"advgb-post-tax-term\">simple<\/span>"],"slug":"product_type","name":"Tipo de producto"},"product_visibility":{"linked":[],"unlinked":[],"slug":"product_visibility","name":"Visibilidad del producto"},"product_cat":{"linked":["<a href=\"https:\/\/chronojump.org\/es\/categoria-producto\/encoder-es\/\" class=\"advgb-post-tax-term\">Material de Encoder<\/a>","<a href=\"https:\/\/chronojump.org\/es\/categoria-producto\/material-de-fuerza\/\" class=\"advgb-post-tax-term\">Material de fuerza<\/a>","<a href=\"https:\/\/chronojump.org\/es\/categoria-producto\/carreras\/\" class=\"advgb-post-tax-term\">Material para Carreras<\/a>"],"unlinked":["<span class=\"advgb-post-tax-term\">Material de Encoder<\/span>","<span class=\"advgb-post-tax-term\">Material de fuerza<\/span>","<span class=\"advgb-post-tax-term\">Material para Carreras<\/span>"],"slug":"product_cat","name":"Categor\u00edas del producto"},"product_tag":{"linked":[],"unlinked":[],"slug":"product_tag","name":"Etiquetas del producto"},"product_shipping_class":{"linked":[],"unlinked":[],"slug":"product_shipping_class","name":"Clases de env\u00edo del producto"},"translation_priority":{"linked":["<a href=\"https:\/\/chronojump.org\/es\/?taxonomy=translation_priority&#038;term=opcional\" class=\"advgb-post-tax-term\">Opcional<\/a>"],"unlinked":["<span class=\"advgb-post-tax-term\">Opcional<\/span>"],"slug":"translation_priority","name":"Prioridades de traducci\u00f3n"}},"series_order":"","_links":{"self":[{"href":"https:\/\/chronojump.org\/es\/wp-json\/wp\/v2\/product\/19582"}],"collection":[{"href":"https:\/\/chronojump.org\/es\/wp-json\/wp\/v2\/product"}],"about":[{"href":"https:\/\/chronojump.org\/es\/wp-json\/wp\/v2\/types\/product"}],"wp:featuredmedia":[{"embeddable":true,"href":"https:\/\/chronojump.org\/es\/wp-json\/wp\/v2\/media\/4933"}],"wp:attachment":[{"href":"https:\/\/chronojump.org\/es\/wp-json\/wp\/v2\/media?parent=19582"}],"wp:term":[{"taxonomy":"product_cat","embeddable":true,"href":"https:\/\/chronojump.org\/es\/wp-json\/wp\/v2\/product_cat?post=19582"},{"taxonomy":"product_tag","embeddable":true,"href":"https:\/\/chronojump.org\/es\/wp-json\/wp\/v2\/product_tag?post=19582"}],"curies":[{"name":"wp","href":"https:\/\/api.w.org\/{rel}","templated":true}]}}