{"id":22419,"date":"2024-08-08T16:07:56","date_gmt":"2024-08-08T15:07:56","guid":{"rendered":"https:\/\/chronojump.org\/?post_type=product&#038;p=22419"},"modified":"2024-08-30T16:37:41","modified_gmt":"2024-08-30T15:37:41","slug":"20-aniversario-de-chronojump","status":"publish","type":"product","link":"https:\/\/chronojump.org\/es\/product\/20-aniversario-de-chronojump\/","title":{"rendered":"20 aniversario de Chronojump"},"content":{"rendered":"","protected":false},"excerpt":{"rendered":"","protected":false},"author":692,"featured_media":22426,"template":"","meta":{"advgb_blocks_editor_width":"","advgb_blocks_columns_visual_guide":""},"product_cat":[],"product_tag":[],"featured_img":"https:\/\/chronojump.org\/wp-content\/uploads\/2024\/08\/chronojump_20_years.png","coauthors":[],"author_meta":{"author_link":"https:\/\/chronojump.org\/es\/author\/xpadulles\/","display_name":"Xavier Padull\u00e9s"},"relative_dates":{"created":"Publicado 2 a\u00f1os hace","modified":"Actualizado 2 a\u00f1os hace"},"absolute_dates":{"created":"Publicado el agosto 8, 2024","modified":"Actualizado el agosto 30, 2024"},"absolute_dates_time":{"created":"Publicado el agosto 8, 2024 4:07 pm","modified":"Actualizado el agosto 30, 2024 4:37 pm"},"featured_img_caption":"","tax_additional":{"product_type":{"linked":["<a href=\"https:\/\/chronojump.org\/es\/?taxonomy=product_type&#038;term=composite\" class=\"advgb-post-tax-term\">composite<\/a>"],"unlinked":["<span class=\"advgb-post-tax-term\">composite<\/span>"],"slug":"product_type","name":"Tipo de producto"},"product_visibility":{"linked":[],"unlinked":[],"slug":"product_visibility","name":"Visibilidad del producto"},"product_cat":{"linked":[],"unlinked":[],"slug":"product_cat","name":"Categor\u00edas del producto"},"product_tag":{"linked":[],"unlinked":[],"slug":"product_tag","name":"Etiquetas del producto"},"product_shipping_class":{"linked":[],"unlinked":[],"slug":"product_shipping_class","name":"Clases de env\u00edo del producto"},"translation_priority":{"linked":["<a href=\"https:\/\/chronojump.org\/es\/?taxonomy=translation_priority&#038;term=opcional\" class=\"advgb-post-tax-term\">Opcional<\/a>"],"unlinked":["<span class=\"advgb-post-tax-term\">Opcional<\/span>"],"slug":"translation_priority","name":"Prioridades de traducci\u00f3n"}},"series_order":"","_links":{"self":[{"href":"https:\/\/chronojump.org\/es\/wp-json\/wp\/v2\/product\/22419"}],"collection":[{"href":"https:\/\/chronojump.org\/es\/wp-json\/wp\/v2\/product"}],"about":[{"href":"https:\/\/chronojump.org\/es\/wp-json\/wp\/v2\/types\/product"}],"wp:featuredmedia":[{"embeddable":true,"href":"https:\/\/chronojump.org\/es\/wp-json\/wp\/v2\/media\/22426"}],"wp:attachment":[{"href":"https:\/\/chronojump.org\/es\/wp-json\/wp\/v2\/media?parent=22419"}],"wp:term":[{"taxonomy":"product_cat","embeddable":true,"href":"https:\/\/chronojump.org\/es\/wp-json\/wp\/v2\/product_cat?post=22419"},{"taxonomy":"product_tag","embeddable":true,"href":"https:\/\/chronojump.org\/es\/wp-json\/wp\/v2\/product_tag?post=22419"}],"curies":[{"name":"wp","href":"https:\/\/api.w.org\/{rel}","templated":true}]}}