{"id":22659,"date":"2024-08-30T16:24:53","date_gmt":"2024-08-30T15:24:53","guid":{"rendered":"https:\/\/chronojump.org\/?post_type=product&#038;p=22659"},"modified":"2024-09-02T09:49:12","modified_gmt":"2024-09-02T08:49:12","slug":"jornadas-20-aniversario-estudiante-8-sept","status":"publish","type":"product","link":"https:\/\/chronojump.org\/es\/product\/jornadas-20-aniversario-estudiante-8-sept\/","title":{"rendered":"Jornadas 20 aniversario [Estudiante]"},"content":{"rendered":"","protected":false},"excerpt":{"rendered":"","protected":false},"author":692,"featured_media":22675,"template":"","meta":{"advgb_blocks_editor_width":"","advgb_blocks_columns_visual_guide":""},"product_cat":[53],"product_tag":[],"featured_img":"https:\/\/chronojump.org\/wp-content\/uploads\/2024\/08\/chronojump_20_years_students_8set.png","coauthors":[],"author_meta":{"author_link":"https:\/\/chronojump.org\/es\/author\/xpadulles\/","display_name":"Xavier Padull\u00e9s"},"relative_dates":{"created":"Publicado 2 a\u00f1os hace","modified":"Actualizado 2 a\u00f1os hace"},"absolute_dates":{"created":"Publicado el agosto 30, 2024","modified":"Actualizado el septiembre 2, 2024"},"absolute_dates_time":{"created":"Publicado el agosto 30, 2024 4:24 pm","modified":"Actualizado el septiembre 2, 2024 9:49 am"},"featured_img_caption":"","tax_additional":{"product_type":{"linked":["<a href=\"https:\/\/chronojump.org\/es\/?taxonomy=product_type&#038;term=simple\" class=\"advgb-post-tax-term\">simple<\/a>"],"unlinked":["<span class=\"advgb-post-tax-term\">simple<\/span>"],"slug":"product_type","name":"Tipo de producto"},"product_visibility":{"linked":[],"unlinked":[],"slug":"product_visibility","name":"Visibilidad del producto"},"product_cat":{"linked":["<a href=\"https:\/\/chronojump.org\/es\/categoria-producto\/destacados\/recomendado\/sin-categoria\/\" class=\"advgb-post-tax-term\">Sin categor\u00eda<\/a>"],"unlinked":["<span class=\"advgb-post-tax-term\">Sin categor\u00eda<\/span>"],"slug":"product_cat","name":"Categor\u00edas del producto"},"product_tag":{"linked":[],"unlinked":[],"slug":"product_tag","name":"Etiquetas del producto"},"product_shipping_class":{"linked":[],"unlinked":[],"slug":"product_shipping_class","name":"Clases de env\u00edo del producto"},"translation_priority":{"linked":["<a href=\"https:\/\/chronojump.org\/es\/?taxonomy=translation_priority&#038;term=opcional\" class=\"advgb-post-tax-term\">Opcional<\/a>"],"unlinked":["<span class=\"advgb-post-tax-term\">Opcional<\/span>"],"slug":"translation_priority","name":"Prioridades de traducci\u00f3n"}},"series_order":"","_links":{"self":[{"href":"https:\/\/chronojump.org\/es\/wp-json\/wp\/v2\/product\/22659"}],"collection":[{"href":"https:\/\/chronojump.org\/es\/wp-json\/wp\/v2\/product"}],"about":[{"href":"https:\/\/chronojump.org\/es\/wp-json\/wp\/v2\/types\/product"}],"wp:featuredmedia":[{"embeddable":true,"href":"https:\/\/chronojump.org\/es\/wp-json\/wp\/v2\/media\/22675"}],"wp:attachment":[{"href":"https:\/\/chronojump.org\/es\/wp-json\/wp\/v2\/media?parent=22659"}],"wp:term":[{"taxonomy":"product_cat","embeddable":true,"href":"https:\/\/chronojump.org\/es\/wp-json\/wp\/v2\/product_cat?post=22659"},{"taxonomy":"product_tag","embeddable":true,"href":"https:\/\/chronojump.org\/es\/wp-json\/wp\/v2\/product_tag?post=22659"}],"curies":[{"name":"wp","href":"https:\/\/api.w.org\/{rel}","templated":true}]}}