{"id":26339,"date":"2025-11-18T16:15:18","date_gmt":"2025-11-18T15:15:18","guid":{"rendered":"https:\/\/chronojump.org\/?post_type=product&#038;p=26339"},"modified":"2025-12-01T12:14:41","modified_gmt":"2025-12-01T11:14:41","slug":"el-premio","status":"publish","type":"product","link":"https:\/\/chronojump.org\/es\/product\/el-premio\/","title":{"rendered":"El Premio"},"content":{"rendered":"<p>Es una novela donde se entrecruzan mundos tan diversos como el entrenamiento deportivo, futbol, marat\u00f3n o fitness, la gastronom\u00eda espa\u00f1ola tras la irrupci\u00f3n del Bulli o la revoluci\u00f3n de los vinos del Priorat. Todo en un contexto de enredos y plagios donde, de alguna forma, se hace un repaso de la evoluci\u00f3n del deporte desde el franquismo hasta el siglo XXI.<br \/>\nEl hilo conductor muestra los contrastes entre el respeto por la tradici\u00f3n y los avances de la ciencia, con una mirada cr\u00edtica sobre quienes solamente se mueven por la \u00faltima novedad, los impostores, la mediocridad y el plagio. Este texto es un reconocimiento a Carlos \u00c1lvarez del Villar, el primer preparador f\u00edsico de la selecci\u00f3n espa\u00f1ola de f\u00fatbol, padre de la preparaci\u00f3n f\u00edsica moderna aplicada al f\u00fatbol.<br \/>\nAutor: Joan Rius Sant<\/p>\n","protected":false},"excerpt":{"rendered":"<p>Es una novela donde se entrecruzan mundos tan diversos como el entrenamiento deportivo, futbol, marat\u00f3n o fitness, la gastronom\u00eda espa\u00f1ola tras la irrupci\u00f3n del Bulli o la revoluci\u00f3n de los vinos del Priorat. Todo en un contexto de enredos y plagios donde, de alguna forma, se hace un repaso de la evoluci\u00f3n del deporte desde [&hellip;]<\/p>\n","protected":false},"author":1,"featured_media":26356,"template":"","meta":{"advgb_blocks_editor_width":"","advgb_blocks_columns_visual_guide":""},"product_cat":[2062],"product_tag":[2061],"featured_img":"https:\/\/chronojump.org\/wp-content\/uploads\/2025\/11\/El-Premio-Joan-Rius.png","coauthors":[],"author_meta":{"author_link":"https:\/\/chronojump.org\/es\/author\/chronojump\/","display_name":"chronojump"},"relative_dates":{"created":"Publicado 5 meses hace","modified":"Actualizado 5 meses hace"},"absolute_dates":{"created":"Publicado el noviembre 18, 2025","modified":"Actualizado el diciembre 1, 2025"},"absolute_dates_time":{"created":"Publicado el noviembre 18, 2025 4:15 pm","modified":"Actualizado el diciembre 1, 2025 12:14 pm"},"featured_img_caption":"","tax_additional":{"product_type":{"linked":["<a href=\"https:\/\/chronojump.org\/es\/?taxonomy=product_type&#038;term=simple\" class=\"advgb-post-tax-term\">simple<\/a>"],"unlinked":["<span class=\"advgb-post-tax-term\">simple<\/span>"],"slug":"product_type","name":"Tipo de producto"},"product_visibility":{"linked":[],"unlinked":[],"slug":"product_visibility","name":"Visibilidad del producto"},"product_cat":{"linked":["<a href=\"https:\/\/chronojump.org\/es\/categoria-producto\/piezas_de_repuesto\/libro\/\" class=\"advgb-post-tax-term\">LIBRO<\/a>"],"unlinked":["<span class=\"advgb-post-tax-term\">LIBRO<\/span>"],"slug":"product_cat","name":"Categor\u00edas del producto"},"product_tag":{"linked":["<a href=\"https:\/\/chronojump.org\/es\/etiqueta-producto\/libro\/\" class=\"advgb-post-tax-term\">Libro<\/a>"],"unlinked":["<span class=\"advgb-post-tax-term\">Libro<\/span>"],"slug":"product_tag","name":"Etiquetas del producto"},"product_shipping_class":{"linked":["<a href=\"https:\/\/chronojump.org\/es\/?taxonomy=product_shipping_class&#038;term=estandar\" class=\"advgb-post-tax-term\">Est\u00e1ndar<\/a>"],"unlinked":["<span class=\"advgb-post-tax-term\">Est\u00e1ndar<\/span>"],"slug":"product_shipping_class","name":"Clases de env\u00edo del producto"},"translation_priority":{"linked":["<a href=\"https:\/\/chronojump.org\/es\/?taxonomy=translation_priority&#038;term=opcional-es\" class=\"advgb-post-tax-term\">Opcional<\/a>"],"unlinked":["<span class=\"advgb-post-tax-term\">Opcional<\/span>"],"slug":"translation_priority","name":"Prioridades de traducci\u00f3n"}},"series_order":"","_links":{"self":[{"href":"https:\/\/chronojump.org\/es\/wp-json\/wp\/v2\/product\/26339"}],"collection":[{"href":"https:\/\/chronojump.org\/es\/wp-json\/wp\/v2\/product"}],"about":[{"href":"https:\/\/chronojump.org\/es\/wp-json\/wp\/v2\/types\/product"}],"wp:featuredmedia":[{"embeddable":true,"href":"https:\/\/chronojump.org\/es\/wp-json\/wp\/v2\/media\/26356"}],"wp:attachment":[{"href":"https:\/\/chronojump.org\/es\/wp-json\/wp\/v2\/media?parent=26339"}],"wp:term":[{"taxonomy":"product_cat","embeddable":true,"href":"https:\/\/chronojump.org\/es\/wp-json\/wp\/v2\/product_cat?post=26339"},{"taxonomy":"product_tag","embeddable":true,"href":"https:\/\/chronojump.org\/es\/wp-json\/wp\/v2\/product_tag?post=26339"}],"curies":[{"name":"wp","href":"https:\/\/api.w.org\/{rel}","templated":true}]}}