{"id":3197,"date":"2019-06-21T10:53:30","date_gmt":"2019-06-21T09:53:30","guid":{"rendered":"http:\/\/en.chronojump.org\/product\/bateria\/"},"modified":"2025-03-21T16:07:30","modified_gmt":"2025-03-21T15:07:30","slug":"bateria-para-fotocelula","status":"publish","type":"product","link":"https:\/\/chronojump.org\/es\/product\/bateria-para-fotocelula\/","title":{"rendered":"Bater\u00eda para fotoc\u00e9lula WICHRO"},"content":{"rendered":"<p>Bater\u00eda recargable que facilita la alimentaci\u00f3n a la Fotoc\u00e9lulas.<\/p>\n<p>El producto incluye el cargador para poder recargar la bater\u00eda y el adaptador para conectar con la fotoc\u00e9lula.<\/p>\n","protected":false},"excerpt":{"rendered":"<p>Producto: Bater\u00eda recargable de Li-on<br \/>\nVoltage Nominal: 11,1V<br \/>\nCapacidad: 3000mAh<br \/>\nCarga de voltage l\u00edmite: 12.6V<br \/>\nVoltage de Salida: 12V<\/p>\n","protected":false},"author":1,"featured_media":18312,"template":"","meta":{"advgb_blocks_editor_width":"","advgb_blocks_columns_visual_guide":""},"product_cat":[51],"product_tag":[],"featured_img":"https:\/\/chronojump.org\/wp-content\/uploads\/2019\/06\/Bateria1.png","coauthors":[],"author_meta":{"author_link":"https:\/\/chronojump.org\/es\/author\/chronojump\/","display_name":"chronojump"},"relative_dates":{"created":"Publicado 7 a\u00f1os hace","modified":"Actualizado 1 a\u00f1o hace"},"absolute_dates":{"created":"Publicado el junio 21, 2019","modified":"Actualizado el marzo 21, 2025"},"absolute_dates_time":{"created":"Publicado el junio 21, 2019 10:53 am","modified":"Actualizado el marzo 21, 2025 4:07 pm"},"featured_img_caption":"","tax_additional":{"product_type":{"linked":["<a href=\"https:\/\/chronojump.org\/es\/?taxonomy=product_type&#038;term=simple\" class=\"advgb-post-tax-term\">simple<\/a>"],"unlinked":["<span class=\"advgb-post-tax-term\">simple<\/span>"],"slug":"product_type","name":"Tipo de producto"},"product_visibility":{"linked":[],"unlinked":[],"slug":"product_visibility","name":"Visibilidad del producto"},"product_cat":{"linked":["<a href=\"https:\/\/chronojump.org\/es\/categoria-producto\/piezas_de_repuesto\/carreras_piezas_de_repuesto\/\" class=\"advgb-post-tax-term\">CARRERAS piezas de repuesto<\/a>"],"unlinked":["<span class=\"advgb-post-tax-term\">CARRERAS piezas de repuesto<\/span>"],"slug":"product_cat","name":"Categor\u00edas del producto"},"product_tag":{"linked":[],"unlinked":[],"slug":"product_tag","name":"Etiquetas del producto"},"product_shipping_class":{"linked":[],"unlinked":[],"slug":"product_shipping_class","name":"Clases de env\u00edo del producto"},"translation_priority":{"linked":["<a href=\"https:\/\/chronojump.org\/es\/?taxonomy=translation_priority&#038;term=opcional\" class=\"advgb-post-tax-term\">Opcional<\/a>"],"unlinked":["<span class=\"advgb-post-tax-term\">Opcional<\/span>"],"slug":"translation_priority","name":"Prioridades de traducci\u00f3n"}},"series_order":"","_links":{"self":[{"href":"https:\/\/chronojump.org\/es\/wp-json\/wp\/v2\/product\/3197"}],"collection":[{"href":"https:\/\/chronojump.org\/es\/wp-json\/wp\/v2\/product"}],"about":[{"href":"https:\/\/chronojump.org\/es\/wp-json\/wp\/v2\/types\/product"}],"wp:featuredmedia":[{"embeddable":true,"href":"https:\/\/chronojump.org\/es\/wp-json\/wp\/v2\/media\/18312"}],"wp:attachment":[{"href":"https:\/\/chronojump.org\/es\/wp-json\/wp\/v2\/media?parent=3197"}],"wp:term":[{"taxonomy":"product_cat","embeddable":true,"href":"https:\/\/chronojump.org\/es\/wp-json\/wp\/v2\/product_cat?post=3197"},{"taxonomy":"product_tag","embeddable":true,"href":"https:\/\/chronojump.org\/es\/wp-json\/wp\/v2\/product_tag?post=3197"}],"curies":[{"name":"wp","href":"https:\/\/api.w.org\/{rel}","templated":true}]}}