{"id":3229,"date":"2019-11-13T11:39:44","date_gmt":"2019-11-13T10:39:44","guid":{"rendered":"http:\/\/en.chronojump.org\/product\/kit-gomas-chronojump\/"},"modified":"2025-12-21T20:58:32","modified_gmt":"2025-12-21T19:58:32","slug":"kit-gomas-chronojump","status":"publish","type":"product","link":"https:\/\/chronojump.org\/es\/product\/kit-gomas-chronojump\/","title":{"rendered":"Kit gomas Chronojump"},"content":{"rendered":"<p>El kit de gomas y cinchas de Chronojump Resistance contiene:<\/p>\n<ul>\n<li>1 cincha 3m de longitud de color negro con capacidad para aguantar un m\u00e1ximo de 500kg. Amplitud de 25mm y grosor de 1,6mm<\/li>\n<li>2 cinchas 0,5m de longitud color azul con capacidad para aguantar un m\u00e1ximo de 500kg. Amplitud de 25mm y grosor de 1,6mm<\/li>\n<li>1 agarre multiuso para la mano y el pie con hebilla para facilitar anclajes con mosquetones<\/li>\n<li>1 agarre para el tobillo con hebilla para facilitar con mosquetones<\/li>\n<li>1 Goma el\u00e1stica 100% l\u00e1tex color Amarillo de 1,2metros de longitud. Grosor 4 * 7mm (di\u00e1metro interior * exterior)<\/li>\n<li>1 Goma el\u00e1stica 100% l\u00e1tex color Verde de 1,2metros de longitud. Grosor 4 * 9mm (di\u00e1metro interior * exterior)<\/li>\n<li>1 Goma el\u00e1stica 100% l\u00e1tex color Rojo de 1,2metros de longitud. Grosor 6 * 11mm (di\u00e1metro interior * exterior)<\/li>\n<li>1 Goma el\u00e1stica 100% l\u00e1tex color Negro de 1,2metros de longitud. Grosor 6 * 13,8mm (di\u00e1metro interior * exterior)<\/li>\n<li>1 Goma el\u00e1stica 100% l\u00e1tex color Negro de 3metros de longitud. Grosor 6* 13,8mm (di\u00e1metro interior * exterior)<\/li>\n<li>1 bolsa de Nylon Chronojump<\/li>\n<\/ul>\n<p>&nbsp;<\/p>\n<p>Las 5 gomas el\u00e1stica de l\u00e1tex incluyen un mosquet\u00f3n en cada uno de sus extremos.<\/p>\n","protected":false},"excerpt":{"rendered":"<p>El kit de gomas y cinchas de Chronojump Resistance contiene: 1 cincha 3m de longitud de color negro con capacidad para aguantar un m\u00e1ximo de 500kg. Amplitud de 25mm y grosor de 1,6mm 2 cinchas 0,5m de longitud color azul con capacidad para aguantar un m\u00e1ximo de 500kg. Amplitud de 25mm y grosor de 1,6mm [&hellip;]<\/p>\n","protected":false},"author":1,"featured_media":4869,"template":"","meta":{"advgb_blocks_editor_width":"","advgb_blocks_columns_visual_guide":""},"product_cat":[243,242],"product_tag":[],"featured_img":"https:\/\/chronojump.org\/wp-content\/uploads\/2019\/11\/Captura-de-Pantalla-2020-10-06-a-les-16.21.28-1.png","coauthors":[],"author_meta":{"author_link":"https:\/\/chronojump.org\/es\/author\/chronojump\/","display_name":"chronojump"},"relative_dates":{"created":"Publicado 6 a\u00f1os hace","modified":"Actualizado 4 meses hace"},"absolute_dates":{"created":"Publicado el noviembre 13, 2019","modified":"Actualizado el diciembre 21, 2025"},"absolute_dates_time":{"created":"Publicado el noviembre 13, 2019 11:39 am","modified":"Actualizado el diciembre 21, 2025 8:58 pm"},"featured_img_caption":"","tax_additional":{"product_type":{"linked":["<a href=\"https:\/\/chronojump.org\/es\/?taxonomy=product_type&#038;term=simple\" class=\"advgb-post-tax-term\">simple<\/a>"],"unlinked":["<span class=\"advgb-post-tax-term\">simple<\/span>"],"slug":"product_type","name":"Tipo de producto"},"product_visibility":{"linked":[],"unlinked":[],"slug":"product_visibility","name":"Visibilidad del producto"},"product_cat":{"linked":["<a href=\"https:\/\/chronojump.org\/es\/categoria-producto\/piezas_de_repuesto\/\" class=\"advgb-post-tax-term\">Productos sueltos<\/a>","<a href=\"https:\/\/chronojump.org\/es\/categoria-producto\/piezas_de_repuesto\/piezas_repuesto_sensor-de-fuerza\/\" class=\"advgb-post-tax-term\">SENSOR DE FUERZA piezas de repuesto<\/a>"],"unlinked":["<span class=\"advgb-post-tax-term\">Productos sueltos<\/span>","<span class=\"advgb-post-tax-term\">SENSOR DE FUERZA piezas de repuesto<\/span>"],"slug":"product_cat","name":"Categor\u00edas del producto"},"product_tag":{"linked":[],"unlinked":[],"slug":"product_tag","name":"Etiquetas del producto"},"product_shipping_class":{"linked":[],"unlinked":[],"slug":"product_shipping_class","name":"Clases de env\u00edo del producto"},"translation_priority":{"linked":["<a href=\"https:\/\/chronojump.org\/es\/?taxonomy=translation_priority&#038;term=opcional\" class=\"advgb-post-tax-term\">Opcional<\/a>"],"unlinked":["<span class=\"advgb-post-tax-term\">Opcional<\/span>"],"slug":"translation_priority","name":"Prioridades de traducci\u00f3n"}},"series_order":"","_links":{"self":[{"href":"https:\/\/chronojump.org\/es\/wp-json\/wp\/v2\/product\/3229"}],"collection":[{"href":"https:\/\/chronojump.org\/es\/wp-json\/wp\/v2\/product"}],"about":[{"href":"https:\/\/chronojump.org\/es\/wp-json\/wp\/v2\/types\/product"}],"wp:featuredmedia":[{"embeddable":true,"href":"https:\/\/chronojump.org\/es\/wp-json\/wp\/v2\/media\/4869"}],"wp:attachment":[{"href":"https:\/\/chronojump.org\/es\/wp-json\/wp\/v2\/media?parent=3229"}],"wp:term":[{"taxonomy":"product_cat","embeddable":true,"href":"https:\/\/chronojump.org\/es\/wp-json\/wp\/v2\/product_cat?post=3229"},{"taxonomy":"product_tag","embeddable":true,"href":"https:\/\/chronojump.org\/es\/wp-json\/wp\/v2\/product_tag?post=3229"}],"curies":[{"name":"wp","href":"https:\/\/api.w.org\/{rel}","templated":true}]}}