{"id":3249,"date":"2018-10-29T17:30:13","date_gmt":"2018-10-29T16:30:13","guid":{"rendered":"http:\/\/en.chronojump.org\/product\/tripode-pro\/"},"modified":"2024-06-28T09:03:23","modified_gmt":"2024-06-28T08:03:23","slug":"tripode-pro","status":"publish","type":"product","link":"https:\/\/chronojump.org\/es\/product\/tripode-pro\/","title":{"rendered":"Tr\u00edpode Pro"},"content":{"rendered":"<p>Permite la instalaci\u00f3n de las fotoc\u00e9lulas y los reflectores a una altura adecuada para la medici\u00f3n de carreras.<\/p>\n<p>A diferencia del tr\u00edpode b\u00e1sico, el pro es de la marca OBO. Garantiza una mejor calidad y estabilidad.<\/p>\n","protected":false},"excerpt":{"rendered":"<p>Para fijar la fotoc\u00e9lula y el reflector<\/p>\n","protected":false},"author":1,"featured_media":132,"template":"","meta":{"advgb_blocks_editor_width":"","advgb_blocks_columns_visual_guide":""},"product_cat":[51],"product_tag":[],"featured_img":"https:\/\/chronojump.org\/wp-content\/uploads\/2016\/09\/TripodeDesplegat.png","coauthors":[],"author_meta":{"author_link":"https:\/\/chronojump.org\/es\/author\/chronojump\/","display_name":"chronojump"},"relative_dates":{"created":"Publicado 8 a\u00f1os hace","modified":"Actualizado 2 a\u00f1os hace"},"absolute_dates":{"created":"Publicado el octubre 29, 2018","modified":"Actualizado el junio 28, 2024"},"absolute_dates_time":{"created":"Publicado el octubre 29, 2018 5:30 pm","modified":"Actualizado el junio 28, 2024 9:03 am"},"featured_img_caption":"","tax_additional":{"product_type":{"linked":["<a href=\"https:\/\/chronojump.org\/es\/?taxonomy=product_type&#038;term=simple\" class=\"advgb-post-tax-term\">simple<\/a>"],"unlinked":["<span class=\"advgb-post-tax-term\">simple<\/span>"],"slug":"product_type","name":"Tipo de producto"},"product_visibility":{"linked":["<a href=\"https:\/\/chronojump.org\/?taxonomy=product_visibility&#038;term=outofstock\" class=\"advgb-post-tax-term\">outofstock<\/a>"],"unlinked":["<span class=\"advgb-post-tax-term\">outofstock<\/span>"],"slug":"product_visibility","name":"Visibilidad del producto"},"product_cat":{"linked":["<a href=\"https:\/\/chronojump.org\/es\/categoria-producto\/piezas_de_repuesto\/carreras_piezas_de_repuesto\/\" class=\"advgb-post-tax-term\">CARRERAS piezas de repuesto<\/a>"],"unlinked":["<span class=\"advgb-post-tax-term\">CARRERAS piezas de repuesto<\/span>"],"slug":"product_cat","name":"Categor\u00edas del producto"},"product_tag":{"linked":[],"unlinked":[],"slug":"product_tag","name":"Etiquetas del producto"},"product_shipping_class":{"linked":[],"unlinked":[],"slug":"product_shipping_class","name":"Clases de env\u00edo del producto"},"translation_priority":{"linked":["<a href=\"https:\/\/chronojump.org\/es\/?taxonomy=translation_priority&#038;term=opcional\" class=\"advgb-post-tax-term\">Opcional<\/a>"],"unlinked":["<span class=\"advgb-post-tax-term\">Opcional<\/span>"],"slug":"translation_priority","name":"Prioridades de traducci\u00f3n"}},"series_order":"","_links":{"self":[{"href":"https:\/\/chronojump.org\/es\/wp-json\/wp\/v2\/product\/3249"}],"collection":[{"href":"https:\/\/chronojump.org\/es\/wp-json\/wp\/v2\/product"}],"about":[{"href":"https:\/\/chronojump.org\/es\/wp-json\/wp\/v2\/types\/product"}],"wp:featuredmedia":[{"embeddable":true,"href":"https:\/\/chronojump.org\/es\/wp-json\/wp\/v2\/media\/132"}],"wp:attachment":[{"href":"https:\/\/chronojump.org\/es\/wp-json\/wp\/v2\/media?parent=3249"}],"wp:term":[{"taxonomy":"product_cat","embeddable":true,"href":"https:\/\/chronojump.org\/es\/wp-json\/wp\/v2\/product_cat?post=3249"},{"taxonomy":"product_tag","embeddable":true,"href":"https:\/\/chronojump.org\/es\/wp-json\/wp\/v2\/product_tag?post=3249"}],"curies":[{"name":"wp","href":"https:\/\/api.w.org\/{rel}","templated":true}]}}