{"id":3289,"date":"2016-09-01T10:16:36","date_gmt":"2016-09-01T09:16:36","guid":{"rendered":"http:\/\/en.chronojump.org\/product\/chronopic-para-saltos-carreras\/"},"modified":"2026-04-07T17:07:58","modified_gmt":"2026-04-07T16:07:58","slug":"chronopic-para-saltos-carreras","status":"publish","type":"product","link":"https:\/\/chronojump.org\/es\/product\/chronopic-para-saltos-carreras\/","title":{"rendered":"Chronopic (para saltos\/carreras)"},"content":{"rendered":"","protected":false},"excerpt":{"rendered":"<div>\n<p>Dispositivo electr\u00f3nico que env\u00eda la se\u00f1al de la plataforma o fotoc\u00e9lulas al ordenador.<\/p>\n<\/div>\n","protected":false},"author":1,"featured_media":353,"template":"","meta":{"advgb_blocks_editor_width":"","advgb_blocks_columns_visual_guide":""},"product_cat":[51,47],"product_tag":[],"featured_img":"https:\/\/chronojump.org\/wp-content\/uploads\/2016\/09\/Chronopic-Multitest.png","coauthors":[],"author_meta":{"author_link":"https:\/\/chronojump.org\/es\/author\/chronojump\/","display_name":"chronojump"},"relative_dates":{"created":"Publicado 10 a\u00f1os hace","modified":"Actualizado 4 d\u00edas hace"},"absolute_dates":{"created":"Publicado el septiembre 1, 2016","modified":"Actualizado el abril 7, 2026"},"absolute_dates_time":{"created":"Publicado el septiembre 1, 2016 10:16 am","modified":"Actualizado el abril 7, 2026 5:07 pm"},"featured_img_caption":"","tax_additional":{"product_type":{"linked":["<a href=\"https:\/\/chronojump.org\/es\/?taxonomy=product_type&#038;term=simple\" class=\"advgb-post-tax-term\">simple<\/a>"],"unlinked":["<span class=\"advgb-post-tax-term\">simple<\/span>"],"slug":"product_type","name":"Tipo de producto"},"product_visibility":{"linked":[],"unlinked":[],"slug":"product_visibility","name":"Visibilidad del producto"},"product_cat":{"linked":["<a href=\"https:\/\/chronojump.org\/es\/categoria-producto\/piezas_de_repuesto\/carreras_piezas_de_repuesto\/\" class=\"advgb-post-tax-term\">CARRERAS piezas de repuesto<\/a>","<a href=\"https:\/\/chronojump.org\/es\/categoria-producto\/piezas_de_repuesto\/saltos_piezas_de_repuesto\/\" class=\"advgb-post-tax-term\">SALTOS piezas de repuesto<\/a>"],"unlinked":["<span class=\"advgb-post-tax-term\">CARRERAS piezas de repuesto<\/span>","<span class=\"advgb-post-tax-term\">SALTOS piezas de repuesto<\/span>"],"slug":"product_cat","name":"Categor\u00edas del producto"},"product_tag":{"linked":[],"unlinked":[],"slug":"product_tag","name":"Etiquetas del producto"},"product_shipping_class":{"linked":[],"unlinked":[],"slug":"product_shipping_class","name":"Clases de env\u00edo del producto"},"translation_priority":{"linked":["<a href=\"https:\/\/chronojump.org\/es\/?taxonomy=translation_priority&#038;term=opcional\" class=\"advgb-post-tax-term\">Opcional<\/a>"],"unlinked":["<span class=\"advgb-post-tax-term\">Opcional<\/span>"],"slug":"translation_priority","name":"Prioridades de traducci\u00f3n"}},"series_order":"","_links":{"self":[{"href":"https:\/\/chronojump.org\/es\/wp-json\/wp\/v2\/product\/3289"}],"collection":[{"href":"https:\/\/chronojump.org\/es\/wp-json\/wp\/v2\/product"}],"about":[{"href":"https:\/\/chronojump.org\/es\/wp-json\/wp\/v2\/types\/product"}],"wp:featuredmedia":[{"embeddable":true,"href":"https:\/\/chronojump.org\/es\/wp-json\/wp\/v2\/media\/353"}],"wp:attachment":[{"href":"https:\/\/chronojump.org\/es\/wp-json\/wp\/v2\/media?parent=3289"}],"wp:term":[{"taxonomy":"product_cat","embeddable":true,"href":"https:\/\/chronojump.org\/es\/wp-json\/wp\/v2\/product_cat?post=3289"},{"taxonomy":"product_tag","embeddable":true,"href":"https:\/\/chronojump.org\/es\/wp-json\/wp\/v2\/product_tag?post=3289"}],"curies":[{"name":"wp","href":"https:\/\/api.w.org\/{rel}","templated":true}]}}