{"id":3290,"date":"2016-09-01T10:15:49","date_gmt":"2016-09-01T09:15:49","guid":{"rendered":"http:\/\/en.chronojump.org\/product\/encoder-rotatorio-de-eje-para-fabricantes\/"},"modified":"2025-07-04T09:07:44","modified_gmt":"2025-07-04T08:07:44","slug":"encoder-rotatorio-de-eje-para-fabricantes","status":"publish","type":"product","link":"https:\/\/chronojump.org\/es\/product\/encoder-rotatorio-de-eje-para-fabricantes\/","title":{"rendered":"Encoder rotatorio de eje"},"content":{"rendered":"<p>(Para fabricantes)<\/p>\n<p>Dispositivo que mide el \u00e1ngulo de rotaci\u00f3n de un eje.<\/p>\n<p>Permite la monitorizaci\u00f3n de m\u00e1quinas inerciales.<\/p>\n<p>Atenci\u00f3n!! Este dispositivo requiere de experiencia en montajes mec\u00e1nicos as\u00ed como de herramientas que permitan el mecanizado de la m\u00e1quina inercial que se pretenda monitorizar)<\/p>\n<p>Si quiere ver alg\u00fan ejemplo de acoplamiento del encoder puede el siguiente algunas\u00a0<a href=\"https:\/\/www.flickr.com\/photos\/98402533@N08\/albums\/72157642290686784\">im\u00e1genes del encoder<\/a><\/p>\n","protected":false},"excerpt":{"rendered":"<p>(Para fabricantes) Dispositivo que mide el \u00e1ngulo de rotaci\u00f3n de un eje. Permite la monitorizaci\u00f3n de m\u00e1quinas inerciales. Atenci\u00f3n!! Este dispositivo requiere de experiencia en montajes mec\u00e1nicos as\u00ed como de herramientas que permitan el mecanizado de la m\u00e1quina inercial que se pretenda monitorizar) Si quiere ver alg\u00fan ejemplo de acoplamiento del encoder puede el siguiente [&hellip;]<\/p>\n","protected":false},"author":1,"featured_media":2267,"template":"","meta":{"advgb_blocks_editor_width":"","advgb_blocks_columns_visual_guide":""},"product_cat":[244,243],"product_tag":[],"featured_img":"https:\/\/chronojump.org\/wp-content\/uploads\/2016\/09\/Encoder_rotatorio.png","coauthors":[],"author_meta":{"author_link":"https:\/\/chronojump.org\/es\/author\/chronojump\/","display_name":"chronojump"},"relative_dates":{"created":"Publicado 10 a\u00f1os hace","modified":"Actualizado 10 meses hace"},"absolute_dates":{"created":"Publicado el septiembre 1, 2016","modified":"Actualizado el julio 4, 2025"},"absolute_dates_time":{"created":"Publicado el septiembre 1, 2016 10:15 am","modified":"Actualizado el julio 4, 2025 9:07 am"},"featured_img_caption":"","tax_additional":{"product_type":{"linked":["<a href=\"https:\/\/chronojump.org\/es\/?taxonomy=product_type&#038;term=simple\" class=\"advgb-post-tax-term\">simple<\/a>"],"unlinked":["<span class=\"advgb-post-tax-term\">simple<\/span>"],"slug":"product_type","name":"Tipo de producto"},"product_visibility":{"linked":[],"unlinked":[],"slug":"product_visibility","name":"Visibilidad del producto"},"product_cat":{"linked":["<a href=\"https:\/\/chronojump.org\/es\/categoria-producto\/piezas_de_repuesto\/encoder_piezas_de_repuesto\/\" class=\"advgb-post-tax-term\">ENCODER piezas de repuesto<\/a>","<a href=\"https:\/\/chronojump.org\/es\/categoria-producto\/piezas_de_repuesto\/\" class=\"advgb-post-tax-term\">Productos sueltos<\/a>"],"unlinked":["<span class=\"advgb-post-tax-term\">ENCODER piezas de repuesto<\/span>","<span class=\"advgb-post-tax-term\">Productos sueltos<\/span>"],"slug":"product_cat","name":"Categor\u00edas del producto"},"product_tag":{"linked":[],"unlinked":[],"slug":"product_tag","name":"Etiquetas del producto"},"product_shipping_class":{"linked":[],"unlinked":[],"slug":"product_shipping_class","name":"Clases de env\u00edo del producto"},"translation_priority":{"linked":["<a href=\"https:\/\/chronojump.org\/es\/?taxonomy=translation_priority&#038;term=opcional\" class=\"advgb-post-tax-term\">Opcional<\/a>"],"unlinked":["<span class=\"advgb-post-tax-term\">Opcional<\/span>"],"slug":"translation_priority","name":"Prioridades de traducci\u00f3n"}},"series_order":"","_links":{"self":[{"href":"https:\/\/chronojump.org\/es\/wp-json\/wp\/v2\/product\/3290"}],"collection":[{"href":"https:\/\/chronojump.org\/es\/wp-json\/wp\/v2\/product"}],"about":[{"href":"https:\/\/chronojump.org\/es\/wp-json\/wp\/v2\/types\/product"}],"wp:featuredmedia":[{"embeddable":true,"href":"https:\/\/chronojump.org\/es\/wp-json\/wp\/v2\/media\/2267"}],"wp:attachment":[{"href":"https:\/\/chronojump.org\/es\/wp-json\/wp\/v2\/media?parent=3290"}],"wp:term":[{"taxonomy":"product_cat","embeddable":true,"href":"https:\/\/chronojump.org\/es\/wp-json\/wp\/v2\/product_cat?post=3290"},{"taxonomy":"product_tag","embeddable":true,"href":"https:\/\/chronojump.org\/es\/wp-json\/wp\/v2\/product_tag?post=3290"}],"curies":[{"name":"wp","href":"https:\/\/api.w.org\/{rel}","templated":true}]}}