{"id":4641,"date":"2020-08-24T16:10:50","date_gmt":"2020-08-24T15:10:50","guid":{"rendered":"https:\/\/chronojump.org\/shop\/sin%20categor\u00eda\/analizador-de-carrera\/"},"modified":"2025-07-13T22:24:05","modified_gmt":"2025-07-13T21:24:05","slug":"analizador-de-carrera","status":"publish","type":"product","link":"https:\/\/chronojump.org\/es\/product\/analizador-de-carrera\/","title":{"rendered":"Analizador de Carrera"},"content":{"rendered":"<p>Dispositivo ideal para un an\u00e1lisis de alta precisi\u00f3n del sprint en carrera, salidas de nataci\u00f3n, remo, y otros deportes en que la aceleraci\u00f3n sea importante.<\/p>\n<p>Mida y grafique la velocidad, aceleraci\u00f3n, fuerza y potencia instant\u00e1neas de los datos crudos y\/o del sprint modelado. El software muestra los tiempos parciales y la velodidad media cada 5m.<\/p>\n<p>Caracter\u00edsticas:<\/p>\n<ul>\n<li>Usa un encoder<\/li>\n<li>Distancia m\u00e1xima: 100 m<\/li>\n<li>Precisi\u00f3n en la distancia: 3 cm<\/li>\n<li>Precisi\u00f3n en el tiempo: 4 microsegundos<\/li>\n<\/ul>\n<p>Videos que utilizan el Race Analyzer:<\/p>\n<ul>\n<li><a href=\"https:\/\/youtu.be\/FRWUAVNDUgM\" target=\"_blank\" rel=\"noopener noreferrer\">Ejemplo de una prueba realizada con el Race Analyzer<\/a><\/li>\n<li><a href=\"https:\/\/www.youtube.com\/watch?v=Jq-i1dxclKA\" target=\"_blank\" rel=\"noopener noreferrer\">Prueba de vallas<\/a><\/li>\n<\/ul>\n<p><span id=\"result_box\" class=\"\" lang=\"es\">El Kit Analizador de Carrera contiene:<\/span><\/p>\n<ul>\n<li style=\"list-style-type: none;\">\n<ul>\n<li><span id=\"result_box\" class=\"\" lang=\"es\">Analizador de Carrera (encoder inclu\u00eddo)<\/span><\/li>\n<li><span id=\"result_box\" class=\"\" lang=\"es\">Dispositivo electr\u00f3nico de adquisici\u00f3n de datos.<\/span><span id=\"result_box\" class=\"\" lang=\"es\"><\/span><\/li>\n<li><span id=\"result_box\" class=\"\" lang=\"es\"><span class=\"\">Cableado de conexi\u00f3n al PC (Mini-USB cable).<\/span><\/span><\/li>\n<\/ul>\n<\/li>\n<\/ul>\n<p><iframe loading=\"lazy\" title=\"Race Analyzer\" width=\"980\" height=\"551\" src=\"https:\/\/www.youtube.com\/embed\/gaTMg44ynQY?feature=oembed\" frameborder=\"0\" allow=\"accelerometer; autoplay; clipboard-write; encrypted-media; gyroscope; picture-in-picture; web-share\" allowfullscreen><\/iframe><\/p>\n<p><!--\n \t\n\n<li>Transportation Bag<\/li>\n\n\n--><\/p>\n","protected":false},"excerpt":{"rendered":"<p>Dispositivo que permite analizar y graficar carreras mediante un encoder.<\/p>\n","protected":false},"author":570,"featured_media":5183,"template":"","meta":{"advgb_blocks_editor_width":"","advgb_blocks_columns_visual_guide":""},"product_cat":[43],"product_tag":[],"featured_img":"https:\/\/chronojump.org\/wp-content\/uploads\/2020\/12\/01-RaceAnalyzer-tripode-v3-cuadrado.png","coauthors":[],"author_meta":{"author_link":"https:\/\/chronojump.org\/es\/author\/jcarreras\/","display_name":"jcarreras"},"relative_dates":{"created":"Publicado 6 a\u00f1os hace","modified":"Actualizado 9 meses hace"},"absolute_dates":{"created":"Publicado el agosto 24, 2020","modified":"Actualizado el julio 13, 2025"},"absolute_dates_time":{"created":"Publicado el agosto 24, 2020 4:10 pm","modified":"Actualizado el julio 13, 2025 10:24 pm"},"featured_img_caption":"","tax_additional":{"product_type":{"linked":["<a href=\"https:\/\/chronojump.org\/es\/?taxonomy=product_type&#038;term=simple\" class=\"advgb-post-tax-term\">simple<\/a>"],"unlinked":["<span class=\"advgb-post-tax-term\">simple<\/span>"],"slug":"product_type","name":"Tipo de producto"},"product_visibility":{"linked":["<a href=\"https:\/\/chronojump.org\/?taxonomy=product_visibility&#038;term=featured\" class=\"advgb-post-tax-term\">featured<\/a>"],"unlinked":["<span class=\"advgb-post-tax-term\">featured<\/span>"],"slug":"product_visibility","name":"Visibilidad del producto"},"product_cat":{"linked":["<a href=\"https:\/\/chronojump.org\/es\/categoria-producto\/destacados\/\" class=\"advgb-post-tax-term\">Destacados<\/a>"],"unlinked":["<span class=\"advgb-post-tax-term\">Destacados<\/span>"],"slug":"product_cat","name":"Categor\u00edas del producto"},"product_tag":{"linked":[],"unlinked":[],"slug":"product_tag","name":"Etiquetas del producto"},"product_shipping_class":{"linked":[],"unlinked":[],"slug":"product_shipping_class","name":"Clases de env\u00edo del producto"},"translation_priority":{"linked":["<a href=\"https:\/\/chronojump.org\/es\/?taxonomy=translation_priority&#038;term=opcional\" class=\"advgb-post-tax-term\">Opcional<\/a>"],"unlinked":["<span class=\"advgb-post-tax-term\">Opcional<\/span>"],"slug":"translation_priority","name":"Prioridades de traducci\u00f3n"}},"series_order":"","_links":{"self":[{"href":"https:\/\/chronojump.org\/es\/wp-json\/wp\/v2\/product\/4641"}],"collection":[{"href":"https:\/\/chronojump.org\/es\/wp-json\/wp\/v2\/product"}],"about":[{"href":"https:\/\/chronojump.org\/es\/wp-json\/wp\/v2\/types\/product"}],"wp:featuredmedia":[{"embeddable":true,"href":"https:\/\/chronojump.org\/es\/wp-json\/wp\/v2\/media\/5183"}],"wp:attachment":[{"href":"https:\/\/chronojump.org\/es\/wp-json\/wp\/v2\/media?parent=4641"}],"wp:term":[{"taxonomy":"product_cat","embeddable":true,"href":"https:\/\/chronojump.org\/es\/wp-json\/wp\/v2\/product_cat?post=4641"},{"taxonomy":"product_tag","embeddable":true,"href":"https:\/\/chronojump.org\/es\/wp-json\/wp\/v2\/product_tag?post=4641"}],"curies":[{"name":"wp","href":"https:\/\/api.w.org\/{rel}","templated":true}]}}