{"id":8040,"date":"2022-03-10T09:33:31","date_gmt":"2022-03-10T08:33:31","guid":{"rendered":"https:\/\/chronojump.org\/shop\/sin%20categor\u00eda\/kit-carreras-wichro\/"},"modified":"2022-10-20T14:40:17","modified_gmt":"2022-10-20T13:40:17","slug":"kit-carreras-wichro","status":"publish","type":"product","link":"https:\/\/chronojump.org\/es\/product\/kit-carreras-wichro\/","title":{"rendered":"WICHRO: Kit de carreras wireless"},"content":{"rendered":"<p>&#8211; F\u00e1cil alineado y montaje con soporte auditivo.<\/p>\n<p>&#8211; Doble haz para evitar dobles contactos.<\/p>\n<p>&#8211; Inal\u00e1mbricas de alta potencia. Pueden cubrir una distancia de 500 m siempre que haya visibilidad y sujeto a factores ambientales.<\/p>\n<p>&#8211; Amplitud de barrera recomendada de 3-4 m.<\/p>\n<p>&#8211; Duraci\u00f3n de la bater\u00eda interna 5h. Opci\u00f3n de adquisici\u00f3n de bater\u00eda externa para sesiones de medici\u00f3n extralargas.<\/p>\n<p>&#8211; Permite realizar cualquier test de sprint o agilidad.<\/p>\n<p>&#8211; Canales de codificaci\u00f3n para evitar interferencias con otros equipos WICHRO u otros instrumentos inal\u00e1mbricos.<\/p>\n<p>&#8211; Codificadas individualmente: En la gr\u00e1fica de resultado se observa el corte de cada fotoc\u00e9lula permitiendo nuevos tipos de test en que se desee registrar el recorrido usado.<\/p>\n<h2><strong>INSTRUCCIONES<\/strong><\/h2>\n<p><span lang=\"es-ES\">Montaje:<\/span><\/p>\n<ol>\n<li><span lang=\"es-ES\">Colocar las antenas a las WICHRO y controlador<\/span><\/li>\n<li><span lang=\"es-ES\">Montar las WICHRO y espejos sobre los tr\u00edpodes<\/span><\/li>\n<li><span lang=\"es-ES\">Encender las WICHRO para alinearlas con los espejos. Cuando el pitido cesa significa que est\u00e1 alineada.<\/span><\/li>\n<li><span lang=\"es-ES\">Comprobar que al pasar por la puerta (WICHRO + espejo) se oye el pitido de corte<\/span><\/li>\n<\/ol>\n<p><span lang=\"es-ES\">Uso:<\/span><\/p>\n<ol>\n<li><span lang=\"es-ES\">Asegurarse de tener la ultima versi\u00f3n del software instalada<\/span><\/li>\n<li><span lang=\"es-ES\">Identificar el dispositivo en el software<\/span><\/li>\n<li><span lang=\"es-ES\">Es recomendable que el atleta pase m\u00e1s cerca de los espejos para aprovechar mejor el doble corte de las WICHRO<\/span><\/li>\n<\/ol>\n<p><span lang=\"es-ES\">A controlar:<\/span><\/p>\n<ol>\n<li><span lang=\"es-ES\">No cargar las WICHRO mientras est\u00e1n en uso<\/span><\/li>\n<li><span lang=\"es-ES\">En el caso de tener en un mismo espacio varios carriles de WICHRO con distintos controladores, debes asegurarte de que est\u00e9n en canales de comunicaci\u00f3n distintos<\/span><\/li>\n<\/ol>\n<p><iframe loading=\"lazy\" width=\"560\" height=\"315\" src=\"https:\/\/www.youtube.com\/embed\/PUUb5MD-FrU\" title=\"YouTube video player\" frameborder=\"0\" allow=\"accelerometer; autoplay; clipboard-write; encrypted-media; gyroscope; picture-in-picture\" allowfullscreen><\/iframe><\/p>\n","protected":false},"excerpt":{"rendered":"<p>&#8211; F\u00e1cil alineado y montaje con soporte auditivo. &#8211; Doble haz para evitar dobles contactos. &#8211; Inal\u00e1mbricas de alta potencia. Pueden cubrir una distancia de 500 m siempre que haya visibilidad y sujeto a factores ambientales. &#8211; Amplitud de barrera recomendada de 3-4 m. &#8211; Duraci\u00f3n de la bater\u00eda interna 5h. Opci\u00f3n de adquisici\u00f3n de [&hellip;]<\/p>\n","protected":false},"author":570,"featured_media":19184,"template":"","meta":{"advgb_blocks_editor_width":"","advgb_blocks_columns_visual_guide":""},"product_cat":[43],"product_tag":[],"featured_img":"https:\/\/chronojump.org\/wp-content\/uploads\/2022\/03\/KitWichro.jpg","coauthors":[],"author_meta":{"author_link":"https:\/\/chronojump.org\/es\/author\/jcarreras\/","display_name":"jcarreras"},"relative_dates":{"created":"Publicado 4 a\u00f1os hace","modified":"Actualizado 3 a\u00f1os hace"},"absolute_dates":{"created":"Publicado el marzo 10, 2022","modified":"Actualizado el octubre 20, 2022"},"absolute_dates_time":{"created":"Publicado el marzo 10, 2022 9:33 am","modified":"Actualizado el octubre 20, 2022 2:40 pm"},"featured_img_caption":"","tax_additional":{"product_type":{"linked":["<a href=\"https:\/\/chronojump.org\/es\/?taxonomy=product_type&#038;term=composite\" class=\"advgb-post-tax-term\">composite<\/a>"],"unlinked":["<span class=\"advgb-post-tax-term\">composite<\/span>"],"slug":"product_type","name":"Tipo de producto"},"product_visibility":{"linked":["<a href=\"https:\/\/chronojump.org\/?taxonomy=product_visibility&#038;term=featured\" class=\"advgb-post-tax-term\">featured<\/a>"],"unlinked":["<span class=\"advgb-post-tax-term\">featured<\/span>"],"slug":"product_visibility","name":"Visibilidad del producto"},"product_cat":{"linked":["<a href=\"https:\/\/chronojump.org\/es\/categoria-producto\/destacados\/\" class=\"advgb-post-tax-term\">Destacados<\/a>"],"unlinked":["<span class=\"advgb-post-tax-term\">Destacados<\/span>"],"slug":"product_cat","name":"Categor\u00edas del producto"},"product_tag":{"linked":[],"unlinked":[],"slug":"product_tag","name":"Etiquetas del producto"},"product_shipping_class":{"linked":[],"unlinked":[],"slug":"product_shipping_class","name":"Clases de env\u00edo del producto"},"translation_priority":{"linked":["<a href=\"https:\/\/chronojump.org\/es\/?taxonomy=translation_priority&#038;term=opcional\" class=\"advgb-post-tax-term\">Opcional<\/a>"],"unlinked":["<span class=\"advgb-post-tax-term\">Opcional<\/span>"],"slug":"translation_priority","name":"Prioridades de traducci\u00f3n"}},"series_order":"","_links":{"self":[{"href":"https:\/\/chronojump.org\/es\/wp-json\/wp\/v2\/product\/8040"}],"collection":[{"href":"https:\/\/chronojump.org\/es\/wp-json\/wp\/v2\/product"}],"about":[{"href":"https:\/\/chronojump.org\/es\/wp-json\/wp\/v2\/types\/product"}],"wp:featuredmedia":[{"embeddable":true,"href":"https:\/\/chronojump.org\/es\/wp-json\/wp\/v2\/media\/19184"}],"wp:attachment":[{"href":"https:\/\/chronojump.org\/es\/wp-json\/wp\/v2\/media?parent=8040"}],"wp:term":[{"taxonomy":"product_cat","embeddable":true,"href":"https:\/\/chronojump.org\/es\/wp-json\/wp\/v2\/product_cat?post=8040"},{"taxonomy":"product_tag","embeddable":true,"href":"https:\/\/chronojump.org\/es\/wp-json\/wp\/v2\/product_tag?post=8040"}],"curies":[{"name":"wp","href":"https:\/\/api.w.org\/{rel}","templated":true}]}}